{"id":988,"date":"2016-04-04T16:39:19","date_gmt":"2016-04-04T14:39:19","guid":{"rendered":"https:\/\/www.kde.cs.uni-kassel.de\/?page_id=988"},"modified":"2018-01-26T14:04:53","modified_gmt":"2018-01-26T13:04:53","slug":"datenbanken","status":"publish","type":"page","link":"https:\/\/www.kde.cs.uni-kassel.de\/en\/lehre\/ss2007\/datenbanken","title":{"rendered":"Datenbanken (Vorlesung)"},"content":{"rendered":"<p>Die Vorlesung am 17.7. wird aufgrund des Fachbereichs-Sommerfests direkt im Anschluss an die Vorlesung Programmiermethodik um 13:40 (wie \u00fcblich in Raum 0446) beginnen. Im Anschluss gibt es <a href=\"http:\/\/www.uni-kassel.de\/eecs\/dekanat\/pics\/sommerfest2007.png\"><u><span style=\"color: #0066cc;\">Wurst und Bier vom Prof auf dem Fachbereichssommerfest<\/span><\/u><\/a>.<\/p>\n<p>Klausur<\/p>\n<p style=\"padding-left: 30px;\">am 21.9.2007 von 8.00 bis 10.00 Uhr!<\/p>\n<p>Hilfsmittel<\/p>\n<p style=\"padding-left: 30px;\">Als Hilfsmittel sind ausschlie\u00dflich die Folien zur Vorlesung erlaubt, <b>nicht<\/b> die \u00dcbungsaufgaben und deren Musterl\u00f6sungen. Handschriftliche Notizen in den Folien, die w\u00e4hrend der Vorlesung gemacht wurden, oder etwa Post-Its als Wegweiser sind kein Problem.<\/p>\n<p><span style=\"color: #a3004e;\">Erster Veranstaltungstag:<\/span><\/p>\n<p style=\"padding-left: 30px;\">Dienstag, 17. April 2007<\/p>\n<p><span style=\"color: #a3004e;\"> Ort und Zeit: <\/span><\/p>\n<p style=\"padding-left: 30px;\">Dienstags, 14.15h &#8211; 15.45h in Raum 0446<\/p>\n<p><span style=\"color: #a3004e;\"> \u00dcbungen: <\/span><\/p>\n<p style=\"padding-left: 30px;\">Montag, 12.30h &#8211; 14.00h, in Raum -1607<br \/>\nMontag, 16.00h &#8211; 17.30h, in H\u00f6rsaal -1319<\/p>\n<p><span style=\"color: #a3004e;\"> Vorkenntnisse: <\/span><\/p>\n<p style=\"padding-left: 30px;\">Informatik Grundstudium<\/p>\n<p><span style=\"color: #a3004e;\"> Angesprochener H\u00f6rerInnenkreis: <\/span><\/p>\n<p style=\"padding-left: 30px;\">Inf. 4. Sem., Math. NF Inf.<\/p>\n<p><span style=\"color: #a3004e;\"> Leistungsnachweis: <\/span><\/p>\n<p style=\"padding-left: 30px;\">Klausur<\/p>\n<p><span style=\"color: #a3004e;\"> Veranstalter: <\/span><\/p>\n<p style=\"padding-left: 30px;\"><!-- InstanceEndEditable -->Prof. Dr. Gerd Stumme, Dr. Andreas Hotho, Dipl.-Inform. Christoph Schmitz<!-- InstanceEndEditable --><\/p>\n<p><span style=\"color: #a3004e;\"> Inhalt: <\/span><\/p>\n<p style=\"padding-left: 30px;\">Behandelt werden Theorie und Praxis relationaler Datenbanksysteme, einschlie\u00dflich Schichten\u00adarchitektur, Modellierung mittels ER-Diagrammen, Funktionale Abh\u00e4ngigkeiten, Normalisierung, Armstrongsche Axiome, Relationenkalk\u00fcl und dessen Realisierung in SQL, Transaktionskonzept.<br \/>\nIn den \u00dcbungen wird u.a. mit SQL auf dem vorhandenen Datenbank-System gearbeitet. <!-- InstanceEndEditable --><\/p>\n<p><span style=\"color: #a3004e;\"> Literatur: <\/span><\/p>\n<p style=\"padding-left: 30px;\"><!-- InstanceEndEditable -->Alfons Kemper, Andr\u00e9 Eickler: Datenbanksysteme. Eine Einf\u00fchrung. 5., aktualisierte und erweiterte Auflage, Oldenbourg Verlag, 2004.<br \/>\nISBN: 3-486-27392-2. 640 Seiten (Siehe auch <a href=\"http:\/\/www-db.in.tum.de\/research\/publications\/books\/DBMSeinf\/\"><u><span style=\"color: #0066cc;\">http:\/\/www-db.in.tum.de\/research\/publications\/books\/DBMSeinf\/<\/span><\/u><\/a>), wo u.a. die Vorlagen der unten gelisteten Folien zu finden sind.))<!-- InstanceEndEditable --><\/p>\n<p><span style=\"color: #a3004e;\"> Weitere Informationen: <\/span><\/p>\n<p style=\"padding-left: 30px;\"><a href=\"\/lehre\/ss2007\/datenbanken\/daten\"><u><span style=\"color: #0066cc;\">Dateien<\/span><\/u><\/a> zu den \u00dcbungen; weitere Daten (z. B. Philosophenuni) gibt es auf der <a href=\"http:\/\/www.db.fmi.uni-passau.de\/publications\/books\/%20DBMSeinf\/\"><u><span style=\"color: #0066cc;\">Seite zum Buch<\/span><\/u><\/a>.<\/p>\n<p style=\"padding-left: 30px;\">Weitere Informationen zu SQL (zu finden auch in <a href=\"http:\/\/www.bibsonomy.org\/user\/schmitz\/dbms2006\"><u><span style=\"color: #0066cc;\">BibSonomy<\/span><\/u><\/a>):<\/p>\n<ul>\n<li><a href=\"http:\/\/leap.sourceforge.net\/\"><u><span style=\"color: #0066cc;\">LEAP RDBMS: Datenbanksystem mit relationaler Algebra als Anfragesprache<\/span><\/u><\/a><\/li>\n<li><a href=\"http:\/\/sqlzoo.net\/\"><u><span style=\"color: #0066cc;\">A Gentle Introduction to SQL<\/span><\/u><\/a><\/li>\n<li><a href=\"http:\/\/gretel.db.informatik.uni-kassel.de\/Lehre\/SS2003\/DB\/vorabskript_db_ss2003.pdf\"><u><span style=\"color: #0066cc;\">Vorabskriptum Datenbanken (SS 2003)<\/span><\/u><\/a><\/li>\n<li><a href=\"http:\/\/www.1keydata.com\/sql\/sql.html\"><u><span style=\"color: #0066cc;\">SQL Tutorial &#8211; SQL reference and programming examples<\/span><\/u><\/a><\/li>\n<li><a href=\"http:\/\/www.cryer.co.uk\/brian\/sql\/sql_crib_sheet.htm\"><u><span style=\"color: #0066cc;\">SQL Crib Sheet<\/span><\/u><\/a><\/li>\n<li><a href=\"http:\/\/ourworld.compuserve.com\/homepages\/graeme_birchall\/HTM_COOK.HTM\"><u><span style=\"color: #0066cc;\">DB2 UDB Cookbook Downloads<\/span><\/u><\/a><\/li>\n<li><a href=\"http:\/\/www.uni-kassel.de\/hrz\/manuals\/db2\/pdf\/de\/DB2Y0G70.PDF\"><u><span style=\"color: #0066cc;\">SQL: Erste Schritte<\/span><\/u><\/a><\/li>\n<\/ul>\n<p><span style=\"color: #a3004e;\">Korrektur:<\/span><\/p>\n<ul>\n<li>Auf Folie 43 in Kap. 3 muss es im ersten Aufz\u00e4hlungspunkt &#8220;s \u2208 R&#8221; anstelle von &#8220;s|R&#8221; heissen.<\/li>\n<li>Auf Folie 49 in Kap. 6 m\u00fcssen in der Tabelle die Werte f\u00fcr Tupel t3 und t4 f\u00fcr Beta und Gamma tauschen, damit die Tabelle zur Definition passt. Eine neue Version der Folien f\u00fcr Kap. 6 ist online.<\/li>\n<\/ul>\n<p><span style=\"color: #a3004e;\">Folien:<\/span><\/p>\n<ul>\n<li>Kapitel1.pdf <a href=\"\/lehre\/ss2007\/datenbanken\/folien\/Kapitel1.pdf\"><img decoding=\"async\" src=\"\/images\/pdf.gif\" alt=\"PDF-Download\" \/><\/a><a href=\"\/lehre\/ss2007\/datenbanken\/folien\/4_Kapitel1.pdf\"><img decoding=\"async\" src=\"\/images\/pdf_4.gif\" alt=\"PDF-Download (4 in 1)\" \/><\/a><\/li>\n<li>Kapitel2.pdf <a href=\"\/lehre\/ss2007\/datenbanken\/folien\/Kapitel2.pdf\"><img decoding=\"async\" src=\"\/images\/pdf.gif\" alt=\"PDF-Download\" \/><\/a><a href=\"\/lehre\/ss2007\/datenbanken\/folien\/4_Kapitel2.pdf\"><img decoding=\"async\" src=\"\/images\/pdf_4.gif\" alt=\"PDF-Download (4 in 1)\" \/><\/a><\/li>\n<li>Kapitel3.pdf <a href=\"\/lehre\/ss2007\/datenbanken\/folien\/Kapitel3.pdf\"><img decoding=\"async\" src=\"\/images\/pdf.gif\" alt=\"PDF-Download\" \/><\/a><a href=\"\/lehre\/ss2007\/datenbanken\/folien\/4_Kapitel3.pdf\"><img decoding=\"async\" src=\"\/images\/pdf_4.gif\" alt=\"PDF-Download (4 in 1)\" \/><\/a><\/li>\n<li>Maeeutik.pdf <a href=\"\/lehre\/ss2007\/datenbanken\/folien\/Maeeutik.pdf\"><img decoding=\"async\" src=\"\/images\/pdf.gif\" alt=\"PDF-Download\" \/><\/a><a href=\"\/lehre\/ss2007\/datenbanken\/folien\/4_Maeeutik.pdf\"><img decoding=\"async\" src=\"\/images\/pdf_4.gif\" alt=\"PDF-Download (4 in 1)\" \/><\/a><\/li>\n<li>Kapitel4.pdf <a href=\"\/lehre\/ss2007\/datenbanken\/folien\/Kapitel4.pdf\"><img decoding=\"async\" src=\"\/images\/pdf.gif\" alt=\"PDF-Download\" \/><\/a><a href=\"\/lehre\/ss2007\/datenbanken\/folien\/4_Kapitel4.pdf\"><img decoding=\"async\" src=\"\/images\/pdf_4.gif\" alt=\"PDF-Download (4 in 1)\" \/><\/a><\/li>\n<li>Kapitel5.pdf <a href=\"\/lehre\/ss2007\/datenbanken\/folien\/Kapitel5.pdf\"><img decoding=\"async\" src=\"\/images\/pdf.gif\" alt=\"PDF-Download\" \/><\/a><a href=\"\/lehre\/ss2007\/datenbanken\/folien\/4_Kapitel5.pdf\"><img decoding=\"async\" src=\"\/images\/pdf_4.gif\" alt=\"PDF-Download (4 in 1)\" \/><\/a><\/li>\n<li>Kapitel6.pdf <a href=\"\/lehre\/ss2007\/datenbanken\/folien\/Kapitel6.pdf\"><img decoding=\"async\" src=\"\/images\/pdf.gif\" alt=\"PDF-Download\" \/><\/a><a href=\"\/lehre\/ss2007\/datenbanken\/folien\/4_Kapitel6.pdf\"><img decoding=\"async\" src=\"\/images\/pdf_4.gif\" alt=\"PDF-Download (4 in 1)\" \/><\/a><\/li>\n<li>Kapitel7.pdf <a href=\"\/lehre\/ss2007\/datenbanken\/folien\/Kapitel7.pdf\"><img decoding=\"async\" src=\"\/images\/pdf.gif\" alt=\"PDF-Download\" \/><\/a><a href=\"\/lehre\/ss2007\/datenbanken\/folien\/4_Kapitel7.pdf\"><img decoding=\"async\" src=\"\/images\/pdf_4.gif\" alt=\"PDF-Download (4 in 1)\" \/><\/a><\/li>\n<li>Kapitel8.pdf <a href=\"\/lehre\/ss2007\/datenbanken\/folien\/Kapitel8.pdf\"><img decoding=\"async\" src=\"\/images\/pdf.gif\" alt=\"PDF-Download\" \/><\/a><a href=\"\/lehre\/ss2007\/datenbanken\/folien\/4_Kapitel8.pdf\"><img decoding=\"async\" src=\"\/images\/pdf_4.gif\" alt=\"PDF-Download (4 in 1)\" \/><\/a><\/li>\n<li>Kapitel9.pdf <a href=\"\/lehre\/ss2007\/datenbanken\/folien\/Kapitel9.pdf\"><img decoding=\"async\" src=\"\/images\/pdf.gif\" alt=\"PDF-Download\" \/><\/a><a href=\"\/lehre\/ss2007\/datenbanken\/folien\/4_Kapitel9.pdf\"><img decoding=\"async\" src=\"\/images\/pdf_4.gif\" alt=\"PDF-Download (4 in 1)\" \/><\/a><\/li>\n<li>Kapitel10.pdf <a href=\"\/lehre\/ss2007\/datenbanken\/folien\/Kapitel10.pdf\"><img decoding=\"async\" src=\"\/images\/pdf.gif\" alt=\"PDF-Download\" \/><\/a><a href=\"\/lehre\/ss2007\/datenbanken\/folien\/4_Kapitel10.pdf\"><img decoding=\"async\" src=\"\/images\/pdf_4.gif\" alt=\"PDF-Download (4 in 1)\" \/><\/a><\/li>\n<li>Kapitel11.pdf <a href=\"\/lehre\/ss2007\/datenbanken\/folien\/Kapitel11.pdf\"><img decoding=\"async\" src=\"\/images\/pdf.gif\" alt=\"PDF-Download\" \/><\/a><a href=\"\/lehre\/ss2007\/datenbanken\/folien\/4_Kapitel11.pdf\"><img decoding=\"async\" src=\"\/images\/pdf_4.gif\" alt=\"PDF-Download (4 in 1)\" \/><\/a><\/li>\n<li>Kapitel17.pdf <a href=\"\/lehre\/ss2007\/datenbanken\/folien\/Kapitel17.pdf\"><img decoding=\"async\" src=\"\/images\/pdf.gif\" alt=\"PDF-Download\" \/><\/a><a href=\"\/lehre\/ss2007\/datenbanken\/folien\/4_Kapitel17.pdf\"><img decoding=\"async\" src=\"\/images\/pdf_4.gif\" alt=\"PDF-Download (4 in 1)\" \/><\/a><\/li>\n<\/ul>\n<p><span style=\"color: #a3004e;\">\u00dcbungsaufgaben:<\/span><\/p>\n<ul>\n<li><a href=\"\/lehre\/ss2007\/datenbanken\/uebungen\/uebung1.pdf\"><u><span style=\"color: #0066cc;\">1. \u00dcbung (23.4.2007) <img decoding=\"async\" src=\"\/images\/pdf.gif\" alt=\"PDF-Download\" \/><\/span><\/u><\/a> &#8211; <a href=\"\/lehre\/ss2007\/datenbanken\/uebungen\/muster_uebung1.pdf\"><u><span style=\"color: #0066cc;\">Musterl\u00f6sung <img decoding=\"async\" src=\"\/images\/pdf.gif\" alt=\"PDF-Download\" \/><\/span><\/u><\/a><\/li>\n<li><a href=\"\/lehre\/ss2007\/datenbanken\/uebungen\/uebung2.pdf\"><u><span style=\"color: #0066cc;\">2. \u00dcbung (30.4.2007) <img decoding=\"async\" src=\"\/images\/pdf.gif\" alt=\"PDF-Download\" \/><\/span><\/u><\/a> &#8211; <a href=\"\/lehre\/ss2007\/datenbanken\/uebungen\/muster_uebung2.pdf\"><u><span style=\"color: #0066cc;\">Musterl\u00f6sung <img decoding=\"async\" src=\"\/images\/pdf.gif\" alt=\"PDF-Download\" \/><\/span><\/u><\/a><\/li>\n<li><a href=\"\/lehre\/ss2007\/datenbanken\/uebungen\/uebung3.pdf\"><u><span style=\"color: #0066cc;\">3. \u00dcbung (14.5.2007) <img decoding=\"async\" src=\"\/images\/pdf.gif\" alt=\"PDF-Download\" \/><\/span><\/u><\/a> &#8211; <a href=\"\/lehre\/ss2007\/datenbanken\/uebungen\/muster_uebung3.pdf\"><u><span style=\"color: #0066cc;\">Musterl\u00f6sung <img decoding=\"async\" src=\"\/images\/pdf.gif\" alt=\"PDF-Download\" \/><\/span><\/u><\/a><\/li>\n<li><a href=\"\/lehre\/ss2007\/datenbanken\/uebungen\/uebung4.pdf\"><u><span style=\"color: #0066cc;\">4. \u00dcbung (21.5.2007) <img decoding=\"async\" src=\"\/images\/pdf.gif\" alt=\"PDF-Download\" \/><\/span><\/u><\/a> &#8211; <a href=\"\/lehre\/ss2007\/datenbanken\/uebungen\/muster_uebung4.pdf\"><u><span style=\"color: #0066cc;\">Musterl\u00f6sung <img decoding=\"async\" src=\"\/images\/pdf.gif\" alt=\"PDF-Download\" \/><\/span><\/u><\/a><\/li>\n<li><a href=\"\/lehre\/ss2007\/datenbanken\/uebungen\/uebung5.pdf\"><u><span style=\"color: #0066cc;\">5. \u00dcbung (4.6.2007) <img decoding=\"async\" src=\"\/images\/pdf.gif\" alt=\"PDF-Download\" \/><\/span><\/u><\/a> &#8211; <a href=\"\/lehre\/ss2007\/datenbanken\/uebungen\/muster_uebung5.pdf\"><u><span style=\"color: #0066cc;\">Musterl\u00f6sung <img decoding=\"async\" src=\"\/images\/pdf.gif\" alt=\"PDF-Download\" \/><\/span><\/u><\/a><\/li>\n<li><a href=\"\/lehre\/ss2007\/datenbanken\/uebungen\/uebung6.pdf\"><u><span style=\"color: #0066cc;\">6. \u00dcbung (11.6.2007) <img decoding=\"async\" src=\"\/images\/pdf.gif\" alt=\"PDF-Download\" \/><\/span><\/u><\/a> &#8211; <a href=\"\/lehre\/ss2007\/datenbanken\/uebungen\/muster_uebung6.pdf\"><u><span style=\"color: #0066cc;\">Musterl\u00f6sung <img decoding=\"async\" src=\"\/images\/pdf.gif\" alt=\"PDF-Download\" \/><\/span><\/u><\/a><\/li>\n<li><a href=\"\/lehre\/ss2007\/datenbanken\/uebungen\/uebung7.pdf\"><u><span style=\"color: #0066cc;\">7. \u00dcbung (18.6.2007) <img decoding=\"async\" src=\"\/images\/pdf.gif\" alt=\"PDF-Download\" \/><\/span><\/u><\/a> &#8211; <a href=\"\/lehre\/ss2007\/datenbanken\/uebungen\/muster_uebung7.pdf\"><u><span style=\"color: #0066cc;\">Musterl\u00f6sung <img decoding=\"async\" src=\"\/images\/pdf.gif\" alt=\"PDF-Download\" \/><\/span><\/u><\/a><\/li>\n<li><a href=\"\/lehre\/ss2007\/datenbanken\/uebungen\/uebung8.pdf\"><u><span style=\"color: #0066cc;\">8. \u00dcbung (25.6.2007) <img decoding=\"async\" src=\"\/images\/pdf.gif\" alt=\"PDF-Download\" \/><\/span><\/u><\/a> &#8211; <a href=\"\/lehre\/ss2007\/datenbanken\/uebungen\/muster_uebung8.pdf\"><u><span style=\"color: #0066cc;\">Musterl\u00f6sung <img decoding=\"async\" src=\"\/images\/pdf.gif\" alt=\"PDF-Download\" \/><\/span><\/u><\/a><\/li>\n<li><a href=\"\/lehre\/ss2007\/datenbanken\/uebungen\/uebung9.pdf\"><u><span style=\"color: #0066cc;\">9. \u00dcbung (2.7.2007) <img decoding=\"async\" src=\"\/images\/pdf.gif\" alt=\"PDF-Download\" \/><\/span><\/u><\/a> &#8211; <a href=\"\/lehre\/ss2007\/datenbanken\/uebungen\/muster_uebung9.pdf\"><u><span style=\"color: #0066cc;\">Musterl\u00f6sung <img decoding=\"async\" src=\"\/images\/pdf.gif\" alt=\"PDF-Download\" \/><\/span><\/u><\/a><\/li>\n<li><a href=\"\/lehre\/ss2007\/datenbanken\/uebungen\/uebung10.pdf\"><u><span style=\"color: #0066cc;\">10. \u00dcbung (9.7.2007) <img decoding=\"async\" src=\"\/images\/pdf.gif\" alt=\"PDF-Download\" \/><\/span><\/u><\/a> &#8211; <a href=\"\/lehre\/ss2007\/datenbanken\/uebungen\/muster_uebung10.pdf\"><u><span style=\"color: #0066cc;\">Musterl\u00f6sung <img decoding=\"async\" src=\"\/images\/pdf.gif\" alt=\"PDF-Download\" \/><\/span><\/u><\/a><\/li>\n<li><a href=\"\/lehre\/ss2007\/datenbanken\/uebungen\/uebung11.pdf\"><u><span style=\"color: #0066cc;\">11. \u00dcbung (16.7.2007) <img decoding=\"async\" src=\"\/images\/pdf.gif\" alt=\"PDF-Download\" \/><\/span><\/u><\/a> &#8211; <a href=\"\/lehre\/ss2007\/datenbanken\/uebungen\/muster_uebung11.pdf\"><u><span style=\"color: #0066cc;\">Musterl\u00f6sung <img decoding=\"async\" src=\"\/images\/pdf.gif\" alt=\"PDF-Download\" \/><\/span><\/u><\/a><\/li>\n<\/ul>\n<p><span style=\"color: #a3004e;\">Korrekturen<\/span><\/p>\n<ul>\n<li>\u00dcbung 3, Aufgabe 3.2: Text pr\u00e4zisiert<\/li>\n<li>\u00dcbung 3, Aufgabe 4.2.b: Aufgabe ersetzt, da urspr\u00fcnglicher Ausdruck syntaktisch nicht erlaubt<\/li>\n<li>\u00dcbung 4, Aufgabe 2.6: <code>NAME<\/code> mu\u00df <code>ASSISTENTEN.NAME<\/code> sein, da sonst mehrdeutig.<\/li>\n<\/ul>\n","protected":false},"excerpt":{"rendered":"<p>Die Vorlesung am 17.7. wird aufgrund des Fachbereichs-Sommerfests direkt im Anschluss an die Vorlesung Programmiermethodik um 13:40 (wie \u00fcblich in Raum 0446) beginnen. Im Anschluss gibt es Wurst und Bier vom Prof auf dem Fachbereichssommerfest.<a class=\"moretag\" href=\"https:\/\/www.kde.cs.uni-kassel.de\/en\/lehre\/ss2007\/datenbanken\"> Read more&hellip;<\/a><\/p>\n","protected":false},"author":1,"featured_media":0,"parent":980,"menu_order":0,"comment_status":"closed","ping_status":"closed","template":"","meta":{"footnotes":""},"class_list":["post-988","page","type-page","status-publish","hentry"],"translation":{"provider":"WPGlobus","version":"3.0.2","language":"en","enabled_languages":["de","en"],"languages":{"de":{"title":true,"content":true,"excerpt":false},"en":{"title":false,"content":false,"excerpt":false}}},"_links":{"self":[{"href":"https:\/\/www.kde.cs.uni-kassel.de\/en\/wp-json\/wp\/v2\/pages\/988","targetHints":{"allow":["GET"]}}],"collection":[{"href":"https:\/\/www.kde.cs.uni-kassel.de\/en\/wp-json\/wp\/v2\/pages"}],"about":[{"href":"https:\/\/www.kde.cs.uni-kassel.de\/en\/wp-json\/wp\/v2\/types\/page"}],"author":[{"embeddable":true,"href":"https:\/\/www.kde.cs.uni-kassel.de\/en\/wp-json\/wp\/v2\/users\/1"}],"replies":[{"embeddable":true,"href":"https:\/\/www.kde.cs.uni-kassel.de\/en\/wp-json\/wp\/v2\/comments?post=988"}],"version-history":[{"count":3,"href":"https:\/\/www.kde.cs.uni-kassel.de\/en\/wp-json\/wp\/v2\/pages\/988\/revisions"}],"predecessor-version":[{"id":2611,"href":"https:\/\/www.kde.cs.uni-kassel.de\/en\/wp-json\/wp\/v2\/pages\/988\/revisions\/2611"}],"up":[{"embeddable":true,"href":"https:\/\/www.kde.cs.uni-kassel.de\/en\/wp-json\/wp\/v2\/pages\/980"}],"wp:attachment":[{"href":"https:\/\/www.kde.cs.uni-kassel.de\/en\/wp-json\/wp\/v2\/media?parent=988"}],"curies":[{"name":"wp","href":"https:\/\/api.w.org\/{rel}","templated":true}]}}