{"id":984,"date":"2016-04-04T17:05:14","date_gmt":"2016-04-04T15:05:14","guid":{"rendered":"https:\/\/www.kde.cs.uni-kassel.de\/?page_id=984"},"modified":"2016-04-04T17:05:14","modified_gmt":"2016-04-04T15:05:14","slug":"data_mining_cup","status":"publish","type":"page","link":"https:\/\/www.kde.cs.uni-kassel.de\/en\/lehre\/ss2007\/data_mining_cup","title":{"rendered":"Data Mining Cup (Projektseminar, 4 SWS)"},"content":{"rendered":"<p><span style=\"color: #a3004e;\">Ort und Zeit: <\/span><\/p>\n<p style=\"padding-left: 30px;\">Die Aufgabenstellung wird am 10. April 2007 <a href=\"http:\/\/www.data-mining-cup.de\/\"><u><span style=\"color: #0066cc;\">hier<\/span><\/u><\/a> ver\u00f6ffentlicht. Bis 31. Mai 2007 haben die Teilnehmer dann die M\u00f6glichkeit, ein entsprechendes L\u00f6sungsmodell einzureichen. Das Projekt endet mit demselben Datum. Interessierten wird eine umgehende Kontaktaufnahme mit dem FG Wissens\u00adverarbeitung empfohlen.<\/p>\n<p><span style=\"color: #a3004e;\">Voraussetzung: <\/span><\/p>\n<p style=\"padding-left: 30px;\">Kenntnisse der Vorlesung Knowledge Discovery oder Teilnahme an dieser Vorlesung im Sommersemester 2007.<\/p>\n<p><span style=\"color: #a3004e;\">\u00a0<\/span><span style=\"color: #a3004e;\">Veranstalter: <\/span><\/p>\n<p style=\"padding-left: 30px;\"><u>Dr. Andreas Hotho, Prof. Dr. Gerd Stumme, Dipl.-Inform. Christoph Schmitz <\/u><\/p>\n<p><span style=\"color: #a3004e;\"> Inhalt: <\/span><\/p>\n<p style=\"padding-left: 30px;\">Das Fachgebiet Wissensverarbeitung ruft zur Teilnahme am <a href=\"http:\/\/www.data-mining-cup.de\/\"><u><span style=\"color: #0066cc;\">Data Mining Cup 2007<\/span><\/u><\/a> auf. Der Wettbewerb zum DATA-MINING-CUP 2007 richtet sich an Studierende (Direkt- oder Fernstudium, keine Promotion) von Universit\u00e4ten, Fachhochschulen sowie Berufsakademien aus dem In- und Ausland. Die Aufgabenstellung wird sich an einer aktuellen und praxisnahen Data-Mining-Problemstellung orientieren. Zur Einstimmung kann man sich <a href=\"http:\/\/www.data-mining-cup.de\/2007\/Infos\/Historie\/1175602599\/\"><u><span style=\"color: #0066cc;\">fr\u00fchere Aufgabenstellungen<\/span><\/u><\/a> des DATA-MINING-CUP ansehen.<\/p>\n<p><span style=\"color: #a3004e;\"> Weitere Informationen: <\/span><\/p>\n<p style=\"padding-left: 30px;\"><a href=\"http:\/\/www.data-mining-cup.de\/\">http:\/\/www.data-mining-cup.de\/<\/a><\/p>\n","protected":false},"excerpt":{"rendered":"<p>Ort und Zeit: Die Aufgabenstellung wird am 10. April 2007 hier ver\u00f6ffentlicht. Bis 31. Mai 2007 haben die Teilnehmer dann die M\u00f6glichkeit, ein entsprechendes L\u00f6sungsmodell einzureichen. Das Projekt endet mit demselben Datum. Interessierten wird eine<a class=\"moretag\" href=\"https:\/\/www.kde.cs.uni-kassel.de\/en\/lehre\/ss2007\/data_mining_cup\"> Read more&hellip;<\/a><\/p>\n","protected":false},"author":1,"featured_media":0,"parent":980,"menu_order":0,"comment_status":"closed","ping_status":"closed","template":"","meta":{"footnotes":""},"class_list":["post-984","page","type-page","status-publish","hentry"],"translation":{"provider":"WPGlobus","version":"3.0.2","language":"en","enabled_languages":["de","en"],"languages":{"de":{"title":true,"content":true,"excerpt":false},"en":{"title":false,"content":false,"excerpt":false}}},"_links":{"self":[{"href":"https:\/\/www.kde.cs.uni-kassel.de\/en\/wp-json\/wp\/v2\/pages\/984","targetHints":{"allow":["GET"]}}],"collection":[{"href":"https:\/\/www.kde.cs.uni-kassel.de\/en\/wp-json\/wp\/v2\/pages"}],"about":[{"href":"https:\/\/www.kde.cs.uni-kassel.de\/en\/wp-json\/wp\/v2\/types\/page"}],"author":[{"embeddable":true,"href":"https:\/\/www.kde.cs.uni-kassel.de\/en\/wp-json\/wp\/v2\/users\/1"}],"replies":[{"embeddable":true,"href":"https:\/\/www.kde.cs.uni-kassel.de\/en\/wp-json\/wp\/v2\/comments?post=984"}],"version-history":[{"count":1,"href":"https:\/\/www.kde.cs.uni-kassel.de\/en\/wp-json\/wp\/v2\/pages\/984\/revisions"}],"predecessor-version":[{"id":993,"href":"https:\/\/www.kde.cs.uni-kassel.de\/en\/wp-json\/wp\/v2\/pages\/984\/revisions\/993"}],"up":[{"embeddable":true,"href":"https:\/\/www.kde.cs.uni-kassel.de\/en\/wp-json\/wp\/v2\/pages\/980"}],"wp:attachment":[{"href":"https:\/\/www.kde.cs.uni-kassel.de\/en\/wp-json\/wp\/v2\/media?parent=984"}],"curies":[{"name":"wp","href":"https:\/\/api.w.org\/{rel}","templated":true}]}}