{"id":982,"date":"2016-04-04T17:10:23","date_gmt":"2016-04-04T15:10:23","guid":{"rendered":"https:\/\/www.kde.cs.uni-kassel.de\/?page_id=982"},"modified":"2016-04-04T17:10:23","modified_gmt":"2016-04-04T15:10:23","slug":"arbeiten","status":"publish","type":"page","link":"https:\/\/www.kde.cs.uni-kassel.de\/en\/lehre\/ss2007\/arbeiten","title":{"rendered":"Bachelor-, Diplom- und Masterarbeiten"},"content":{"rendered":"<p><span style=\"color: #a3004e;\">Themen<\/span><\/p>\n<p style=\"padding-left: 30px;\">Soziale Lesezeichensysteme erlauben das einfache, zentrale Speichern von Bookmarks\/Lesezeichen auf einem Server und geh\u00f6ren zur Generation der neuen Web 2.0 Systeme. Sie bieten daher nicht nur f\u00fcr den menschlichen Nutzer einen Mehrwert durch die zentrale Verf\u00fcgbarkeit der Lesezeichen oder die M\u00f6glichkeit in solchen Systemen nach anderen interessanten Webseiten zu suchen, sondern stellen auch einen interessanten Ansatz zur sehr einfachen Wissensrepr\u00e4sentation dar. BibSonomy, welches vom Fachgebiet entwickelt wurde, erlaubt nicht nur das Speichern von Bookmarks, sondern auch von Literaturreferenzen. Viele moderne Techniken kommen bereits in BibSonomy zum Einsatz, und neue sollen in Form von Bachelor-, Diplom- und Masterarbeiten erarbeitet und h\u00e4ufig auch in BibSonomy integriert werden.<\/p>\n<div><a href=\"http:\/\/www.bibsonomy.org\/\"><img loading=\"lazy\" decoding=\"async\" class=\"aligncenter\" src=\"http:\/\/ssc.cs.uni-kassel.de\/lehre\/ss2015\/arbeiten\/bibsonomy.jpg\" alt=\"bibsonomy.jpg\" width=\"546\" height=\"427\" \/><\/a><\/div>\n<p style=\"padding-left: 30px;\">Viele Aufgabenstellungen besch\u00e4ftigen sich daher mit der Implementierung verschiedener Komponenten des <a href=\"http:\/\/www.bibsonomy.org\/\"><u><span style=\"color: #0066cc;\">BibSonomy-Systems<\/span><\/u><\/a> oder mit der Analyse der in einem solchen System vorhandenen Daten. Ziel ist es im allgemeinen die Nutzbarkeit des System durch Dienste mit Mehrwert zu erh\u00f6hen. Dar\u00fcber hinaus werden weitere Themen angeboten, die in der Regel einen inhaltlichen Bezug zu aktuellen Forschungsprojekten des Fachgebiets Wissensverarbeitung haben.<\/p>\n<p style=\"padding-left: 30px;\">Die Themenstellung erfolgt in Absprache mit dem Studierenden; der Umfang der Arbeit richtet sich nach dem jeweils angestrebten Abschluss.<\/p>\n<p style=\"padding-left: 30px;\">Zu folgenden Themengebieten k\u00f6nnen wir Arbeiten anbieten; zu konkreten Themen k\u00f6nnen die jeweiligen Betreuer genauere Auskunft geben.<\/p>\n<p>&nbsp;<\/p>\n<p><span style=\"color: #a3004e;\">Implementierung von Folksonomy-Systemen<\/span><\/p>\n<p style=\"padding-left: 30px;\">Folksonomy-Systeme werden aus Geschwindigkeitsgr\u00fcnden meist auf der Basis von relationalen Datenbanksystemen implementiert. Andere Ans\u00e4tze, z. B. mit Hilfe von RDF-Stores oder objektorientierten Datenbanken, versprechen jedoch erweiterte M\u00f6glichkeiten, z. B. im Hinblick auf die Integration mit Semantic-Web-Diensten, aber auch in Bezug auf die\u00a0Online- und Offline-Nutzung.<\/p>\n<p style=\"padding-left: 30px;\">Informationen: <a href=\"\/hotho\"><u><span style=\"color: #0066cc;\">Andreas Hotho<\/span><\/u><\/a>,\u00a0<a href=\"\/jaeschke\"><u><span style=\"color: #0066cc;\">Robert J\u00e4schke<\/span><\/u><\/a>, <a href=\"\/schmitz\"><u><span style=\"color: #0066cc;\">Christoph Schmitz<\/span><\/u><\/a><\/p>\n<p><span style=\"color: #a3004e;\">Schnelles Ranking in Folksonomies<\/span><\/p>\n<p style=\"padding-left: 30px;\">Ranking von Ergebnissen in Folksonomies findet derzeit meist nur in sehr einfacher Art und Weise statt, etwa chronologisch. Wir haben den Algorithmus FolkRank entwickelt, um ein sinnvolleres Ranking auf Folksonomies zu berechnen. Ziel dieses Projekts ist es, diesen Algorithmus zu beschleunigen.<\/p>\n<p style=\"padding-left: 30px;\">Informationen: <a href=\"\/schmitz\"><u><span style=\"color: #0066cc;\">Christoph Schmitz<\/span><\/u><\/a><\/p>\n<p><span style=\"color: #a3004e;\">Lernen von Ontologien mittels Tagging-Systemen<\/span><\/p>\n<p style=\"padding-left: 30px;\">Lernen von Ontologien auf der Basis von Tagging Systemen.<\/p>\n<p style=\"padding-left: 30px;\">Informationen: <a href=\"\/hotho\"><u><span style=\"color: #0066cc;\">Andreas Hotho<\/span><\/u><\/a><\/p>\n<p><span style=\"color: #a3004e;\">Data Mining auf Social-Bookmarking-Daten<\/span><\/p>\n<p style=\"padding-left: 30px;\">Mit Hilfe von Data-Mining-Methoden k\u00f6nnen interessante Muster in Daten gefunden werden. Ein Beispiel ist das Klassifizieren von Texten, wobei das Problem immer in der Bereitstellung der Klassenlabels besteht. Hier k\u00f6nnen Social-Bookmarking-Daten verwendet werden.<\/p>\n<p style=\"padding-left: 30px;\">Informationen: <a href=\"\/hotho\"><u><span style=\"color: #0066cc;\">Andreas Hotho<\/span><\/u><\/a><\/p>\n<p><span style=\"color: #a3004e;\">Lernen von Recommendern f\u00fcr Tagging<\/span><\/p>\n<p style=\"padding-left: 30px;\">Recommender stellen die Basis f\u00fcr Online-Marketingsysteme dar. Meist sind sie sehr einfach und empfehlen auf der Basis vergangener K\u00e4ufe neue Produkte. Die Anwendung von Recommender-Methoden auf Social-Bookmarking-Systeme steht im Vordergrund dieser Aufgaben.<\/p>\n<p style=\"padding-left: 30px;\">Informationen: <a href=\"\/hotho\"><u><span style=\"color: #0066cc;\">Andreas Hotho<\/span><\/u><\/a><\/p>\n<p><span style=\"color: #a3004e;\">Performanceuntersuchenungen f\u00fcr BibSonomy<\/span><\/p>\n<p style=\"padding-left: 30px;\">Ein Cluster von Datenbankrechnern stellt h\u00e4ufig den Kern von heutigen Web-2.0-Anwendungen dar. Bei steigender Nutzerzahl\/Zugriffzahlen von BibSonomy wird auch hier eine solche L\u00f6sung interessant. Die Umsetzung einer Cluster-Datenbank steht im Mittelpunkt dieser Arbeit.<\/p>\n<p style=\"padding-left: 30px;\">Informationen: <a href=\"\/hotho\"><u><span style=\"color: #0066cc;\">Andreas Hotho<\/span><\/u><\/a><\/p>\n<p><span style=\"color: #a3004e;\">Ajax f\u00fcr BibSonomy<\/span><\/p>\n<p style=\"padding-left: 30px;\">Erweiterung von BibSonomy um Ajax-Elemente.<\/p>\n<p style=\"padding-left: 30px;\">Informationen: <a href=\"\/hotho\"><u><span style=\"color: #0066cc;\">Andreas Hotho<\/span><\/u><\/a><\/p>\n<p><span style=\"color: #a3004e;\">Dokumentation der BibSonomy API mittels WSDL 2.0<\/span><\/p>\n<p style=\"padding-left: 30px;\">F\u00fcr BibSonomy existiert eine auf den Ideen von <a href=\"http:\/\/de.wikipedia.org\/wiki\/REST\"><u><span style=\"color: #0066cc;\">REST<\/span><\/u><\/a> basierende API. Ziel des Projektes ist die Abbildung und Dokumentation der API mittels WSDL 2.0 zur automatischen Generierung von Client-Stubs und menschenlesbarer Dokumentation. Alternativ ist die Implementierung einer SOAP-API angedacht.<\/p>\n<p style=\"padding-left: 30px;\">Informationen: <a href=\"\/jaeschke\"><u><span style=\"color: #0066cc;\">Robert J\u00e4schke<\/span><\/u><\/a><\/p>\n<p><span style=\"color: #a3004e;\">Taggen von Literatur mittels automatischer Barcode-Erkennung<\/span><\/p>\n<p style=\"padding-left: 30px;\">Mit <a href=\"http:\/\/www.delicious-monster.com\/\"><u><span style=\"color: #0066cc;\">Delicious Monster<\/span><\/u><\/a> existiert eine Software zum Katalogisieren von B\u00fcchern, DVDs und CDs. Der Clou an der Software ist, dass die &#8220;Eingabe&#8221; eines Buches durch Scannen seines EAN-Barcodes erfolgt. Die Aufgabe bei diesem Projekt besteht darin, eine solche Eingabem\u00f6glichkeit f\u00fcr unsere Online-Literatur-Verwaltung <a href=\"http:\/\/www.bibsonomy.org\/\"><u><span style=\"color: #0066cc;\">BibSonomy<\/span><\/u><\/a> zu erstellen.<\/p>\n<p style=\"padding-left: 30px;\">Informationen: <a href=\"\/jaeschke\"><u><span style=\"color: #0066cc;\">Robert J\u00e4schke<\/span><\/u><\/a><\/p>\n<p><span style=\"color: #a3004e;\">Framework f\u00fcr Systemtags<\/span><\/p>\n<p style=\"padding-left: 30px;\">Mit Systemtags kann man die M\u00f6glichkeiten von Folksonomy-System stark erweitern. Beispielsweise um Benutzern Vorschl\u00e4ge zu machen (&#8220;for:benutzer&#8221;), bestimmte Dateitypen zu filtern (&#8220;system:mp3&#8221;) oder um dem System Hinweise zu geben (&#8220;system:ignore&#8221;). Ziel dieses Projektes ist die Formalisierung und Implementierung eines Frameworks f\u00fcr Systemtags im Rahmen des <a href=\"http:\/\/www.bibsonomy.org\/\"><u><span style=\"color: #0066cc;\">BibSonomy-Systems<\/span><\/u><\/a>.<\/p>\n<p style=\"padding-left: 30px;\">Informationen: <a href=\"\/jaeschke\"><u><span style=\"color: #0066cc;\">Robert J\u00e4schke<\/span><\/u><\/a><\/p>\n<p><span style=\"color: #a3004e;\">Erweiterung von BibSonomy um Referenzen f\u00fcr abgespeicherte Literatur<\/span><\/p>\n<p style=\"padding-left: 30px;\">Systeme wie <a href=\"http:\/\/www.citeseer.org\/\"><u><span style=\"color: #0066cc;\">CiteSeer<\/span><\/u><\/a> erm\u00f6glichen den Zugriff auf das Netzwerk von Zitaten, welches Publikationen miteinander verbindet. Dabei kann man f\u00fcr eine gegebene Publikation alle anderen Publikationen sehen, die sie zitiert und (soweit m\u00f6glich) auch alle Publikationen von denen sie zitiert wird. Ziel dieses Projektes ist die Implementation einer \u00e4hnlichen Funktionalit\u00e4t in BibSonomy.<\/p>\n<p style=\"padding-left: 30px;\">Informationen: <a href=\"\/jaeschke\"><u><span style=\"color: #0066cc;\">Robert J\u00e4schke<\/span><\/u><\/a><\/p>\n<p><span style=\"color: #a3004e;\">Aufgabenstellung und Termin:<\/span><\/p>\n<p style=\"padding-left: 30px;\">nach Absprache mit dem jeweiligen Betreuer<\/p>\n<p><span style=\"color: #a3004e;\">Vorkenntnisse:<\/span><\/p>\n<p style=\"padding-left: 30px;\">Informatik Grundstudium bzw. 30 absolvierte Credits des Masterstudiums<\/p>\n<p><span style=\"color: #a3004e;\">Angesprochener Teilnehmerkreis:<\/span><\/p>\n<p style=\"padding-left: 30px;\">Bachelor-, Diplom- und Masterstudierende Informatik, Math. NF Inf. Hauptstudium<\/p>\n<p><span style=\"color: #a3004e;\">Leistungsnachweis:<\/span><\/p>\n<p style=\"padding-left: 30px;\">in der Regel Implementierung, schriftliche Ausarbeitung und Vortrag<\/p>\n<p><span style=\"color: #a3004e;\">Umfang:<\/span><\/p>\n<p style=\"padding-left: 30px;\">9 Wochen f\u00fcr Bachelor, 3 Monate f\u00fcr Diplom I und 6 Monate f\u00fcr Master und Diplom II<\/p>\n<p><span style=\"color: #a3004e;\">Veranstalter:<\/span><\/p>\n<p style=\"padding-left: 30px;\">Dipl.-Inform. Miranda Grahl, Dr. Andreas Hotho, Dipl.-Math. Robert J\u00e4schke, Dipl.-Inform. Christoph Schmitz, Prof. Dr. Gerd Stumme<\/p>\n<p><span style=\"color: #a3004e;\">Vorgehensweise:<\/span><\/p>\n<p style=\"padding-left: 30px;\">Als Leitfaden f\u00fcr die Erstellung einer guten Ausarbeitung wird das Buch<\/p>\n<ul>\n<li>Markus Deininger and Horst Lichter and Jochen Ludewig and Kurt Schneider. Studien-Arbeiten: ein Leitfaden zur Vorbereitung, Durchf\u00fchrung und Betreuung von Studien-, Diplom- Abschluss- und Doktorarbeiten am Beispiel Informatik. 5. Auflage. vdf Hochschulverlag, Z\u00fcrich, 2005.<\/li>\n<\/ul>\n<p style=\"padding-left: 30px;\">empfohlen, welches auch in der Bibliothek in einigen Exemplaren ausleihbar ist. Wir empfehlen die Anschaffung dieses Buchs (9,50 \u20ac), da es Sie bis zur Masterarbeit (und weiter) begleiten kann. Die Benotung der Arbeiten erfolgt in Anlehnung an das dort auf Seite 77 angegebene Schema.<\/p>\n<p style=\"padding-left: 30px;\">Alle verwendeten Referenzen sind zus\u00e4tzlich zum Literaturverzeichnis der Ausarbeitung in <a class=\"external\" href=\"http:\/\/www.bibsonomy.org\/\" rel=\"nofollow\"><u><span style=\"color: #0066cc;\">http:\/\/www.bibsonomy.org<\/span><\/u><\/a> einzugeben, mit den Tags &#8220;(bachelor|diplom|master) arbeit kde &lt;laufendes Semester in der Form ss08 bzw ww08&gt; &#8221; und weiteren sinnvollen Tags.<\/p>\n","protected":false},"excerpt":{"rendered":"<p>Themen Soziale Lesezeichensysteme erlauben das einfache, zentrale Speichern von Bookmarks\/Lesezeichen auf einem Server und geh\u00f6ren zur Generation der neuen Web 2.0 Systeme. Sie bieten daher nicht nur f\u00fcr den menschlichen Nutzer einen Mehrwert durch die<a class=\"moretag\" href=\"https:\/\/www.kde.cs.uni-kassel.de\/en\/lehre\/ss2007\/arbeiten\"> Read more&hellip;<\/a><\/p>\n","protected":false},"author":1,"featured_media":0,"parent":980,"menu_order":0,"comment_status":"closed","ping_status":"closed","template":"","meta":{"footnotes":""},"class_list":["post-982","page","type-page","status-publish","hentry"],"translation":{"provider":"WPGlobus","version":"3.0.2","language":"en","enabled_languages":["de","en"],"languages":{"de":{"title":true,"content":true,"excerpt":false},"en":{"title":false,"content":false,"excerpt":false}}},"_links":{"self":[{"href":"https:\/\/www.kde.cs.uni-kassel.de\/en\/wp-json\/wp\/v2\/pages\/982","targetHints":{"allow":["GET"]}}],"collection":[{"href":"https:\/\/www.kde.cs.uni-kassel.de\/en\/wp-json\/wp\/v2\/pages"}],"about":[{"href":"https:\/\/www.kde.cs.uni-kassel.de\/en\/wp-json\/wp\/v2\/types\/page"}],"author":[{"embeddable":true,"href":"https:\/\/www.kde.cs.uni-kassel.de\/en\/wp-json\/wp\/v2\/users\/1"}],"replies":[{"embeddable":true,"href":"https:\/\/www.kde.cs.uni-kassel.de\/en\/wp-json\/wp\/v2\/comments?post=982"}],"version-history":[{"count":1,"href":"https:\/\/www.kde.cs.uni-kassel.de\/en\/wp-json\/wp\/v2\/pages\/982\/revisions"}],"predecessor-version":[{"id":995,"href":"https:\/\/www.kde.cs.uni-kassel.de\/en\/wp-json\/wp\/v2\/pages\/982\/revisions\/995"}],"up":[{"embeddable":true,"href":"https:\/\/www.kde.cs.uni-kassel.de\/en\/wp-json\/wp\/v2\/pages\/980"}],"wp:attachment":[{"href":"https:\/\/www.kde.cs.uni-kassel.de\/en\/wp-json\/wp\/v2\/media?parent=982"}],"curies":[{"name":"wp","href":"https:\/\/api.w.org\/{rel}","templated":true}]}}