{"id":9763,"date":"2024-07-17T13:39:30","date_gmt":"2024-07-17T11:39:30","guid":{"rendered":"https:\/\/www.kde.cs.uni-kassel.de\/?page_id=9763"},"modified":"2024-10-02T18:01:51","modified_gmt":"2024-10-02T16:01:51","slug":"kdd_praktikum","status":"publish","type":"page","link":"https:\/\/www.kde.cs.uni-kassel.de\/en\/lehre\/ws2024-25\/kdd_praktikum","title":{"rendered":"Knowledge Discovery (Praktikum)"},"content":{"rendered":"<h2>Knowledge Discovery (Praktikum)<\/h2>\n<p><a href=\"\/stumme\"><u><span style=\"color: #a3004e;\"><\/span><\/u><\/a><u><span style=\"color: #0066cc;\"><\/span><\/u><span style=\"color: #a3004e;\">Terminabsprache: <\/span><\/p>\n<p style=\"padding-left: 30px;\">Termine werden in der Vorlesung <a href=\"\/lehre\/ws2024-25\/kdd\"><u><span style=\"color: #0066cc;\"> Knowledge Discovery<\/span><\/u><\/a> bekannt gegeben.<\/p>\n<p><span style=\"color: #a3004e;\"> Vorkenntnisse: <\/span><\/p>\n<p style=\"padding-left: 30px;\">Informatik Grundstudium<\/p>\n<p><span style=\"color: #a3004e;\"> Angesprochener H\u00f6rendenkreis: <\/span><\/p>\n<p style=\"padding-left: 30px;\">Inf. ab 4. Sem., Math. NF Inf.<\/p>\n<p><span style=\"color: #a3004e;\"> Voraussetzung: <\/span><\/p>\n<p style=\"padding-left: 30px;\">Gleichzeitiger Besuch oder vorhandene Kenntnisse der Vorlesung <a href=\"\/lehre\/ws2024-25\/kdd\"><u><span style=\"color: #0066cc;\">Knowledge Discovery<\/span><\/u><\/a>.<\/p>\n<p><span style=\"color: #a3004e;\">\u00a0Umfang:<\/span><\/p>\n<p style=\"padding-left: 30px;\">M\u00f6glicher Umfang: 2 SWS, 3 Credits oder 6 Credits<br \/>Hinweis: Beim Praktikum f\u00fcr 6 Credits haben die Praktikumsaufgaben einen gr\u00f6\u00dferen Umfang.<\/p>\n<p><span style=\"color: #a3004e;\">Leistungsnachweis: <\/span><\/p>\n<p style=\"padding-left: 30px;\">Bearbeitung der Praktikumsaufgaben, m\u00fcndliche Pr\u00fcfung.<br \/>Die Vorlesung kann im Bereich Praktische Informatik sowie in den Anwendungsgebieten Knowledge &amp; Data Engineering und Internet-Technologien angerechnet werden.<\/p>\n<p><span style=\"color: #a3004e;\">Veranstalter: <\/span><\/p>\n<p style=\"padding-left: 30px;\"><a href=\"\/stumme\"><u><span>Prof. Dr. Gerd Stumme<\/span><\/u>, <\/a><a href=\"\/duerrschnabel\"><u><span>Dr. Dominik D\u00fcrrschnabel<\/span><\/u><\/a><\/p>\n<p><span style=\"color: #a3004e;\">Inhalt:<\/span><\/p>\n<p style=\"padding-left: 30px;\">Im Praktikum werden die in der Vorlesung <a href=\"\/lehre\/ws2024-25\/kdd\"><u><span>Knowledge Discovery<\/span><\/u><\/a> vermittelten Konzepte in die Praxis umgesetzt. Zur Implementierung verwenden wir die Programmiersprache Python und Jupyter Notebooks, die sich als Standard im Bereich Data Science etabliert haben.<span style=\"color: #a3004e;\"><\/span><\/p>\n<p><span style=\"color: #a3004e;\">Links:<\/span><\/p>\n<p style=\"padding-left: 30px;\"><a href=\"https:\/\/moodle.uni-kassel.de\/course\/view.php?id=15400\">Moodle<\/a> (wie Vorlesung <a href=\"https:\/\/www.kde.cs.uni-kassel.de\/lehre\/ws2024-25\/kdd\"><u><span>Knowledge Discovery<\/span><\/u><\/a>)<\/p>\n\n\n<p><\/p>\n","protected":false},"excerpt":{"rendered":"<p>Knowledge Discovery (Praktikum) Terminabsprache: Termine werden in der Vorlesung Knowledge Discovery bekannt gegeben. Vorkenntnisse: Informatik Grundstudium Angesprochener H\u00f6rendenkreis: Inf. ab 4. Sem., Math. NF Inf. Voraussetzung: Gleichzeitiger Besuch oder vorhandene Kenntnisse der Vorlesung Knowledge Discovery.<a class=\"moretag\" href=\"https:\/\/www.kde.cs.uni-kassel.de\/en\/lehre\/ws2024-25\/kdd_praktikum\"> Read more&hellip;<\/a><\/p>\n","protected":false},"author":15,"featured_media":0,"parent":9757,"menu_order":18,"comment_status":"closed","ping_status":"closed","template":"","meta":{"footnotes":""},"class_list":["post-9763","page","type-page","status-publish","hentry"],"translation":{"provider":"WPGlobus","version":"3.0.2","language":"en","enabled_languages":["de","en"],"languages":{"de":{"title":true,"content":true,"excerpt":false},"en":{"title":false,"content":false,"excerpt":false}}},"_links":{"self":[{"href":"https:\/\/www.kde.cs.uni-kassel.de\/en\/wp-json\/wp\/v2\/pages\/9763","targetHints":{"allow":["GET"]}}],"collection":[{"href":"https:\/\/www.kde.cs.uni-kassel.de\/en\/wp-json\/wp\/v2\/pages"}],"about":[{"href":"https:\/\/www.kde.cs.uni-kassel.de\/en\/wp-json\/wp\/v2\/types\/page"}],"author":[{"embeddable":true,"href":"https:\/\/www.kde.cs.uni-kassel.de\/en\/wp-json\/wp\/v2\/users\/15"}],"replies":[{"embeddable":true,"href":"https:\/\/www.kde.cs.uni-kassel.de\/en\/wp-json\/wp\/v2\/comments?post=9763"}],"version-history":[{"count":4,"href":"https:\/\/www.kde.cs.uni-kassel.de\/en\/wp-json\/wp\/v2\/pages\/9763\/revisions"}],"predecessor-version":[{"id":9883,"href":"https:\/\/www.kde.cs.uni-kassel.de\/en\/wp-json\/wp\/v2\/pages\/9763\/revisions\/9883"}],"up":[{"embeddable":true,"href":"https:\/\/www.kde.cs.uni-kassel.de\/en\/wp-json\/wp\/v2\/pages\/9757"}],"wp:attachment":[{"href":"https:\/\/www.kde.cs.uni-kassel.de\/en\/wp-json\/wp\/v2\/media?parent=9763"}],"curies":[{"name":"wp","href":"https:\/\/api.w.org\/{rel}","templated":true}]}}