{"id":9759,"date":"2024-07-18T10:53:35","date_gmt":"2024-07-18T08:53:35","guid":{"rendered":"https:\/\/www.kde.cs.uni-kassel.de\/?page_id=9759"},"modified":"2024-09-06T12:08:51","modified_gmt":"2024-09-06T10:08:51","slug":"arbeiten","status":"publish","type":"page","link":"https:\/\/www.kde.cs.uni-kassel.de\/en\/lehre\/ws2024-25\/arbeiten","title":{"rendered":"Bachelor- und Masterarbeiten Wintersemester 2024\/2025"},"content":{"rendered":"\n<h2 class=\"wp-block-heading\">Bachelor- und Masterarbeiten<\/h2>\n\n\n\n<h3 class=\"wp-block-heading\">Themen<\/h3>\n\n\n\n<p>Viele Aufgabenstellungen besch\u00e4ftigen sich mit der Implementierung verschiedener Komponenten in eines der Websysteme, die am Fachgebiet betrieben werden, oder mit der Analyse der in solchen Systemen vorhandenen Daten. Dar\u00fcber hinaus werden weitere Themen angeboten, die in der Regel einen inhaltlichen Bezug zu aktuellen Forschungsprojekten des Fachgebiets Wissensverarbeitung haben.<\/p>\n\n\n\n<p>Die Themenstellung erfolgt in Absprache mit den Studierenden; die Ausrichtung und der Umfang der Arbeit richten sich nach dem jeweils angestrebten Anschluss. Prinzipiell liegt der Schwerpunkt bei Abschlussarbeiten auf der Methodik, w\u00e4hrend er bei Projektarbeiten auf der technischen Umsetzung liegt.<\/p>\n\n\n\n<p>Zu folgenden Themengebieten k\u00f6nnen wir Arbeiten anbieten; zu konkreten Themen k\u00f6nnen die jeweiligen Betreuer genauere Auskunft geben:<\/p>\n\n\n<div class=\"post-list-layout\"><div class=\"listing-item\"><div class=\"content\">\n<h3 class=\"wp-block-heading\">Formalizing Results of Formal Concept Analysis<\/h3>\n\n\n\n<p>\n  Formalization of a large number of definitions and theorems in Algebra, Number\n  Theory and Analysis in\n  the <a href=\"https:\/\/en.wikipedia.org\/wiki\/Lean_(proof_assistant)\">lean\n  prover<\/a> brings the field of formal theorem proving to the forefront of\n  mathematical research. However, mathematical notions and results from the\n  field of Formal Concept Analysis are not yet included. Thus, the goal of this\n  project (or thesis) is to formally prove the &#8220;Basic Theorem on Concept\n  Lattices&#8221; (or a comparable result), in order to provide a stepping stone in\n  this direction. Essentially, this involves building core definitions and\n  necessary preliminary results\n  by <a href=\"https:\/\/leanprover-community.github.io\/mathlib4_docs\/Mathlib\/Order\/Closure.html\">extending\n  existing ones<\/a>. We will aim to build\n  a <a href=\"https:\/\/github.com\/PatrickMassot\/leanblueprint\">lean blueprint<\/a>\n  and if you are only interested in a small project, we will find a reasonable\n  partial realization to stop at.\n<\/p>\n\n\n\n<p>Inquiries: <a href=\"https:\/\/www.kde.cs.uni-kassel.de\/hille\">Tobias Hille<\/a><\/p>\n<\/div> <span class=\"category-display\"><span class=\"category-display-label\">Kategorien:<\/span> <a href=\"https:\/\/www.kde.cs.uni-kassel.de\/en\/blog\/category\/allgemein\">Allgemein<\/a>, <a href=\"https:\/\/www.kde.cs.uni-kassel.de\/en\/blog\/category\/bachelor\">Bachelorarbeit<\/a>, <a href=\"https:\/\/www.kde.cs.uni-kassel.de\/en\/blog\/category\/master\">Masterarbeit<\/a>, <a href=\"https:\/\/www.kde.cs.uni-kassel.de\/en\/blog\/category\/methodischer-schwerpunkt\">Methodischer Schwerpunkt<\/a>, <a href=\"https:\/\/www.kde.cs.uni-kassel.de\/en\/blog\/category\/technischer-schwerpunkt\">Technischer Schwerpunkt<\/a><\/span><\/div><div class=\"listing-item\"><div class=\"content\">\n<h3 class=\"wp-block-heading\">Formal Concept Analysis mit Attribut und Objektordnungen<\/h3>\n\n\n\n<p>In dieser Arbeit untersuchen Sie, inwiefern sich die Theorie der formalen Begriffsanalyse auf den Fall \u00fcbertragen l\u00e4sst, dass wir eine lineare Ordnung auf den Attributen und den Objekten vorliegen haben. <\/p>\n\n\n\n<p>Das Ziel ist es, die in der FCA \u00fcblichen Ideen (Begriffe, Implikationen etc.) auf solche Datens\u00e4tze zu \u00fcbertragen und die Theorie mit Echtwelt-Datens\u00e4tzen zu evaluieren. <\/p>\n\n\n\n<p>Informationen: <a href=\"https:\/\/www.kde.cs.uni-kassel.de\/duerrschnabel\">Dominik D\u00fcrrschnabel<\/a><\/p>\n<\/div> <span class=\"category-display\"><span class=\"category-display-label\">Kategorien:<\/span> <a href=\"https:\/\/www.kde.cs.uni-kassel.de\/en\/blog\/category\/allgemein\">Allgemein<\/a>, <a href=\"https:\/\/www.kde.cs.uni-kassel.de\/en\/blog\/category\/bachelor\">Bachelorarbeit<\/a>, <a href=\"https:\/\/www.kde.cs.uni-kassel.de\/en\/blog\/category\/master\">Masterarbeit<\/a>, <a href=\"https:\/\/www.kde.cs.uni-kassel.de\/en\/blog\/category\/technischer-schwerpunkt\">Technischer Schwerpunkt<\/a><\/span><\/div><div class=\"listing-item\"><div class=\"content\">\n<h3 class=\"wp-block-heading\">Invariants of Formal Contexts<\/h3>\n\n\n\n<p>It is not easy to recognise whether two (reduced) formal contexts are isomorphic, or given a set of formal contexts, how many different formal contexts are contained there.   One aid are invariants, i.e. derived quantities, that do not depend on the concrete representation of the formal context. Simple examples are the number of attributes of the context or the number of objects of the context. If two contexts have different values for an invariant, the contexts are not isomorphic. The aim is to examine formal contexts with regard to possible invariants. Formal contexts can be represented as bipartite graphs, therefore, known graph invariants in particular are to be considered. <\/p>\n\n\n\n<p>Inquiries: <a href=\"https:\/\/www.kde.cs.uni-kassel.de\/hille\">Tobias Hille<\/a><\/p>\n<\/div> <span class=\"category-display\"><span class=\"category-display-label\">Kategorien:<\/span> <a href=\"https:\/\/www.kde.cs.uni-kassel.de\/en\/blog\/category\/allgemein\">Allgemein<\/a>, <a href=\"https:\/\/www.kde.cs.uni-kassel.de\/en\/blog\/category\/bachelor\">Bachelorarbeit<\/a>, <a href=\"https:\/\/www.kde.cs.uni-kassel.de\/en\/blog\/category\/master\">Masterarbeit<\/a>, <a href=\"https:\/\/www.kde.cs.uni-kassel.de\/en\/blog\/category\/methodischer-schwerpunkt\">Methodischer Schwerpunkt<\/a><\/span><\/div><div class=\"listing-item\"><div class=\"content\">\n<h3 class=\"wp-block-heading\">Detecting Graphs in Images<\/h3>\n\n\n\n<p>\n  The project aims to develop a machine learning model that can detect (simple) graphs in images.\n  This involves not only an extensive literature review but also gathering useful training data.\n  Moreover, we need to train the model to recognize and segment images containing graphs.\n  The project will use image classification algorithms and techniques to achieve this goal.\n  Completing individual parts may already be enough for a successful conclusion.\n  You will build upon work done by previous participants.\n  <br>Most (if not all) of the programming will be done in Python.\n<\/p>\n\n\n\n<p>Inquiries: <a href=\"https:\/\/www.kde.cs.uni-kassel.de\/hille\">Tobias Hille<\/a><\/p>\n<\/div> <span class=\"category-display\"><span class=\"category-display-label\">Kategorien:<\/span> <a href=\"https:\/\/www.kde.cs.uni-kassel.de\/en\/blog\/category\/allgemein\">Allgemein<\/a>, <a href=\"https:\/\/www.kde.cs.uni-kassel.de\/en\/blog\/category\/bachelor\">Bachelorarbeit<\/a>, <a href=\"https:\/\/www.kde.cs.uni-kassel.de\/en\/blog\/category\/master\">Masterarbeit<\/a>, <a href=\"https:\/\/www.kde.cs.uni-kassel.de\/en\/blog\/category\/methodischer-schwerpunkt\">Methodischer Schwerpunkt<\/a>, <a href=\"https:\/\/www.kde.cs.uni-kassel.de\/en\/blog\/category\/technischer-schwerpunkt\">Technischer Schwerpunkt<\/a><\/span><\/div><div class=\"listing-item\"><div class=\"content\">\n<h3 class=\"wp-block-heading\">Generators for and Properties of random bipartite Graphs<\/h3>\n\n\n\n<p>\n  In this project, we will conduct a practical investigation into the random generation of bipartite graphs.\n  We will build upon previous works in the field and analyze the properties of the produced distributions.\n  Additionally, we will simulate real-world data, potentially using approaches like GAN training.\n  <br>Most (if not all) of the programming will be done in Python.\n<\/p>\n\n\n\n<p>Inquiries: <a href=\"https:\/\/www.kde.cs.uni-kassel.de\/hille\">Tobias Hille<\/a><\/p>\n<\/div> <span class=\"category-display\"><span class=\"category-display-label\">Kategorien:<\/span> <a href=\"https:\/\/www.kde.cs.uni-kassel.de\/en\/blog\/category\/allgemein\">Allgemein<\/a>, <a href=\"https:\/\/www.kde.cs.uni-kassel.de\/en\/blog\/category\/bachelor\">Bachelorarbeit<\/a>, <a href=\"https:\/\/www.kde.cs.uni-kassel.de\/en\/blog\/category\/methodischer-schwerpunkt\">Methodischer Schwerpunkt<\/a>, <a href=\"https:\/\/www.kde.cs.uni-kassel.de\/en\/blog\/category\/technischer-schwerpunkt\">Technischer Schwerpunkt<\/a><\/span><\/div><div class=\"listing-item\"><div class=\"content\">\n<h3 class=\"wp-block-heading\">Stabilit\u00e4t von Formalen Kontexten<\/h3>\n\n\n\n<p>Wir nennen einen formalen Kontext stabil, wenn sich beim Setzen oder Entfernen jedes Kreuzes die Gr\u00f6\u00dfe des Begriffsverbandes nicht verkleinert. Untersuchen Sie Echtweltdaten auf Stabilit\u00e4t und untersuchen Sie, inwiefern sich die Stabilit\u00e4t als Bewertungsma\u00df f\u00fcr intrinsisch sinnvolle Daten eignet.<\/p>\n\n\n\n<p>Informationen: <a href=\"https:\/\/www.kde.cs.uni-kassel.de\/duerrschnabel\">Dominik D\u00fcrrschnabel<\/a><\/p>\n<\/div> <span class=\"category-display\"><span class=\"category-display-label\">Kategorien:<\/span> <a href=\"https:\/\/www.kde.cs.uni-kassel.de\/en\/blog\/category\/allgemein\">Allgemein<\/a>, <a href=\"https:\/\/www.kde.cs.uni-kassel.de\/en\/blog\/category\/bachelor\">Bachelorarbeit<\/a>, <a href=\"https:\/\/www.kde.cs.uni-kassel.de\/en\/blog\/category\/master\">Masterarbeit<\/a>, <a href=\"https:\/\/www.kde.cs.uni-kassel.de\/en\/blog\/category\/technischer-schwerpunkt\">Technischer Schwerpunkt<\/a><\/span><\/div><div class=\"listing-item\"><div class=\"content\">\n<h3 class=\"wp-block-heading\">Intrinsic Triangulation of Loss Landscapes of Neural Networks<\/h3>\n\n\n\n<p>\n  Recent work investigating geometry and topology of loss landscapes of neural networks\n  revealed interesting properties regarding connectivity of clusters of local minima\n  <a href=\"https:\/\/arxiv.org\/pdf\/1803.00885.pdf\">[1]<\/a>,\n  <a href=\"https:\/\/arxiv.org\/pdf\/2102.00485.pdf\">[2]<\/a>.\n  In this work you will try to apply advances in computation intrinsic triangulation for 3d rendering\n  <a href=\"https:\/\/arxiv.org\/pdf\/2106.00220.pdf\">[3]<\/a> towards those surfaces\n  (or reasonable hyperplane projections).\n  One possible motivation for this is the change for an ability to construct geodesic\n  paths on the constructed approximation.\n  <br>Most (if not all) of the programming will be done in Python.\n<\/p>\n\n\n\n<p>Inquiries: <a href=\"https:\/\/www.kde.cs.uni-kassel.de\/hille\">Tobias Hille<\/a><\/p>\n<\/div> <span class=\"category-display\"><span class=\"category-display-label\">Kategorien:<\/span> <a href=\"https:\/\/www.kde.cs.uni-kassel.de\/en\/blog\/category\/allgemein\">Allgemein<\/a>, <a href=\"https:\/\/www.kde.cs.uni-kassel.de\/en\/blog\/category\/master\">Masterarbeit<\/a>, <a href=\"https:\/\/www.kde.cs.uni-kassel.de\/en\/blog\/category\/methodischer-schwerpunkt\">Methodischer Schwerpunkt<\/a>, <a href=\"https:\/\/www.kde.cs.uni-kassel.de\/en\/blog\/category\/technischer-schwerpunkt\">Technischer Schwerpunkt<\/a><\/span><\/div><\/div>\n\n\n\n<p>Sprechen Sie uns gern zu weiteren Themen an.\nInformationen zu den einzelnen Themen geben Ihnen gerne vorab die Betreuer.\n<\/p>\n\n\n\n<h3 class=\"wp-block-heading\">Aufgabenstellung und Termin<\/h3>\n\n\n\n<p>Nach Absprache mit der\/dem jeweiligen Betreuer.<\/p>\n\n\n\n<h3 class=\"wp-block-heading\">Vorkenntnisse<\/h3>\n\n\n\n<p>Informatik Grundstudium bzw. 30 absolvierte Credits des Masterstudiums<\/p>\n\n\n\n<h3 class=\"wp-block-heading\">Angesprochener H\u00f6rendenkreis<\/h3>\n\n\n\n<p>Informatik Bachelor und Master, Math. NF Inf. Hauptstudium<\/p>\n\n\n\n<h3 class=\"wp-block-heading\">Umfang<\/h3>\n\n\n\n<p>9 Wochen f\u00fcr Bachelor und 6 Monate f\u00fcr Master<\/p>\n\n\n\n<h3 class=\"wp-block-heading\">Leistungsnachweis<\/h3>\n\n\n\n<p>In der Regel Implementierung, schriftliche Ausarbeitung, Vortrag und ein Poster<\/p>\n\n\n\n<h3 class=\"wp-block-heading\">Veranstalter<\/h3>\n\n\n\n<p><a href=\"https:\/\/www.kde.cs.uni-kassel.de\/stumme\">Prof. Dr. Gerd Stumme<\/a>, <a href=\"https:\/\/www.kde.cs.uni-kassel.de\/duerrschnabel\">Dr. Dominik D\u00fcrrschnabel<\/a>, <a href=\"\/abdulla\">Mohammad Abdulla, M.Sc. M.Sc.<\/a>, <a href=\"\/hille\">Tobias Hille, M.Sc.<\/a>, <a href=\"https:\/\/www.kde.cs.uni-kassel.de\/hirth\">Johannes Hirth, M.Sc.<\/a><\/p>\n","protected":false},"excerpt":{"rendered":"<p>Bachelor- und Masterarbeiten Themen Viele Aufgabenstellungen besch\u00e4ftigen sich mit der Implementierung verschiedener Komponenten in eines der Websysteme, die am Fachgebiet betrieben werden, oder mit der Analyse der in solchen Systemen vorhandenen Daten. Dar\u00fcber hinaus werden<a class=\"moretag\" href=\"https:\/\/www.kde.cs.uni-kassel.de\/en\/blog\/2022\/08\/12\/intrinsic-triangulation\"> Read more&hellip;<\/a><\/p>\n","protected":false},"author":15,"featured_media":0,"parent":9757,"menu_order":29,"comment_status":"closed","ping_status":"closed","template":"","meta":{"footnotes":""},"class_list":["post-9759","page","type-page","status-publish","hentry"],"translation":{"provider":"WPGlobus","version":"3.0.2","language":"en","enabled_languages":["de","en"],"languages":{"de":{"title":true,"content":true,"excerpt":false},"en":{"title":false,"content":false,"excerpt":false}}},"_links":{"self":[{"href":"https:\/\/www.kde.cs.uni-kassel.de\/en\/wp-json\/wp\/v2\/pages\/9759","targetHints":{"allow":["GET"]}}],"collection":[{"href":"https:\/\/www.kde.cs.uni-kassel.de\/en\/wp-json\/wp\/v2\/pages"}],"about":[{"href":"https:\/\/www.kde.cs.uni-kassel.de\/en\/wp-json\/wp\/v2\/types\/page"}],"author":[{"embeddable":true,"href":"https:\/\/www.kde.cs.uni-kassel.de\/en\/wp-json\/wp\/v2\/users\/15"}],"replies":[{"embeddable":true,"href":"https:\/\/www.kde.cs.uni-kassel.de\/en\/wp-json\/wp\/v2\/comments?post=9759"}],"version-history":[{"count":3,"href":"https:\/\/www.kde.cs.uni-kassel.de\/en\/wp-json\/wp\/v2\/pages\/9759\/revisions"}],"predecessor-version":[{"id":9828,"href":"https:\/\/www.kde.cs.uni-kassel.de\/en\/wp-json\/wp\/v2\/pages\/9759\/revisions\/9828"}],"up":[{"embeddable":true,"href":"https:\/\/www.kde.cs.uni-kassel.de\/en\/wp-json\/wp\/v2\/pages\/9757"}],"wp:attachment":[{"href":"https:\/\/www.kde.cs.uni-kassel.de\/en\/wp-json\/wp\/v2\/media?parent=9759"}],"curies":[{"name":"wp","href":"https:\/\/api.w.org\/{rel}","templated":true}]}}