{"id":9757,"date":"2024-09-06T12:29:51","date_gmt":"2024-09-06T10:29:51","guid":{"rendered":"https:\/\/www.kde.cs.uni-kassel.de\/?page_id=9757"},"modified":"2024-09-06T12:29:52","modified_gmt":"2024-09-06T10:29:52","slug":"ws2024-25","status":"publish","type":"page","link":"https:\/\/www.kde.cs.uni-kassel.de\/en\/lehre\/ws2024-25","title":{"rendered":"Lehrveranstaltungen im Wintersemester 2024\/2025"},"content":{"rendered":"<p>Folgende Lehrveranstaltungen werden im Wintersemester 2024\/2025 angeboten:<\/p>\n<h2><span>Vorlesungen<\/span><\/h2>\n<ul>\n<li><a href=\"\/lehre\/ws2024-25\/kdd\"><u><span>Knowledge Discovery<\/span><\/u><\/a> (Prof. Dr. Gerd Stumme, Dr. Dominik D\u00fcrrschnabel)<\/li>\n<li><a href=\"\/lehre\/ws2024-25\/cda\"><u><span>Begriffliche Datenanalyse<\/span><\/u><\/a> (Prof. Dr. Gerd Stumme)<\/li>\n<li><a href=\"\/lehre\/ws2024-25\/dgv\"><u><span>Ausgew\u00e4hlte Kapitel: Daten- und Graphenvisualisierung<\/span><\/u><\/a> (Dr. Dominik D\u00fcrrschnabel)<\/li>\n<\/ul>\n<p><!-- \t\n\n\n\n\n\n<li><a href=\"\/lehre\/ws2024-25\/sna\"><u><span>Soziale Netzwerkanalyse<\/span><\/u><\/a> (Prof. Dr. Gerd Stumme)<\/li>\n\n\n\n\n\n--><\/p>\n<ul><\/ul>\n<h2><span>Praktika \/ Labore<\/span><\/h2>\n<ul>\n<li><a href=\"\/lehre\/ws2024-25\/kdd_praktikum\">Praktikum Knowledge Discovery<\/a> (Prof. Dr. Gerd Stumme, Dr. Dominik D\u00fcrrschnabel)<\/li>\n<li><a href=\"\/lehre\/ws2024-25\/labor-qda\">Labor Qualitative Datenanalyse<\/a> (Prof. Dr. Gerd Stumme)<\/li>\n<\/ul>\n<p><!-- \t\n\n\n\n\n\n<li><a href=\"\/lehre\/ws2024-25\/ln\">Labor Netzwerke<\/a> (Prof. Dr. Gerd Stumme)<\/li>\n\n\n\n\n\n--><\/p>\n<p><!--    \n\n\n\n\n\n<li><a href=\"\/lehre\/ws2024-25\/labor_DSKI\">Labor Diskrete Strukturen der K\u00fcnstlichen Intelligenz<\/a> (Prof. Dr. Gerd Stumme)<\/li>\n\n\n\n\n\n--><\/p>\n<ul><\/ul>\n<h2><span>Projekte<\/span><\/h2>\n<ul>\n<li><a href=\"\/lehre\/ws2024-25\/projekt\"><u><span>Bachelor- und Masterprojekt<\/span><\/u><\/a><\/li>\n<\/ul>\n<h2><span>Seminar<\/span><\/h2>\n<ul>\n<li><a href=\"\/lehre\/ws2024-25\/seminar\"><u><span>Ausgew\u00e4hlte Themen der Wissensverarbeitung (Seminar)<\/span><\/u><\/a><a href=\"wissenschaftliches_arbeiten\"><\/a><\/li>\n<\/ul>\n<p><!--\n \t\n\n\n\n\n\n<li><a href=\"wissenschaftliches_arbeiten\">Seminar \"Wissenschaftliches Arbeiten im Fach Wissensverarbeitung\"<\/a> (Prof. Dr. Gerd Stumme)<\/li>\n\n\n\n\n\n\n--><\/p>\n<ul><\/ul>\n<h2><span>Abschlussarbeiten<\/span><\/h2>\n<ul>\n<li><a href=\"\/lehre\/ws2024-25\/arbeiten\"><u><span>Bachelor- und Masterarbeiten<\/span><\/u><\/a><\/li>\n<\/ul>\n\n\n<h2 class=\"wp-block-heading\">Extras<\/h2>\n\n\n\n<ul class=\"wp-block-list\">\n<li><a href=\"https:\/\/www.kde.cs.uni-kassel.de\/lehre\/ws2024-25\/clojurekurs\">Clojure-Einf\u00fchrungskurs<\/a><\/li>\n<\/ul>\n\n\n<p><!-- wp:heading \n\n\n\n\n\n\n<ul><\/ul>\n\n\n\n\n\n\n\n\n\n\n\n\n<h1><\/h1>\n\n\n\n\n\n\n<!--<strong>Bitte informieren Sie sich<\/strong> <a href=\"https:\/\/www.uni-kassel.de\/hochschulverwaltung\/schnelleinstieg\/uebersicht\/umgang-mit-dem-corona-virus\" onclick=\"javascript:window.open('https:\/\/www.uni-kassel.de\/hochschulverwaltung\/schnelleinstieg\/uebersicht\/umgang-mit-dem-corona-virus'); return false;\">hier<\/a> <strong>\u00fcber die aktuellen Regelungen zum Umgang mit dem Corona-Virus an der Universit\u00e4t Kassel.<\/strong>--><\/p>","protected":false},"excerpt":{"rendered":"<p>Folgende Lehrveranstaltungen werden im Wintersemester 2024\/2025 angeboten: Vorlesungen Knowledge Discovery (Prof. Dr. Gerd Stumme, Dr. Dominik D\u00fcrrschnabel) Begriffliche Datenanalyse (Prof. Dr. Gerd Stumme) Ausgew\u00e4hlte Kapitel: Daten- und Graphenvisualisierung (Dr. Dominik D\u00fcrrschnabel) Praktika \/ Labore Praktikum<a class=\"moretag\" href=\"https:\/\/www.kde.cs.uni-kassel.de\/en\/lehre\/ws2024-25\"> Read more&hellip;<\/a><\/p>\n","protected":false},"author":15,"featured_media":0,"parent":30,"menu_order":25,"comment_status":"closed","ping_status":"closed","template":"","meta":{"footnotes":""},"class_list":["post-9757","page","type-page","status-publish","hentry"],"translation":{"provider":"WPGlobus","version":"3.0.2","language":"en","enabled_languages":["de","en"],"languages":{"de":{"title":true,"content":true,"excerpt":false},"en":{"title":false,"content":false,"excerpt":false}}},"_links":{"self":[{"href":"https:\/\/www.kde.cs.uni-kassel.de\/en\/wp-json\/wp\/v2\/pages\/9757","targetHints":{"allow":["GET"]}}],"collection":[{"href":"https:\/\/www.kde.cs.uni-kassel.de\/en\/wp-json\/wp\/v2\/pages"}],"about":[{"href":"https:\/\/www.kde.cs.uni-kassel.de\/en\/wp-json\/wp\/v2\/types\/page"}],"author":[{"embeddable":true,"href":"https:\/\/www.kde.cs.uni-kassel.de\/en\/wp-json\/wp\/v2\/users\/15"}],"replies":[{"embeddable":true,"href":"https:\/\/www.kde.cs.uni-kassel.de\/en\/wp-json\/wp\/v2\/comments?post=9757"}],"version-history":[{"count":10,"href":"https:\/\/www.kde.cs.uni-kassel.de\/en\/wp-json\/wp\/v2\/pages\/9757\/revisions"}],"predecessor-version":[{"id":9836,"href":"https:\/\/www.kde.cs.uni-kassel.de\/en\/wp-json\/wp\/v2\/pages\/9757\/revisions\/9836"}],"up":[{"embeddable":true,"href":"https:\/\/www.kde.cs.uni-kassel.de\/en\/wp-json\/wp\/v2\/pages\/30"}],"wp:attachment":[{"href":"https:\/\/www.kde.cs.uni-kassel.de\/en\/wp-json\/wp\/v2\/media?parent=9757"}],"curies":[{"name":"wp","href":"https:\/\/api.w.org\/{rel}","templated":true}]}}