{"id":972,"date":"2016-04-04T16:29:34","date_gmt":"2016-04-04T14:29:34","guid":{"rendered":"https:\/\/www.kde.cs.uni-kassel.de\/?page_id=972"},"modified":"2016-04-04T16:29:34","modified_gmt":"2016-04-04T14:29:34","slug":"seminar","status":"publish","type":"page","link":"https:\/\/www.kde.cs.uni-kassel.de\/en\/lehre\/ss2008\/seminar","title":{"rendered":"Einf\u00fchrung in das Schreiben wissenschaftlicher Texte (im Bereich Informatik)"},"content":{"rendered":"<p><span style=\"color: #a3004e;\">Ort und Zeit:<\/span><\/p>\n<p style=\"padding-left: 30px;\">Donnerstag, 10.4.2008, 17 Uhr im Raum 0443. Sp\u00e4tere Anmeldungen sind noch bis 17.4.2008 per E-Mail ( <a href=\"mailto:jaeschke@cs.uni-kassel.de\"><u><span style=\"color: #0066cc;\">jaeschke@cs.uni-kassel.de<\/span><\/u><\/a><noscript>&amp;amp;amp;amp;amp;lt;pre&amp;amp;amp;amp;amp;gt;jaeschke at cs.uni-kassel.de&amp;amp;amp;amp;amp;lt;\/pre&amp;amp;amp;amp;amp;gt;<\/noscript>) m\u00f6glich.<\/p>\n<p><span style=\"color: #a3004e;\"> Angesprochener H\u00f6rerInnenkreis: <\/span><\/p>\n<p style=\"padding-left: 30px;\">Inf. 4. Sem., Math. NF Inf. Hauptstudium; Master Informatik. F\u00fcr beide Zielgruppen liegen Seminarthemen vor.<!-- InstanceEndEditable --><\/p>\n<p><span style=\"color: #a3004e;\"> Vorkenntnisse: <\/span><\/p>\n<p style=\"padding-left: 30px;\">Informatik-Grundstudium f\u00fcr Einbringung in den Bachelor; abgeschlossener Bachelor f\u00fcr Einbringung in den Master.<\/p>\n<p><span style=\"color: #a3004e;\"> Leistungsnachweis: <\/span><\/p>\n<p style=\"padding-left: 30px;\">Vortrag und Ausarbeitung<!-- InstanceEndEditable --><\/p>\n<p><span style=\"color: #a3004e;\"> Veranstalter: <\/span><\/p>\n<p style=\"padding-left: 30px;\">Dipl.-Inform. Dominik Benz, Dr. Andreas Hotho<!-- InstanceEndEditable --><\/p>\n<p><span style=\"color: #a3004e;\"> Ziel: <\/span><\/p>\n<p style=\"padding-left: 30px;\">Die selbst\u00e4ndige(!), kritische Auseinandersetzung mit einer wissenschaftlichen Forschungsarbeit im Gebiet der Informatik und das Verfassen einer schriftlichen Seminararbeit, die den Anforderungen an eine Publikation im Bereich Informatik gen\u00fcgt (Inhalt und insbesondere auch <a href=\"http:\/\/www.springer.com\/computer\/lncs?SGWID=0-164-2-72376-0\"><u><span style=\"color: #0066cc;\">Form<\/span><\/u><\/a>), eventuell auch ein Vortrag.<br \/>\nZu benutzendes Textsatzsystem: <a href=\"http:\/\/www.latex-project.org\/\"><u><span style=\"color: #0066cc;\">LaTeX2e<\/span><\/u><\/a>.<\/p>\n<p><span style=\"color: #a3004e;\"> Ablauf des Seminars:<\/span><\/p>\n<p style=\"padding-left: 30px;\">Mit der Abgabe der Seminararbeit beginnt eine letzte aber sehr wichtige (und eventuell schmerzliche) Arbeitsphase: die Korrektur des Manuskripts (bis es den Anforderungen gen\u00fcgt).<\/p>\n<p style=\"padding-left: 30px;\">Arbeitsplan: 1 Monat inhaltliche Arbeit am Thema, 2 &#8211; 3 Monate Aufschreiben des Manuskripts<\/p>\n<p style=\"padding-left: 30px;\">Umfang der Seminararbeit: etwa 15 Seiten (LaTeX2e) pro Student<\/p>\n<p style=\"padding-left: 30px;\">Konsultationen: Konsultationstermine nach individueller Absprache (maximal einmal pro Woche). Wichtig: konkrete Fragen vorbereiten.<\/p>\n<p><span style=\"color: #a3004e;\">Material: <\/span><\/p>\n<ul>\n<li><a href=\"\/lehre\/ss2008\/seminar\/aufgabenbeschreibung.pdf\"><u><span style=\"color: #0066cc;\">Ausf\u00fchrliche Aufgabenbeschreibung<\/span><\/u><\/a> (PDF)<\/li>\n<li><a href=\"\/lehre\/ss2008\/seminar\/aufgabenbeschreibung_master.pdf\"><u><span style=\"color: #0066cc;\">Ausf\u00fchrliche Aufgabenbeschreibung (Master)<\/span><\/u><\/a> (PDF)<\/li>\n<li><a href=\"\/lehre\/ss2008\/seminar\/bewertungskriterien.pdf\"><u><span style=\"color: #0066cc;\">Bewertungskriterien<\/span><\/u><\/a> (PDF)<\/li>\n<li><a href=\"\/lehre\/ss2008\/seminar\/einfuehrungsveranstaltung.pdf\"><u><span style=\"color: #0066cc;\">Folien der Einf\u00fchrungsveranstaltung<\/span><\/u><\/a> (PDF)<\/li>\n<li><a href=\"\/lehre\/ss2008\/seminar\/einfuehrungsveranstaltung.zip\"><u><span style=\"color: #0066cc;\">Quelltexte der Folien der Einf\u00fchrungsveranstaltung<\/span><\/u><\/a> (ZIP)<\/li>\n<\/ul>\n","protected":false},"excerpt":{"rendered":"<p>Ort und Zeit: Donnerstag, 10.4.2008, 17 Uhr im Raum 0443. Sp\u00e4tere Anmeldungen sind noch bis 17.4.2008 per E-Mail ( jaeschke@cs.uni-kassel.de&amp;amp;amp;amp;amp;lt;pre&amp;amp;amp;amp;amp;gt;jaeschke at cs.uni-kassel.de&amp;amp;amp;amp;amp;lt;\/pre&amp;amp;amp;amp;amp;gt;) m\u00f6glich. Angesprochener H\u00f6rerInnenkreis: Inf. 4. Sem., Math. NF Inf. Hauptstudium; Master Informatik. F\u00fcr<a class=\"moretag\" href=\"https:\/\/www.kde.cs.uni-kassel.de\/en\/lehre\/ss2008\/seminar\"> Read more&hellip;<\/a><\/p>\n","protected":false},"author":1,"featured_media":0,"parent":960,"menu_order":0,"comment_status":"closed","ping_status":"closed","template":"","meta":{"footnotes":""},"class_list":["post-972","page","type-page","status-publish","hentry"],"translation":{"provider":"WPGlobus","version":"3.0.2","language":"en","enabled_languages":["de","en"],"languages":{"de":{"title":true,"content":true,"excerpt":false},"en":{"title":false,"content":false,"excerpt":false}}},"_links":{"self":[{"href":"https:\/\/www.kde.cs.uni-kassel.de\/en\/wp-json\/wp\/v2\/pages\/972","targetHints":{"allow":["GET"]}}],"collection":[{"href":"https:\/\/www.kde.cs.uni-kassel.de\/en\/wp-json\/wp\/v2\/pages"}],"about":[{"href":"https:\/\/www.kde.cs.uni-kassel.de\/en\/wp-json\/wp\/v2\/types\/page"}],"author":[{"embeddable":true,"href":"https:\/\/www.kde.cs.uni-kassel.de\/en\/wp-json\/wp\/v2\/users\/1"}],"replies":[{"embeddable":true,"href":"https:\/\/www.kde.cs.uni-kassel.de\/en\/wp-json\/wp\/v2\/comments?post=972"}],"version-history":[{"count":1,"href":"https:\/\/www.kde.cs.uni-kassel.de\/en\/wp-json\/wp\/v2\/pages\/972\/revisions"}],"predecessor-version":[{"id":974,"href":"https:\/\/www.kde.cs.uni-kassel.de\/en\/wp-json\/wp\/v2\/pages\/972\/revisions\/974"}],"up":[{"embeddable":true,"href":"https:\/\/www.kde.cs.uni-kassel.de\/en\/wp-json\/wp\/v2\/pages\/960"}],"wp:attachment":[{"href":"https:\/\/www.kde.cs.uni-kassel.de\/en\/wp-json\/wp\/v2\/media?parent=972"}],"curies":[{"name":"wp","href":"https:\/\/api.w.org\/{rel}","templated":true}]}}