{"id":967,"date":"2016-04-04T16:14:12","date_gmt":"2016-04-04T14:14:12","guid":{"rendered":"https:\/\/www.kde.cs.uni-kassel.de\/?page_id=967"},"modified":"2016-04-04T16:14:12","modified_gmt":"2016-04-04T14:14:12","slug":"nlp","status":"publish","type":"page","link":"https:\/\/www.kde.cs.uni-kassel.de\/en\/lehre\/ss2008\/nlp","title":{"rendered":"NLP &#8211; Analyse des Wissensrohstoffs Text"},"content":{"rendered":"<p><span style=\"color: #a3004e;\">Erster Veranstaltungstag:<\/span><\/p>\n<p style=\"padding-left: 30px;\">Dienstag, 8. April 2008, 10:15 in Raum -1607 (Neubau WA 73)<\/p>\n<p><span style=\"color: #a3004e;\"> Ort und Zeit: <\/span><\/p>\n<p style=\"padding-left: 30px;\">Dienstags, 10.15 h &#8211; 11.45 h, in Raum 0443<\/p>\n<p><span style=\"color: #a3004e;\">\u00dcbungen: <\/span><\/p>\n<p style=\"padding-left: 30px;\">Mittwochs, 10.15 h &#8211; 11.45 h, in Raum 0443. Beginn 16. April<\/p>\n<p><span style=\"color: #a3004e;\">Angesprochener H\u00f6rerInnenkreis:<\/span><\/p>\n<p style=\"padding-left: 30px;\">Informatik Master\/Diplom II. Die Vorlesung kann auch im Bachelor Informatik angerechnet werden. (Es darf aber nur eine Masterveranstaltung in den Bachelor eingebracht werden, die man dann aber nicht mehr f\u00fcr den Master verwenden kann!)<\/p>\n<p><span style=\"color: #a3004e;\">Vorkenntnisse:<\/span><\/p>\n<p style=\"padding-left: 30px;\">Informatik Grundstudium<\/p>\n<p><span style=\"color: #a3004e;\">Leistungsnachweis: <\/span><\/p>\n<p style=\"padding-left: 30px;\">Klausur oder m\u00fcndliche Pr\u00fcfung, je nach Teilnehmerzahl. Die Vorlesung kann im Bereich Praktische Informatik sowie in den Anwendungsgebieten Knowledge &amp; Data Engineering und Internet-Technologien angerechnet werden.<\/p>\n<p><span style=\"color: #a3004e;\"> Veranstalter: <\/span><\/p>\n<p style=\"padding-left: 30px;\"><a href=\"\/hotho\"><u><span style=\"color: #0066cc;\">Dr. Andreas Hotho<\/span><\/u><\/a>, <a href=\"\/benz\"><u><span style=\"color: #0066cc;\">Dominik Benz<\/span><\/u><\/a><\/p>\n<p><span style=\"color: #a3004e;\"> Inhalt: <\/span><\/p>\n<p style=\"padding-left: 30px;\">Der gr\u00f6sste Anteil des heute verf\u00fcgbaren Wissens liegt in Form nat\u00fcrlichsprachlicher Texte vor. Das Aufkommen des WWW hat die elektronische Verf\u00fcgbarkeit dieser Texte stark beschleunigt. Somit stehen heutzutage Millionen von Textdokumenten nicht nur Menschen zur Verf\u00fcgung, sondern k\u00f6nnen auch von Computern automatisiert verarbeitet werden. Dies er\u00f6ffnet neue M\u00f6glichkeiten, Einblicke in die Eigenschaften und Nutzung von Sprache zu erhalten. Analytische Verfahren zur Untersuchung der Eigenschaften und der Verarbeitung von Sprache in Form von Texten und Textkollektionen bilden den Kern dieser Vorlesung. Darauf aufbauend werden statistische Methoden z.B. zur Unterscheidung von Wortsinnen oder der Bestimmung grammatikalischer Konstrukte erarbeitet. Ein weiteres Thema sind Verfahren zur automatischen \u00dcbersetzung von Texten zwischen verschiedenen Sprachen.<\/p>\n<p><span style=\"color: #a3004e;\">Organisatorisches:<\/span><\/p>\n<p style=\"padding-left: 30px;\">Die Vorlesung wird nicht wie \u00fcblich als Frontalunterricht auf der Basis von Folien abgehalten. Vielmehr gibt es w\u00f6chentliche Leseaufgaben, die dann jede Woche w\u00e4hrend der Vorlesung besprochen werden.<\/p>\n<p><span style=\"color: #a3004e;\">Agenda:<\/span><\/p>\n<ul>\n<li>[08.04] Einf\u00fchrung (Folien Andreas)<\/li>\n<li>[15.04] Eigenschaften von Text (Kap 3., Folien Hagen)<\/li>\n<li>[22.04] Words I: Satzgrenzenerkennung, Tokenization (Kap 4, Folien Olga)<\/li>\n<li>[29.04] Kollokationen (Kap 5.1, 5.2, 5.3, Folien J\u00f6rn)<\/li>\n<li>[06.05] N-Gram-Modelle (Kap 6.1 und Kap 6.2, Folien Michael Blumenstein)<\/li>\n<li>[13.05] Hidden Markov Modelle f\u00fcr Tagging (Kap 9, 10.1.,10.2, Folien Melih)<\/li>\n<li>[20.05] Rest HMM, Transformationsbasiertes Tagging (Kap 10.3, Kap 10.4 Folien Michael Wagner)<\/li>\n<li>[27.05] Probabilistic Context Free Grammars (Kap 11, Folien Christian)<\/li>\n<li>[03.06] Probabilistic Parsing I (Kap 12, Folien J\u00f6rn)<\/li>\n<li>[10.06] Probabilistic Parsing II (Kap 12, Folien Michael Blumenstein)<\/li>\n<li>[17.06] Word Sense Disambiguation I (Kap 7, Folien Daniel)<\/li>\n<li>[24.06] Word Sense Disambiguation II (Kap 7, Folien Daniel)<\/li>\n<li>[01.07] Machine Translation (Kap 13, Folien Oxana)<\/li>\n<\/ul>\n<p>&nbsp;<\/p>\n<p>&nbsp;<\/p>\n<p><span style=\"color: #a3004e;\">Literatur zur Vorlesung:<\/span><\/p>\n<p style=\"padding-left: 30px;\">Christopher D. Manning and Hinrich Sch\u00fctze. Foundations of Statistical Natural Language Processing. The MIT Press,Cambridge, Massachusetts,1999.<\/p>\n<p style=\"padding-left: 30px;\">Eine Liste mit vertiefender Literatur gibt es in BibSonomy unter dem Stichwort <a href=\"http:\/\/www.bibsonomy.org\/publ\/user\/hotho\/nlp\"><u><span style=\"color: #0066cc;\">NLP<\/span><\/u><\/a>.<\/p>\n<p>&nbsp;<\/p>\n<p><span style=\"color: #a3004e;\">Folien:<\/span><\/p>\n<ul>\n<li>Einf\u00fchrung, Organisatorisches, \u00dcberblick von Andreas <a href=\"\/lehre\/ss2008\/nlp\/folien\/nlp1.pdf\"><img decoding=\"async\" src=\"\/images\/pdf.gif\" alt=\"PDF-Download\" \/><\/a> <a href=\"\/lehre\/ss2008\/nlp\/folien\/4Folie_nlp1.pdf\"><img decoding=\"async\" src=\"\/images\/pdf_4.gif\" alt=\"PDF-Download (4 in 1)\" \/><\/a><\/li>\n<li>Eigenschaften von Text von Andreas <a href=\"\/lehre\/ss2008\/nlp\/folien\/nlp2.pdf\"><img decoding=\"async\" src=\"\/images\/pdf.gif\" alt=\"PDF-Download\" \/><\/a> <a href=\"\/lehre\/ss2008\/nlp\/folien\/4Folie_nlp2.pdf\"><img decoding=\"async\" src=\"\/images\/pdf_4.gif\" alt=\"PDF-Download (4 in 1)\" \/><\/a><\/li>\n<li>Linguistic Essentials von Hagen Peukert <a href=\"\/lehre\/ss2008\/nlp\/folien\/LingEssentials.pdf\"><img decoding=\"async\" src=\"\/images\/pdf.gif\" alt=\"PDF-Download\" \/><\/a> <a href=\"\/lehre\/ss2008\/nlp\/folien\/4Folie_LingEssentials.pdf\"><img decoding=\"async\" src=\"\/images\/pdf_4.gif\" alt=\"PDF-Download (4 in 1)\" \/><\/a><\/li>\n<li>Corpus Based Work von Olga Walker <a href=\"\/lehre\/ss2008\/nlp\/folien\/Corpus_Based_Work.pdf\"><img decoding=\"async\" src=\"\/images\/pdf.gif\" alt=\"PDF-Download\" \/><\/a> <a href=\"\/lehre\/ss2008\/nlp\/folien\/4Folie_Corpus_Based_Work.pdf\"><img decoding=\"async\" src=\"\/images\/pdf_4.gif\" alt=\"PDF-Download (4 in 1)\" \/><\/a><\/li>\n<li>POS Tagging von Michael Wagner <a href=\"\/lehre\/ss2008\/nlp\/folien\/POS_Tagging.pdf\"><img decoding=\"async\" src=\"\/images\/pdf.gif\" alt=\"PDF-Download\" \/><\/a><\/li>\n<li>Probabilistic Context Free Grammars von Christian Voigtmann <a href=\"\/lehre\/ss2008\/nlp\/folien\/Probabilistic%20Context%20Free%20Grammars.pdf\"><img decoding=\"async\" src=\"\/images\/pdf.gif\" alt=\"PDF-Download\" \/><\/a><\/li>\n<li>Machine Translation von Oxana Lapteva <a href=\"\/lehre\/ss2008\/nlp\/folien\/Machine_Translation.pdf\"><img decoding=\"async\" src=\"\/images\/pdf.gif\" alt=\"PDF-Download\" \/><\/a> <a href=\"\/lehre\/ss2008\/nlp\/folien\/4Folie_Machine_Translation.pdf\"><img decoding=\"async\" src=\"\/images\/pdf_4.gif\" alt=\"PDF-Download (4 in 1)\" \/><\/a><\/li>\n<li>Probabilistic Parsing, Teil 1 von J\u00f6rn Dreyer <a href=\"\/lehre\/ss2008\/nlp\/folien\/probabilistic_parsing_1.pdf\"><img decoding=\"async\" src=\"\/images\/pdf.gif\" alt=\"PDF-Download\" \/><\/a><\/li>\n<li>Probabilistic Parsing, Teil 2 von Michael Blumenstein <a href=\"\/lehre\/ss2008\/nlp\/folien\/probabilistic_parsing_2.pdf\"><img decoding=\"async\" src=\"\/images\/pdf.gif\" alt=\"PDF-Download\" \/><\/a><\/li>\n<li>N-Gram Modelle von Michael Blumenstein <a href=\"\/lehre\/ss2008\/nlp\/folien\/n_gram_models.pdf\"><img decoding=\"async\" src=\"\/images\/pdf.gif\" alt=\"PDF-Download\" \/><\/a><\/li>\n<li>Markov-Models von Melih Kurt <a href=\"\/lehre\/ss2008\/nlp\/folien\/markov_models_melih.pdf\"><img decoding=\"async\" src=\"\/images\/pdf.gif\" alt=\"PDF-Download\" \/><\/a> <a href=\"\/lehre\/ss2008\/nlp\/folien\/4Folie_markov_models_melih.pdf\"><img decoding=\"async\" src=\"\/images\/pdf_4.gif\" alt=\"PDF-Download (4 in 1)\" \/><\/a><\/li>\n<li>Word Sense Disamiguation von Daniel <a href=\"\/lehre\/ss2008\/nlp\/folien\/word_sense_disambiguation_daniel.pdf\"><img decoding=\"async\" src=\"\/images\/pdf.gif\" alt=\"PDF-Download\" \/><\/a> <a href=\"\/lehre\/ss2008\/nlp\/folien\/4Folie_word_sense_disambiguation_daniel.pdf\"><img decoding=\"async\" src=\"\/images\/pdf_4.gif\" alt=\"PDF-Download (4 in 1)\" \/><\/a><\/li>\n<\/ul>\n<p>&nbsp;<\/p>\n<p><!--\n\n\n<ul tal:define=\"extFiles python: here.list_files('uebung');\">\n    <span tal:repeat=\"item extFiles\" tal:omit-tag=\"\">\n\t\n\n<li tal:content=\"item\/title_or_id\"><\/li>\n\n\n\t\n\n<li tal:condition=\"python:item.id.find('aufgabe') &lt; 0\">\n        <a href=\"aufgaben\/kapitel_XXX\" tal:attributes=\"href python:'aufgaben\/' + item.id\" tal:condition=\"python:exists('container\/aufgaben\/aufgabe' + item.id)\">\n<img decoding=\"async\" src=\"\/images\/pdf.gif\" alt=\"PDF-Download\">\n<\/a><\/li>\n\n\n<\/span><\/ul>\n\n\n--><span style=\"color: #a3004e;\">\u00dcbung:<\/span><\/p>\n<ul>\n<li><a href=\"\/lehre\/ss2008\/nlp\/uebungen\"><u><span style=\"color: #0066cc;\">Webseite zur \u00dcbung<\/span><\/u><\/a><\/li>\n<\/ul>\n","protected":false},"excerpt":{"rendered":"<p>Erster Veranstaltungstag: Dienstag, 8. April 2008, 10:15 in Raum -1607 (Neubau WA 73) Ort und Zeit: Dienstags, 10.15 h &#8211; 11.45 h, in Raum 0443 \u00dcbungen: Mittwochs, 10.15 h &#8211; 11.45 h, in Raum 0443.<a class=\"moretag\" href=\"https:\/\/www.kde.cs.uni-kassel.de\/en\/lehre\/ss2008\/nlp\"> Read more&hellip;<\/a><\/p>\n","protected":false},"author":1,"featured_media":0,"parent":960,"menu_order":0,"comment_status":"closed","ping_status":"closed","template":"","meta":{"footnotes":""},"class_list":["post-967","page","type-page","status-publish","hentry"],"translation":{"provider":"WPGlobus","version":"3.0.2","language":"en","enabled_languages":["de","en"],"languages":{"de":{"title":true,"content":true,"excerpt":false},"en":{"title":false,"content":false,"excerpt":false}}},"_links":{"self":[{"href":"https:\/\/www.kde.cs.uni-kassel.de\/en\/wp-json\/wp\/v2\/pages\/967","targetHints":{"allow":["GET"]}}],"collection":[{"href":"https:\/\/www.kde.cs.uni-kassel.de\/en\/wp-json\/wp\/v2\/pages"}],"about":[{"href":"https:\/\/www.kde.cs.uni-kassel.de\/en\/wp-json\/wp\/v2\/types\/page"}],"author":[{"embeddable":true,"href":"https:\/\/www.kde.cs.uni-kassel.de\/en\/wp-json\/wp\/v2\/users\/1"}],"replies":[{"embeddable":true,"href":"https:\/\/www.kde.cs.uni-kassel.de\/en\/wp-json\/wp\/v2\/comments?post=967"}],"version-history":[{"count":1,"href":"https:\/\/www.kde.cs.uni-kassel.de\/en\/wp-json\/wp\/v2\/pages\/967\/revisions"}],"predecessor-version":[{"id":969,"href":"https:\/\/www.kde.cs.uni-kassel.de\/en\/wp-json\/wp\/v2\/pages\/967\/revisions\/969"}],"up":[{"embeddable":true,"href":"https:\/\/www.kde.cs.uni-kassel.de\/en\/wp-json\/wp\/v2\/pages\/960"}],"wp:attachment":[{"href":"https:\/\/www.kde.cs.uni-kassel.de\/en\/wp-json\/wp\/v2\/media?parent=967"}],"curies":[{"name":"wp","href":"https:\/\/api.w.org\/{rel}","templated":true}]}}