{"id":963,"date":"2016-04-04T16:26:37","date_gmt":"2016-04-04T14:26:37","guid":{"rendered":"https:\/\/www.kde.cs.uni-kassel.de\/?page_id=963"},"modified":"2016-04-04T16:26:37","modified_gmt":"2016-04-04T14:26:37","slug":"data_mining_cup","status":"publish","type":"page","link":"https:\/\/www.kde.cs.uni-kassel.de\/en\/lehre\/ss2008\/data_mining_cup","title":{"rendered":"Data Mining Cup (Projektseminar, 8 SWS)"},"content":{"rendered":"<p><span style=\"color: #a3004e;\">Ort und Zeit: <\/span><\/p>\n<p style=\"padding-left: 30px;\">Die Aufgabenstellung wird am 1.4.2008 <a href=\"http:\/\/www.data-mining-cup.de\/\"><u><span style=\"color: #0066cc;\">hier<\/span><\/u><\/a> ver\u00f6ffentlicht. Bis 15.5.2008 haben die Teilnehmer dann die M\u00f6glichkeit, ein entsprechendes L\u00f6sungsmodell einzureichen. Das Projekt endet mit demselben Datum. Um eine effektive Ausnutzung der kurzen Wettbewerbszeit zu erm\u00f6glichen, raten wir allen Teilnehmern, sich umgehend bei den Betreuern (siehe unten) zu melden.<\/p>\n<p><span style=\"color: #a3004e;\">Voraussetzung: <\/span><\/p>\n<p style=\"padding-left: 30px;\">Kenntnisse der Vorlesung Knowledge Discovery.<\/p>\n<p><span style=\"color: #a3004e;\">\u00a0<\/span><span style=\"color: #a3004e;\">Veranstalter: <\/span><\/p>\n<p style=\"padding-left: 30px;\"><u><a href=\"\/hotho\"><span style=\"color: #0066cc;\">Dr. Andreas Hotho<\/span><\/a>, <a href=\"http:\/\/www.vs.uni-kassel.de\/staff\/researchers\/weise\/\"><u><span style=\"color: #0066cc;\">Thomas Weise<\/span><\/u><\/a><\/u><\/p>\n<p><span style=\"color: #a3004e;\"> Inhalt: <\/span><\/p>\n<p style=\"padding-left: 30px;\">Die Fachgebiete <a href=\"\/\"><u><span style=\"color: #0066cc;\">Wissens\u00adverarbeitung<\/span><\/u><\/a> und <a href=\"http:\/\/www.vs.uni-kassel.de\/\"><u><span style=\"color: #0066cc;\">Verteilte Systeme<\/span><\/u><\/a> rufen zur Teilnahme am <a href=\"http:\/\/www.data-mining-cup.de\/\"><u><span style=\"color: #0066cc;\">Data Mining Cup 2008<\/span><\/u><\/a> auf. Der Wettbewerb zum DATA-MINING-CUP 2008 richtet sich an Studierende (Direkt- oder Fernstudium, keine Promotion) von Universit\u00e4ten, Fachhochschulen sowie Berufsakademien aus dem In- und Ausland. Die Aufgabenstellung wird sich an einer aktuellen und praxisnahen Data-Mining-Problemstellung orientieren. Das Projekt besch\u00e4ftigt sich mit der L\u00f6sung der gestellten Aufgabe. Von Projektteilnehmern wird die aktive Teilnahme am Data Mining Cup erwartet. Zur Einstimmung kann man sich <a href=\"http:\/\/www.data-mining-cup.de\/2007\/Infos\/Historie\/1175602599\/\"><u><span style=\"color: #0066cc;\">fr\u00fchere Aufgabenstellungen<\/span><\/u><\/a> des DATA-MINING-CUP ansehen.<\/p>\n<p><span style=\"color: #a3004e;\"> Leistungen: <\/span><\/p>\n<p style=\"padding-left: 30px;\"><!-- InstanceBeginEditable name=\"Leistungen\" --><\/p>\n<ul>\n<li>2 Pr\u00e4sentationen<\/li>\n<li>5 Seiten Ausarbeitung<\/li>\n<li>2 (verschiedene) L\u00f6sungsans\u00e4tze<\/li>\n<\/ul>\n<p><span style=\"color: #a3004e;\"> Weitere Informationen: <\/span><\/p>\n<p style=\"padding-left: 30px;\"><a href=\"http:\/\/www.data-mining-cup.de\/\">http:\/\/www.data-mining-cup.de\/<\/a><\/p>\n","protected":false},"excerpt":{"rendered":"<p>Ort und Zeit: Die Aufgabenstellung wird am 1.4.2008 hier ver\u00f6ffentlicht. Bis 15.5.2008 haben die Teilnehmer dann die M\u00f6glichkeit, ein entsprechendes L\u00f6sungsmodell einzureichen. Das Projekt endet mit demselben Datum. Um eine effektive Ausnutzung der kurzen Wettbewerbszeit<a class=\"moretag\" href=\"https:\/\/www.kde.cs.uni-kassel.de\/en\/lehre\/ss2008\/data_mining_cup\"> Read more&hellip;<\/a><\/p>\n","protected":false},"author":1,"featured_media":0,"parent":960,"menu_order":0,"comment_status":"closed","ping_status":"closed","template":"","meta":{"footnotes":""},"class_list":["post-963","page","type-page","status-publish","hentry"],"translation":{"provider":"WPGlobus","version":"3.0.2","language":"en","enabled_languages":["de","en"],"languages":{"de":{"title":true,"content":true,"excerpt":false},"en":{"title":false,"content":false,"excerpt":false}}},"_links":{"self":[{"href":"https:\/\/www.kde.cs.uni-kassel.de\/en\/wp-json\/wp\/v2\/pages\/963","targetHints":{"allow":["GET"]}}],"collection":[{"href":"https:\/\/www.kde.cs.uni-kassel.de\/en\/wp-json\/wp\/v2\/pages"}],"about":[{"href":"https:\/\/www.kde.cs.uni-kassel.de\/en\/wp-json\/wp\/v2\/types\/page"}],"author":[{"embeddable":true,"href":"https:\/\/www.kde.cs.uni-kassel.de\/en\/wp-json\/wp\/v2\/users\/1"}],"replies":[{"embeddable":true,"href":"https:\/\/www.kde.cs.uni-kassel.de\/en\/wp-json\/wp\/v2\/comments?post=963"}],"version-history":[{"count":1,"href":"https:\/\/www.kde.cs.uni-kassel.de\/en\/wp-json\/wp\/v2\/pages\/963\/revisions"}],"predecessor-version":[{"id":971,"href":"https:\/\/www.kde.cs.uni-kassel.de\/en\/wp-json\/wp\/v2\/pages\/963\/revisions\/971"}],"up":[{"embeddable":true,"href":"https:\/\/www.kde.cs.uni-kassel.de\/en\/wp-json\/wp\/v2\/pages\/960"}],"wp:attachment":[{"href":"https:\/\/www.kde.cs.uni-kassel.de\/en\/wp-json\/wp\/v2\/media?parent=963"}],"curies":[{"name":"wp","href":"https:\/\/api.w.org\/{rel}","templated":true}]}}