{"id":9611,"date":"2024-02-19T13:06:40","date_gmt":"2024-02-19T12:06:40","guid":{"rendered":"https:\/\/www.kde.cs.uni-kassel.de\/?page_id=9611"},"modified":"2024-04-18T13:58:32","modified_gmt":"2024-04-18T11:58:32","slug":"ki","status":"publish","type":"page","link":"https:\/\/www.kde.cs.uni-kassel.de\/en\/lehre\/ss2024\/ki","title":{"rendered":"K\u00fcnstliche Intelligenz (Vorlesung)"},"content":{"rendered":"<h2>K\u00fcnstliche Intelligenz<\/h2>\n<p><span style=\"color: #a3004e;\">Erster Veranstaltungstag:<\/span><\/p>\n<p style=\"padding-left: 30px;\">Donnerstag, 18.04.2024, 12:15 h.<span style=\"color: #ff0000;\"><strong><\/strong><\/span><\/p>\n<p><span style=\"color: #a3004e;\"> Ort und Zeit: <\/span><\/p>\n<p style=\"padding-left: 30px;\">Donnerstags, 12:15 Uhr &#8211; 13:45 Uhr, in Raum 0445\/E.<\/p>\n<p><span style=\"color: #a3004e;\"> \u00dcbungen: <\/span><\/p>\n<p style=\"padding-left: 30px;\">Freitags, 10:15 Uhr &#8211; 11:45 Uhr, in Raum 0445\/E. Beginn 19.04.2024.<\/p>\n<p style=\"padding-left: 30px;\">F\u00fcr Zugangsdaten siehe Moodle.<\/p>\n<p><span style=\"color: #a3004e;\"> Vorkenntnisse: <\/span><\/p>\n<p style=\"padding-left: 30px;\">Informatik Bachelor.<\/p>\n<p><span style=\"color: #a3004e;\">Angesprochener H\u00f6rerInnenkreis: <\/span><\/p>\n<p style=\"padding-left: 30px;\">Informatik Bachelor. Die Vorlesung kann im Bereich Praktische Informatik und in den Anwendungsgebieten Knowledge &amp; Data Engineerung und Internettechnologien angerechnet werden.<\/p>\n<p><span style=\"color: #a3004e;\">Leistungsnachweis: <\/span><\/p>\n<p style=\"padding-left: 30px;\">Klausur oder m\u00fcndliche Pr\u00fcfung, je nach Teilnehmerzahl.<\/p>\n<p><span style=\"color: #a3004e;\"> Veranstalter: <\/span><\/p>\n<p style=\"padding-left: 30px;\"><a href=\"\/hirth\"><u><span>Johannes Hirth<\/span><\/u><\/a><\/p>\n<p><span style=\"color: #a3004e;\"> Links: \u00a0<\/span><\/p>\n<p>\u00a0 \u00a0 \u00a0\u00a0 Moodle-Link folgt.<\/p>\n<p><span style=\"color: #a3004e;\"> Inhalt: <\/span><\/p>\n<p style=\"padding-left: 30px;\">Die Veranstaltung zeigt das Spektrum von Methoden der K\u00fcnstlichen Intelligenz f\u00fcr die Verarbeitung von Wissen mit dem Rechner auf. Die Vorlesung gibt einen \u00dcberblick \u00fcber verschiedene Gebiete der Wissensrepr\u00e4sentation und f\u00fchrt hin zu aktuellen Einsatzszenarien. Ziel ist insbesondere eine effiziente Entdeckung von und Umgang mit Wissen.<br \/>\nThemen sind unteranderem: Probleml\u00f6semethoden, Wissensrepr\u00e4sentation, Inferenz, Unsicherheit, Ontologien, Semantic Web, Machine Learning, Explainable Artificial Intelligence.\n<p><span style=\"color: #a3004e;\">\u00a0Literatur: <\/span><\/p>\n<p style=\"padding-left: 30px;\">&#8211; Jochen Heinsohn &amp; Rolf Socher-Ambrosius: Wissensverarbeitung, Spektrum Akademischer Verlag 1999<br \/>&#8211; Stuart Russel &amp; Peter Norvig: Artificial Intelligence &#8211; A Modern Approach, Prentice Hall 1995<br \/>&#8211; G\u00fcnther G\u00f6rz (Hrsg.): Einf\u00fchrung in die K\u00fcnstliche Intelligenz, Addison-Wesley 1993<br \/>&#8211; G. Antoniou, F. van Harmelen: A Semantic Web Primer. MIT Press, Cambridge 2004.<\/p>\n<p style=\"padding-left: 30px;\">Weitere Literatur:<\/p>\n<p style=\"padding-left: 30px;\">&#8211; http:\/\/www.bibsonomy.org\/tag\/ai<br \/>&#8211; Begriffe und Benennungen. Allgemeine Grunds\u00e4tze. DIN 2330. Deutsches Institut f\u00fcr Normung, 1993.<br \/>&#8211; Frank Puppe: Einf\u00fchrung in Expertensysteme, Springer-Verlag 1988<br \/>&#8211; Georg Gottlob (Hrsg.): Expertensysteme, Springer-Verlag 1990<br \/>&#8211; Elaine Rich: Artificial Intelligence, McGraw-Hill 1983<\/p>\n\n\n<p><\/p>\n","protected":false},"excerpt":{"rendered":"<p>K\u00fcnstliche Intelligenz Erster Veranstaltungstag: Donnerstag, 18.04.2024, 12:15 h. Ort und Zeit: Donnerstags, 12:15 Uhr &#8211; 13:45 Uhr, in Raum 0445\/E. \u00dcbungen: Freitags, 10:15 Uhr &#8211; 11:45 Uhr, in Raum 0445\/E. Beginn 19.04.2024. F\u00fcr Zugangsdaten siehe<a class=\"moretag\" href=\"https:\/\/www.kde.cs.uni-kassel.de\/en\/lehre\/ss2024\/ki\"> Read more&hellip;<\/a><\/p>\n","protected":false},"author":15,"featured_media":0,"parent":9555,"menu_order":0,"comment_status":"closed","ping_status":"closed","template":"","meta":{"footnotes":""},"class_list":["post-9611","page","type-page","status-publish","hentry"],"translation":{"provider":"WPGlobus","version":"3.0.2","language":"en","enabled_languages":["de","en"],"languages":{"de":{"title":true,"content":true,"excerpt":false},"en":{"title":false,"content":false,"excerpt":false}}},"_links":{"self":[{"href":"https:\/\/www.kde.cs.uni-kassel.de\/en\/wp-json\/wp\/v2\/pages\/9611","targetHints":{"allow":["GET"]}}],"collection":[{"href":"https:\/\/www.kde.cs.uni-kassel.de\/en\/wp-json\/wp\/v2\/pages"}],"about":[{"href":"https:\/\/www.kde.cs.uni-kassel.de\/en\/wp-json\/wp\/v2\/types\/page"}],"author":[{"embeddable":true,"href":"https:\/\/www.kde.cs.uni-kassel.de\/en\/wp-json\/wp\/v2\/users\/15"}],"replies":[{"embeddable":true,"href":"https:\/\/www.kde.cs.uni-kassel.de\/en\/wp-json\/wp\/v2\/comments?post=9611"}],"version-history":[{"count":3,"href":"https:\/\/www.kde.cs.uni-kassel.de\/en\/wp-json\/wp\/v2\/pages\/9611\/revisions"}],"predecessor-version":[{"id":9660,"href":"https:\/\/www.kde.cs.uni-kassel.de\/en\/wp-json\/wp\/v2\/pages\/9611\/revisions\/9660"}],"up":[{"embeddable":true,"href":"https:\/\/www.kde.cs.uni-kassel.de\/en\/wp-json\/wp\/v2\/pages\/9555"}],"wp:attachment":[{"href":"https:\/\/www.kde.cs.uni-kassel.de\/en\/wp-json\/wp\/v2\/media?parent=9611"}],"curies":[{"name":"wp","href":"https:\/\/api.w.org\/{rel}","templated":true}]}}