{"id":9563,"date":"2024-02-19T13:08:22","date_gmt":"2024-02-19T12:08:22","guid":{"rendered":"https:\/\/www.kde.cs.uni-kassel.de\/?page_id=9563"},"modified":"2024-05-07T10:14:21","modified_gmt":"2024-05-07T08:14:21","slug":"datenbanken","status":"publish","type":"page","link":"https:\/\/www.kde.cs.uni-kassel.de\/en\/lehre\/ss2024\/datenbanken","title":{"rendered":"Datenbanken (Vorlesung) 2024"},"content":{"rendered":"\n<h2 class=\"wp-block-heading\">Datenbanken (Vorlesung)<\/h2>\n\n\n\n<p>Datenbanken sind essentieller Bestandteil fast aller gro\u00dfen Softwareanwendungen. <\/p>\n\n\n\n<p>Behandelt werden Theorie und Praxis relationaler Datenbanksysteme, einschlie\u00dflich Schichten\u00adarchitektur, Modellierung mittels ER-Diagrammen, Funktionale Abh\u00e4ngigkeiten, Normalisierung, Armstrongsche Axiome, Relationenkalk\u00fcl und dessen Realisierung in SQL, Transaktionskonzept.&nbsp;<br>In den \u00dcbungen wird u.a. mit SQL auf dem vorhandenen Datenbank-System gearbeitet. <\/p>\n\n\n\n<p>Die Materialien zur Vorlesung (Skript, \u00dcbungsbl\u00e4tter) und Ank\u00fcndigungen (Termin\u00e4nderungen etc.) finden Sie im Laufe des Semesters im Moodle-Kurs.<\/p>\n\n\n\n<h3 class=\"wp-block-heading\">Erster Veranstaltungstag:<\/h3>\n\n\n\n<p>Dienstag, 23.04.2024 <\/p>\n\n\n\n<h3 class=\"wp-block-heading\">Ort und Zeit:<\/h3>\n\n\n\n<p>Dienstags, 14.00 h &#8211; 15.30 h in Raum 1332<\/p>\n\n\n\n<h3 class=\"wp-block-heading\">\u00dcbungen: <\/h3>\n\n\n<!--\n\n<ul class=\"wp-block-list\">\n<li>Montags, 14.15 - 15.45 h, in Raum -1605, Beginn 29.04.2024<\/li>\n\n-->\n\n\n<li>Montags, 14.15 &#8211; 15.45 h, in Raum -1607, Beginn 29.04.2024<\/li>\n\n\n\n<li>Montags, 16.15 &#8211; 17.45 h, in Raum -1607, Beginn 29.04.2024<\/li>\n<\/ul>\n\n\n\n<h3 class=\"wp-block-heading\">Vorkenntnisse: <\/h3>\n\n\n\n<p>Informatik Grundstudium <\/p>\n\n\n\n<h3 class=\"wp-block-heading\">Angesprochener H\u00f6rer*innenkreis: <\/h3>\n\n\n\n<p>Inf. 4. Sem., Math. NF Inf. <\/p>\n\n\n\n<h3 class=\"wp-block-heading\">Umfang: <\/h3>\n\n\n\n<p>2 SWS Vorlesung und 2 SWS \u00dcbungen, 6 Credits <\/p>\n\n\n\n<h3 class=\"wp-block-heading\">Leistungsnachweis: <\/h3>\n\n\n\n<p>Klausur <\/p>\n\n\n\n<h3 class=\"wp-block-heading\">Veranstalter: <\/h3>\n\n\n\n<p><a href=\"\/duerrschnabel\"><u><span style=\"color: #0066cc;\">Dr. Dominik D\u00fcrrschnabel<\/span><\/u><\/a> <\/p>\n\n\n\n<h3 class=\"wp-block-heading\">Literatur: <\/h3>\n\n\n\n<p>Alfons Kemper, Andr\u00e9 Eickler: Datenbanksysteme. Eine Einf\u00fchrung. 5., aktualisierte und erweiterte Auflage, Oldenbourg Verlag, 2004.&nbsp;<br>ISBN: 3-486-27392-2. 640 Seiten (Siehe auch&nbsp;<a href=\"http:\/\/www-db.in.tum.de\/research\/publications\/books\/DBMSeinf\/\">http:\/\/www-db.in.tum.de\/research\/publications\/books\/DBMSeinf\/<\/a>), wo u.a. die Vorlagen der unten gelisteten Folien zu finden sind. Weitere Informationen: Dateien zu den \u00dcbungen; weitere Daten (z. B. Philosophenuni) gibt es auf der <a href=\"http:\/\/www.db.fmi.uni-passau.de\/publications\/books\/%20DBMSeinf\/\">Seite zum Buch<\/a>.&nbsp; <\/p>\n\n\n\n<p>Weitere Informationen zu SQL (zu finden auch in&nbsp;<a href=\"http:\/\/www.bibsonomy.org\/user\/schmitz\/dbms2006\">BibSonomy<\/a>):<\/p>\n\n\n\n<ul class=\"wp-block-list\">\n<li><a href=\"http:\/\/leap.sourceforge.net\/\">LEAP RDBMS: Datenbanksystem mit relationaler Algebra als Anfragesprache<\/a><\/li>\n\n\n\n<li><a href=\"http:\/\/sqlzoo.net\/\">A Gentle Introduction to SQL<\/a><\/li>\n\n\n\n<li><a href=\"http:\/\/gretel.db.informatik.uni-kassel.de\/Lehre\/SS2003\/DB\/vorabskript_db_ss2003.pdf\">Vorabskriptum Datenbanken (SS 2003)<\/a><\/li>\n\n\n\n<li><a href=\"http:\/\/www.1keydata.com\/sql\/sql.html\">SQL Tutorial &#8211; SQL reference and programming examples<\/a><\/li>\n\n\n\n<li><a href=\"http:\/\/www.cryer.co.uk\/brian\/sql\/sql_crib_sheet.htm\">SQL Crib Sheet<\/a><\/li>\n\n\n\n<li><a href=\"http:\/\/ourworld.compuserve.com\/homepages\/graeme_birchall\/HTM_COOK.HTM\">DB2 UDB Cookbook Downloads<\/a><\/li>\n\n\n\n<li><a href=\"http:\/\/www.uni-kassel.de\/hrz\/manuals\/db2\/pdf\/de\/DB2Y0G70.PDF\">SQL: Erste Schritte<\/a><\/li>\n<\/ul>\n","protected":false},"excerpt":{"rendered":"<p>Datenbanken (Vorlesung) Datenbanken sind essentieller Bestandteil fast aller gro\u00dfen Softwareanwendungen. Behandelt werden Theorie und Praxis relationaler Datenbanksysteme, einschlie\u00dflich Schichten\u00adarchitektur, Modellierung mittels ER-Diagrammen, Funktionale Abh\u00e4ngigkeiten, Normalisierung, Armstrongsche Axiome, Relationenkalk\u00fcl und dessen Realisierung in SQL, Transaktionskonzept.&nbsp;In den<a class=\"moretag\" href=\"https:\/\/www.kde.cs.uni-kassel.de\/en\/lehre\/ss2024\/datenbanken\"> Read more&hellip;<\/a><\/p>\n","protected":false},"author":15,"featured_media":0,"parent":9555,"menu_order":3,"comment_status":"closed","ping_status":"closed","template":"","meta":{"footnotes":""},"class_list":["post-9563","page","type-page","status-publish","hentry"],"translation":{"provider":"WPGlobus","version":"3.0.2","language":"en","enabled_languages":["de","en"],"languages":{"de":{"title":true,"content":true,"excerpt":false},"en":{"title":false,"content":false,"excerpt":false}}},"_links":{"self":[{"href":"https:\/\/www.kde.cs.uni-kassel.de\/en\/wp-json\/wp\/v2\/pages\/9563","targetHints":{"allow":["GET"]}}],"collection":[{"href":"https:\/\/www.kde.cs.uni-kassel.de\/en\/wp-json\/wp\/v2\/pages"}],"about":[{"href":"https:\/\/www.kde.cs.uni-kassel.de\/en\/wp-json\/wp\/v2\/types\/page"}],"author":[{"embeddable":true,"href":"https:\/\/www.kde.cs.uni-kassel.de\/en\/wp-json\/wp\/v2\/users\/15"}],"replies":[{"embeddable":true,"href":"https:\/\/www.kde.cs.uni-kassel.de\/en\/wp-json\/wp\/v2\/comments?post=9563"}],"version-history":[{"count":8,"href":"https:\/\/www.kde.cs.uni-kassel.de\/en\/wp-json\/wp\/v2\/pages\/9563\/revisions"}],"predecessor-version":[{"id":10088,"href":"https:\/\/www.kde.cs.uni-kassel.de\/en\/wp-json\/wp\/v2\/pages\/9563\/revisions\/10088"}],"up":[{"embeddable":true,"href":"https:\/\/www.kde.cs.uni-kassel.de\/en\/wp-json\/wp\/v2\/pages\/9555"}],"wp:attachment":[{"href":"https:\/\/www.kde.cs.uni-kassel.de\/en\/wp-json\/wp\/v2\/media?parent=9563"}],"curies":[{"name":"wp","href":"https:\/\/api.w.org\/{rel}","templated":true}]}}