{"id":9561,"date":"2024-02-19T13:09:26","date_gmt":"2024-02-19T12:09:26","guid":{"rendered":"https:\/\/www.kde.cs.uni-kassel.de\/?page_id=9561"},"modified":"2024-02-19T13:09:27","modified_gmt":"2024-02-19T12:09:27","slug":"labor-ml","status":"publish","type":"page","link":"https:\/\/www.kde.cs.uni-kassel.de\/en\/lehre\/ss2024\/labor-ml","title":{"rendered":"Labor Grand Challenges of Machine Learning"},"content":{"rendered":"\n<h2 class=\"wp-block-heading\">Labor Grand Challenges of Machine Learning<\/h2>\n\n\n\n<p>Teilnahme an einem <strong>Wettbewerb<\/strong> im Bereich des <strong>Maschinellen Lernens<\/strong>, bspw. aus den Gebieten Netzwerkanalyse, Formale Begriffsanalyse, Data Mining, Pattern Recognition, Deep Learning, Organic Computing, Autonomes Lernen.\n<br><br>\nM\u00f6gliche Wettbewerbe sind:<\/p>\n\n\n\n<ul class=\"wp-block-list\">\n<li><a href=\"https:\/\/ecmlpkdd.org\">Discovery Challenge of the European Conference on Machine Learning and Principles of Knowledge Discovery in Databases<\/a> \n<\/li>\n\n\n\n<li><a href=\"https:\/\/graphdrawing.org\">Graph Drawing Contest<\/a> \n<\/li>\n\n\n\n<li><a href=\"https:\/\/www.kaggle.com\/competitions\">Kaggle Competitions<\/a> \n<\/li>\n<\/ul>\n\n\n\n<p>Schlagen Sie gerne weitere Wettbewerbe vor.<\/p>\n\n\n\n<h3 class=\"wp-block-heading\">Aufgabe:<\/h3>\n\n\n\n<p>Teilnahme an einem Wettbewerb auf universit\u00e4tsweiter, nationaler oder internationaler Ebene, bspw. Wettbewerbe \u00fcber Daten von Industrie und Forschung des Fachgebiets oder Kaggle Competitions; Einf\u00fchrung in ben\u00f6tigte theoretische und methodische Grundkenntnisse im Themengebiet; Erarbeitung eines L\u00f6sungskonzepts; Erstellen einer Implementierung.<\/p>\n\n\n\n<h3 class=\"wp-block-heading\"> Vorbesprechungstermin:<\/h3>\n\n\n\n<p>22.4.2024, 16:00 Uhr, Raum 0445E.<br> Eine fr\u00fchere Kontaktaufnahme ist gerne m\u00f6glich, da manche Challenges bereits fr\u00fcher beginnen.<\/p>\n\n\n\n<h3 class=\"wp-block-heading\">Angesprochener H\u00f6rer*innenkreis:<\/h3>\n\n\n\n<p>Informatik Master,  Vorkenntnisse: Informatik Bachelor<\/p>\n\n\n\n<h3 class=\"wp-block-heading\">Umfang:<\/h3>\n\n\n\n<p>6 Cr.<\/p>\n\n\n\n<h3 class=\"wp-block-heading\">Leistungsnachweis:<\/h3>\n\n\n\n<p>Praktikumsarbeit und Praktikumsbericht. <\/p>\n\n\n\n<h3 class=\"wp-block-heading\">Voraussetzung:<\/h3>\n\n\n\n<p>Die f\u00fcr den jeweiligen Wettbewerb erforderlichen Grundkenntnisse aus dem Bereich der Datenanalyse bzw. der Computational Intelligence.<\/p>\n\n\n\n<h3 class=\"wp-block-heading\">Veranstalter: <\/h3>\n\n\n<p><a href=\"https:\/\/www.kde.cs.uni-kassel.de\/stumme\">Prof. Dr. Gerd Stumme<\/a>, <a href=\"https:\/\/www.kde.cs.uni-kassel.de\/duerrschnabel\">Dr. Dominik D\u00fcrrschnabel<\/a><\/p>\n\n\n\n<h3 class=\"wp-block-heading\">Literatur:<\/h3>\n\n\n\n<ul class=\"wp-block-list\">\n<li>Mitchell: Machine Learning<\/li>\n\n\n\n<li>Buduma, Locascio: Fundamentals of Deep Learning<\/li>\n<\/ul>\n","protected":false},"excerpt":{"rendered":"<p>Labor Grand Challenges of Machine Learning Teilnahme an einem Wettbewerb im Bereich des Maschinellen Lernens, bspw. aus den Gebieten Netzwerkanalyse, Formale Begriffsanalyse, Data Mining, Pattern Recognition, Deep Learning, Organic Computing, Autonomes Lernen. M\u00f6gliche Wettbewerbe sind:<a class=\"moretag\" href=\"https:\/\/www.kde.cs.uni-kassel.de\/en\/lehre\/ss2024\/labor-ml\"> Read more&hellip;<\/a><\/p>\n","protected":false},"author":15,"featured_media":0,"parent":9555,"menu_order":6,"comment_status":"closed","ping_status":"closed","template":"","meta":{"footnotes":""},"class_list":["post-9561","page","type-page","status-publish","hentry"],"translation":{"provider":"WPGlobus","version":"3.0.2","language":"en","enabled_languages":["de","en"],"languages":{"de":{"title":true,"content":true,"excerpt":false},"en":{"title":false,"content":false,"excerpt":false}}},"_links":{"self":[{"href":"https:\/\/www.kde.cs.uni-kassel.de\/en\/wp-json\/wp\/v2\/pages\/9561","targetHints":{"allow":["GET"]}}],"collection":[{"href":"https:\/\/www.kde.cs.uni-kassel.de\/en\/wp-json\/wp\/v2\/pages"}],"about":[{"href":"https:\/\/www.kde.cs.uni-kassel.de\/en\/wp-json\/wp\/v2\/types\/page"}],"author":[{"embeddable":true,"href":"https:\/\/www.kde.cs.uni-kassel.de\/en\/wp-json\/wp\/v2\/users\/15"}],"replies":[{"embeddable":true,"href":"https:\/\/www.kde.cs.uni-kassel.de\/en\/wp-json\/wp\/v2\/comments?post=9561"}],"version-history":[{"count":2,"href":"https:\/\/www.kde.cs.uni-kassel.de\/en\/wp-json\/wp\/v2\/pages\/9561\/revisions"}],"predecessor-version":[{"id":9619,"href":"https:\/\/www.kde.cs.uni-kassel.de\/en\/wp-json\/wp\/v2\/pages\/9561\/revisions\/9619"}],"up":[{"embeddable":true,"href":"https:\/\/www.kde.cs.uni-kassel.de\/en\/wp-json\/wp\/v2\/pages\/9555"}],"wp:attachment":[{"href":"https:\/\/www.kde.cs.uni-kassel.de\/en\/wp-json\/wp\/v2\/media?parent=9561"}],"curies":[{"name":"wp","href":"https:\/\/api.w.org\/{rel}","templated":true}]}}