{"id":945,"date":"2016-04-04T15:52:21","date_gmt":"2016-04-04T13:52:21","guid":{"rendered":"https:\/\/www.kde.cs.uni-kassel.de\/?page_id=945"},"modified":"2018-01-26T15:13:30","modified_gmt":"2018-01-26T14:13:30","slug":"wissensverarbeitung","status":"publish","type":"page","link":"https:\/\/www.kde.cs.uni-kassel.de\/en\/lehre\/ws2004-05\/wissensverarbeitung","title":{"rendered":"Grundlagen der Wissensverarbeitung"},"content":{"rendered":"<p><span style=\"color: #a3004e;\">Erster Veranstaltungstag:<\/span><\/p>\n<p style=\"padding-left: 30px;\">Dienstag, 26. Oktober 2004 (neu!)<\/p>\n<p><span style=\"color: #a3004e;\"> Ort und Zeit: <\/span><\/p>\n<p style=\"padding-left: 30px;\">Dienstag 08:15 &#8211; 9:45 in Raum 0443. Sollten Sie an der Vorlesung interessiert sein, aber zu dem Termin nicht k\u00f6nnen, melden Sie Sich bitte unter <a href=\"mailto:stumme@cs.uni-kassel.de\"><u><span style=\"color: #0066cc;\">stumme@cs.uni-kassel.de<\/span><\/u><\/a>.<\/p>\n<p><span style=\"color: #a3004e;\"> \u00dcbungen: <\/span><\/p>\n<p style=\"padding-left: 30px;\">Montag 10:15-11.45 in Raum 0443.<\/p>\n<p><span style=\"color: #a3004e;\"> Vorkenntnisse: <\/span><\/p>\n<p style=\"padding-left: 30px;\">Informatik Bachelor<\/p>\n<p><span style=\"color: #a3004e;\"> Angesprochener H\u00f6rerInnenkreis: <\/span><\/p>\n<p style=\"padding-left: 30px;\">Inf. Hauptstudium, Math. NF Inf. Hauptstudium<\/p>\n<p><span style=\"color: #a3004e;\"> Leistungsnachweis: <\/span><\/p>\n<p style=\"padding-left: 30px;\">Klausur oder m\u00fcndliche Pr\u00fcfung, je nach Teilnehmerzahl. Die Vorlesung kann im Bereich Praktische Informatik oder im Anwendungsgebiet Internet-Technologien angerechnet werden.<\/p>\n<p><span style=\"color: #a3004e;\"> Veranstalter: <\/span><\/p>\n<p style=\"padding-left: 30px;\">Prof. Dr. Gerd Stumme, Julien Tane D.E.A<\/p>\n<p><span style=\"color: #a3004e;\"> Inhalt: <\/span><\/p>\n<p style=\"padding-left: 30px;\">Wissensverarbeitung (Knowledge Engineering) besch\u00e4ftigt sich mit der organisatorischen und technischen Unterst\u00fctzung von Wissensprozessen. Wichtige Aktivit\u00e4ten der Wissensverarbeitung sind das Entdecken und Strukturieren von Wissen, das Ableiten von neuem Wissen, und die Kommunikation des Wissens. Zentraler Punkt all dieser Aktivit\u00e4ten ist die Frage, wie das Wissen im Computer repr\u00e4sentiert werden kann. Die Vorlesung stellt verschiedene Methoden vor, und diskutiert insbesondere den Einsatz im Semantic Web, dem World Wide Web der 2. Generation.<\/p>\n<p><span style=\"color: #a3004e;\">Literatur: <\/span><\/p>\n<ul>\n<li>S. Russell, P. Norvig: K\u00fcnstliche Intelligenz. Ein moderner Ansatz. 2. Auflage. Pearson, M\u00fcnchen 2004<\/li>\n<li>G. Antoniou, F. van Harmelen: <a href=\"http:\/\/www.ics.forth.gr\/isl\/swprimer\/\"><u><span style=\"color: #0066cc;\">A Semantic Web Primer.<\/span><\/u><\/a><\/li>\n<li>Begriffe und Bennenungen. Allgemeine Grunds\u00e4tze. DIN 2330. Deutsches Institut f\u00fcr Normung, 1993.<\/li>\n<li>K. Devlin: Infosense. Turning Information into Knowledge. Freeman, New York 1999<\/li>\n<li><a href=\"http:\/\/www.huminf.aau.dk\/cg\/\"><u><span style=\"color: #0066cc;\">Online Course in Knowledge Representation using Conceptual Graphs<\/span><\/u><\/a>, Aalborg University&#8217;s Department of Communication<\/li>\n<li>G. Probst, S. Raub, K. Romhardt: Wissen managen: Wie Unternehmen ihre wertvollste Ressource optimal nutzen. Gable, Wiesbaden 1997.<\/li>\n<li>I. Nonaka, H. Takeuchi: The Knowledge Creating Company. Oxford University Press 1995.<\/li>\n<li>J. Sowa: Knowledge Representation, Logical, Philosophical, and Computational Foundations. Brooks\/Cole, Pacific Grove 2000.<\/li>\n<\/ul>\n<p style=\"padding-left: 30px;\"><a href=\"\/lehre\/ws2004-05\/wissensverarbeitung\/supliterature\"><u><span style=\"color: #0066cc;\">Hier<\/span><\/u><\/a> finden Sie die Liste noch mal mit zus\u00e4tzliche Literaturangaben<\/p>\n<p><span style=\"color: #a3004e;\">Weitere Literatur: <\/span><\/p>\n<ul>\n<li><a href=\"http:\/\/www.bibsonomy.org\/tag\/ai\"><u><span style=\"color: #0066cc;\">http:\/\/www.bibsonomy.org\/tag\/ai<\/span><\/u><\/a><\/li>\n<li>Begriffe und Benennungen. Allgemeine Grunds\u00e4tze. DIN 2330. Deutsches Institut f\u00fcr Normung, 1993.<\/li>\n<li>Frank Puppe: Einf\u00fchrung in Expertensysteme, Springer-Verlag 1988<\/li>\n<li>Georg Gottlob (Hrsg.): Expertensysteme, Springer-Verlag 1990<\/li>\n<li>Elaine Rich: Artificial Intelligence, McGraw-Hill 1983<\/li>\n<\/ul>\n<p><span style=\"color: #a3004e;\">Folien:<\/span><\/p>\n<ul>\n<li>Kapitel A &#8211; Motivation<span style=\"color: #a3004e;\"> <a href=\"\/lehre\/ws2004-05\/wissensverarbeitung\/folien\/Kapitel_A_wissensverarbeitung_motivation.pdf\"><img decoding=\"async\" src=\"\/images\/pdf.gif\" alt=\"PDF-Download\" \/><\/a> <a href=\"\/lehre\/ws2004-05\/wissensverarbeitung\/folien\/4Folie_Kapitel_A_wissensverarbeitung_motivation.pdf\"><img decoding=\"async\" src=\"\/images\/pdf_4.gif\" alt=\"PDF-Download (4 in 1)\" \/><\/a><\/span><\/li>\n<li>Kapitel B &#8211; Wissensprozesse <a href=\"\/lehre\/ws2004-05\/wissensverarbeitung\/folien\/Kapitel_B_Wissensprozesse.pdf\"><img decoding=\"async\" src=\"\/images\/pdf.gif\" alt=\"PDF-Download\" \/><\/a> <a href=\"\/lehre\/ws2004-05\/wissensverarbeitung\/folien\/4Folie_Kapitel_B_Wissensprozesse.pdf\"><img decoding=\"async\" src=\"\/images\/pdf_4.gif\" alt=\"PDF-Download (4 in 1)\" \/><\/a><\/li>\n<li>Kapitel C &#8211; K\ufffdcheIntelligenz <a href=\"\/lehre\/ws2004-05\/wissensverarbeitung\/folien\/Kapitel_C_K_nstlicheIntelligenz.pdf\"><img decoding=\"async\" src=\"\/images\/pdf.gif\" alt=\"PDF-Download\" \/><\/a> <a href=\"\/lehre\/ws2004-05\/wissensverarbeitung\/folien\/4Folie_Kapitel_C_K_nstlicheIntelligenz.pdf\"><img decoding=\"async\" src=\"\/images\/pdf_4.gif\" alt=\"PDF-Download (4 in 1)\" \/><\/a><\/li>\n<li>Kapitel D &#8211; Wissensrepr\ufffdntation <a href=\"\/lehre\/ws2004-05\/wissensverarbeitung\/folien\/Kapitel_D_Wissensrepr_sentation.pdf\"><img decoding=\"async\" src=\"\/images\/pdf.gif\" alt=\"PDF-Download\" \/><\/a> <a href=\"\/lehre\/ws2004-05\/wissensverarbeitung\/folien\/4Folie_Kapitel_D_Wissensrepr_sentation.pdf\"><img decoding=\"async\" src=\"\/images\/pdf_4.gif\" alt=\"PDF-Download (4 in 1)\" \/><\/a><\/li>\n<li>Kapitel E 0 &#8211; Semantic Web <a href=\"\/lehre\/ws2004-05\/wissensverarbeitung\/folien\/Kapitel_E_0_SemanticWeb.pdf\"><img decoding=\"async\" src=\"\/images\/pdf.gif\" alt=\"PDF-Download\" \/><\/a> <a href=\"\/lehre\/ws2004-05\/wissensverarbeitung\/folien\/4Folie_Kapitel_E_0_SemanticWeb.pdf\"><img decoding=\"async\" src=\"\/images\/pdf_4.gif\" alt=\"PDF-Download (4 in 1)\" \/><\/a><\/li>\n<li>Kapitel E 1 &#8211; Semantic Web Vision <a href=\"\/lehre\/ws2004-05\/wissensverarbeitung\/folien\/Kapitel_E_1_SemanticWebVision.pdf\"><img decoding=\"async\" src=\"\/images\/pdf.gif\" alt=\"PDF-Download\" \/><\/a> <a href=\"\/lehre\/ws2004-05\/wissensverarbeitung\/folien\/4Folie_Kapitel_E_1_SemanticWebVision.pdf\"><img decoding=\"async\" src=\"\/images\/pdf_4.gif\" alt=\"PDF-Download (4 in 1)\" \/><\/a><\/li>\n<li>Kapitel E 2 &#8211; XML <a href=\"\/lehre\/ws2004-05\/wissensverarbeitung\/folien\/Kapitel_E_2_XML.pdf\"><img decoding=\"async\" src=\"\/images\/pdf.gif\" alt=\"PDF-Download\" \/><\/a> <a href=\"\/lehre\/ws2004-05\/wissensverarbeitung\/folien\/4Folie_Kapitel_E_2_XML.pdf\"><img decoding=\"async\" src=\"\/images\/pdf_4.gif\" alt=\"PDF-Download (4 in 1)\" \/><\/a><\/li>\n<li>Kapitel E 3 &#8211; RDF <a href=\"\/lehre\/ws2004-05\/wissensverarbeitung\/folien\/Kapitel_E_3_RDF.pdf\"><img decoding=\"async\" src=\"\/images\/pdf.gif\" alt=\"PDF-Download\" \/><\/a> <a href=\"\/lehre\/ws2004-05\/wissensverarbeitung\/folien\/4Folie_Kapitel_E_3_RDF.pdf\"><img decoding=\"async\" src=\"\/images\/pdf_4.gif\" alt=\"PDF-Download (4 in 1)\" \/><\/a><\/li>\n<li>Kapitel E 4 &#8211; OWL <a href=\"\/lehre\/ws2004-05\/wissensverarbeitung\/folien\/Kapitel_E_4_OWL.pdf\"><img decoding=\"async\" src=\"\/images\/pdf.gif\" alt=\"PDF-Download\" \/><\/a> <a href=\"\/lehre\/ws2004-05\/wissensverarbeitung\/folien\/4Folie_Kapitel_E_4_OWL.pdf\"><img decoding=\"async\" src=\"\/images\/pdf_4.gif\" alt=\"PDF-Download (4 in 1)\" \/><\/a><\/li>\n<li>Kapitel F &#8211; Description Logics <a href=\"\/lehre\/ws2004-05\/wissensverarbeitung\/folien\/Kapitel_F_Description_Logics.pdf\"><img decoding=\"async\" src=\"\/images\/pdf.gif\" alt=\"PDF-Download\" \/><\/a> <a href=\"\/lehre\/ws2004-05\/wissensverarbeitung\/folien\/4Folie_Kapitel_F_Description_Logics.pdf\"><img decoding=\"async\" src=\"\/images\/pdf_4.gif\" alt=\"PDF-Download (4 in 1)\" \/><\/a><\/li>\n<li>Kapitel G &#8211; Applications <a href=\"\/lehre\/ws2004-05\/wissensverarbeitung\/folien\/Kapitel_G_Applications.pdf\"><img decoding=\"async\" src=\"\/images\/pdf.gif\" alt=\"PDF-Download\" \/><\/a> <a href=\"\/lehre\/ws2004-05\/wissensverarbeitung\/folien\/4Folie_Kapitel_G_Applications.pdf\"><img decoding=\"async\" src=\"\/images\/pdf_4.gif\" alt=\"PDF-Download (4 in 1)\" \/><\/a><\/li>\n<li>Kapitel H &#8211; Conclusion <a href=\"\/lehre\/ws2004-05\/wissensverarbeitung\/folien\/Kapitel_H_Conclusion.pdf\"><img decoding=\"async\" src=\"\/images\/pdf.gif\" alt=\"PDF-Download\" \/><\/a> <a href=\"\/lehre\/ws2004-05\/wissensverarbeitung\/folien\/4Folie_Kapitel_H_Conclusion.pdf\"><img decoding=\"async\" src=\"\/images\/pdf_4.gif\" alt=\"PDF-Download (4 in 1)\" \/><\/a><\/li>\n<\/ul>\n<p><span style=\"color: #a3004e;\">\u00dcbungsaufgaben:<\/span><\/p>\n<ul>\n<li><u><span style=\"color: #0066cc;\">Uebung 1 <img decoding=\"async\" src=\"\/images\/pdf.gif\" alt=\"PDF-Download\" \/><\/span><\/u> <!--  \u00a0 --\n<a href=\"uebungen\/muster_uebungXXX\" tal:condition=\"python:exists('container\/uebungen\/muster_' + item.id())\" tal:attributes=\"href python:'uebungen\/muster_' + item.id()\">Musterl\u00f6sung\n<img decoding=\"async\" src=\"\/images\/pdf.gif\" alt=\"PDF-Download\"><\/a> --><\/li>\n<li><a href=\"\/lehre\/ws2004-05\/wissensverarbeitung\/uebungen\/uebung2.pdf\"><u><span style=\"color: #0066cc;\"> Uebung 2 <img decoding=\"async\" src=\"\/images\/pdf.gif\" alt=\"PDF-Download\" \/><\/span><\/u><\/a> <!--  \u00a0 --\n<a href=\"uebungen\/muster_uebungXXX\" tal:condition=\"python:exists('container\/uebungen\/muster_' + item.id())\" tal:attributes=\"href python:'uebungen\/muster_' + item.id()\">Musterl\u00f6sung\n<img decoding=\"async\" src=\"\/images\/pdf.gif\" alt=\"PDF-Download\"><\/a> --><\/li>\n<li><a href=\"\/lehre\/ws2004-05\/wissensverarbeitung\/uebungen\/uebung3.pdf\"><u><span style=\"color: #0066cc;\"> Uebung 3 <img decoding=\"async\" src=\"\/images\/pdf.gif\" alt=\"PDF-Download\" \/><\/span><\/u><\/a> <!--  \u00a0 --\n<a href=\"uebungen\/muster_uebungXXX\" tal:condition=\"python:exists('container\/uebungen\/muster_' + item.id())\" tal:attributes=\"href python:'uebungen\/muster_' + item.id()\">Musterl\u00f6sung\n<img decoding=\"async\" src=\"\/images\/pdf.gif\" alt=\"PDF-Download\"><\/a> --><\/li>\n<li><a href=\"\/lehre\/ws2004-05\/wissensverarbeitung\/uebungen\/uebung5.pdf\"><u><span style=\"color: #0066cc;\">\ufffdung 5 <img decoding=\"async\" src=\"\/images\/pdf.gif\" alt=\"PDF-Download\" \/><\/span><\/u><\/a> <!--  \u00a0 --\n<a href=\"uebungen\/muster_uebungXXX\" tal:condition=\"python:exists('container\/uebungen\/muster_' + item.id())\" tal:attributes=\"href python:'uebungen\/muster_' + item.id()\">Musterl\u00f6sung\n<img decoding=\"async\" src=\"\/images\/pdf.gif\" alt=\"PDF-Download\"><\/a> --><\/li>\n<li><a href=\"\/lehre\/ws2004-05\/wissensverarbeitung\/uebungen\/uebung6.pdf\"><u><span style=\"color: #0066cc;\">\ufffdung 6 <img decoding=\"async\" src=\"\/images\/pdf.gif\" alt=\"PDF-Download\" \/><\/span><\/u><\/a> <!--  \u00a0 --\n<a href=\"uebungen\/muster_uebungXXX\" tal:condition=\"python:exists('container\/uebungen\/muster_' + item.id())\" tal:attributes=\"href python:'uebungen\/muster_' + item.id()\">Musterl\u00f6sung\n<img decoding=\"async\" src=\"\/images\/pdf.gif\" alt=\"PDF-Download\"><\/a> --><\/li>\n<li><a href=\"\/lehre\/ws2004-05\/wissensverarbeitung\/uebungen\/uebung7.pdf\"><u><span style=\"color: #0066cc;\"> Uebung 7 <img decoding=\"async\" src=\"\/images\/pdf.gif\" alt=\"PDF-Download\" \/><\/span><\/u><\/a> <!--  \u00a0 --\n<a href=\"uebungen\/muster_uebungXXX\" tal:condition=\"python:exists('container\/uebungen\/muster_' + item.id())\" tal:attributes=\"href python:'uebungen\/muster_' + item.id()\">Musterl\u00f6sung\n<img decoding=\"async\" src=\"\/images\/pdf.gif\" alt=\"PDF-Download\"><\/a> --><\/li>\n<li><a href=\"\/lehre\/ws2004-05\/wissensverarbeitung\/uebungen\/uebung8.pdf\"><u><span style=\"color: #0066cc;\"> Uebung 8 <img decoding=\"async\" src=\"\/images\/pdf.gif\" alt=\"PDF-Download\" \/><\/span><\/u><\/a> <!--  \u00a0 --\n<a href=\"uebungen\/muster_uebungXXX\" tal:condition=\"python:exists('container\/uebungen\/muster_' + item.id())\" tal:attributes=\"href python:'uebungen\/muster_' + item.id()\">Musterl\u00f6sung\n<img decoding=\"async\" src=\"\/images\/pdf.gif\" alt=\"PDF-Download\"><\/a> --><\/li>\n<li><a href=\"\/lehre\/ws2004-05\/wissensverarbeitung\/uebungen\/uebung9.pdf\"><u><span style=\"color: #0066cc;\"> Uebung 9 <img decoding=\"async\" src=\"\/images\/pdf.gif\" alt=\"PDF-Download\" \/><\/span><\/u><\/a> <!--  \u00a0 --\n<a href=\"uebungen\/muster_uebungXXX\" tal:condition=\"python:exists('container\/uebungen\/muster_' + item.id())\" tal:attributes=\"href python:'uebungen\/muster_' + item.id()\">Musterl\u00f6sung\n<img decoding=\"async\" src=\"\/images\/pdf.gif\" alt=\"PDF-Download\"><\/a> --><\/li>\n<li><a href=\"\/lehre\/ws2004-05\/wissensverarbeitung\/uebungen\/uebung10.pdf\"><u><span style=\"color: #0066cc;\"> Uebung 10 <img decoding=\"async\" src=\"\/images\/pdf.gif\" alt=\"PDF-Download\" \/><\/span><\/u><\/a> <!--  \u00a0 --\n<a href=\"uebungen\/muster_uebungXXX\" tal:condition=\"python:exists('container\/uebungen\/muster_' + item.id())\" tal:attributes=\"href python:'uebungen\/muster_' + item.id()\">Musterl\u00f6sung\n<img decoding=\"async\" src=\"\/images\/pdf.gif\" alt=\"PDF-Download\"><\/a> --><\/li>\n<li><a href=\"\/lehre\/ws2004-05\/wissensverarbeitung\/uebungen\/uebung11.pdf\"><u><span style=\"color: #0066cc;\"> Uebung 11 <img decoding=\"async\" src=\"\/images\/pdf.gif\" alt=\"PDF-Download\" \/><\/span><\/u><\/a> <!--  \u00a0 --\n<a href=\"uebungen\/muster_uebungXXX\" tal:condition=\"python:exists('container\/uebungen\/muster_' + item.id())\" tal:attributes=\"href python:'uebungen\/muster_' + item.id()\">Musterl\u00f6sung\n<img decoding=\"async\" src=\"\/images\/pdf.gif\" alt=\"PDF-Download\"><\/a> --><\/li>\n<li><a href=\"\/lehre\/ws2004-05\/wissensverarbeitung\/uebungen\/uebung12.pdf\"><u><span style=\"color: #0066cc;\"> Uebung 12 <img decoding=\"async\" src=\"\/images\/pdf.gif\" alt=\"PDF-Download\" \/><\/span><\/u><\/a> <!--  \u00a0 --\n<a href=\"uebungen\/muster_uebungXXX\" tal:condition=\"python:exists('container\/uebungen\/muster_' + item.id())\" tal:attributes=\"href python:'uebungen\/muster_' + item.id()\">Musterl\u00f6sung\n<img decoding=\"async\" src=\"\/images\/pdf.gif\" alt=\"PDF-Download\"><\/a> --><\/li>\n<li><a href=\"\/lehre\/ws2004-05\/wissensverarbeitung\/uebungen\/uebung13.pdf\"><u><span style=\"color: #0066cc;\"> Uebung 13 <img decoding=\"async\" src=\"\/images\/pdf.gif\" alt=\"PDF-Download\" \/><\/span><\/u><\/a><\/li>\n<\/ul>\n","protected":false},"excerpt":{"rendered":"<p>Erster Veranstaltungstag: Dienstag, 26. Oktober 2004 (neu!) Ort und Zeit: Dienstag 08:15 &#8211; 9:45 in Raum 0443. Sollten Sie an der Vorlesung interessiert sein, aber zu dem Termin nicht k\u00f6nnen, melden Sie Sich bitte unter<a class=\"moretag\" href=\"https:\/\/www.kde.cs.uni-kassel.de\/en\/lehre\/ws2004-05\/wissensverarbeitung\"> Read more&hellip;<\/a><\/p>\n","protected":false},"author":1,"featured_media":0,"parent":942,"menu_order":0,"comment_status":"closed","ping_status":"closed","template":"","meta":{"footnotes":""},"class_list":["post-945","page","type-page","status-publish","hentry"],"translation":{"provider":"WPGlobus","version":"3.0.2","language":"en","enabled_languages":["de","en"],"languages":{"de":{"title":true,"content":true,"excerpt":false},"en":{"title":false,"content":false,"excerpt":false}}},"_links":{"self":[{"href":"https:\/\/www.kde.cs.uni-kassel.de\/en\/wp-json\/wp\/v2\/pages\/945","targetHints":{"allow":["GET"]}}],"collection":[{"href":"https:\/\/www.kde.cs.uni-kassel.de\/en\/wp-json\/wp\/v2\/pages"}],"about":[{"href":"https:\/\/www.kde.cs.uni-kassel.de\/en\/wp-json\/wp\/v2\/types\/page"}],"author":[{"embeddable":true,"href":"https:\/\/www.kde.cs.uni-kassel.de\/en\/wp-json\/wp\/v2\/users\/1"}],"replies":[{"embeddable":true,"href":"https:\/\/www.kde.cs.uni-kassel.de\/en\/wp-json\/wp\/v2\/comments?post=945"}],"version-history":[{"count":3,"href":"https:\/\/www.kde.cs.uni-kassel.de\/en\/wp-json\/wp\/v2\/pages\/945\/revisions"}],"predecessor-version":[{"id":2667,"href":"https:\/\/www.kde.cs.uni-kassel.de\/en\/wp-json\/wp\/v2\/pages\/945\/revisions\/2667"}],"up":[{"embeddable":true,"href":"https:\/\/www.kde.cs.uni-kassel.de\/en\/wp-json\/wp\/v2\/pages\/942"}],"wp:attachment":[{"href":"https:\/\/www.kde.cs.uni-kassel.de\/en\/wp-json\/wp\/v2\/media?parent=945"}],"curies":[{"name":"wp","href":"https:\/\/api.w.org\/{rel}","templated":true}]}}