{"id":933,"date":"2016-04-04T15:39:11","date_gmt":"2016-04-04T13:39:11","guid":{"rendered":"https:\/\/www.kde.cs.uni-kassel.de\/?page_id=933"},"modified":"2018-01-31T00:27:35","modified_gmt":"2018-01-30T23:27:35","slug":"semantic_web","status":"publish","type":"page","link":"https:\/\/www.kde.cs.uni-kassel.de\/en\/lehre\/ws2005-06\/semantic_web","title":{"rendered":"Semantic Web"},"content":{"rendered":"<p>Stellenangebot: <a href=\"http:\/\/www.uni-kassel.de\/pvabt3\/stellen\/extern\/4762.ghk\"><u><span style=\"color: #0066cc;\">Techniker zur Systemadminstration gesucht<\/span><\/u><\/a>!<\/p>\n<p><span style=\"color: #a3004e;\">Erster Veranstaltungstag:<\/span><\/p>\n<p style=\"padding-left: 30px;\">Dienstag, 1. November 2005<\/p>\n<p><span style=\"color: #a3004e;\"> Ort und Zeit: (aktualisiert am 1.11.)<\/span><\/p>\n<p style=\"padding-left: 30px;\">Dienstag 14:00 &#8211; 15:30 in Raum 0446.<b> <\/b><\/p>\n<p><span style=\"color: #a3004e;\"> \u00dcbungen: <\/span><\/p>\n<p style=\"padding-left: 30px;\">Mittwoch 12:30-14:00, Raum -1607<\/p>\n<p><span style=\"color: #a3004e;\"> Vorkenntnisse: <\/span><\/p>\n<p style=\"padding-left: 30px;\">Informatik Bachelor<\/p>\n<p><span style=\"color: #a3004e;\"> Angesprochener H\u00f6rerInnenkreis: <\/span><\/p>\n<p style=\"padding-left: 30px;\">Inf. Hauptstudium, Math. NF Inf. Hauptstudium<\/p>\n<p><span style=\"color: #a3004e;\"> Leistungsnachweis: <\/span><\/p>\n<p style=\"padding-left: 30px;\">Klausur oder m\u00fcndliche Pr\u00fcfung, je nach Teilnehmerzahl. Die Vorlesung kann im Bereich Praktische Informatik sowie in den Anwendungsgebieten Knowledge &amp; Data Engineering und Internet-Technologien angerechnet werden.<\/p>\n<p><span style=\"color: #a3004e;\"> Veranstalter: <\/span><\/p>\n<p style=\"padding-left: 30px;\"><a href=\"\/stumme\"><u><span style=\"color: #0066cc;\">Prof. Dr. Gerd Stumme<\/span><\/u><\/a>, <a href=\"\/jaeschke\"><u><span style=\"color: #0066cc;\">Dipl.-Math. Robert J\u00e4schke<\/span><\/u><\/a><\/p>\n<p><span style=\"color: #a3004e;\"> Inhalt: <\/span><\/p>\n<p style=\"padding-left: 30px;\">Wissensverarbeitung (Knowledge Engineering) besch\u00e4ftigt sich mit der organisatorischen und technischen Unterst\u00fctzung von Wissensprozessen. Wichtige Aktivit\u00e4ten der Wissensverarbeitung sind das Entdecken und Strukturieren von Wissen, das Ableiten von neuem Wissen, und die Kommunikation des Wissens. Zentraler Punkt all dieser Aktivit\u00e4ten ist die Frage, wie das Wissen im Computer repr\u00e4sentiert werden kann. Die Vorlesung stellt verschiedene Methoden vor, und diskutiert insbesondere den Einsatz im Semantic Web, dem World Wide Web der 2. Generation.<\/p>\n<p><span style=\"color: #a3004e;\">Literatur: <\/span><\/p>\n<ul>\n<li>S. Russell, P. Norvig: K\u00fcnstliche Intelligenz. Ein moderner Ansatz. 2. Auflage. Pearson, M\u00fcnchen 2004<\/li>\n<li>G. Antoniou, F. van Harmelen: <a href=\"http:\/\/www.ics.forth.gr\/isl\/swprimer\/\"><u><span style=\"color: #0066cc;\">A Semantic Web Primer.<\/span><\/u><\/a> MIT Press, Cambridge 2004.<\/li>\n<li>Begriffe und Bennenungen. Allgemeine Grunds\u00e4tze. DIN 2330. Deutsches Institut f\u00fcr Normung, 1993.<\/li>\n<li>K. Devlin: Infosense. Turning Information into Knowledge. Freeman, New York 1999<\/li>\n<li><a href=\"http:\/\/www.huminf.aau.dk\/cg\/\"><u><span style=\"color: #0066cc;\">Online Course in Knowledge Representation using Conceptual Graphs<\/span><\/u><\/a>, Aalborg University&#8217;s Department of Communication<\/li>\n<li>G. Probst, S. Raub, K. Romhardt: Wissen managen: Wie Unternehmen ihre wertvollste Ressource optimal nutzen. Gable, Wiesbaden 1997.<\/li>\n<li>I. Nonaka, H. Takeuchi: The Knowledge Creating Company. Oxford University Press 1995.<\/li>\n<li>J. Sowa: Knowledge Representation, Logical, Philosophical, and Computational Foundations. Brooks\/Cole, Pacific Grove 2000.<\/li>\n<li><a href=\"http:\/\/www.openrdf.org\/sesame\/actionFrameset.jsp?repository=museum\"><u><span style=\"color: #0066cc;\">openRDF.org Online Demo (Museum)<\/span><\/u><\/a>, zugeh\u00f6riges <a href=\"http:\/\/www.openrdf.org\/sesame\/rdfexport\/index.jsp?repository=museum\"><u><span style=\"color: #0066cc;\">RDF<\/span><\/u><\/a><\/li>\n<\/ul>\n<p style=\"padding-left: 30px;\"><a href=\"\/lehre\/ws2005-06\/semantic_web\/supliterature\"><u><span style=\"color: #0066cc;\">Hier<\/span><\/u><\/a> finden Sie die Liste noch mal mit zus\u00e4tzliche Literaturangaben<\/p>\n<p><span style=\"color: #a3004e;\">Weitere Literatur: <\/span><\/p>\n<ul>\n<li><a href=\"http:\/\/www.bibsonomy.org\/tag\/ai\"><u><span style=\"color: #0066cc;\">http:\/\/www.bibsonomy.org\/tag\/ai<\/span><\/u><\/a><\/li>\n<li>Begriffe und Benennungen. Allgemeine Grunds\u00e4tze. DIN 2330. Deutsches Institut f\u00fcr Normung, 1993.<\/li>\n<li>Frank Puppe: Einf\u00fchrung in Expertensysteme, Springer-Verlag 1988<\/li>\n<li>Georg Gottlob (Hrsg.): Expertensysteme, Springer-Verlag 1990<\/li>\n<li>Elaine Rich: Artificial Intelligence, McGraw-Hill 1983<\/li>\n<\/ul>\n<p><a href=\"http:\/\/www.cs.uni-kassel.de\/kik.html\"><u><span style=\"color: #0066cc;\">KIK-Vortrag<\/span><\/u><\/a><\/p>\n<ul>\n<li><a href=\"http:\/\/www.aifb.uni-karlsruhe.de\/Personen\/viewPerson?id_db=57\"><u><span style=\"color: #0066cc;\">Prof. Dr. Rudi Studer<\/span><\/u><\/a><\/li>\n<li><a href=\"http:\/\/www.aifb.uni-karlsruhe.de\/\"><u><span style=\"color: #0066cc;\">AIFB<\/span><\/u><\/a>, <a href=\"http:\/\/www.uni-karlsruhe.de\/\"><u><span style=\"color: #0066cc;\">Universit\u00e4t Karlsruhe<\/span><\/u><\/a><\/li>\n<li><strong>Semantic Web: Methoden, Werkzeuge und Anwendungen<\/strong><\/li>\n<li>26.1.2006, WA 73, 0315, 17:00 s.t.<\/li>\n<li>\n<blockquote><p>Das Ziel des Semantic Webs ist die Bereitstellung von maschinell verarbeitbaren Beschreibungen von Informationen und Diensten. Die technologische Grundlage hierf\u00fcr bieten Ontologien und Metadaten. Der Vortrag wird einen \u00dcberblick \u00fcber aktuelle Entwicklungen im Bereich des Ontologiemanagements bieten. Der zweite Teil des Vortrags illustriert diese Entwicklungen mit der Vorstellung von Prototypen und kommerziellen Anwendungen, die auf Semantic-Web-Technologien basieren. Am Ende des Vortrags werden zuk\u00fcnftige Entwicklungen diskutiert.<\/p><\/blockquote>\n<\/li>\n<\/ul>\n<p><span style=\"color: #a3004e;\">Folien:<\/span><\/p>\n<ul>\n<li>A_Motivation.pdf<span style=\"color: #a3004e;\"> <a href=\"\/lehre\/ws2005-06\/Semantic_Web\/folien\/A_Motivation.pdf\"><img decoding=\"async\" src=\"\/images\/pdf.gif\" alt=\"PDF-Download\" \/><\/a> <a href=\"\/lehre\/ws2005-06\/Semantic_Web\/folien\/4Folie_A_Motivation.pdf\"><img decoding=\"async\" src=\"\/images\/pdf_4.gif\" alt=\"PDF-Download (4 in 1)\" \/><\/a><\/span><\/li>\n<li>B_Wissensprozesse.pdf <a href=\"\/lehre\/ws2005-06\/Semantic_Web\/folien\/B_Wissensprozesse.pdf\"><img decoding=\"async\" src=\"\/images\/pdf.gif\" alt=\"PDF-Download\" \/><\/a> <a href=\"\/lehre\/ws2005-06\/Semantic_Web\/folien\/4Folie_B_Wissensprozesse.pdf\"><img decoding=\"async\" src=\"\/images\/pdf_4.gif\" alt=\"PDF-Download (4 in 1)\" \/><\/a><\/li>\n<li>C_KuenstlicheIntelligenz.pdf <a href=\"\/lehre\/ws2005-06\/Semantic_Web\/folien\/C_KuenstlicheIntelligenz.pdf\"><img decoding=\"async\" src=\"\/images\/pdf.gif\" alt=\"PDF-Download\" \/><\/a> <a href=\"\/lehre\/ws2005-06\/Semantic_Web\/folien\/4Folie_C_KuenstlicheIntelligenz.pdf\"><img decoding=\"async\" src=\"\/images\/pdf_4.gif\" alt=\"PDF-Download (4 in 1)\" \/><\/a><\/li>\n<li>D_Wissensrepraesentation.pdf <a href=\"\/lehre\/ws2005-06\/Semantic_Web\/folien\/D_Wissensrepraesentation.pdf\"><img decoding=\"async\" src=\"\/images\/pdf.gif\" alt=\"PDF-Download\" \/><\/a> <a href=\"\/lehre\/ws2005-06\/Semantic_Web\/folien\/4Folie_D_Wissensrepraesentation.pdf\"><img decoding=\"async\" src=\"\/images\/pdf_4.gif\" alt=\"PDF-Download (4 in 1)\" \/><\/a><\/li>\n<li>E.0_SemanticWeb.pdf <a href=\"\/lehre\/ws2005-06\/Semantic_Web\/folien\/E.0_SemanticWeb.pdf\"><img decoding=\"async\" src=\"\/images\/pdf.gif\" alt=\"PDF-Download\" \/><\/a> <a href=\"\/lehre\/ws2005-06\/Semantic_Web\/folien\/4Folie_E.0_SemanticWeb.pdf\"><img decoding=\"async\" src=\"\/images\/pdf_4.gif\" alt=\"PDF-Download (4 in 1)\" \/><\/a><\/li>\n<li>E.1_SemanticWebVision.pdf <a href=\"\/lehre\/ws2005-06\/Semantic_Web\/folien\/E.1_SemanticWebVision.pdf\"><img decoding=\"async\" src=\"\/images\/pdf.gif\" alt=\"PDF-Download\" \/><\/a> <a href=\"\/lehre\/ws2005-06\/Semantic_Web\/folien\/4Folie_E.1_SemanticWebVision.pdf\"><img decoding=\"async\" src=\"\/images\/pdf_4.gif\" alt=\"PDF-Download (4 in 1)\" \/><\/a><\/li>\n<li>D_Ergaenzung_Quaeker.pdf <a href=\"\/lehre\/ws2005-06\/Semantic_Web\/folien\/D_Ergaenzung_Quaeker.pdf\"><img decoding=\"async\" src=\"\/images\/pdf.gif\" alt=\"PDF-Download\" \/><\/a><\/li>\n<li>E.2_XML.pdf <a href=\"\/lehre\/ws2005-06\/Semantic_Web\/folien\/E.2_XML.pdf\"><img decoding=\"async\" src=\"\/images\/pdf.gif\" alt=\"PDF-Download\" \/><\/a> <a href=\"\/lehre\/ws2005-06\/Semantic_Web\/folien\/4Folie_E.2_XML.pdf\"><img decoding=\"async\" src=\"\/images\/pdf_4.gif\" alt=\"PDF-Download (4 in 1)\" \/><\/a><\/li>\n<li>E.3_RDF.pdf <a href=\"\/lehre\/ws2005-06\/Semantic_Web\/folien\/E.3_RDF.pdf\"><img decoding=\"async\" src=\"\/images\/pdf.gif\" alt=\"PDF-Download\" \/><\/a> <a href=\"\/lehre\/ws2005-06\/Semantic_Web\/folien\/4Folie_E.3_RDF.pdf\"><img decoding=\"async\" src=\"\/images\/pdf_4.gif\" alt=\"PDF-Download (4 in 1)\" \/><\/a><\/li>\n<li>E.4_OWL.pdf <a href=\"\/lehre\/ws2005-06\/Semantic_Web\/folien\/E.4_OWL.pdf\"><img decoding=\"async\" src=\"\/images\/pdf.gif\" alt=\"PDF-Download\" \/><\/a> <a href=\"\/lehre\/ws2005-06\/Semantic_Web\/folien\/4Folie_E.4_OWL.pdf\"><img decoding=\"async\" src=\"\/images\/pdf_4.gif\" alt=\"PDF-Download (4 in 1)\" \/><\/a><\/li>\n<li>F_DescriptionLogics.pdf <a href=\"\/lehre\/ws2005-06\/Semantic_Web\/folien\/F_DescriptionLogics.pdf\"><img decoding=\"async\" src=\"\/images\/pdf.gif\" alt=\"PDF-Download\" \/><\/a> <a href=\"\/lehre\/ws2005-06\/Semantic_Web\/folien\/4Folie_F_DescriptionLogics.pdf\"><img decoding=\"async\" src=\"\/images\/pdf_4.gif\" alt=\"PDF-Download (4 in 1)\" \/><\/a><\/li>\n<li>F_DL_Teil2.pdf <a href=\"\/lehre\/ws2005-06\/Semantic_Web\/folien\/F_DL_Teil2.pdf\"><img decoding=\"async\" src=\"\/images\/pdf.gif\" alt=\"PDF-Download\" \/><\/a> <a href=\"\/lehre\/ws2005-06\/Semantic_Web\/folien\/4Folie_F_DL_Teil2.pdf\"><img decoding=\"async\" src=\"\/images\/pdf_4.gif\" alt=\"PDF-Download (4 in 1)\" \/><\/a><\/li>\n<li>KIK-Vortrag_Studer_2006-01-26.pdf <a href=\"\/lehre\/ws2005-06\/Semantic_Web\/folien\/KIK-Vortrag_Studer_2006-01-26.pdf\"><img decoding=\"async\" src=\"\/images\/pdf.gif\" alt=\"PDF-Download\" \/><\/a> <a href=\"\/lehre\/ws2005-06\/Semantic_Web\/folien\/4Folie_KIK-Vortrag_Studer_2006-01-26.pdf\"><img decoding=\"async\" src=\"\/images\/pdf_4.gif\" alt=\"PDF-Download (4 in 1)\" \/><\/a><\/li>\n<li>G_Applications.pdf <a href=\"\/lehre\/ws2005-06\/Semantic_Web\/folien\/G_Applications.pdf\"><img decoding=\"async\" src=\"\/images\/pdf.gif\" alt=\"PDF-Download\" \/><\/a> <a href=\"\/lehre\/ws2005-06\/Semantic_Web\/folien\/4Folie_G_Applications.pdf\"><img decoding=\"async\" src=\"\/images\/pdf_4.gif\" alt=\"PDF-Download (4 in 1)\" \/><\/a><\/li>\n<li>H_Conclusion.pdf <a href=\"\/lehre\/ws2005-06\/Semantic_Web\/folien\/H_Conclusion.pdf\"><img decoding=\"async\" src=\"\/images\/pdf.gif\" alt=\"PDF-Download\" \/><\/a> <a href=\"\/lehre\/ws2005-06\/Semantic_Web\/folien\/4Folie_H_Conclusion.pdf\"><img decoding=\"async\" src=\"\/images\/pdf_4.gif\" alt=\"PDF-Download (4 in 1)\" \/><\/a><\/li>\n<\/ul>\n<p><span style=\"color: #a3004e;\">\u00dcbungsaufgaben:<\/span><\/p>\n<ul>\n<li><span style=\"color: #a3004e;\"><u><span style=\"color: #0066cc;\"><a href=\"\/lehre\/ws2005-06\/Semantic_Web\/uebungen\/uebung1.pdf\">\u00dcbung1<\/a> \u00a0<img decoding=\"async\" src=\"\/images\/pdf.gif\" alt=\"PDF-Download\" \/><\/span><\/u> <!--  \u00a0 --\n<a href=\"uebungen\/muster_uebungXXX\" tal:condition=\"python:exists('container\/uebungen\/muster_' + item.id())\" tal:attributes=\"href python:'uebungen\/muster_' + item.id()\">Musterl\u00f6sung\n<img decoding=\"async\" src=\"\/images\/pdf.gif\" alt=\"PDF-Download\"><\/a> --><\/span><\/li>\n<li><span style=\"color: #a3004e;\"><u><span style=\"color: #0066cc;\">\u00dcb<\/span><\/u><\/span><a href=\"\/lehre\/ws2005-06\/Semantic_Web\/uebungen\/uebung2.pdf\"><u><span style=\"color: #0066cc;\">ung 2 <img decoding=\"async\" src=\"\/images\/pdf.gif\" alt=\"PDF-Download\" \/><\/span><\/u><\/a> <!--  \u00a0 --\n<a href=\"uebungen\/muster_uebungXXX\" tal:condition=\"python:exists('container\/uebungen\/muster_' + item.id())\" tal:attributes=\"href python:'uebungen\/muster_' + item.id()\">Musterl\u00f6sung\n<img decoding=\"async\" src=\"\/images\/pdf.gif\" alt=\"PDF-Download\"><\/a> --><\/li>\n<li><span style=\"color: #a3004e;\"><u><span style=\"color: #0066cc;\">\u00dcb<\/span><\/u><\/span><a href=\"\/lehre\/ws2005-06\/Semantic_Web\/uebungen\/uebung3.pdf\"><u><span style=\"color: #0066cc;\">ung 3 <img decoding=\"async\" src=\"\/images\/pdf.gif\" alt=\"PDF-Download\" \/><\/span><\/u><\/a> <!--  \u00a0 --\n<a href=\"uebungen\/muster_uebungXXX\" tal:condition=\"python:exists('container\/uebungen\/muster_' + item.id())\" tal:attributes=\"href python:'uebungen\/muster_' + item.id()\">Musterl\u00f6sung\n<img decoding=\"async\" src=\"\/images\/pdf.gif\" alt=\"PDF-Download\"><\/a> --><\/li>\n<li><span style=\"color: #a3004e;\"><u><span style=\"color: #0066cc;\">\u00dcb<\/span><\/u><\/span><a href=\"\/lehre\/ws2005-06\/Semantic_Web\/uebungen\/uebung4.pdf\"><u><span style=\"color: #0066cc;\">ung 4 <img decoding=\"async\" src=\"\/images\/pdf.gif\" alt=\"PDF-Download\" \/><\/span><\/u><\/a> <!--  \u00a0 --\n<a href=\"uebungen\/muster_uebungXXX\" tal:condition=\"python:exists('container\/uebungen\/muster_' + item.id())\" tal:attributes=\"href python:'uebungen\/muster_' + item.id()\">Musterl\u00f6sung\n<img decoding=\"async\" src=\"\/images\/pdf.gif\" alt=\"PDF-Download\"><\/a> --><\/li>\n<li><span style=\"color: #a3004e;\"><u><span style=\"color: #0066cc;\">\u00dcb<\/span><\/u><\/span><a href=\"\/lehre\/ws2005-06\/Semantic_Web\/uebungen\/uebung5.pdf\"><u><span style=\"color: #0066cc;\">ung 5 <img decoding=\"async\" src=\"\/images\/pdf.gif\" alt=\"PDF-Download\" \/><\/span><\/u><\/a> <!--  \u00a0 --\n<a href=\"uebungen\/muster_uebungXXX\" tal:condition=\"python:exists('container\/uebungen\/muster_' + item.id())\" tal:attributes=\"href python:'uebungen\/muster_' + item.id()\">Musterl\u00f6sung\n<img decoding=\"async\" src=\"\/images\/pdf.gif\" alt=\"PDF-Download\"><\/a> --><\/li>\n<li><span style=\"color: #a3004e;\"><u><span style=\"color: #0066cc;\">\u00dcb<\/span><\/u><\/span><a href=\"\/lehre\/ws2005-06\/Semantic_Web\/uebungen\/uebung6.pdf\"><u><span style=\"color: #0066cc;\">ung 6 <img decoding=\"async\" src=\"\/images\/pdf.gif\" alt=\"PDF-Download\" \/><\/span><\/u><\/a> <!--  \u00a0 --\n<a href=\"uebungen\/muster_uebungXXX\" tal:condition=\"python:exists('container\/uebungen\/muster_' + item.id())\" tal:attributes=\"href python:'uebungen\/muster_' + item.id()\">Musterl\u00f6sung\n<img decoding=\"async\" src=\"\/images\/pdf.gif\" alt=\"PDF-Download\"><\/a> --><\/li>\n<li><span style=\"color: #a3004e;\"><u><span style=\"color: #0066cc;\">\u00dcb<\/span><\/u><\/span><a href=\"\/lehre\/ws2005-06\/Semantic_Web\/uebungen\/uebung7.pdf\"><u><span style=\"color: #0066cc;\">ung 7 <img decoding=\"async\" src=\"\/images\/pdf.gif\" alt=\"PDF-Download\" \/><\/span><\/u><\/a> <!--  \u00a0 --\n<a href=\"uebungen\/muster_uebungXXX\" tal:condition=\"python:exists('container\/uebungen\/muster_' + item.id())\" tal:attributes=\"href python:'uebungen\/muster_' + item.id()\">Musterl\u00f6sung\n<img decoding=\"async\" src=\"\/images\/pdf.gif\" alt=\"PDF-Download\"><\/a> --><\/li>\n<li><span style=\"color: #a3004e;\"><u><span style=\"color: #0066cc;\">\u00dcb<\/span><\/u><\/span><a href=\"\/lehre\/ws2005-06\/Semantic_Web\/uebungen\/uebung9.pdf\"><u><span style=\"color: #0066cc;\">ung 9 <img decoding=\"async\" src=\"\/images\/pdf.gif\" alt=\"PDF-Download\" \/><\/span><\/u><\/a> <!--  \u00a0 --\n<a href=\"uebungen\/muster_uebungXXX\" tal:condition=\"python:exists('container\/uebungen\/muster_' + item.id())\" tal:attributes=\"href python:'uebungen\/muster_' + item.id()\">Musterl\u00f6sung\n<img decoding=\"async\" src=\"\/images\/pdf.gif\" alt=\"PDF-Download\"><\/a> --><\/li>\n<li><span style=\"color: #a3004e;\"><u><span style=\"color: #0066cc;\">\u00dcb<\/span><\/u><\/span><a href=\"\/lehre\/ws2005-06\/Semantic_Web\/uebungen\/uebung10.pdf\"><u><span style=\"color: #0066cc;\">ung 10 <img decoding=\"async\" src=\"\/images\/pdf.gif\" alt=\"PDF-Download\" \/><\/span><\/u><\/a> <!--  \u00a0 --\n<a href=\"uebungen\/muster_uebungXXX\" tal:condition=\"python:exists('container\/uebungen\/muster_' + item.id())\" tal:attributes=\"href python:'uebungen\/muster_' + item.id()\">Musterl\u00f6sung\n<img decoding=\"async\" src=\"\/images\/pdf.gif\" alt=\"PDF-Download\"><\/a> --><\/li>\n<li><a href=\"\/lehre\/ws2005-06\/Semantic_Web\/praxis.html\"><u><span style=\"color: #0066cc;\">Praxis\u00fcbung<\/span><\/u><\/a><\/li>\n<\/ul>\n<p style=\"padding-left: 30px;\"><a href=\"\/lehre\/ws2005-06\/Semantic_Web\/foaf.java\"><u><span style=\"color: #0066cc;\">L\u00f6sungsvorschlag zur Praxis\u00fcbung<\/span><\/u><\/a> (JAVA Quellcode)<\/p>\n","protected":false},"excerpt":{"rendered":"<p>Stellenangebot: Techniker zur Systemadminstration gesucht! Erster Veranstaltungstag: Dienstag, 1. November 2005 Ort und Zeit: (aktualisiert am 1.11.) Dienstag 14:00 &#8211; 15:30 in Raum 0446. \u00dcbungen: Mittwoch 12:30-14:00, Raum -1607 Vorkenntnisse: Informatik Bachelor Angesprochener H\u00f6rerInnenkreis: Inf.<a class=\"moretag\" href=\"https:\/\/www.kde.cs.uni-kassel.de\/en\/lehre\/ws2005-06\/semantic_web\"> Read more&hellip;<\/a><\/p>\n","protected":false},"author":1,"featured_media":0,"parent":928,"menu_order":0,"comment_status":"closed","ping_status":"closed","template":"","meta":{"footnotes":""},"class_list":["post-933","page","type-page","status-publish","hentry"],"translation":{"provider":"WPGlobus","version":"3.0.2","language":"en","enabled_languages":["de","en"],"languages":{"de":{"title":true,"content":true,"excerpt":false},"en":{"title":false,"content":false,"excerpt":false}}},"_links":{"self":[{"href":"https:\/\/www.kde.cs.uni-kassel.de\/en\/wp-json\/wp\/v2\/pages\/933","targetHints":{"allow":["GET"]}}],"collection":[{"href":"https:\/\/www.kde.cs.uni-kassel.de\/en\/wp-json\/wp\/v2\/pages"}],"about":[{"href":"https:\/\/www.kde.cs.uni-kassel.de\/en\/wp-json\/wp\/v2\/types\/page"}],"author":[{"embeddable":true,"href":"https:\/\/www.kde.cs.uni-kassel.de\/en\/wp-json\/wp\/v2\/users\/1"}],"replies":[{"embeddable":true,"href":"https:\/\/www.kde.cs.uni-kassel.de\/en\/wp-json\/wp\/v2\/comments?post=933"}],"version-history":[{"count":5,"href":"https:\/\/www.kde.cs.uni-kassel.de\/en\/wp-json\/wp\/v2\/pages\/933\/revisions"}],"predecessor-version":[{"id":2662,"href":"https:\/\/www.kde.cs.uni-kassel.de\/en\/wp-json\/wp\/v2\/pages\/933\/revisions\/2662"}],"up":[{"embeddable":true,"href":"https:\/\/www.kde.cs.uni-kassel.de\/en\/wp-json\/wp\/v2\/pages\/928"}],"wp:attachment":[{"href":"https:\/\/www.kde.cs.uni-kassel.de\/en\/wp-json\/wp\/v2\/media?parent=933"}],"curies":[{"name":"wp","href":"https:\/\/api.w.org\/{rel}","templated":true}]}}