{"id":919,"date":"2016-04-04T15:23:32","date_gmt":"2016-04-04T13:23:32","guid":{"rendered":"https:\/\/www.kde.cs.uni-kassel.de\/?page_id=919"},"modified":"2016-04-04T15:23:32","modified_gmt":"2016-04-04T13:23:32","slug":"ki","status":"publish","type":"page","link":"https:\/\/www.kde.cs.uni-kassel.de\/en\/lehre\/ws2006-07\/ki","title":{"rendered":"K\u00fcnstliche Intelligenz"},"content":{"rendered":"<p><strong>Die Klausur findet am 5. M\u00e4rz von 10.00 Uhr \u2013 12.00 Uhr im Raum 0446 statt.<br \/>\n<\/strong><\/p>\n<p>F\u00fcr die Klausur ist als Hilfsmittel nur ein <i>handgeschriebener<\/i> DIN A4-Zettel zugelassen (kein Taschenrechner). Bei OWL wird nur die \u00dcbersetzung von OWL (in RDF-Syntax) in die Beschreibungslogik-Notation verlangt, nicht aber die R\u00fcckrichtung.<\/p>\n<p><span style=\"color: #a3004e;\">Erster Veranstaltungstag:<\/span><\/p>\n<p style=\"padding-left: 30px;\">Dienstag, 24. Oktober 2006<\/p>\n<p><span style=\"color: #a3004e;\"> Ort und Zeit: <\/span><\/p>\n<p style=\"padding-left: 30px;\">Dienstag 14:00 \u2013 15:30 in Raum <b>-1418<\/b><\/p>\n<p><span style=\"color: #a3004e;\"> \u00dcbungen: <\/span><\/p>\n<p style=\"padding-left: 30px;\">Mittwoch 14:15-16:00, Raum 0611<\/p>\n<p><span style=\"color: #a3004e;\"> Vorkenntnisse: <\/span><\/p>\n<p style=\"padding-left: 30px;\">Informatik Bachelor<\/p>\n<p><span style=\"color: #a3004e;\"> Angesprochener H\u00f6rerInnenkreis: <\/span><\/p>\n<p style=\"padding-left: 30px;\">Master Informatik. Die Vorlesung kann auch im Bachelor Informatik angerechnet werden (ist dann aber nicht mehr f\u00fcr den Master zu verwenden!)<\/p>\n<p><span style=\"color: #a3004e;\">Umfang: <\/span><\/p>\n<p style=\"padding-left: 30px;\">2 SWS Vorlesung und 2 SWS \u00dcbungen. 6 Credits.<\/p>\n<p><span style=\"color: #a3004e;\"> Leistungsnachweis: <\/span><\/p>\n<p style=\"padding-left: 30px;\">Klausur oder m\u00fcndliche Pr\u00fcfung, je nach Teilnehmerzahl. Die Vorlesung kann im Bereich Praktische Informatik und in den Anwendungsgebieten Knowledge & Data Engineerung und Internettechnologien angerechnet werden.<\/p>\n<p><span style=\"color: #a3004e;\"> Veranstalter: <\/span><\/p>\n<p style=\"padding-left: 30px;\"><a href=\"\/stumme\"><u><span style=\"color: #0066cc;\">Prof. Dr. Gerd Stumme<\/span><\/u><\/a>, Dipl.-Inform. Miranda Grahl, <a href=\"\/jaeschke\"><u><span style=\"color: #0066cc;\">Dipl.-Math. Robert J\u00e4schke<\/span><\/u><\/a>, <a href=\"\/schmitz\"><u><span style=\"color: #0066cc;\">Dipl.-Inform. Christoph Schmitz<\/span><\/u><\/a><\/p>\n<p><span style=\"color: #a3004e;\"> Inhalt: <\/span><\/p>\n<p style=\"padding-left: 30px;\">Die Veranstaltung zeigt das Spektrum von Methoden der K\u00fcnstlichen Intelligenz f\u00fcr die Verarbeitung von Wissen mit dem Rechner auf. Die Vorlesung gibt einen \u00dcberblick \u00fcber verschiedene Gebiete der Wissensrepr\u00e4sentation und f\u00fchrt hin zu aktuellen Einsatzszenarien wie der Erweiterung des World Wide Web hin zu einem Semantic Web. Ziel ist insbesondere der effiziente Umgang mit Wissen in Internet und Intranet.<\/p>\n<p><span style=\"color: #a3004e;\">Themen: <\/span><\/p>\n<p style=\"padding-left: 30px;\">Probleml\u00f6semethoden, Wissensrepr\u00e4sentation, Inferenz, Unsicherheit, Ontologien, Semantic Web, XML, RDF, OWL, Social Bookmarking Systems, Folksonomies, Anwendungen.<\/p>\n<p><span style=\"color: #a3004e;\"> Literatur: <\/span><\/p>\n<ul>\n<li>Jochen Heinsohn & Rolf Socher-Ambrosius: Wissensverarbeitung, Spektrum Akademischer Verlag 1999<\/li>\n<li>Stuart Russel & Peter Norvig: Artificial Intelligence \u2013 A Modern Approach, Prentice Hall 1995<\/li>\n<li>G\u00fcnther G\u00f6rz (Hrsg.): Einf\u00fchrung in die K\u00fcnstliche Intelligenz, Addison-Wesley 1993<\/li>\n<li>G. Antoniou, F. van Harmelen: A Semantic Web Primer. MIT Press, Cambridge 2004.<\/li>\n<\/ul>\n<p><span style=\"color: #a3004e;\">Weitere Literatur: <\/span><\/p>\n<ul>\n<li><a href=\"http:\/\/www.bibsonomy.org\/tag\/ai\"><u><span style=\"color: #0066cc;\">http:\/\/www.bibsonomy.org\/tag\/ai<\/span><\/u><\/a><\/li>\n<li>Begriffe und Benennungen. Allgemeine Grunds\u00e4tze. DIN 2330. Deutsches Institut f\u00fcr Normung, 1993.<\/li>\n<li>Frank Puppe: Einf\u00fchrung in Expertensysteme, Springer-Verlag 1988<\/li>\n<li>Georg Gottlob (Hrsg.): Expertensysteme, Springer-Verlag 1990<\/li>\n<li>Elaine Rich: Artificial Intelligence, McGraw-Hill 1983<\/li>\n<\/ul>\n<p><span style=\"color: #a3004e;\">Errata:<\/span><\/p>\n<ul>\n<li>Bei der Heuristik der maximal eingeschr\u00e4nkten Variablen (Folie 3 von Teil 2 von Kap. 3) muss \u201cgr\u00f6ssten\u201d durch \u201ckleinsten\u201d ersetzt werden.<\/li>\n<li>Bei der Sigmoid-Funktion auf Folie 13 von Kap. 5 muss das \u201c1+\u201d gel\u00f6scht werden.<\/li>\n<\/ul>\n<p><span style=\"color: #a3004e;\">Folien:<\/span><\/p>\n<ul>\n<li>00_Einleitung.pdf <a href=\"\/lehre\/ws2006-07\/KI\/folien\/00_Einleitung.pdf\"><img decoding=\"async\" src=\"\/images\/pdf.gif\" alt=\"PDF-Download\" \/><\/a> <a href=\"\/lehre\/ws2006-07\/KI\/folien\/4_00_Einleitung.pdf\"><img decoding=\"async\" src=\"\/images\/pdf_4.gif\" alt=\"PDF-Download (4 in 1)\" \/><\/a><\/li>\n<li>01_Methoden_und_Techniken.pdf <a href=\"\/lehre\/ws2006-07\/KI\/folien\/01_Methoden_und_Techniken.pdf\"><img decoding=\"async\" src=\"\/images\/pdf.gif\" alt=\"PDF-Download\" \/><\/a> <a href=\"\/lehre\/ws2006-07\/KI\/folien\/4_01_Methoden_und_Techniken.pdf\"><img decoding=\"async\" src=\"\/images\/pdf_4.gif\" alt=\"PDF-Download (4 in 1)\" \/><\/a><\/li>\n<li>02_Teil1_Suche.pdf <a href=\"\/lehre\/ws2006-07\/KI\/folien\/02_Teil1_Suche.pdf\"><img decoding=\"async\" src=\"\/images\/pdf.gif\" alt=\"PDF-Download\" \/><\/a> <a href=\"\/lehre\/ws2006-07\/KI\/folien\/4_02_Teil1_Suche.pdf\"><img decoding=\"async\" src=\"\/images\/pdf_4.gif\" alt=\"PDF-Download (4 in 1)\" \/><\/a><\/li>\n<li>02_Teil2_Suche.pdf <a href=\"\/lehre\/ws2006-07\/KI\/folien\/02_Teil2_Suche.pdf\"><img decoding=\"async\" src=\"\/images\/pdf.gif\" alt=\"PDF-Download\" \/><\/a> <a href=\"\/lehre\/ws2006-07\/KI\/folien\/4_02_Teil2_Suche.pdf\"><img decoding=\"async\" src=\"\/images\/pdf_4.gif\" alt=\"PDF-Download (4 in 1)\" \/><\/a><\/li>\n<li>03_Teil1_Constraints.pdf <a href=\"\/lehre\/ws2006-07\/KI\/folien\/03_Teil1_Constraints.pdf\"><img decoding=\"async\" src=\"\/images\/pdf.gif\" alt=\"PDF-Download\" \/><\/a> <a href=\"\/lehre\/ws2006-07\/KI\/folien\/4_03_Teil1_Constraints.pdf\"><img decoding=\"async\" src=\"\/images\/pdf_4.gif\" alt=\"PDF-Download (4 in 1)\" \/><\/a><\/li>\n<li>03_Teil2_Constraints.pdf <a href=\"\/lehre\/ws2006-07\/KI\/folien\/03_Teil2_Constraints.pdf\"><img decoding=\"async\" src=\"\/images\/pdf.gif\" alt=\"PDF-Download\" \/><\/a> <a href=\"\/lehre\/ws2006-07\/KI\/folien\/4_03_Teil2_Constraints.pdf\"><img decoding=\"async\" src=\"\/images\/pdf_4.gif\" alt=\"PDF-Download (4 in 1)\" \/><\/a><\/li>\n<li>4KR_Einfuehrung.pdf <a href=\"\/lehre\/ws2006-07\/KI\/folien\/4KR_Einfuehrung.pdf\"><img decoding=\"async\" src=\"\/images\/pdf.gif\" alt=\"PDF-Download\" \/><\/a> <a href=\"\/lehre\/ws2006-07\/KI\/folien\/4_4KR_Einfuehrung.pdf\"><img decoding=\"async\" src=\"\/images\/pdf_4.gif\" alt=\"PDF-Download (4 in 1)\" \/><\/a><\/li>\n<li>05_Neuronale Netze.pdf <a href=\"\/lehre\/ws2006-07\/KI\/folien\/05_Neuronale%20Netze.pdf\"><img decoding=\"async\" src=\"\/images\/pdf.gif\" alt=\"PDF-Download\" \/><\/a> <a href=\"\/lehre\/ws2006-07\/KI\/folien\/4_05_Neuronale%20Netze.pdf\"><img decoding=\"async\" src=\"\/images\/pdf_4.gif\" alt=\"PDF-Download (4 in 1)\" \/><\/a><\/li>\n<li>05_Neuronale Netze_Nachtrag.pdf <a href=\"\/lehre\/ws2006-07\/KI\/folien\/05_Neuronale%20Netze_Nachtrag.pdf\"><img decoding=\"async\" src=\"\/images\/pdf.gif\" alt=\"PDF-Download\" \/><\/a> <a href=\"\/lehre\/ws2006-07\/KI\/folien\/4_05_Neuronale%20Netze_Nachtrag.pdf\"><img decoding=\"async\" src=\"\/images\/pdf_4.gif\" alt=\"PDF-Download (4 in 1)\" \/><\/a><\/li>\n<li>06_Teil1_Logik.pdf <a href=\"\/lehre\/ws2006-07\/KI\/folien\/06_Teil1_Logik.pdf\"><img decoding=\"async\" src=\"\/images\/pdf.gif\" alt=\"PDF-Download\" \/><\/a> <a href=\"\/lehre\/ws2006-07\/KI\/folien\/4_06_Teil1_Logik.pdf\"><img decoding=\"async\" src=\"\/images\/pdf_4.gif\" alt=\"PDF-Download (4 in 1)\" \/><\/a><\/li>\n<li>06_Teil2_Logik.pdf <a href=\"\/lehre\/ws2006-07\/KI\/folien\/06_Teil2_Logik.pdf\"><img decoding=\"async\" src=\"\/images\/pdf.gif\" alt=\"PDF-Download\" \/><\/a> <a href=\"\/lehre\/ws2006-07\/KI\/folien\/4_06_Teil2_Logik.pdf\"><img decoding=\"async\" src=\"\/images\/pdf_4.gif\" alt=\"PDF-Download (4 in 1)\" \/><\/a><\/li>\n<li>07_Unsicherheit_Vagheit.pdf <a href=\"\/lehre\/ws2006-07\/KI\/folien\/07_Unsicherheit_Vagheit.pdf\"><img decoding=\"async\" src=\"\/images\/pdf.gif\" alt=\"PDF-Download\" \/><\/a> <a href=\"\/lehre\/ws2006-07\/KI\/folien\/4_07_Unsicherheit_Vagheit.pdf\"><img decoding=\"async\" src=\"\/images\/pdf_4.gif\" alt=\"PDF-Download (4 in 1)\" \/><\/a><\/li>\n<li>08_Teil1_SemantischeNetze.pdf <a href=\"\/lehre\/ws2006-07\/KI\/folien\/08_Teil1_SemantischeNetze.pdf\"><img decoding=\"async\" src=\"\/images\/pdf.gif\" alt=\"PDF-Download\" \/><\/a> <a href=\"\/lehre\/ws2006-07\/KI\/folien\/4_08_Teil1_SemantischeNetze.pdf\"><img decoding=\"async\" src=\"\/images\/pdf_4.gif\" alt=\"PDF-Download (4 in 1)\" \/><\/a><\/li>\n<li>09_BegrifflicheGraphen.pdf <a href=\"\/lehre\/ws2006-07\/KI\/folien\/09_BegrifflicheGraphen.pdf\"><img decoding=\"async\" src=\"\/images\/pdf.gif\" alt=\"PDF-Download\" \/><\/a> <a href=\"\/lehre\/ws2006-07\/KI\/folien\/4_09_BegrifflicheGraphen.pdf\"><img decoding=\"async\" src=\"\/images\/pdf_4.gif\" alt=\"PDF-Download (4 in 1)\" \/><\/a><\/li>\n<li>10_Frames.pdf <a href=\"\/lehre\/ws2006-07\/KI\/folien\/10_Frames.pdf\"><img decoding=\"async\" src=\"\/images\/pdf.gif\" alt=\"PDF-Download\" \/><\/a> <a href=\"\/lehre\/ws2006-07\/KI\/folien\/4_10_Frames.pdf\"><img decoding=\"async\" src=\"\/images\/pdf_4.gif\" alt=\"PDF-Download (4 in 1)\" \/><\/a><\/li>\n<li>11_Beschreibungslogiken.pdf <a href=\"\/lehre\/ws2006-07\/KI\/folien\/11_Beschreibungslogiken.pdf\"><img decoding=\"async\" src=\"\/images\/pdf.gif\" alt=\"PDF-Download\" \/><\/a> <a href=\"\/lehre\/ws2006-07\/KI\/folien\/4_11_Beschreibungslogiken.pdf\"><img decoding=\"async\" src=\"\/images\/pdf_4.gif\" alt=\"PDF-Download (4 in 1)\" \/><\/a><\/li>\n<li>12_Semantic Web.pdf <a href=\"\/lehre\/ws2006-07\/KI\/folien\/12_Semantic%20Web.pdf\"><img decoding=\"async\" src=\"\/images\/pdf.gif\" alt=\"PDF-Download\" \/><\/a> <a href=\"\/lehre\/ws2006-07\/KI\/folien\/4_12_Semantic%20Web.pdf\"><img decoding=\"async\" src=\"\/images\/pdf_4.gif\" alt=\"PDF-Download (4 in 1)\" \/><\/a><\/li>\n<\/ul>\n<p><span style=\"color: #a3004e;\">\u00dcbungsaufgaben:<\/span><\/p>\n<ul>\n<li><span style=\"color: #a3004e;\"><a href=\"\/lehre\/ws2006-07\/KI\/uebung\/Uebung1.pdf\"><u><span style=\"color: #0066cc;\">\u00dcbungsblatt 1 <img decoding=\"async\" src=\"\/images\/pdf.gif\" alt=\"PDF-Download\" \/><\/span><\/u><\/a><\/span><\/li>\n<li><a href=\"\/lehre\/ws2006-07\/KI\/uebung\/Uebung2.pdf\"><u><span style=\"color: #0066cc;\">\u00dcbungsblatt 2 <img decoding=\"async\" src=\"\/images\/pdf.gif\" alt=\"PDF-Download\" \/><\/span><\/u><\/a><\/li>\n<li><a href=\"\/lehre\/ws2006-07\/KI\/uebung\/Uebung3.pdf\"><u><span style=\"color: #0066cc;\">\u00dcbungsblatt 3 <img decoding=\"async\" src=\"\/images\/pdf.gif\" alt=\"PDF-Download\" \/><\/span><\/u><\/a><\/li>\n<li><a href=\"\/lehre\/ws2006-07\/KI\/uebung\/Uebung4.pdf\"><u><span style=\"color: #0066cc;\">\u00dcbungsblatt 4 <img decoding=\"async\" src=\"\/images\/pdf.gif\" alt=\"PDF-Download\" \/><\/span><\/u><\/a><\/li>\n<li><a href=\"\/lehre\/ws2006-07\/KI\/uebung\/Uebung5.pdf\"><u><span style=\"color: #0066cc;\">\u00dcbungsblatt 5 <img decoding=\"async\" src=\"\/images\/pdf.gif\" alt=\"PDF-Download\" \/><\/span><\/u><\/a><\/li>\n<li><a href=\"\/lehre\/ws2006-07\/KI\/uebung\/Uebung6.pdf\"><u><span style=\"color: #0066cc;\">\u00dcbungsblatt 6 <img decoding=\"async\" src=\"\/images\/pdf.gif\" alt=\"PDF-Download\" \/><\/span><\/u><\/a><\/li>\n<li><a href=\"\/lehre\/ws2006-07\/KI\/uebung\/Uebung7.pdf\"><u><span style=\"color: #0066cc;\">\u00dcbungsblatt 7 <img decoding=\"async\" src=\"\/images\/pdf.gif\" alt=\"PDF-Download\" \/><\/span><\/u><\/a><\/li>\n<li><a href=\"\/lehre\/ws2006-07\/KI\/uebung\/Uebung8.pdf\"><u><span style=\"color: #0066cc;\">\u00dcbungsblatt 8 <img decoding=\"async\" src=\"\/images\/pdf.gif\" alt=\"PDF-Download\" \/><\/span><\/u><\/a><\/li>\n<li><a href=\"\/lehre\/ws2006-07\/KI\/uebung\/Uebung9.pdf\"><u><span style=\"color: #0066cc;\">\u00dcbungsblatt 9 <img decoding=\"async\" src=\"\/images\/pdf.gif\" alt=\"PDF-Download\" \/><\/span><\/u><\/a><\/li>\n<li><a href=\"\/lehre\/ws2006-07\/KI\/uebung\/Uebung_10.pdf\"><u><span style=\"color: #0066cc;\">\u00dcbungsblatt 10 <img decoding=\"async\" src=\"\/images\/pdf.gif\" alt=\"PDF-Download\" \/><\/span><\/u><\/a><\/li>\n<li><a href=\"\/lehre\/ws2006-07\/KI\/uebung\/Uebung_11.pdf\"><u><span style=\"color: #0066cc;\">\u00dcbungsblatt 11 <img decoding=\"async\" src=\"\/images\/pdf.gif\" alt=\"PDF-Download\" \/><\/span><\/u><\/a><\/li>\n<li><a href=\"\/lehre\/ws2006-07\/KI\/uebung\/Uebung_12.pdf\"><u><span style=\"color: #0066cc;\">\u00dcbungsblatt 12 <img decoding=\"async\" src=\"\/images\/pdf.gif\" alt=\"PDF-Download\" \/><\/span><\/u><\/a><\/li>\n<\/ul>\n<p><span style=\"color: #a3004e;\">L\u00f6sungsvorschl\u00e4ge:<\/span><\/p>\n<p>\u00a0<\/p>\n<ul>\n<li><u><span style=\"color: #0066cc;\">L\u00f6sung 1 <img decoding=\"async\" src=\"\/images\/pdf.gif\" alt=\"PDF-Download\" \/><\/span><\/u><\/li>\n<li><a href=\"\/lehre\/ws2006-07\/KI\/uebung\/Loesung2.pdf\"><u><span style=\"color: #0066cc;\"> L\u00f6sung 2 <img decoding=\"async\" src=\"\/images\/pdf.gif\" alt=\"PDF-Download\" \/><\/span><\/u><\/a><\/li>\n<li><a href=\"\/lehre\/ws2006-07\/KI\/uebung\/Loesung3.pdf\"><u><span style=\"color: #0066cc;\"> L\u00f6sung 3 <img decoding=\"async\" src=\"\/images\/pdf.gif\" alt=\"PDF-Download\" \/><\/span><\/u><\/a><\/li>\n<li><a href=\"\/lehre\/ws2006-07\/KI\/uebung\/Loesung4.pdf\"><u><span style=\"color: #0066cc;\"> L\u00f6sung 4 <img decoding=\"async\" src=\"\/images\/pdf.gif\" alt=\"PDF-Download\" \/><\/span><\/u><\/a><\/li>\n<li><a href=\"\/lehre\/ws2006-07\/KI\/uebung\/Loesung5.pdf\"><u><span style=\"color: #0066cc;\"> L\u00f6sung 5 <img decoding=\"async\" src=\"\/images\/pdf.gif\" alt=\"PDF-Download\" \/><\/span><\/u><\/a><\/li>\n<li><a href=\"\/lehre\/ws2006-07\/KI\/uebung\/Loesung6.pdf\"><u><span style=\"color: #0066cc;\"> L\u00f6sung 6 <img decoding=\"async\" src=\"\/images\/pdf.gif\" alt=\"PDF-Download\" \/><\/span><\/u><\/a><\/li>\n<li><a href=\"\/lehre\/ws2006-07\/KI\/uebung\/Loesung7.pdf\"><u><span style=\"color: #0066cc;\"> L\u00f6sung 7 <img decoding=\"async\" src=\"\/images\/pdf.gif\" alt=\"PDF-Download\" \/><\/span><\/u><\/a><\/li>\n<li><a href=\"\/lehre\/ws2006-07\/KI\/uebung\/Loesung8.pdf\"><u><span style=\"color: #0066cc;\"> L\u00f6sung 8 <img decoding=\"async\" src=\"\/images\/pdf.gif\" alt=\"PDF-Download\" \/><\/span><\/u><\/a><\/li>\n<li><a href=\"\/lehre\/ws2006-07\/KI\/uebung\/Loesung9.pdf\"><u><span style=\"color: #0066cc;\"> L\u00f6sung 9 <img decoding=\"async\" src=\"\/images\/pdf.gif\" alt=\"PDF-Download\" \/><\/span><\/u><\/a><\/li>\n<li><a href=\"\/lehre\/ws2006-07\/KI\/uebung\/Loesung_10.pdf\"><u><span style=\"color: #0066cc;\"> L\u00f6sung 10 <img decoding=\"async\" src=\"\/images\/pdf.gif\" alt=\"PDF-Download\" \/><\/span><\/u><\/a><\/li>\n<li><a href=\"\/lehre\/ws2006-07\/KI\/uebung\/Loesung_11.pdf\"><u><span style=\"color: #0066cc;\"> L\u00f6sung 11 <img decoding=\"async\" src=\"\/images\/pdf.gif\" alt=\"PDF-Download\" \/><\/span><\/u><\/a><\/li>\n<li><a href=\"\/lehre\/ws2006-07\/KI\/uebung\/Loesung_12.pdf\"><u><span style=\"color: #0066cc;\"> L\u00f6sung 12 <img decoding=\"async\" src=\"\/images\/pdf.gif\" alt=\"PDF-Download\" \/><\/span><\/u><\/a><\/li>\n<\/ul>\n","protected":false},"excerpt":{"rendered":"<p>Die Klausur findet am 5. M\u00e4rz von 10.00 Uhr \u2013 12.00 Uhr im Raum 0446 statt. F\u00fcr die Klausur ist als Hilfsmittel nur ein handgeschriebener DIN A4-Zettel zugelassen (kein Taschenrechner). Bei OWL wird nur die<a class=\"moretag\" href=\"https:\/\/www.kde.cs.uni-kassel.de\/en\/lehre\/ws2006-07\/ki\"> Read more&hellip;<\/a><\/p>\n","protected":false},"author":1,"featured_media":0,"parent":913,"menu_order":0,"comment_status":"closed","ping_status":"closed","template":"","meta":{"footnotes":""},"class_list":["post-919","page","type-page","status-publish","hentry"],"translation":{"provider":"WPGlobus","version":"3.0.2","language":"en","enabled_languages":["de","en"],"languages":{"de":{"title":true,"content":true,"excerpt":false},"en":{"title":false,"content":false,"excerpt":false}}},"_links":{"self":[{"href":"https:\/\/www.kde.cs.uni-kassel.de\/en\/wp-json\/wp\/v2\/pages\/919","targetHints":{"allow":["GET"]}}],"collection":[{"href":"https:\/\/www.kde.cs.uni-kassel.de\/en\/wp-json\/wp\/v2\/pages"}],"about":[{"href":"https:\/\/www.kde.cs.uni-kassel.de\/en\/wp-json\/wp\/v2\/types\/page"}],"author":[{"embeddable":true,"href":"https:\/\/www.kde.cs.uni-kassel.de\/en\/wp-json\/wp\/v2\/users\/1"}],"replies":[{"embeddable":true,"href":"https:\/\/www.kde.cs.uni-kassel.de\/en\/wp-json\/wp\/v2\/comments?post=919"}],"version-history":[{"count":1,"href":"https:\/\/www.kde.cs.uni-kassel.de\/en\/wp-json\/wp\/v2\/pages\/919\/revisions"}],"predecessor-version":[{"id":922,"href":"https:\/\/www.kde.cs.uni-kassel.de\/en\/wp-json\/wp\/v2\/pages\/919\/revisions\/922"}],"up":[{"embeddable":true,"href":"https:\/\/www.kde.cs.uni-kassel.de\/en\/wp-json\/wp\/v2\/pages\/913"}],"wp:attachment":[{"href":"https:\/\/www.kde.cs.uni-kassel.de\/en\/wp-json\/wp\/v2\/media?parent=919"}],"curies":[{"name":"wp","href":"https:\/\/api.w.org\/{rel}","templated":true}]}}