{"id":917,"date":"2016-04-04T15:30:40","date_gmt":"2016-04-04T13:30:40","guid":{"rendered":"https:\/\/www.kde.cs.uni-kassel.de\/?page_id=917"},"modified":"2016-04-04T15:30:40","modified_gmt":"2016-04-04T13:30:40","slug":"projekt","status":"publish","type":"page","link":"https:\/\/www.kde.cs.uni-kassel.de\/en\/lehre\/ws2006-07\/projekt","title":{"rendered":"Web 2.0 (Projekt)"},"content":{"rendered":"<p>In dem Projekt sind noch Pl\u00e4tze frei. Bei Interesse wenden Sie Sich bitte an den jeweiligen Betreuer.<\/p>\n<p><span style=\"color: #a3004e;\">Themen:<\/span><\/p>\n<p style=\"padding-left: 30px;\">Bei Projekten aus dem Bereich des Semantic Web besch\u00e4ftigen wir uns mit der IT-Unterst\u00fctzung von Kommunikation, Interaktion sowie der Speicherung von Wissen im Internet. Einen Schwerpunkt bilden dabei Soziale Lesezeichensysteme, wie bsp. unser <a href=\"http:\/\/www.bibsonomy.org\/\"><u><span style=\"color: #0066cc;\">BibSonomy-System<\/span><\/u><\/a>. Ein weiteres Thema sind Peer-to-Peer-Netze. Neben Projekten in denen inhaltliche Fragestellungen im Vordergrund stehen, bieten wir auch die M\u00f6glichkeit, aktuelle Techniken aus dem Bereich des Web 2.0 wie z.B. Ajax in Projekten anzuwenden und in laufenden Systeme zu integrieren. Unter anderem stehen die folgenden Themen zur Auswahl: Unter anderem stehen die folgenden Themen zur Auswahl:<\/p>\n<p><span style=\"color: #a3004e;\">Implementierung von Folksonomy-Systemen<\/span><\/p>\n<p style=\"padding-left: 30px;\">Folksonomy-Systeme werden aus Geschwindigkeitsgr\u00fcnden meist auf der Basis von relationalen Datenbanksystemen implementiert. Andere Ans\u00e4tze, z. B. mit Hilfe von RDF-Stores oder objektorientierten Datenbanken, versprechen jedoch erweiterte M\u00f6glichkeiten, z. B. im Hinblick auf die Integration mit Semantic-Web-Diensten, aber auch in Bezug auf die\u00a0Online- und Offline-Nutzung.<\/p>\n<p style=\"padding-left: 30px;\">Informationen: <a href=\"\/hotho\"><u><span style=\"color: #0066cc;\">Andreas Hotho<\/span><\/u><\/a>, <a href=\"\/jaeschke\"><u><span style=\"color: #0066cc;\">Robert J\u00e4schke<\/span><\/u><\/a>, <a href=\"\/schmitz\"><u><span style=\"color: #0066cc;\">Christoph Schmitz<\/span><\/u><\/a><\/p>\n<p><span style=\"color: #a3004e;\">Peer-to-Peer-Systeme<\/span><\/p>\n<p style=\"padding-left: 30px;\">Peer-to-Peer-Systeme bieten M\u00f6glichkeiten zur Kooperation und zum Datenaustausch in dezentralen Umgebungen. Wir besch\u00e4ftigen uns mit Wissensmanagement in P2P-Systemen, insbesondere mit der Selbstorganisation von effizienten Netzwerktopologien.<\/p>\n<p style=\"padding-left: 30px;\">Informationen: <a href=\"\/schmitz\"><u><span style=\"color: #0066cc;\">Christoph Schmitz<\/span><\/u><\/a><\/p>\n<p><span style=\"color: #a3004e;\">Lernen von Ontologien mittels Tagging-Systemen<\/span><\/p>\n<p style=\"padding-left: 30px;\">Lernen von Ontologien auf der Basis von Tagging Systemen.<\/p>\n<p style=\"padding-left: 30px;\">Informationen: <a href=\"\/hotho\"><u><span style=\"color: #0066cc;\">Andreas Hotho<\/span><\/u><\/a><\/p>\n<p><span style=\"color: #a3004e;\">Data Mining auf Social-Bookmarking-Daten<\/span><\/p>\n<p style=\"padding-left: 30px;\">Mit Hilfe von Data-Mining-Methoden k\u00f6nnen interessante Muster in Daten gefunden werden. Ein Beispiel ist das Klassifizieren von Texten, wobei das Problem immer in der Bereitstellung der Klassenlabels besteht. Hier k\u00f6nnen Social-Bookmarking-Daten verwendet werden.<\/p>\n<p style=\"padding-left: 30px;\">Informationen: <a href=\"\/hotho\"><u><span style=\"color: #0066cc;\">Andreas Hotho<\/span><\/u><\/a><\/p>\n<p><span style=\"color: #a3004e;\">Lernen von Recommendern f\u00fcr Tagging<\/span><\/p>\n<p style=\"padding-left: 30px;\">Recommender stellen die Basis f\u00fcr Online-Marketingsysteme dar. Meist sind sie sehr einfach und empfehlen auf der Basis vergangener K\u00e4ufe neue Produkte. Die Anwendung von Recommender-Methoden auf Social-Bookmarking-Systeme steht im Vordergrund dieser Aufgaben.<\/p>\n<p style=\"padding-left: 30px;\">Informationen: <a href=\"\/hotho\"><u><span style=\"color: #0066cc;\">Andreas Hotho<\/span><\/u><\/a><\/p>\n<p><span style=\"color: #a3004e;\">Performanceuntersuchenungen f\u00fcr BibSonomy<\/span><\/p>\n<p style=\"padding-left: 30px;\">Ein Cluster von Datenbankrechnern stellt h\u00e4ufig den Kern von heutigen Web-2.0-Anwendungen dar. Bei steigender Nutzerzahl\/Zugriffzahlen von BibSonomy wird auch hier eine solche L\u00f6sung interessant. Die Umsetzung einer Cluster-Datenbank steht im Mittelpunkt dieser Arbeit.<\/p>\n<p style=\"padding-left: 30px;\">Information: <a href=\"\/hotho\"><u><span style=\"color: #0066cc;\">Andreas Hotho<\/span><\/u><\/a><\/p>\n<p><span style=\"color: #a3004e;\">Ajax f\u00fcr BibSonomy<\/span><\/p>\n<p style=\"padding-left: 30px;\">Erweiterung von BibSonomy um Ajax-Elemente.<\/p>\n<p style=\"padding-left: 30px;\">Information: <a href=\"\/hotho\"><u><span style=\"color: #0066cc;\">Andreas Hotho<\/span><\/u><\/a><\/p>\n<p><span style=\"color: #a3004e;\">Dokumentation der BibSonomy API mittels WSDL 2.0<\/span><\/p>\n<p style=\"padding-left: 30px;\">F\u00fcr BibSonomy existiert eine auf den Ideen von <a href=\"http:\/\/de.wikipedia.org\/wiki\/REST\"><u><span style=\"color: #0066cc;\">REST<\/span><\/u><\/a> basierende API. Ziel des Projektes ist die Abbildung und Dokumentation der API mittels WSDL 2.0 zur automatischen Generierung von Client-Stubs und menschenlesbarer Dokumentation.<\/p>\n<p style=\"padding-left: 30px;\">Informationen: <a href=\"\/jaeschke\"><u><span style=\"color: #0066cc;\">Robert J\u00e4schke<\/span><\/u><\/a><\/p>\n<p><span style=\"color: #a3004e;\">Aufgabenstellung und Termin:<\/span><\/p>\n<p style=\"padding-left: 30px;\">Nach Absprache mit dem jeweiligen Betreuer. Je nach Thema kann die Aufgabe in Kleingruppen oder einzeln bearbeitet werden.<\/p>\n<p><span style=\"color: #a3004e;\">Vorkenntnisse:<\/span><\/p>\n<p style=\"padding-left: 30px;\">Informatik Grundstudium<\/p>\n<p><span style=\"color: #a3004e;\">Angesprochener H\u00f6rerInnenkreis:<\/span><\/p>\n<p style=\"padding-left: 30px;\">Inf. Hauptstudium Bachelor und Diplom I, Master, Math. NF Inf. Hauptstudium<\/p>\n<p><span style=\"color: #a3004e;\">Umfang:<\/span><\/p>\n<p style=\"padding-left: 30px;\">4 oder 8 SWS im Bachelor und Diplom I nach Absprache, 4 SWS im Master<\/p>\n<p><span style=\"color: #a3004e;\">Leistungsnachweis:<\/span><\/p>\n<p style=\"padding-left: 30px;\">Implementierung, schriftliche Ausarbeitung und zwei Vortr\u00e4ge<\/p>\n<p><span style=\"color: #a3004e;\">Veranstalter:<\/span><\/p>\n<p style=\"padding-left: 30px;\">Dipl.-Inform. Miranda Grahl, Dr. Andreas Hotho, Dipl.-Math. Robert J\u00e4schke, Dipl.-Inform. Christoph Schmitz, Prof. Dr. Gerd Stumme<\/p>\n<p><span style=\"color: #a3004e;\">Ablauf:<\/span><\/p>\n<p style=\"padding-left: 30px;\">In der Regel sollte die Projektarbeit mit Semesterbeginn begonnen werden. Nach 4-6 Wochen findet eine Zwischenpr\u00e4sentation statt, in der der Stand der Projektarbeit vorgestellt wird. In der Regel in der ersten Vorlesungswoche des folgenden Semesters werden dann die Endergebnisse vorgestellt. Eine kurze Beschreibung der Arbeit (5 Seiten) ist 3 Tage vor dem Vortrag einzureichen.<\/p>\n<p style=\"padding-left: 30px;\">Eine Woche nach der Annahme des Themas gibt der Student eine einseitige Beschreibung der Aufgabe, sowie einen Arbeitsplan f\u00fcr das Semester ab. Zur besseren Koordination und Kommunikation wird erwartet, dass der Student bei einem 4(8) SWS-Projekt regelm\u00e4\u00dfig an einem (zwei) Tagen in der Softwarewerkstatt anwesend ist. Der genaue Tag ist in Absprache mit dem Betreuer festzulegen.<\/p>\n<p style=\"padding-left: 30px;\">Als Richtlinie f\u00fcr die Erstellung einer guten Ausarbeitung wird das Buch<\/p>\n<ul>\n<li>Markus Deininger and Horst Lichter and Jochen Ludewig and Kurt Schneider. Studien-Arbeiten: ein Leitfaden zur Vorbereitung, Durchf\u00fchrung und Betreuung von Studien-, Diplom- Abschluss- und Doktorarbeiten am Beispiel Informatik. 5. Auflage. vdf Hochschulverlag, Z\u00fcrich, 2005.<\/li>\n<\/ul>\n<p style=\"padding-left: 30px;\">empfohlen, welches in der Bibliothek im Semesterapparat des Fachgebiets Wissensverarbeitung ausliegt, und welches auch in einigen Exemplaren ausleihbar ist. Wir empfehlen die Anschaffung dieses Buchs (9,50 \u20ac), da es Sie bis zur Masterarbeit (und weiter) begleiten kann.<\/p>\n<p style=\"padding-left: 30px;\">Alle verwendeten Referenzen sind zus\u00e4tzlich zum Literaturverzeichnis der Ausarbeitung in <a class=\"external\" href=\"http:\/\/www.bibsonomy.org\/\" rel=\"nofollow\"><u><span style=\"color: #0066cc;\">http:\/\/www.bibsonomy.org<\/span><\/u><\/a> einzugeben, mit den Tags \u201cprojekt kde < laufendes Semester in der Form ss08 bzw ww08 > \u201d und weiteren sinnvollen Tags.<\/p>\n","protected":false},"excerpt":{"rendered":"<p>In dem Projekt sind noch Pl\u00e4tze frei. Bei Interesse wenden Sie Sich bitte an den jeweiligen Betreuer. Themen: Bei Projekten aus dem Bereich des Semantic Web besch\u00e4ftigen wir uns mit der IT-Unterst\u00fctzung von Kommunikation, Interaktion<a class=\"moretag\" href=\"https:\/\/www.kde.cs.uni-kassel.de\/en\/lehre\/ws2006-07\/projekt\"> Read more&hellip;<\/a><\/p>\n","protected":false},"author":1,"featured_media":0,"parent":913,"menu_order":0,"comment_status":"closed","ping_status":"closed","template":"","meta":{"footnotes":""},"class_list":["post-917","page","type-page","status-publish","hentry"],"translation":{"provider":"WPGlobus","version":"3.0.2","language":"en","enabled_languages":["de","en"],"languages":{"de":{"title":true,"content":true,"excerpt":false},"en":{"title":false,"content":false,"excerpt":false}}},"_links":{"self":[{"href":"https:\/\/www.kde.cs.uni-kassel.de\/en\/wp-json\/wp\/v2\/pages\/917","targetHints":{"allow":["GET"]}}],"collection":[{"href":"https:\/\/www.kde.cs.uni-kassel.de\/en\/wp-json\/wp\/v2\/pages"}],"about":[{"href":"https:\/\/www.kde.cs.uni-kassel.de\/en\/wp-json\/wp\/v2\/types\/page"}],"author":[{"embeddable":true,"href":"https:\/\/www.kde.cs.uni-kassel.de\/en\/wp-json\/wp\/v2\/users\/1"}],"replies":[{"embeddable":true,"href":"https:\/\/www.kde.cs.uni-kassel.de\/en\/wp-json\/wp\/v2\/comments?post=917"}],"version-history":[{"count":1,"href":"https:\/\/www.kde.cs.uni-kassel.de\/en\/wp-json\/wp\/v2\/pages\/917\/revisions"}],"predecessor-version":[{"id":924,"href":"https:\/\/www.kde.cs.uni-kassel.de\/en\/wp-json\/wp\/v2\/pages\/917\/revisions\/924"}],"up":[{"embeddable":true,"href":"https:\/\/www.kde.cs.uni-kassel.de\/en\/wp-json\/wp\/v2\/pages\/913"}],"wp:attachment":[{"href":"https:\/\/www.kde.cs.uni-kassel.de\/en\/wp-json\/wp\/v2\/media?parent=917"}],"curies":[{"name":"wp","href":"https:\/\/api.w.org\/{rel}","templated":true}]}}