{"id":902,"date":"2016-04-04T09:04:00","date_gmt":"2016-04-04T07:04:00","guid":{"rendered":"https:\/\/www.kde.cs.uni-kassel.de\/?page_id=902"},"modified":"2016-04-04T09:04:00","modified_gmt":"2016-04-04T07:04:00","slug":"ki","status":"publish","type":"page","link":"https:\/\/www.kde.cs.uni-kassel.de\/en\/lehre\/ws2007-08\/ki","title":{"rendered":"K\u00fcnstliche Intelligenz"},"content":{"rendered":"<p><span style=\"color: #a3004e;\">Erster Veranstaltungstag:<\/span><\/p>\n<p style=\"padding-left: 30px;\">Dienstag, 23. Oktober 2007<\/p>\n<p><span style=\"color: #a3004e;\"> Ort und Zeit: <\/span><\/p>\n<p style=\"padding-left: 30px;\">Dienstag 16:00 &#8211; 17:30 Uhr in Raum 0443<\/p>\n<p><span style=\"color: #a3004e;\"> <strong>Hinweis:<\/strong><\/span><\/p>\n<p style=\"padding-left: 30px;\">Die \u00dcbung am Mittwoch, 30.1.2008 wird auf Montag, den 4.2.2008 um 12:30 Uhr verschoben. Am Mittwoch, 30.1. findet um 14.00 eine Zusatzvorlesung statt.<\/p>\n<p><span style=\"color: #a3004e;\"> \u00dcbungen: <\/span><\/p>\n<p style=\"padding-left: 30px;\">Mittwoch 14:00 &#8211; 15:30 Uhr, Raum 0443<\/p>\n<p><span style=\"color: #a3004e;\"> Vorkenntnisse: <\/span><\/p>\n<p style=\"padding-left: 30px;\">Informatik Bachelor<\/p>\n<p><span style=\"color: #a3004e;\"> Angesprochener H\u00f6rerInnenkreis: <\/span><\/p>\n<p style=\"padding-left: 30px;\">Master Informatik. Die Vorlesung kann auch im Bachelor Informatik angerechnet werden (ist dann aber nicht mehr f\u00fcr den Master zu verwenden!)<\/p>\n<p><span style=\"color: #a3004e;\">Umfang: <\/span><\/p>\n<p style=\"padding-left: 30px;\">2 SWS Vorlesung und 2 SWS \u00dcbungen. 6 Credits.<\/p>\n<p><span style=\"color: #a3004e;\"> Leistungsnachweis: <\/span><\/p>\n<p style=\"padding-left: 30px;\">Klausur oder m\u00fcndliche Pr\u00fcfung, je nach Teilnehmerzahl. Die Vorlesung kann im Bereich Praktische Informatik und in den Anwendungsgebieten Knowledge &amp; Data Engineerung und Internettechnologien angerechnet werden.<\/p>\n<p><span style=\"color: #a3004e;\"> Veranstalter: <\/span><\/p>\n<p style=\"padding-left: 30px;\"><a href=\"\/stumme\"><u><span style=\"color: #0066cc;\">Prof. Dr. Gerd Stumme<\/span><\/u><\/a><\/p>\n<p><span style=\"color: #a3004e;\"> Inhalt: <\/span><\/p>\n<p style=\"padding-left: 30px;\">Die Veranstaltung zeigt das Spektrum von Methoden der K\u00fcnstlichen Intelligenz f\u00fcr die Verarbeitung von Wissen mit dem Rechner auf. Die Vorlesung gibt einen \u00dcberblick \u00fcber verschiedene Gebiete der Wissensrepr\u00e4sentation und f\u00fchrt hin zu aktuellen Einsatzszenarien wie der Erweiterung des World Wide Web hin zu einem Semantic Web. Ziel ist insbesondere der effiziente Umgang mit Wissen in Internet und Intranet.<\/p>\n<p><span style=\"color: #a3004e;\">Themen: <\/span><\/p>\n<p style=\"padding-left: 30px;\">Probleml\u00f6semethoden, Wissensrepr\u00e4sentation, Inferenz, Unsicherheit, Ontologien, Semantic Web, XML, RDF, OWL, Social Bookmarking Systems, Folksonomies, Anwendungen.<\/p>\n<p><span style=\"color: #a3004e;\"> Literatur: <\/span><\/p>\n<ul>\n<li>Jochen Heinsohn &amp; Rolf Socher-Ambrosius: Wissensverarbeitung, Spektrum Akademischer Verlag 1999<\/li>\n<li>Stuart Russel &amp; Peter Norvig: Artificial Intelligence &#8211; A Modern Approach, Prentice Hall 1995<\/li>\n<li>G\u00fcnther G\u00f6rz (Hrsg.): Einf\u00fchrung in die K\u00fcnstliche Intelligenz, Addison-Wesley 1993<\/li>\n<li>G. Antoniou, F. van Harmelen: A Semantic Web Primer. MIT Press, Cambridge 2004.<\/li>\n<\/ul>\n<p><span style=\"color: #a3004e;\">Weitere Literatur: <\/span><\/p>\n<ul>\n<li><a href=\"http:\/\/www.bibsonomy.org\/tag\/ai\"><u><span style=\"color: #0066cc;\">http:\/\/www.bibsonomy.org\/tag\/ai<\/span><\/u><\/a><\/li>\n<li>Begriffe und Benennungen. Allgemeine Grunds\u00e4tze. DIN 2330. Deutsches Institut f\u00fcr Normung, 1993.<\/li>\n<li>Frank Puppe: Einf\u00fchrung in Expertensysteme, Springer-Verlag 1988<\/li>\n<li>Georg Gottlob (Hrsg.): Expertensysteme, Springer-Verlag 1990<\/li>\n<li>Elaine Rich: Artificial Intelligence, McGraw-Hill 1983<\/li>\n<\/ul>\n<p><span style=\"color: #a3004e;\">Errata:<\/span><\/p>\n<ul>\n<li>Unter A5 auf Folie 36 von Kap. 2 muss g(z) durch g(z&#8217;) ersetzt werden<\/li>\n<\/ul>\n<p><span style=\"color: #a3004e;\">Folien:<\/span><\/p>\n<ul>\n<li>00_Einleitung.pdf <span style=\"color: #a3004e;\"><a href=\"\/lehre\/ws2007-08\/KI\/folien\/00_Einleitung.pdf\"><img decoding=\"async\" src=\"\/images\/pdf.gif\" alt=\"PDF-Download\" \/><\/a> <a href=\"\/lehre\/ws2007-08\/KI\/folien\/4_00_Einleitung.pdf\"><img decoding=\"async\" src=\"\/images\/pdf_4.gif\" alt=\"PDF-Download (4 in 1)\" \/><\/a><\/span><\/li>\n<li>01_Methoden_und_Techniken.pdf <a href=\"\/lehre\/ws2007-08\/KI\/folien\/01_Methoden_und_Techniken.pdf\"><img decoding=\"async\" src=\"\/images\/pdf.gif\" alt=\"PDF-Download\" \/><\/a> <a href=\"\/lehre\/ws2007-08\/KI\/folien\/4_01_Methoden_und_Techniken.pdf\"><img decoding=\"async\" src=\"\/images\/pdf_4.gif\" alt=\"PDF-Download (4 in 1)\" \/><\/a><\/li>\n<li>02_Suche.pdf <a href=\"\/lehre\/ws2007-08\/KI\/folien\/02_Suche.pdf\"><img decoding=\"async\" src=\"\/images\/pdf.gif\" alt=\"PDF-Download\" \/><\/a> <a href=\"\/lehre\/ws2007-08\/KI\/folien\/4_02_Suche.pdf\"><img decoding=\"async\" src=\"\/images\/pdf_4.gif\" alt=\"PDF-Download (4 in 1)\" \/><\/a><\/li>\n<li>03_Constraints.pdf <a href=\"\/lehre\/ws2007-08\/KI\/folien\/03_Constraints.pdf\"><img decoding=\"async\" src=\"\/images\/pdf.gif\" alt=\"PDF-Download\" \/><\/a> <a href=\"\/lehre\/ws2007-08\/KI\/folien\/4_03_Constraints.pdf\"><img decoding=\"async\" src=\"\/images\/pdf_4.gif\" alt=\"PDF-Download (4 in 1)\" \/><\/a><\/li>\n<li>04-KR-Einfuehrung.pdf <a href=\"\/lehre\/ws2007-08\/KI\/folien\/04-KR-Einfuehrung.pdf\"><img decoding=\"async\" src=\"\/images\/pdf.gif\" alt=\"PDF-Download\" \/><\/a> <a href=\"\/lehre\/ws2007-08\/KI\/folien\/4_04-KR-Einfuehrung.pdf\"><img decoding=\"async\" src=\"\/images\/pdf_4.gif\" alt=\"PDF-Download (4 in 1)\" \/><\/a><\/li>\n<li>05-Neuronale_Netze.pdf <a href=\"\/lehre\/ws2007-08\/KI\/folien\/05-Neuronale_Netze.pdf\"><img decoding=\"async\" src=\"\/images\/pdf.gif\" alt=\"PDF-Download\" \/><\/a> <a href=\"\/lehre\/ws2007-08\/KI\/folien\/4_05-Neuronale_Netze.pdf\"><img decoding=\"async\" src=\"\/images\/pdf_4.gif\" alt=\"PDF-Download (4 in 1)\" \/><\/a><\/li>\n<li>06_Logik.pdf <a href=\"\/lehre\/ws2007-08\/KI\/folien\/06_Logik.pdf\"><img decoding=\"async\" src=\"\/images\/pdf.gif\" alt=\"PDF-Download\" \/><\/a> <a href=\"\/lehre\/ws2007-08\/KI\/folien\/4_06_Logik.pdf\"><img decoding=\"async\" src=\"\/images\/pdf_4.gif\" alt=\"PDF-Download (4 in 1)\" \/><\/a><\/li>\n<li>07_Unsicherheit_Vagheit.pdf <a href=\"\/lehre\/ws2007-08\/KI\/folien\/07_Unsicherheit_Vagheit.pdf\"><img decoding=\"async\" src=\"\/images\/pdf.gif\" alt=\"PDF-Download\" \/><\/a> <a href=\"\/lehre\/ws2007-08\/KI\/folien\/4_07_Unsicherheit_Vagheit.pdf\"><img decoding=\"async\" src=\"\/images\/pdf_4.gif\" alt=\"PDF-Download (4 in 1)\" \/><\/a><\/li>\n<li>08_SemantischeNetze_BegrifflicheGraphen.pdf <a href=\"\/lehre\/ws2007-08\/KI\/folien\/08_SemantischeNetze_BegrifflicheGraphen.pdf\"><img decoding=\"async\" src=\"\/images\/pdf.gif\" alt=\"PDF-Download\" \/><\/a> <a href=\"\/lehre\/ws2007-08\/KI\/folien\/4_08_SemantischeNetze_BegrifflicheGraphen.pdf\"><img decoding=\"async\" src=\"\/images\/pdf_4.gif\" alt=\"PDF-Download (4 in 1)\" \/><\/a><\/li>\n<li>09_Frames.pdf <a href=\"\/lehre\/ws2007-08\/KI\/folien\/09_Frames.pdf\"><img decoding=\"async\" src=\"\/images\/pdf.gif\" alt=\"PDF-Download\" \/><\/a> <a href=\"\/lehre\/ws2007-08\/KI\/folien\/4_09_Frames.pdf\"><img decoding=\"async\" src=\"\/images\/pdf_4.gif\" alt=\"PDF-Download (4 in 1)\" \/><\/a><\/li>\n<li>10_Beschreibungslogiken.pdf <a href=\"\/lehre\/ws2007-08\/KI\/folien\/10_Beschreibungslogiken.pdf\"><img decoding=\"async\" src=\"\/images\/pdf.gif\" alt=\"PDF-Download\" \/><\/a> <a href=\"\/lehre\/ws2007-08\/KI\/folien\/4_10_Beschreibungslogiken.pdf\"><img decoding=\"async\" src=\"\/images\/pdf_4.gif\" alt=\"PDF-Download (4 in 1)\" \/><\/a><\/li>\n<li>11_SemanticWeb.pdf <a href=\"\/lehre\/ws2007-08\/KI\/folien\/11_SemanticWeb.pdf\"><img decoding=\"async\" src=\"\/images\/pdf.gif\" alt=\"PDF-Download\" \/><\/a> <a href=\"\/lehre\/ws2007-08\/KI\/folien\/4_11_SemanticWeb.pdf\"><img decoding=\"async\" src=\"\/images\/pdf_4.gif\" alt=\"PDF-Download (4 in 1)\" \/><\/a><\/li>\n<\/ul>\n<p><span style=\"color: #a3004e;\">\u00dcbungsaufgaben:<\/span><\/p>\n<ul>\n<li><span style=\"color: #a3004e;\"><a href=\"\/lehre\/ws2007-08\/KI\/uebung\/uebung01.pdf\"><u><span style=\"color: #0066cc;\">1. \u00dcbung <img decoding=\"async\" src=\"\/images\/pdf.gif\" alt=\"PDF-Download\" \/><\/span><\/u><\/a><\/span><\/li>\n<li><a href=\"\/lehre\/ws2007-08\/KI\/uebung\/uebung02.pdf\"><u><span style=\"color: #0066cc;\">2. \u00dcbung <img decoding=\"async\" src=\"\/images\/pdf.gif\" alt=\"PDF-Download\" \/><\/span><\/u><\/a><\/li>\n<li><a href=\"\/lehre\/ws2007-08\/KI\/uebung\/uebung03.pdf\"><u><span style=\"color: #0066cc;\">3. \u00dcbung <img decoding=\"async\" src=\"\/images\/pdf.gif\" alt=\"PDF-Download\" \/><\/span><\/u><\/a><\/li>\n<li><a href=\"\/lehre\/ws2007-08\/KI\/uebung\/uebung04.pdf\"><u><span style=\"color: #0066cc;\">4. \u00dcbung <img decoding=\"async\" src=\"\/images\/pdf.gif\" alt=\"PDF-Download\" \/><\/span><\/u><\/a><\/li>\n<li><a href=\"\/lehre\/ws2007-08\/KI\/uebung\/uebung05.pdf\"><u><span style=\"color: #0066cc;\">5. \u00dcbung <img decoding=\"async\" src=\"\/images\/pdf.gif\" alt=\"PDF-Download\" \/><\/span><\/u><\/a><\/li>\n<li><a href=\"\/lehre\/ws2007-08\/KI\/uebung\/uebung06.pdf\"><u><span style=\"color: #0066cc;\">6. \u00dcbung <img decoding=\"async\" src=\"\/images\/pdf.gif\" alt=\"PDF-Download\" \/><\/span><\/u><\/a><\/li>\n<li><a href=\"\/lehre\/ws2007-08\/KI\/uebung\/uebung07.pdf\"><u><span style=\"color: #0066cc;\">7. \u00dcbung <img decoding=\"async\" src=\"\/images\/pdf.gif\" alt=\"PDF-Download\" \/><\/span><\/u><\/a><\/li>\n<li><a href=\"\/lehre\/ws2007-08\/KI\/uebung\/uebung08.pdf\"><u><span style=\"color: #0066cc;\">8. \u00dcbung <img decoding=\"async\" src=\"\/images\/pdf.gif\" alt=\"PDF-Download\" \/><\/span><\/u><\/a><\/li>\n<li><a href=\"\/lehre\/ws2007-08\/KI\/uebung\/uebung09.pdf\"><u><span style=\"color: #0066cc;\">9. \u00dcbung <img decoding=\"async\" src=\"\/images\/pdf.gif\" alt=\"PDF-Download\" \/><\/span><\/u><\/a><\/li>\n<li><a href=\"\/lehre\/ws2007-08\/KI\/uebung\/uebung10.pdf\"><u><span style=\"color: #0066cc;\">10. \u00dcbung <img decoding=\"async\" src=\"\/images\/pdf.gif\" alt=\"PDF-Download\" \/><\/span><\/u><\/a><\/li>\n<li><a href=\"\/lehre\/ws2007-08\/KI\/uebung\/uebung11.pdf\"><u><span style=\"color: #0066cc;\">11. \u00dcbung <img decoding=\"async\" src=\"\/images\/pdf.gif\" alt=\"PDF-Download\" \/><\/span><\/u><\/a><\/li>\n<\/ul>\n<p><span style=\"color: #a3004e;\">L\u00f6sungsvorschl\u00e4ge:<\/span><\/p>\n<ul>\n<li><u><span style=\"color: #0066cc;\">1. \u00dcbung <img decoding=\"async\" src=\"\/images\/pdf.gif\" alt=\"PDF-Download\" \/><\/span><\/u><\/li>\n<li><a href=\"\/lehre\/ws2007-08\/KI\/uebung\/loesung02.pdf\"><u><span style=\"color: #0066cc;\"> 2. \u00dcbung <img decoding=\"async\" src=\"\/images\/pdf.gif\" alt=\"PDF-Download\" \/><\/span><\/u><\/a><\/li>\n<li><a href=\"\/lehre\/ws2007-08\/KI\/uebung\/loesung03.pdf\"><u><span style=\"color: #0066cc;\"> 3. \u00dcbung <img decoding=\"async\" src=\"\/images\/pdf.gif\" alt=\"PDF-Download\" \/><\/span><\/u><\/a><\/li>\n<li><a href=\"\/lehre\/ws2007-08\/KI\/uebung\/loesung04.pdf\"><u><span style=\"color: #0066cc;\"> 4. \u00dcbung <img decoding=\"async\" src=\"\/images\/pdf.gif\" alt=\"PDF-Download\" \/><\/span><\/u><\/a><\/li>\n<li><a href=\"\/lehre\/ws2007-08\/KI\/uebung\/loesung05.pdf\"><u><span style=\"color: #0066cc;\"> 5. \u00dcbung <img decoding=\"async\" src=\"\/images\/pdf.gif\" alt=\"PDF-Download\" \/><\/span><\/u><\/a><\/li>\n<li><a href=\"\/lehre\/ws2007-08\/KI\/uebung\/loesung06.pdf\"><u><span style=\"color: #0066cc;\"> 6. \u00dcbung <img decoding=\"async\" src=\"\/images\/pdf.gif\" alt=\"PDF-Download\" \/><\/span><\/u><\/a><\/li>\n<li><a href=\"\/lehre\/ws2007-08\/KI\/uebung\/loesung07.pdf\"><u><span style=\"color: #0066cc;\"> 7. \u00dcbung <img decoding=\"async\" src=\"\/images\/pdf.gif\" alt=\"PDF-Download\" \/><\/span><\/u><\/a><\/li>\n<li><a href=\"\/lehre\/ws2007-08\/KI\/uebung\/loesung08.pdf\"><u><span style=\"color: #0066cc;\"> 8. \u00dcbung <img decoding=\"async\" src=\"\/images\/pdf.gif\" alt=\"PDF-Download\" \/><\/span><\/u><\/a><\/li>\n<li><a href=\"\/lehre\/ws2007-08\/KI\/uebung\/loesung09.pdf\"><u><span style=\"color: #0066cc;\"> 9. \u00dcbung <img decoding=\"async\" src=\"\/images\/pdf.gif\" alt=\"PDF-Download\" \/><\/span><\/u><\/a><\/li>\n<li><a href=\"\/lehre\/ws2007-08\/KI\/uebung\/loesung10.pdf\"><u><span style=\"color: #0066cc;\"> 10. \u00dcbung <img decoding=\"async\" src=\"\/images\/pdf.gif\" alt=\"PDF-Download\" \/><\/span><\/u><\/a><\/li>\n<li><a href=\"\/lehre\/ws2007-08\/KI\/uebung\/loesung11.pdf\"><u><span style=\"color: #0066cc;\"> 11. \u00dcbung <img decoding=\"async\" src=\"\/images\/pdf.gif\" alt=\"PDF-Download\" \/><\/span><\/u><\/a><\/li>\n<\/ul>\n","protected":false},"excerpt":{"rendered":"<p>Erster Veranstaltungstag: Dienstag, 23. Oktober 2007 Ort und Zeit: Dienstag 16:00 &#8211; 17:30 Uhr in Raum 0443 Hinweis: Die \u00dcbung am Mittwoch, 30.1.2008 wird auf Montag, den 4.2.2008 um 12:30 Uhr verschoben. Am Mittwoch, 30.1.<a class=\"moretag\" href=\"https:\/\/www.kde.cs.uni-kassel.de\/en\/lehre\/ws2007-08\/ki\"> Read more&hellip;<\/a><\/p>\n","protected":false},"author":1,"featured_media":0,"parent":896,"menu_order":0,"comment_status":"closed","ping_status":"closed","template":"","meta":{"footnotes":""},"class_list":["post-902","page","type-page","status-publish","hentry"],"translation":{"provider":"WPGlobus","version":"3.0.2","language":"en","enabled_languages":["de","en"],"languages":{"de":{"title":true,"content":true,"excerpt":false},"en":{"title":false,"content":false,"excerpt":false}}},"_links":{"self":[{"href":"https:\/\/www.kde.cs.uni-kassel.de\/en\/wp-json\/wp\/v2\/pages\/902","targetHints":{"allow":["GET"]}}],"collection":[{"href":"https:\/\/www.kde.cs.uni-kassel.de\/en\/wp-json\/wp\/v2\/pages"}],"about":[{"href":"https:\/\/www.kde.cs.uni-kassel.de\/en\/wp-json\/wp\/v2\/types\/page"}],"author":[{"embeddable":true,"href":"https:\/\/www.kde.cs.uni-kassel.de\/en\/wp-json\/wp\/v2\/users\/1"}],"replies":[{"embeddable":true,"href":"https:\/\/www.kde.cs.uni-kassel.de\/en\/wp-json\/wp\/v2\/comments?post=902"}],"version-history":[{"count":1,"href":"https:\/\/www.kde.cs.uni-kassel.de\/en\/wp-json\/wp\/v2\/pages\/902\/revisions"}],"predecessor-version":[{"id":904,"href":"https:\/\/www.kde.cs.uni-kassel.de\/en\/wp-json\/wp\/v2\/pages\/902\/revisions\/904"}],"up":[{"embeddable":true,"href":"https:\/\/www.kde.cs.uni-kassel.de\/en\/wp-json\/wp\/v2\/pages\/896"}],"wp:attachment":[{"href":"https:\/\/www.kde.cs.uni-kassel.de\/en\/wp-json\/wp\/v2\/media?parent=902"}],"curies":[{"name":"wp","href":"https:\/\/api.w.org\/{rel}","templated":true}]}}