{"id":901,"date":"2016-04-04T09:08:10","date_gmt":"2016-04-04T07:08:10","guid":{"rendered":"https:\/\/www.kde.cs.uni-kassel.de\/?page_id=901"},"modified":"2018-01-31T00:25:15","modified_gmt":"2018-01-30T23:25:15","slug":"ir","status":"publish","type":"page","link":"https:\/\/www.kde.cs.uni-kassel.de\/en\/lehre\/ws2007-08\/ir","title":{"rendered":"Internet-Suchmaschinen"},"content":{"rendered":"<p><strong>04.12.2007.<\/strong> Die Vorlesung Information Retrieval am 4.12.07 wird auf Donnerstag, 6.12.07, 8:30 Uhr verschoben. Die f\u00fcr Donnerstag geplante Praxis\u00fcbung f\u00e4llt damit aus. Fragen zur Praxis\u00fcbung k\u00f6nnen im Anschlu\u00df an die Vorlesung oder nach Absprache mit Beate Krause besprochen werden.<\/p>\n<p><strong>30.10.2007.<\/strong> Die Regelung f\u00fcr die Praxis\u00fcbung wurde ver\u00e4ndert. Die Teilnahme an der Praxis\u00fcbung ist nicht mehr Voraussetzung f\u00fcr die Teilnahme an der Pr\u00fcfung. (Sie wird dennoch stark empfohlen!) Neue Regelung: Die rechtzeitige Abgabe je einer funktionierenden L\u00f6sung f\u00fcr mindestens vier der sechs Praxisaufgaben (oder f\u00fcr alle sechs Aufgaben bei Abgabe bis eine Woche vor der Pr\u00fcfung) gibt einen Notenbonus von 0,3 Notenschritten, sofern die Pr\u00fcfung bestanden wurde. Eine Note besser als 1,0 wird nicht vergeben.<\/p>\n<p><span style=\"color: #a3004e;\">Erster Veranstaltungstag:<\/span><\/p>\n<p style=\"padding-left: 30px;\">Dienstag, 23. Oktober 2007<\/p>\n<p><span style=\"color: #a3004e;\"> Ort und Zeit: <\/span><\/p>\n<p style=\"padding-left: 30px;\">Dienstag, 14:00 &#8211; 15:30 Uhr in Raum 0443.<\/p>\n<p><span style=\"color: #a3004e;\"> \u00dcbungen: <\/span><\/p>\n<p style=\"padding-left: 30px;\">Donnerstag, 8:15 &#8211; 9:45 Uhr in Raum 0443 (erste \u00dcbung am 1.11.07)<\/p>\n<p><span style=\"color: #a3004e;\"> Vorkenntnisse: <\/span><\/p>\n<p style=\"padding-left: 30px;\">Informatik Grundstudium<\/p>\n<p><span style=\"color: #a3004e;\"> Angesprochener H\u00f6rerInnenkreis: <\/span><\/p>\n<p style=\"padding-left: 30px;\">Informatik Bachelor\/Diplom I ab 4. Sem., Mathematik Nebenfach<\/p>\n<p><span style=\"color: #a3004e;\"> Leistungsnachweis: <\/span><\/p>\n<p style=\"padding-left: 30px;\">Klausur oder m\u00fcndliche Pr\u00fcfung, je nach Teilnehmerzahl. Die Vorlesung kann im Bereich Praktische Informatik sowie in den Anwendungsgebieten Knowledge &amp; Data Engineering und Internet-Technologien angerechnet werden.<\/p>\n<p><span style=\"color: #a3004e;\"> Veranstalter: <\/span><\/p>\n<p style=\"padding-left: 30px;\"><a href=\"\/hotho\"><u><span style=\"color: #0066cc;\">Dr. Andreas Hotho<\/span><\/u><\/a>, <a href=\"\/stumme\/\"><u><span style=\"color: #0066cc;\">Prof. Dr. Gerd Stumme<\/span><\/u><\/a><\/p>\n<p><span style=\"color: #a3004e;\"> Inhalt: <\/span><\/p>\n<p style=\"padding-left: 30px;\">Die Vorlesung gibt eine Einf\u00fchrung in das Gebiet des Information Retrievals. Unter Information Retrieval versteht man das Finden von Informationen, wobei man dies h\u00e4ufig auf das Finden von Dokumenten, die die relevanten Informationen beinhalten, beschr\u00e4nkt. In der Vorlesung werden neben den inhaltlichen Konzepten, die hinter bekannten Suchmaschinen wie z.B. Google stehen, auch Ideen der effizienten Implementierung solcher Systeme eingef\u00fchrt.<\/p>\n<p><span style=\"color: #a3004e;\">Literatur zur Vorlesung:<\/span><\/p>\n<p style=\"padding-left: 30px;\"><a href=\"\/lehre\/ws2007-08\/IR\/literature\"><u><span style=\"color: #0066cc;\">Webseite mit Literatur<\/span><\/u><\/a><\/p>\n<p><span style=\"color: #a3004e;\"> Zus\u00e4tzliche Online-Resourcen (aus dem <a href=\"http:\/\/www.bibsonomy.org\/rss\/group\/kde\/ir+lecture\"><u><span style=\"color: #0066cc;\">RSS-Feed<\/span><\/u><\/a> von <a href=\"http:\/\/www.bibsonomy.org\/grou\/kde\/ir+lecture\"><u><span style=\"color: #0066cc;\">BibSonomy<\/span><\/u><\/a>):<\/span><\/p>\n<ul>\n<li><a href=\"\/lehre\/ss2005\/googlespam\/\"><u><span style=\"color: #0066cc;\">Seminar: Internet-Suchmaschinen oder die Hommingberger Gepardenforelle<\/span><\/u><\/a><\/li>\n<li><a href=\"http:\/\/rakaposhi.eas.asu.edu\/cse494\/\"><u><span style=\"color: #0066cc;\">CSE 494\/\/598 Information Retrieval, Mining and Integration on the Internet<\/span><\/u><\/a><\/li>\n<li><a href=\"http:\/\/lit.csci.unt.edu\/~classes\/CSCE5200\/\"><u><span style=\"color: #0066cc;\">CSCE 5200: Information Retrieval and Web Search<\/span><\/u><\/a><\/li>\n<li><a href=\"http:\/\/www.cl.cam.ac.uk\/teaching\/current\/InfoRtrv\/\"><u><span style=\"color: #0066cc;\">Computer Laboratory &#8211; Information Retrieval<\/span><\/u><\/a><\/li>\n<li><a href=\"http:\/\/www.apl.jhu.edu\/~paulmac\/ir.html\"><u><span style=\"color: #0066cc;\">605.744: Information Retrieval<\/span><\/u><\/a><\/li>\n<li><a href=\"http:\/\/www-csli.stanford.edu\/~schuetze\/information-retrieval-book.html\"><u><span style=\"color: #0066cc;\">Introduction to Information Retrieval<\/span><\/u><\/a><\/li>\n<li><a href=\"http:\/\/www.is.informatik.uni-duisburg.de\/courses\/ir_ss06\/index.html.en\"><u><span style=\"color: #0066cc;\">Information Retrieval &#8211; Lecture, Summer 2006<\/span><\/u><\/a><\/li>\n<li><a href=\"http:\/\/www.cs.cornell.edu\/courses\/cs430\/2004fa\/readings.html\"><u><span style=\"color: #0066cc;\">CS430\/INFO430: Information Retrieval<\/span><\/u><\/a><\/li>\n<li><a href=\"http:\/\/www.cs.cornell.edu\/courses\/cs685\/2006sp\/\"><u><span style=\"color: #0066cc;\">The Structure of Information Networks (Jon Kleinberg)<\/span><\/u><\/a><\/li>\n<li><a href=\"http:\/\/www.google.com\/search?hl=en&amp;hs=6TF&amp;lr=&amp;client=opera&amp;rls=en&amp;defl=en&amp;q=define:Information+Retrieval&amp;sa=X&amp;oi=glossary_definition&amp;ct=title\"><u><span style=\"color: #0066cc;\">define:Information Retrieval &#8211; Google Search<\/span><\/u><\/a><\/li>\n<\/ul>\n<p><span style=\"color: #a3004e;\">Aktuelle Suchmaschinen (aus dem <a style=\"color: #a3004e;\" href=\"http:\/\/www.bibsonomy.org\/rss\/tag\/suchmaschinen\"><u>RSS-Feed<\/u><\/a> von <a style=\"color: #a3004e;\" href=\"http:\/\/www.bibsonomy.org\/tag\/suchmaschinen\"><u>BibSonomy<\/u><\/a>):<\/span><\/p>\n<ul>\n<li><a href=\"http:\/\/www.technorati.com\/\"><u><span style=\"color: #0066cc;\">Technorati: Front Page<\/span><\/u><\/a><\/li>\n<li><a href=\"http:\/\/www.scirus.com\/\"><u><span style=\"color: #0066cc;\">Scirus &#8211; for scientific information<\/span><\/u><\/a><\/li>\n<li><a href=\"http:\/\/doggdot.us\/\"><u><span style=\"color: #0066cc;\">doggdot.us<\/span><\/u><\/a><\/li>\n<li><a href=\"http:\/\/de.reddit.com\/\"><u><span style=\"color: #0066cc;\">reddit.com: Was gibt&#8217;s neues online!<\/span><\/u><\/a><\/li>\n<li><a href=\"http:\/\/www.dmoz.org\/\"><u><span style=\"color: #0066cc;\">ODP &#8211; Open Directory Project<\/span><\/u><\/a><\/li>\n<li><a href=\"http:\/\/ma.gnolia.com\/#\"><u><span style=\"color: #0066cc;\">Ma.gnolia.com &#8211; Find Web Sites &amp; Build Community Online<\/span><\/u><\/a><\/li>\n<li><a href=\"http:\/\/scholarlypublishing.org\/jpwilkin\/archives\/6\"><u><span style=\"color: #0066cc;\">John Wilkin\u2019s blog \u00bb Metasearch vs. Google Scholar<\/span><\/u><\/a><\/li>\n<li><a href=\"http:\/\/googlewebmastercentral.blogspot.com\/2008\/04\/crawling-through-html-forms.html\"><u><span style=\"color: #0066cc;\">Official Google Webmaster Central Blog: Crawling through HTML forms<\/span><\/u><\/a><\/li>\n<li><a href=\"http:\/\/www.seomoz.org\/article\/search-ranking-factors\"><u><span style=\"color: #0066cc;\">SEOmoz | Google Search Engine Ranking FactorsV2<\/span><\/u><\/a><\/li>\n<li><a href=\"http:\/\/infokanal.zdf.de\/ZDFde\/inhalt\/17\/0,1872,3991185_idDispatch:7529708,00.html?dr=1\"><u><span style=\"color: #0066cc;\">ZDF-Dokumentation \u201eDie Welt ist eine Google\u201c<\/span><\/u><\/a><\/li>\n<\/ul>\n<p><span style=\"color: #a3004e;\">Glossar:<\/span><\/p>\n<p style=\"padding-left: 30px;\">Zum Buch <a href=\"http:\/\/www.sims.berkeley.edu\/~hearst\/irbook\/glossary.html\"><u><span style=\"color: #0066cc;\">Modern Information Retrieval<\/span><\/u><\/a> gibt es einen <a href=\"http:\/\/www.sims.berkeley.edu\/~hearst\/irbook\/glossary.html\"><u><span style=\"color: #0066cc;\">Glossar<\/span><\/u><\/a>.<\/p>\n<p><span style=\"color: #a3004e;\"> Folien:<\/span><\/p>\n<ul>\n<li>01_Einfuehrung_IR.pdf<span style=\"color: #a3004e;\"> <a href=\"\/lehre\/ws2007-08\/IR\/folien\/01_Einfuehrung_IR.pdf\"><img decoding=\"async\" src=\"\/images\/pdf.gif\" alt=\"PDF-Download\" \/><\/a> <a href=\"\/lehre\/ws2007-08\/IR\/folien\/4Folie_01_Einfuehrung_IR.pdf\"><img decoding=\"async\" src=\"\/images\/pdf_4.gif\" alt=\"PDF-Download (4 in 1)\" \/><\/a><\/span><\/li>\n<li>02_IR-Modelle.pdf <a href=\"\/lehre\/ws2007-08\/IR\/folien\/02_IR-Modelle.pdf\"><img decoding=\"async\" src=\"\/images\/pdf.gif\" alt=\"PDF-Download\" \/><\/a> <a href=\"\/lehre\/ws2007-08\/IR\/folien\/4Folie_02_IR-Modelle.pdf\"><img decoding=\"async\" src=\"\/images\/pdf_4.gif\" alt=\"PDF-Download (4 in 1)\" \/><\/a><\/li>\n<li>03_Implementierung.pdf <a href=\"\/lehre\/ws2007-08\/IR\/folien\/03_Implementierung.pdf\"><img decoding=\"async\" src=\"\/images\/pdf.gif\" alt=\"PDF-Download\" \/><\/a> <a href=\"\/lehre\/ws2007-08\/IR\/folien\/4Folie_03_Implementierung.pdf\"><img decoding=\"async\" src=\"\/images\/pdf_4.gif\" alt=\"PDF-Download (4 in 1)\" \/><\/a><\/li>\n<li>04_Evaluierung.pdf <a href=\"\/lehre\/ws2007-08\/IR\/folien\/04_Evaluierung.pdf\"><img decoding=\"async\" src=\"\/images\/pdf.gif\" alt=\"PDF-Download\" \/><\/a> <a href=\"\/lehre\/ws2007-08\/IR\/folien\/4Folie_04_Evaluierung.pdf\"><img decoding=\"async\" src=\"\/images\/pdf_4.gif\" alt=\"PDF-Download (4 in 1)\" \/><\/a><\/li>\n<li>05_Anfrageoperationen.pdf <a href=\"\/lehre\/ws2007-08\/IR\/folien\/05_Anfrageoperationen.pdf\"><img decoding=\"async\" src=\"\/images\/pdf.gif\" alt=\"PDF-Download\" \/><\/a> <a href=\"\/lehre\/ws2007-08\/IR\/folien\/4Folie_05_Anfrageoperationen.pdf\"><img decoding=\"async\" src=\"\/images\/pdf_4.gif\" alt=\"PDF-Download (4 in 1)\" \/><\/a><\/li>\n<li>06_WeitereAnfrageparadigmen.pdf <a href=\"\/lehre\/ws2007-08\/IR\/folien\/06_WeitereAnfrageparadigmen.pdf\"><img decoding=\"async\" src=\"\/images\/pdf.gif\" alt=\"PDF-Download\" \/><\/a> <a href=\"\/lehre\/ws2007-08\/IR\/folien\/4Folie_06_WeitereAnfrageparadigmen.pdf\"><img decoding=\"async\" src=\"\/images\/pdf_4.gif\" alt=\"PDF-Download (4 in 1)\" \/><\/a><\/li>\n<li>07_StrukturelleAnfragen.pdf <a href=\"\/lehre\/ws2007-08\/IR\/folien\/07_StrukturelleAnfragen.pdf\"><img decoding=\"async\" src=\"\/images\/pdf.gif\" alt=\"PDF-Download\" \/><\/a> <a href=\"\/lehre\/ws2007-08\/IR\/folien\/4Folie_07_StrukturelleAnfragen.pdf\"><img decoding=\"async\" src=\"\/images\/pdf_4.gif\" alt=\"PDF-Download (4 in 1)\" \/><\/a><\/li>\n<li>08_Texteigenschaften.pdf <a href=\"\/lehre\/ws2007-08\/IR\/folien\/08_Texteigenschaften.pdf\"><img decoding=\"async\" src=\"\/images\/pdf.gif\" alt=\"PDF-Download\" \/><\/a> <a href=\"\/lehre\/ws2007-08\/IR\/folien\/4Folie_08_Texteigenschaften.pdf\"><img decoding=\"async\" src=\"\/images\/pdf_4.gif\" alt=\"PDF-Download (4 in 1)\" \/><\/a><\/li>\n<li>09_Web-Suche.pdf <a href=\"\/lehre\/ws2007-08\/IR\/folien\/09_Web-Suche.pdf\"><img decoding=\"async\" src=\"\/images\/pdf.gif\" alt=\"PDF-Download\" \/><\/a> <a href=\"\/lehre\/ws2007-08\/IR\/folien\/4Folie_09_Web-Suche.pdf\"><img decoding=\"async\" src=\"\/images\/pdf_4.gif\" alt=\"PDF-Download (4 in 1)\" \/><\/a><\/li>\n<li>11_WebInterfaces.pdf <a href=\"\/lehre\/ws2007-08\/IR\/folien\/11_WebInterfaces.pdf\"><img decoding=\"async\" src=\"\/images\/pdf.gif\" alt=\"PDF-Download\" \/><\/a> <a href=\"\/lehre\/ws2007-08\/IR\/folien\/4Folie_11_WebInterfaces.pdf\"><img decoding=\"async\" src=\"\/images\/pdf_4.gif\" alt=\"PDF-Download (4 in 1)\" \/><\/a><\/li>\n<li>10_Spidering.pdf <a href=\"\/lehre\/ws2007-08\/IR\/folien\/10_Spidering.pdf\"><img decoding=\"async\" src=\"\/images\/pdf.gif\" alt=\"PDF-Download\" \/><\/a> <a href=\"\/lehre\/ws2007-08\/IR\/folien\/4Folie_10_Spidering.pdf\"><img decoding=\"async\" src=\"\/images\/pdf_4.gif\" alt=\"PDF-Download (4 in 1)\" \/><\/a><\/li>\n<li>12_LinkAnalyse.pdf <a href=\"\/lehre\/ws2007-08\/IR\/folien\/12_LinkAnalyse.pdf\"><img decoding=\"async\" src=\"\/images\/pdf.gif\" alt=\"PDF-Download\" \/><\/a> <a href=\"\/lehre\/ws2007-08\/IR\/folien\/4Folie_12_LinkAnalyse.pdf\"><img decoding=\"async\" src=\"\/images\/pdf_4.gif\" alt=\"PDF-Download (4 in 1)\" \/><\/a><\/li>\n<li>13_Recommender_Teil1.pdf <a href=\"\/lehre\/ws2007-08\/IR\/folien\/13_Recommender_Teil1.pdf\"><img decoding=\"async\" src=\"\/images\/pdf.gif\" alt=\"PDF-Download\" \/><\/a> <a href=\"\/lehre\/ws2007-08\/IR\/folien\/4Folie_13_Recommender_Teil1.pdf\"><img decoding=\"async\" src=\"\/images\/pdf_4.gif\" alt=\"PDF-Download (4 in 1)\" \/><\/a><\/li>\n<li>13_Recommender_Teil2.pdf <a href=\"\/lehre\/ws2007-08\/IR\/folien\/13_Recommender_Teil2.pdf\"><img decoding=\"async\" src=\"\/images\/pdf.gif\" alt=\"PDF-Download\" \/><\/a> <a href=\"\/lehre\/ws2007-08\/IR\/folien\/4Folie_13_Recommender_Teil2.pdf\"><img decoding=\"async\" src=\"\/images\/pdf_4.gif\" alt=\"PDF-Download (4 in 1)\" \/><\/a><\/li>\n<li>14_TextCategorization.pdf <a href=\"\/lehre\/ws2007-08\/IR\/folien\/14_TextCategorization.pdf\"><img decoding=\"async\" src=\"\/images\/pdf.gif\" alt=\"PDF-Download\" \/><\/a> <a href=\"\/lehre\/ws2007-08\/IR\/folien\/4Folie_14_TextCategorization.pdf\"><img decoding=\"async\" src=\"\/images\/pdf_4.gif\" alt=\"PDF-Download (4 in 1)\" \/><\/a><\/li>\n<li>15_TextClustering.pdf <a href=\"\/lehre\/ws2007-08\/IR\/folien\/15_TextClustering.pdf\"><img decoding=\"async\" src=\"\/images\/pdf.gif\" alt=\"PDF-Download\" \/><\/a> <a href=\"\/lehre\/ws2007-08\/IR\/folien\/4Folie_15_TextClustering.pdf\"><img decoding=\"async\" src=\"\/images\/pdf_4.gif\" alt=\"PDF-Download (4 in 1)\" \/><\/a><\/li>\n<li>16_InformationExtraction.pdf <a href=\"\/lehre\/ws2007-08\/IR\/folien\/16_InformationExtraction.pdf\"><img decoding=\"async\" src=\"\/images\/pdf.gif\" alt=\"PDF-Download\" \/><\/a> <a href=\"\/lehre\/ws2007-08\/IR\/folien\/4Folie_16_InformationExtraction.pdf\"><img decoding=\"async\" src=\"\/images\/pdf_4.gif\" alt=\"PDF-Download (4 in 1)\" \/><\/a><\/li>\n<li>17_aktuelle_suchmaschinen.pdf <a href=\"\/lehre\/ws2007-08\/IR\/folien\/17_aktuelle_suchmaschinen.pdf\"><img decoding=\"async\" src=\"\/images\/pdf.gif\" alt=\"PDF-Download\" \/><\/a> <a href=\"\/lehre\/ws2007-08\/IR\/folien\/4Folie_17_aktuelle_suchmaschinen.pdf\"><img decoding=\"async\" src=\"\/images\/pdf_4.gif\" alt=\"PDF-Download (4 in 1)\" \/><\/a><\/li>\n<\/ul>\n<p>\u00dcbung:<\/p>\n<p style=\"padding-left: 30px;\"><a href=\"\/IR\/uebungen\"><u><span style=\"color: #0066cc;\">Webseite zur \u00dcbung<\/span><\/u><\/a><\/p>\n","protected":false},"excerpt":{"rendered":"<p>04.12.2007. Die Vorlesung Information Retrieval am 4.12.07 wird auf Donnerstag, 6.12.07, 8:30 Uhr verschoben. Die f\u00fcr Donnerstag geplante Praxis\u00fcbung f\u00e4llt damit aus. Fragen zur Praxis\u00fcbung k\u00f6nnen im Anschlu\u00df an die Vorlesung oder nach Absprache mit<a class=\"moretag\" href=\"https:\/\/www.kde.cs.uni-kassel.de\/en\/lehre\/ws2007-08\/ir\"> Read more&hellip;<\/a><\/p>\n","protected":false},"author":1,"featured_media":0,"parent":896,"menu_order":0,"comment_status":"closed","ping_status":"closed","template":"","meta":{"footnotes":""},"class_list":["post-901","page","type-page","status-publish","hentry"],"translation":{"provider":"WPGlobus","version":"3.0.2","language":"en","enabled_languages":["de","en"],"languages":{"de":{"title":true,"content":true,"excerpt":false},"en":{"title":false,"content":false,"excerpt":false}}},"_links":{"self":[{"href":"https:\/\/www.kde.cs.uni-kassel.de\/en\/wp-json\/wp\/v2\/pages\/901","targetHints":{"allow":["GET"]}}],"collection":[{"href":"https:\/\/www.kde.cs.uni-kassel.de\/en\/wp-json\/wp\/v2\/pages"}],"about":[{"href":"https:\/\/www.kde.cs.uni-kassel.de\/en\/wp-json\/wp\/v2\/types\/page"}],"author":[{"embeddable":true,"href":"https:\/\/www.kde.cs.uni-kassel.de\/en\/wp-json\/wp\/v2\/users\/1"}],"replies":[{"embeddable":true,"href":"https:\/\/www.kde.cs.uni-kassel.de\/en\/wp-json\/wp\/v2\/comments?post=901"}],"version-history":[{"count":4,"href":"https:\/\/www.kde.cs.uni-kassel.de\/en\/wp-json\/wp\/v2\/pages\/901\/revisions"}],"predecessor-version":[{"id":2655,"href":"https:\/\/www.kde.cs.uni-kassel.de\/en\/wp-json\/wp\/v2\/pages\/901\/revisions\/2655"}],"up":[{"embeddable":true,"href":"https:\/\/www.kde.cs.uni-kassel.de\/en\/wp-json\/wp\/v2\/pages\/896"}],"wp:attachment":[{"href":"https:\/\/www.kde.cs.uni-kassel.de\/en\/wp-json\/wp\/v2\/media?parent=901"}],"curies":[{"name":"wp","href":"https:\/\/api.w.org\/{rel}","templated":true}]}}