{"id":900,"date":"2016-04-04T09:12:17","date_gmt":"2016-04-04T07:12:17","guid":{"rendered":"https:\/\/www.kde.cs.uni-kassel.de\/?page_id=900"},"modified":"2016-04-04T09:12:17","modified_gmt":"2016-04-04T07:12:17","slug":"projekt","status":"publish","type":"page","link":"https:\/\/www.kde.cs.uni-kassel.de\/en\/lehre\/ws2007-08\/projekt","title":{"rendered":"Projekt Web 2.0 \/ Wissensverarbeitung"},"content":{"rendered":"<p>Dieses Projekt l\u00e4sst sich als Projekt Web 2.0 im Bachelor und als Projekt Wissensverarbeitung im Master anrechnen.<\/p>\n<p>In dem Projekt sind noch Pl\u00e4tze frei. Bei Interesse wenden Sie Sich bitte an den jeweiligen Betreuer.<\/p>\n<p><span style=\"color: #a3004e;\">Themen:<\/span><\/p>\n<p style=\"padding-left: 30px;\">Bei Projekten aus dem Bereich des Web 2.0 besch\u00e4ftigen wir uns mit der IT-Unterst\u00fctzung von Kommunikation, Interaktion sowie der Speicherung von Wissen im Internet. Einen Schwerpunkt bilden dabei Soziale Lesezeichensysteme, wie beispielsweise unser <a href=\"http:\/\/www.bibsonomy.org\/\"><u><span style=\"color: #0066cc;\">BibSonomy-System<\/span><\/u><\/a>. Ein weiteres Thema sind Peer-to-Peer-Netze. Neben Projekten, in denen inhaltliche Fragestellungen im Vordergrund stehen, bieten wir auch die M\u00f6glichkeit, aktuelle Techniken aus dem Bereich des Web 2.0 wie z.B. Ajax in Projekten anzuwenden und in laufende Systeme zu integrieren. Unter anderem stehen die folgenden Themen zur Auswahl:<\/p>\n<p><span style=\"color: #a3004e;\">\u00a0<\/span><span style=\"color: #a3004e;\">Lernen von Ontologien mittels Tagging-Systemen<\/span><\/p>\n<p style=\"padding-left: 30px;\">Lernen von Ontologien auf der Basis von Tagging Systemen.<\/p>\n<p style=\"padding-left: 30px;\">Informationen: <a href=\"\/hotho\"><u><span style=\"color: #0066cc;\">Andreas Hotho<\/span><\/u><\/a><\/p>\n<p><span style=\"color: #a3004e;\">Performanceuntersuchenungen f\u00fcr BibSonomy<\/span><\/p>\n<p style=\"padding-left: 30px;\">Ein Cluster von Datenbankrechnern stellt h\u00e4ufig den Kern von heutigen Web-2.0-Anwendungen dar. Bei steigender Nutzerzahl\/Zugriffzahlen von BibSonomy wird auch hier eine solche L\u00f6sung interessant. Die Umsetzung einer Cluster-Datenbank steht im Mittelpunkt dieser Arbeit.<\/p>\n<p style=\"padding-left: 30px;\">Information: <a href=\"\/hotho\"><u><span style=\"color: #0066cc;\">Andreas Hotho<\/span><\/u><\/a><\/p>\n<p><span style=\"color: #a3004e;\">Dokumentation der BibSonomy API mittels WSDL 2.0<\/span><\/p>\n<p style=\"padding-left: 30px;\">F\u00fcr BibSonomy existiert eine auf den Ideen von <a href=\"http:\/\/de.wikipedia.org\/wiki\/REST\"><u><span style=\"color: #0066cc;\">REST<\/span><\/u><\/a> basierende API. Ziel des Projektes ist die Abbildung und Dokumentation der API mittels WSDL 2.0 zur automatischen Generierung von Client-Stubs und menschenlesbarer Dokumentation.<\/p>\n<p style=\"padding-left: 30px;\">Informationen: <a href=\"\/jaeschke\"><u><span style=\"color: #0066cc;\">Robert J\u00e4schke<\/span><\/u><\/a><\/p>\n<p><span style=\"color: #a3004e;\">Visualisierung von Tri-Verb\u00e4nden<\/span><\/p>\n<p style=\"padding-left: 30px;\"><em>Triadische Begriffsanalyse<\/em> stellt eine Erweiterung der formalen Begriffsanalyse um eine dritte Dimension dar und kann als dreidimensionales hierarchisches Clusterverfahren verstanden werden. Mittels des <em>TRIAS-Algorithmus<\/em> k\u00f6nnen wir effizient Tri-Begriffe mit minimalen Support-Bedingungen auf grossen Datens\u00e4tzen berechnen.<\/p>\n<p style=\"padding-left: 30px;\">Ziel des Projektes ist, geeignete Visualisierungsm\u00f6glichkeiten f\u00fcr Tri-Verb\u00e4nde zu untersuchen und zu implementieren.<\/p>\n<p style=\"padding-left: 30px;\">Informationen: <a href=\"\/jaeschke\"><u><span style=\"color: #0066cc;\">Robert J\u00e4schke<\/span><\/u><\/a><\/p>\n<p><span style=\"color: #a3004e;\">Implementation von Algorithmen<\/span><\/p>\n<p style=\"padding-left: 30px;\">Der Algorithmus <em>Titanic<\/em> ist ein effizientes Verfahren zur Berechnung h\u00e4ufiger Itemsets, \u00e4hnlich dem Apriori-Algorithmus. Letzterer ist beispielsweise in der Datamining-Software <a href=\"http:\/\/www.cs.waikato.ac.nz\/ml\/weka\/\"><u><span style=\"color: #0066cc;\">Weka<\/span><\/u><\/a> in Java implementiert.<\/p>\n<p style=\"padding-left: 30px;\">Ziel des Projektes ist die Implementierung des Titanic-Algorithmus, basierend auf der vorhandenen Java-Implementierung des Apriori-Algorithmus. Des weiteren sollen zwei Verfahren zur Berechnung von Basen f\u00fcr Assoziationsregeln (Luxemburger und Duquenne\/Guigues) untersucht und ebenfalls zur Verwendung in Weka implementiert werden.<\/p>\n<p style=\"padding-left: 30px;\">Informationen: <a href=\"\/jaeschke\"><u><span style=\"color: #0066cc;\">Robert J\u00e4schke<\/span><\/u><\/a><\/p>\n<p><span style=\"color: #a3004e;\">B\u00fccher in BibSonomy posten mittels Barcode-Erkennung<\/span><\/p>\n<p style=\"padding-left: 30px;\">Die Barcodes von B\u00fcchern kann man mittels in heutigen Notebooks enthaltenen Kameras einlesen und weitere Informationen zum Buch im Internet abrufen. Damit erh\u00e4lt man Metadaten wie Titel, Autor, etc. Diese Daten kann man nun in <a href=\"http:\/\/www.bibsonomy.org\/\"><u><span style=\"color: #0066cc;\">BibSonomy<\/span><\/u><\/a> posten und somit auf einfache Weise seine B\u00fcchersammlung verschlagworten oder sich interessante geliehene B\u00fccher merken.<\/p>\n<p style=\"padding-left: 30px;\">Ziel des Projektes ist die Entwicklung eines Prototypen zum Erkennen der Barcodes, Metadaten-Recherche im Internet und anschlie\u00dfendem Posten des Ergebnisses in BibSonomy<\/p>\n<p style=\"padding-left: 30px;\">Informationen: <a href=\"\/jaeschke\"><u><span style=\"color: #0066cc;\">Robert J\u00e4schke<\/span><\/u><\/a><\/p>\n<p><span style=\"color: #a3004e;\">Aktives Lernen f\u00fcr das Extrahieren von Metadaten aus Referenzen<\/span><\/p>\n<p style=\"padding-left: 30px;\">Referenzen aus Publikationslisten enthalten wichtige Metadaten, die zur Erstellung von Zitationsgraphen, zur Verlinkung von Publikationen und zu deren Verwaltung verwendet werden. Die Erstellung dieser Metadaten aus gegegebenen Referenzen ist sehr m\u00fchsam und aufwendig. Ans\u00e4tze, die Extraktion zu automatisieren, liefern erste Ergebnisse, sind aber noch nicht befriedigend. Ein grundlegendes Problem ist die Vielf\u00e4ltigkeit mit der Referenzen dargestellt werden. Um dieser Variet\u00e4t zu begegnen, wird entweder ein gro\u00dfer Trainingsdatensatz ben\u00f6tigt, oder der Trainingsdatensatz muss automatisch erweitert werden. Der zweite Ansatz soll in diesem Projekt behandelt werden. Dabei kann ein bestehender Algorithmus so erweitert werden, dass er automatisch aus neuen Referenzeingaben lernt.<\/p>\n<p style=\"padding-left: 30px;\">Informationen: Beate Krause<\/p>\n<p><span style=\"color: #a3004e;\">Firefox Plugin f\u00fcr BibSonomy<\/span><\/p>\n<p style=\"padding-left: 30px;\">Die bisherige Integration von BibSonomy in die bekannten Browser ist eher lose. Mit Hilfe eines Firefox Plugin k\u00f6nnte man den Nutzern eine erweiterte Funktionalit\u00e4ten zur Verf\u00fcgung stellen und damit einen besseren Service anbieten. Die Aufgabe in diesem Projekt ist der Entwurf eines Konzepten sowie die Implementierung des solchen Plugins.<\/p>\n<p style=\"padding-left: 30px;\">Informationen: <a href=\"\/hotho\"><u><span style=\"color: #0066cc;\">Andreas Hotho<\/span><\/u><\/a><\/p>\n<p><span style=\"color: #a3004e;\">Referenz Extraktion aus PDFs<\/span><\/p>\n<p style=\"padding-left: 30px;\">Publikationen enthalten in der Regel eine Menge von Referenzen auf andere Publikationen. Leider k\u00f6nnen diese Referenzen zur Zeit noch nicht in BibSonomy abgespeichert werden. Ziel dieses Projektes ist es BibSonomy um eine Zitationsverwaltung zu erweitern. Im zweiten Schritt sind diese aus PDFs mit Hilfe von Informationsextraktionsmethoden automatisch zu extrahieren.<\/p>\n<p style=\"padding-left: 30px;\">Informationen: <a href=\"\/hotho\"><u><span style=\"color: #0066cc;\">Andreas Hotho<\/span><\/u><\/a><\/p>\n<p><span style=\"color: #a3004e;\">Trend-Visualisierung mit Tags<\/span><\/p>\n<p style=\"padding-left: 30px;\">Anwender in sozialen Lesezeichen-Systemen benutzen Tags, um Resourcen zu beschreiben und diese wiederzufinden. Weil Benutzer h\u00e4ufig einen \u00e4hnlichen Wortschatz verwenden, reflektiert die H\u00e4ufigkeit der verwendeten Tags die Popularit\u00e4t bestimmter Themen. Verschiedene Visualisierungsanwendungen (z.B. <a href=\"http:\/\/research.yahoo.com\/taglines\/\"><u><span style=\"color: #0066cc;\">Yahoo Taglines<\/span><\/u><\/a> f\u00fcr Flickr, <a href=\"http:\/\/weblog.infoworld.com\/udell\/2005\/12\/20.html\"><u><span style=\"color: #0066cc;\">Bloggerbeispiel<\/span><\/u><\/a>) existieren. Eine einfach gehaltene Visualisierung soll f\u00fcr die Tags in BibSonomy entwickelt werden um die Popularit\u00e4t der Themen in BibSonomy zu verbildlichen. Alternativ \/ zus\u00e4tzlich kann untersucht werden, inwieweit sich das Tagging Verhalten \u00fcber den Lauf der Zeit ver\u00e4ndert hat.<\/p>\n<p style=\"padding-left: 30px;\">Informationen: Beate Krause<\/p>\n<p><span style=\"color: #a3004e;\">Aufgabenstellung und Termin:<\/span><\/p>\n<p style=\"padding-left: 30px;\">Nach Absprache mit dem jeweiligen Betreuer. Je nach Thema kann die Aufgabe in Kleingruppen oder einzeln bearbeitet werden.<\/p>\n<p><span style=\"color: #a3004e;\">Vorkenntnisse:<\/span><\/p>\n<p style=\"padding-left: 30px;\">Informatik Grundstudium<\/p>\n<p><span style=\"color: #a3004e;\">Angesprochener H\u00f6rerInnenkreis:<\/span><\/p>\n<p style=\"padding-left: 30px;\">Inf. Hauptstudium Bachelor und Diplom I, Master, Math. NF Inf. Hauptstudium<\/p>\n<p><span style=\"color: #a3004e;\">Umfang:<\/span><\/p>\n<p style=\"padding-left: 30px;\">4 oder 8 SWS im Bachelor und Diplom I nach Absprache, 4 SWS im Master<\/p>\n<p><span style=\"color: #a3004e;\">Leistungsnachweis:<\/span><\/p>\n<p style=\"padding-left: 30px;\">Implementierung, schriftliche Ausarbeitung und zwei Vortr\u00e4ge<\/p>\n<p><span style=\"color: #a3004e;\">Veranstalter:<\/span><\/p>\n<p style=\"padding-left: 30px;\">Dipl.-Inform. Dominik Benz, Dipl.-Inform. Miranda Grahl, Dr. Andreas Hotho, Dipl.-Math. Robert J\u00e4schke, Dipl.-Inform. Beate Krause, Dipl.-Inform. Christoph Schmitz, Prof. Dr. Gerd Stumme<\/p>\n<p><span style=\"color: #a3004e;\">Ablauf:<\/span><\/p>\n<p style=\"padding-left: 30px;\">In der Regel sollte die Projektarbeit mit Semesterbeginn begonnen werden. Nach 4-6 Wochen findet eine Zwischenpr\u00e4sentation statt, in der der Stand der Projektarbeit vorgestellt wird. In der Regel in der ersten Vorlesungswoche des folgenden Semesters werden dann die Endergebnisse vorgestellt. Eine kurze Beschreibung der Arbeit (5 Seiten) ist 3 Tage vor dem Vortrag einzureichen.<\/p>\n<p style=\"padding-left: 30px;\">Eine Woche nach der Annahme des Themas gibt der Student eine einseitige Beschreibung der Aufgabe, sowie einen Arbeitsplan f\u00fcr das Semester ab. Zur besseren Koordination und Kommunikation wird erwartet, dass der Student bei einem 4(8) SWS-Projekt regelm\u00e4\u00dfig an einem (zwei) Tagen in der Softwarewerkstatt anwesend ist. Der genaue Tag ist in Absprache mit dem Betreuer festzulegen.<\/p>\n<p style=\"padding-left: 30px;\">Als Richtlinie f\u00fcr die Erstellung einer guten Ausarbeitung wird das Buch<\/p>\n<ul>\n<li>Markus Deininger and Horst Lichter and Jochen Ludewig and Kurt Schneider. Studien-Arbeiten: ein Leitfaden zur Vorbereitung, Durchf\u00fchrung und Betreuung von Studien-, Diplom- Abschluss- und Doktorarbeiten am Beispiel Informatik. 5. Auflage. vdf Hochschulverlag, Z\u00fcrich, 2005.<\/li>\n<\/ul>\n<p style=\"padding-left: 30px;\">empfohlen, welches in der Bibliothek im Semesterapparat des Fachgebiets Wissensverarbeitung ausliegt, und welches auch in einigen Exemplaren ausleihbar ist. Wir empfehlen die Anschaffung dieses Buchs (9,50 \u20ac), da es Sie bis zur Masterarbeit (und weiter) begleiten kann.<\/p>\n<p style=\"padding-left: 30px;\">Alle verwendeten Referenzen sind zus\u00e4tzlich zum Literaturverzeichnis der Ausarbeitung in <a class=\"external\" href=\"http:\/\/www.bibsonomy.org\/\" rel=\"nofollow\"><u><span style=\"color: #0066cc;\">http:\/\/www.bibsonomy.org<\/span><\/u><\/a> einzugeben, mit den Tags &#8220;projekt kde &lt; laufendes Semester in der Form ss08 bzw ww08 &gt; &#8221; und weiteren sinnvollen Tags.<\/p>\n","protected":false},"excerpt":{"rendered":"<p>Dieses Projekt l\u00e4sst sich als Projekt Web 2.0 im Bachelor und als Projekt Wissensverarbeitung im Master anrechnen. In dem Projekt sind noch Pl\u00e4tze frei. Bei Interesse wenden Sie Sich bitte an den jeweiligen Betreuer. Themen:<a class=\"moretag\" href=\"https:\/\/www.kde.cs.uni-kassel.de\/en\/lehre\/ws2007-08\/projekt\"> Read more&hellip;<\/a><\/p>\n","protected":false},"author":1,"featured_media":0,"parent":896,"menu_order":0,"comment_status":"closed","ping_status":"closed","template":"","meta":{"footnotes":""},"class_list":["post-900","page","type-page","status-publish","hentry"],"translation":{"provider":"WPGlobus","version":"3.0.2","language":"en","enabled_languages":["de","en"],"languages":{"de":{"title":true,"content":true,"excerpt":false},"en":{"title":false,"content":false,"excerpt":false}}},"_links":{"self":[{"href":"https:\/\/www.kde.cs.uni-kassel.de\/en\/wp-json\/wp\/v2\/pages\/900","targetHints":{"allow":["GET"]}}],"collection":[{"href":"https:\/\/www.kde.cs.uni-kassel.de\/en\/wp-json\/wp\/v2\/pages"}],"about":[{"href":"https:\/\/www.kde.cs.uni-kassel.de\/en\/wp-json\/wp\/v2\/types\/page"}],"author":[{"embeddable":true,"href":"https:\/\/www.kde.cs.uni-kassel.de\/en\/wp-json\/wp\/v2\/users\/1"}],"replies":[{"embeddable":true,"href":"https:\/\/www.kde.cs.uni-kassel.de\/en\/wp-json\/wp\/v2\/comments?post=900"}],"version-history":[{"count":1,"href":"https:\/\/www.kde.cs.uni-kassel.de\/en\/wp-json\/wp\/v2\/pages\/900\/revisions"}],"predecessor-version":[{"id":907,"href":"https:\/\/www.kde.cs.uni-kassel.de\/en\/wp-json\/wp\/v2\/pages\/900\/revisions\/907"}],"up":[{"embeddable":true,"href":"https:\/\/www.kde.cs.uni-kassel.de\/en\/wp-json\/wp\/v2\/pages\/896"}],"wp:attachment":[{"href":"https:\/\/www.kde.cs.uni-kassel.de\/en\/wp-json\/wp\/v2\/media?parent=900"}],"curies":[{"name":"wp","href":"https:\/\/api.w.org\/{rel}","templated":true}]}}