{"id":8903,"date":"2023-02-09T16:07:54","date_gmt":"2023-02-09T15:07:54","guid":{"rendered":"https:\/\/www.kde.cs.uni-kassel.de\/?page_id=8903"},"modified":"2025-09-02T12:11:04","modified_gmt":"2025-09-02T10:11:04","slug":"arbeiten","status":"publish","type":"page","link":"https:\/\/www.kde.cs.uni-kassel.de\/en\/lehre\/ss2023\/arbeiten","title":{"rendered":"Bachelor- und Masterarbeiten Sommersemester 2023"},"content":{"rendered":"\n<h2 class=\"wp-block-heading\">Bachelor- und Masterarbeiten<\/h2>\n\n\n\n<h3 class=\"wp-block-heading\">Themen<\/h3>\n\n\n\n<p>Viele Aufgabenstellungen besch\u00e4ftigen sich mit der Implementierung verschiedener Komponenten in eines der Websysteme, die am Fachgebiet betrieben werden, oder mit der Analyse der in solchen Systemen vorhandenen Daten. Dar\u00fcber hinaus werden weitere Themen angeboten, die in der Regel einen inhaltlichen Bezug zu aktuellen Forschungsprojekten des Fachgebiets Wissensverarbeitung haben.<\/p>\n\n\n\n<p>Die Themenstellung erfolgt in Absprache mit den Studierenden; die Ausrichtung und der Umfang der Arbeit richten sich nach dem jeweils angestrebten Anschluss. Prinzipiell liegt der Schwerpunkt bei Abschlussarbeiten auf der Methodik, w\u00e4hrend er bei Projektarbeiten auf der technischen Umsetzung liegt.<\/p>\n\n\n\n<p>Zu folgenden Themengebieten k\u00f6nnen wir Arbeiten anbieten; zu konkreten Themen k\u00f6nnen die jeweiligen Betreuer*innen genauere Auskunft geben:<\/p>\n\n\n<div class=\"post-list-layout\"><div class=\"listing-item\"><div class=\"content\">\n<h3 class=\"wp-block-heading\">Temporal Ordinal Motifs in Topic Models<\/h3>\n\n\n\n<p> Topic models are, often, dimension reduction techniques for large corpora of textual documents. A central aspect to these models is that they allow for text based explanations of the dimensions in the reduced space. A novel technique, called ordinal motifs, interpret and visualize these dimension hierarchically with respect to (ordinal) substructures of standard shape. With your work, you extent this technique towards ordinal motifs over time, develop visualization techniques, and show their applicability in a practical setting.<\/p>\n\n\n\n<p>Informationen: <a href=\"https:\/\/www.kde.cs.uni-kassel.de\/hirth\">Johannes Hirth<\/a><\/p><\/p>\n<\/div> <span class=\"category-display\"><span class=\"category-display-label\">Kategorien:<\/span> <a href=\"https:\/\/www.kde.cs.uni-kassel.de\/en\/blog\/category\/allgemein\">Allgemein<\/a>, <a href=\"https:\/\/www.kde.cs.uni-kassel.de\/en\/blog\/category\/bachelor\">Bachelorarbeit<\/a>, <a href=\"https:\/\/www.kde.cs.uni-kassel.de\/en\/blog\/category\/master\">Masterarbeit<\/a>, <a href=\"https:\/\/www.kde.cs.uni-kassel.de\/en\/blog\/category\/methodischer-schwerpunkt\">Methodischer Schwerpunkt<\/a>, <a href=\"https:\/\/www.kde.cs.uni-kassel.de\/en\/blog\/category\/technischer-schwerpunkt\">Technischer Schwerpunkt<\/a><\/span><\/div><div class=\"listing-item\"><div class=\"content\">\n<h3 class=\"wp-block-heading\">Ordinal Motifs in Hierarchical Topic Models<\/h3>\n\n\n\n<p> Topic models are, often, dimension reduction techniques for large corpora of textual documents. A central aspect to these models is that they allow for text based explanations of the dimensions in the reduced space. A novel technique, called ordinal motifs, interpret and visualize these dimension hierarchically with respect to (ordinal) substructures of standard shape. With your work, you extent this technique towards hierarchical topic models, define hierarchical motif structures, develop visualization techniques, and show their applicability in a practical setting.<\/p>\n\n\n\n<p>Informationen: <a href=\"https:\/\/www.kde.cs.uni-kassel.de\/hirth\">Johannes Hirth<\/a><\/p><\/p>\n<\/div> <span class=\"category-display\"><span class=\"category-display-label\">Kategorien:<\/span> <a href=\"https:\/\/www.kde.cs.uni-kassel.de\/en\/blog\/category\/allgemein\">Allgemein<\/a>, <a href=\"https:\/\/www.kde.cs.uni-kassel.de\/en\/blog\/category\/bachelor\">Bachelorarbeit<\/a>, <a href=\"https:\/\/www.kde.cs.uni-kassel.de\/en\/blog\/category\/master\">Masterarbeit<\/a>, <a href=\"https:\/\/www.kde.cs.uni-kassel.de\/en\/blog\/category\/methodischer-schwerpunkt\">Methodischer Schwerpunkt<\/a>, <a href=\"https:\/\/www.kde.cs.uni-kassel.de\/en\/blog\/category\/technischer-schwerpunkt\">Technischer Schwerpunkt<\/a><\/span><\/div><div class=\"listing-item\"><div class=\"content\">\n<h3 class=\"wp-block-heading\">Network Motifs in Topic Flow Networks<\/h3>\n\n\n\n<p>In scientometrics, scientific collaboration is often analyzed by means of co-authorships. An aspect which is often overlooked and more difficult to quantify is the flow of expertise between authors from different research topics, which is an important part of scientific progress. With the Topic Flow Network (TFN) a graph structure for the analysis of research topic flows between scientific authors and their respective research fields was proposed. With your work, you identify and interpret substructures that are integral to this network.<\/p>\n\n\n\n<p>Informationen: <a href=\"https:\/\/www.kde.cs.uni-kassel.de\/hirth\">Johannes Hirth<\/a><\/p><\/p>\n<\/div> <span class=\"category-display\"><span class=\"category-display-label\">Kategorien:<\/span> <a href=\"https:\/\/www.kde.cs.uni-kassel.de\/en\/blog\/category\/allgemein\">Allgemein<\/a>, <a href=\"https:\/\/www.kde.cs.uni-kassel.de\/en\/blog\/category\/bachelor\">Bachelorarbeit<\/a>, <a href=\"https:\/\/www.kde.cs.uni-kassel.de\/en\/blog\/category\/master\">Masterarbeit<\/a>, <a href=\"https:\/\/www.kde.cs.uni-kassel.de\/en\/blog\/category\/technischer-schwerpunkt\">Technischer Schwerpunkt<\/a><\/span><\/div><div class=\"listing-item\"><div class=\"content\">\n<h3 class=\"wp-block-heading\">Formal Concept Analysis mit Attribut und Objektordnungen<\/h3>\n\n\n\n<p>In dieser Arbeit untersuchen Sie, inwiefern sich die Theorie der formalen Begriffsanalyse auf den Fall \u00fcbertragen l\u00e4sst, dass wir eine lineare Ordnung auf den Attributen und den Objekten vorliegen haben. <\/p>\n\n\n\n<p>Das Ziel ist es, die in der FCA \u00fcblichen Ideen (Begriffe, Implikationen etc.) auf solche Datens\u00e4tze zu \u00fcbertragen und die Theorie mit Echtwelt-Datens\u00e4tzen zu evaluieren. <\/p>\n\n\n\n<p>Informationen: <a href=\"https:\/\/www.kde.cs.uni-kassel.de\/duerrschnabel\">Dominik D\u00fcrrschnabel<\/a><\/p>\n<\/div> <span class=\"category-display\"><span class=\"category-display-label\">Kategorien:<\/span> <a href=\"https:\/\/www.kde.cs.uni-kassel.de\/en\/blog\/category\/allgemein\">Allgemein<\/a>, <a href=\"https:\/\/www.kde.cs.uni-kassel.de\/en\/blog\/category\/bachelor\">Bachelorarbeit<\/a>, <a href=\"https:\/\/www.kde.cs.uni-kassel.de\/en\/blog\/category\/master\">Masterarbeit<\/a>, <a href=\"https:\/\/www.kde.cs.uni-kassel.de\/en\/blog\/category\/technischer-schwerpunkt\">Technischer Schwerpunkt<\/a><\/span><\/div><div class=\"listing-item\"><div class=\"content\">\n<h3 class=\"wp-block-heading\">Implications in Conceptual Scaling<\/h3>\n\n\n\n<p>One way of computing dependencies in data set are implications. To extract implications from data sets, we first have to interpret the data on the ordinal level via a method called conceptual scaling. The implication that we find in the scaled data set can have two origins. The first are dependencies in the many-valued data set and the second are artifacts from the scaling process. With your work you develop a method to analyze these sets of implications separately.<\/p>\n\n\n\n<p>Informationen: <a href=\"https:\/\/www.kde.cs.uni-kassel.de\/hirth\">Johannes Hirth<\/a><\/p><\/p>\n<\/div> <span class=\"category-display\"><span class=\"category-display-label\">Kategorien:<\/span> <a href=\"https:\/\/www.kde.cs.uni-kassel.de\/en\/blog\/category\/allgemein\">Allgemein<\/a>, <a href=\"https:\/\/www.kde.cs.uni-kassel.de\/en\/blog\/category\/bachelor\">Bachelorarbeit<\/a>, <a href=\"https:\/\/www.kde.cs.uni-kassel.de\/en\/blog\/category\/technischer-schwerpunkt\">Technischer Schwerpunkt<\/a><\/span><\/div><div class=\"listing-item\"><div class=\"content\">\n<h3 class=\"wp-block-heading\">Decomposition of Concept Lattices<\/h3>\n\n\n\n<p>Conceptual structures are great hierarchical tools to analyze complex relations between data point. Recent approaches focus on identifying ordinal sub-structures of concept lattices that have specific shape, e.g., chains, cubes, cycles etc. The sub-structures are then used to derive highler level relations between data point or to explain the hierarchical structure. With your work, you study how this approach can be used to decompose concept lattices into sub-structures.<\/p>\n\n\n\n<p>Informationen: <a href=\"https:\/\/www.kde.cs.uni-kassel.de\/hirth\">Johannes Hirth<\/a><\/p><\/p>\n<\/div> <span class=\"category-display\"><span class=\"category-display-label\">Kategorien:<\/span> <a href=\"https:\/\/www.kde.cs.uni-kassel.de\/en\/blog\/category\/allgemein\">Allgemein<\/a>, <a href=\"https:\/\/www.kde.cs.uni-kassel.de\/en\/blog\/category\/bachelor\">Bachelorarbeit<\/a>, <a href=\"https:\/\/www.kde.cs.uni-kassel.de\/en\/blog\/category\/master\">Masterarbeit<\/a>, <a href=\"https:\/\/www.kde.cs.uni-kassel.de\/en\/blog\/category\/technischer-schwerpunkt\">Technischer Schwerpunkt<\/a><\/span><\/div><div class=\"listing-item\"><div class=\"content\">\n<h3 class=\"wp-block-heading\">Stabilit\u00e4t von Formalen Kontexten<\/h3>\n\n\n\n<p>Wir nennen einen formalen Kontext stabil, wenn sich beim Setzen oder Entfernen jedes Kreuzes die Gr\u00f6\u00dfe des Begriffsverbandes nicht verkleinert. Untersuchen Sie Echtweltdaten auf Stabilit\u00e4t und untersuchen Sie, inwiefern sich die Stabilit\u00e4t als Bewertungsma\u00df f\u00fcr intrinsisch sinnvolle Daten eignet.<\/p>\n\n\n\n<p>Informationen: <a href=\"https:\/\/www.kde.cs.uni-kassel.de\/duerrschnabel\">Dominik D\u00fcrrschnabel<\/a><\/p>\n<\/div> <span class=\"category-display\"><span class=\"category-display-label\">Kategorien:<\/span> <a href=\"https:\/\/www.kde.cs.uni-kassel.de\/en\/blog\/category\/allgemein\">Allgemein<\/a>, <a href=\"https:\/\/www.kde.cs.uni-kassel.de\/en\/blog\/category\/bachelor\">Bachelorarbeit<\/a>, <a href=\"https:\/\/www.kde.cs.uni-kassel.de\/en\/blog\/category\/master\">Masterarbeit<\/a>, <a href=\"https:\/\/www.kde.cs.uni-kassel.de\/en\/blog\/category\/technischer-schwerpunkt\">Technischer Schwerpunkt<\/a><\/span><\/div><div class=\"listing-item\"><div class=\"content\">\n<h3 class=\"wp-block-heading\">Author Identification based on Paper Citations<\/h3>\n\n\n\n<p>\n  Several venues use the double-blind review process to evaluate submitted research articles.\n  We would like to understand how the citations used in the new paper give access to the\n  identity of the anonymous author(s).\n  An important part of your work would be the evaluation of previously proposed techniques\n  <a href=\"https:\/\/www.cs.utexas.edu\/users\/mckinley\/notes\/hp-sigkdd-2003.pdf\">[1]<\/a> on new raw\n  <a href=\"https:\/\/www.semanticscholar.org\/product\/api#Bulk\">[2]<\/a> or processed\n  <a href=\"https:\/\/ogb.stanford.edu\/docs\/nodeprop\/#ogbn-papers100M\">[3]<\/a> datasets.\n  Of course, there is also the possibility to apply newer approaches and your own ideas.\n  <br>Most (if not all) of the programming will be done in Python.\n<\/p>\n\n\n\n<p>Inquiries: <a href=\"https:\/\/www.kde.cs.uni-kassel.de\/hille\">Tobias Hille<\/a><\/p>\n<\/div> <span class=\"category-display\"><span class=\"category-display-label\">Kategorien:<\/span> <a href=\"https:\/\/www.kde.cs.uni-kassel.de\/en\/blog\/category\/allgemein\">Allgemein<\/a>, <a href=\"https:\/\/www.kde.cs.uni-kassel.de\/en\/blog\/category\/bachelor\">Bachelorarbeit<\/a>, <a href=\"https:\/\/www.kde.cs.uni-kassel.de\/en\/blog\/category\/master\">Masterarbeit<\/a>, <a href=\"https:\/\/www.kde.cs.uni-kassel.de\/en\/blog\/category\/technischer-schwerpunkt\">Technischer Schwerpunkt<\/a><\/span><\/div><div class=\"listing-item\"><div class=\"content\">\n<h3 class=\"wp-block-heading\">Sanity Checks for Conceptual Views on Neural Networks<\/h3>\n\n\n\n<p>Conceptual views provide a new method to interprete the latent representations of a neural network. In this work, you compare the sensitivity of conceptual views to weight randomizations for different architectures. <\/p>\n\n\n\n<p>Informationen: <a href=\"https:\/\/www.kde.cs.uni-kassel.de\/hirth\">Johannes Hirth<\/a><\/p>\n<\/div> <span class=\"category-display\"><span class=\"category-display-label\">Kategorien:<\/span> <a href=\"https:\/\/www.kde.cs.uni-kassel.de\/en\/blog\/category\/allgemein\">Allgemein<\/a>, <a href=\"https:\/\/www.kde.cs.uni-kassel.de\/en\/blog\/category\/bachelor\">Bachelorarbeit<\/a>, <a href=\"https:\/\/www.kde.cs.uni-kassel.de\/en\/blog\/category\/master\">Masterarbeit<\/a><\/span><\/div><div class=\"listing-item\"><div class=\"content\">\n<h3 class=\"wp-block-heading\">Investigate Formal Conceptual Views in Neural Networks<\/h3>\n\n\n\n<p><p>Mit Formal Conceptual Views ist ein neues Modell zur Erkl\u00e4rung von Neuralen Netzwerken vorgestellt worden. Ziel dieser Arbeit ist es die Methode auf weitere Modelle und Daten Dom\u00e4nen anzuwenden und die Formal Conceptual Views mit weiteren Methoden der symbolischen Wissensverarbeitung zu analysieren.<\/p><\/p>\n\n\n\n<p>Informationen: <a href=\"https:\/\/www.kde.cs.uni-kassel.de\/hirth\">Johannes Hirth<\/a><\/p><\/p>\n<\/div> <span class=\"category-display\"><span class=\"category-display-label\">Kategorien:<\/span> <a href=\"https:\/\/www.kde.cs.uni-kassel.de\/en\/blog\/category\/allgemein\">Allgemein<\/a>, <a href=\"https:\/\/www.kde.cs.uni-kassel.de\/en\/blog\/category\/bachelor\">Bachelorarbeit<\/a>, <a href=\"https:\/\/www.kde.cs.uni-kassel.de\/en\/blog\/category\/master\">Masterarbeit<\/a>, <a href=\"https:\/\/www.kde.cs.uni-kassel.de\/en\/blog\/category\/methodischer-schwerpunkt\">Methodischer Schwerpunkt<\/a>, <a href=\"https:\/\/www.kde.cs.uni-kassel.de\/en\/blog\/category\/technischer-schwerpunkt\">Technischer Schwerpunkt<\/a><\/span><\/div><div class=\"listing-item\"><div class=\"content\">\n<h3 class=\"wp-block-heading\">Intrinsic Triangulation of Loss Landscapes of Neural Networks<\/h3>\n\n\n\n<p>\n  Recent work investigating geometry and topology of loss landscapes of neural networks\n  revealed interesting properties regarding connectivity of clusters of local minima\n  <a href=\"https:\/\/arxiv.org\/pdf\/1803.00885.pdf\">[1]<\/a>,\n  <a href=\"https:\/\/arxiv.org\/pdf\/2102.00485.pdf\">[2]<\/a>.\n  In this work you will try to apply advances in computation intrinsic triangulation for 3d rendering\n  <a href=\"https:\/\/arxiv.org\/pdf\/2106.00220.pdf\">[3]<\/a> towards those surfaces\n  (or reasonable hyperplane projections).\n  One possible motivation for this is the change for an ability to construct geodesic\n  paths on the constructed approximation.\n  <br>Most (if not all) of the programming will be done in Python.\n<\/p>\n\n\n\n<p>Inquiries: <a href=\"https:\/\/www.kde.cs.uni-kassel.de\/hille\">Tobias Hille<\/a><\/p>\n<\/div> <span class=\"category-display\"><span class=\"category-display-label\">Kategorien:<\/span> <a href=\"https:\/\/www.kde.cs.uni-kassel.de\/en\/blog\/category\/allgemein\">Allgemein<\/a>, <a href=\"https:\/\/www.kde.cs.uni-kassel.de\/en\/blog\/category\/master\">Masterarbeit<\/a>, <a href=\"https:\/\/www.kde.cs.uni-kassel.de\/en\/blog\/category\/methodischer-schwerpunkt\">Methodischer Schwerpunkt<\/a>, <a href=\"https:\/\/www.kde.cs.uni-kassel.de\/en\/blog\/category\/technischer-schwerpunkt\">Technischer Schwerpunkt<\/a><\/span><\/div><div class=\"listing-item\"><div class=\"content\">\n<h3 class=\"wp-block-heading\">Extracting Hypergraphs from Traffic Networks<\/h3>\n\n\n\n<p>\n  Hypergraph datasets are well known in the context of author networks and knowledge graphs.\n  However, hypergraphs can also be found in other domains, such as traffic networks.\n  In this work, you should search for existing datasets from this domain and provide tooling\n  to collect data from public web endpoints.\n  A second part will deal with characterising different ways of interpreting and\n  formatting the data as hypergraphs.\n  <br>Most (if not all) of the programming will be done in Python.\n<\/p>\n\n\n\n<p>Inquiries: <a href=\"https:\/\/www.kde.cs.uni-kassel.de\/hille\">Tobias Hille<\/a><\/p>\n<\/div> <span class=\"category-display\"><span class=\"category-display-label\">Kategorien:<\/span> <a href=\"https:\/\/www.kde.cs.uni-kassel.de\/en\/blog\/category\/allgemein\">Allgemein<\/a>, <a href=\"https:\/\/www.kde.cs.uni-kassel.de\/en\/blog\/category\/bachelor\">Bachelorarbeit<\/a>, <a href=\"https:\/\/www.kde.cs.uni-kassel.de\/en\/blog\/category\/technischer-schwerpunkt\">Technischer Schwerpunkt<\/a><\/span><\/div><div class=\"listing-item\"><div class=\"content\">\n<h3 class=\"wp-block-heading\">Core Numbers in Bipartite Networks<\/h3>\n\n\n\n<p><p>Core numbers are efficient valuations for nodes in networks. They are a measure to describe the structural integration of nodes. In this work, you should characterize and study core numbers for bipartite graphs.<\/p><\/p>\n\n\n\n<p>Informationen: <a href=\"https:\/\/www.kde.cs.uni-kassel.de\/hirth\">Johannes Hirth<\/a><\/p><\/p>\n<\/div> <span class=\"category-display\"><span class=\"category-display-label\">Kategorien:<\/span> <a href=\"https:\/\/www.kde.cs.uni-kassel.de\/en\/blog\/category\/allgemein\">Allgemein<\/a>, <a href=\"https:\/\/www.kde.cs.uni-kassel.de\/en\/blog\/category\/bachelor\">Bachelorarbeit<\/a>, <a href=\"https:\/\/www.kde.cs.uni-kassel.de\/en\/blog\/category\/master\">Masterarbeit<\/a><\/span><\/div><div class=\"listing-item\"><div class=\"content\">\n<h3 class=\"wp-block-heading\">Community Detection in WikiData zur Datensatzgenerierung<\/h3>\n\n\n\n<p>Knowlegde Graphs wie WikiData enthalten sehr viel Wissen, das im Bereich der k\u00fcnstlichen Intelligenz in vielen Anwendungen eingesetzt werden kann. Der Umfang an Informationen ist aber auch ein Problem f\u00fcr viele Anwendungen. Ihre Aufgabe besteht darin, Methoden der Community Detection in sozialen Netzwerken auf die Struktur von WikiData zu \u00fcbertragen. Des Weiteren sollen Sie untersuchen, wie diese Methoden genutzt werden k\u00f6nnen, um kleinere Teil-Datens\u00e4tze aus WikiData zu extrahieren.<\/p>\n\n\n\n<p>Informationen: <a href=\"https:\/\/www.kde.cs.uni-kassel.de\/hirth\">Johannes Hirth<\/a><\/p>\n<\/div> <span class=\"category-display\"><span class=\"category-display-label\">Kategorien:<\/span> <a href=\"https:\/\/www.kde.cs.uni-kassel.de\/en\/blog\/category\/allgemein\">Allgemein<\/a>, <a href=\"https:\/\/www.kde.cs.uni-kassel.de\/en\/blog\/category\/bachelor\">Bachelorarbeit<\/a>, <a href=\"https:\/\/www.kde.cs.uni-kassel.de\/en\/blog\/category\/methodischer-schwerpunkt\">Methodischer Schwerpunkt<\/a>, <a href=\"https:\/\/www.kde.cs.uni-kassel.de\/en\/blog\/category\/technischer-schwerpunkt\">Technischer Schwerpunkt<\/a><\/span><\/div><\/div>\n\n\n\n<p>Sprechen Sie uns gern zu weiteren Themen an.\nInformationen zu den einzelnen Themen geben Ihnen gerne vorab die Betreuer*innen.\n<\/p>\n\n\n\n<h3 class=\"wp-block-heading\">Aufgabenstellung und Termin<\/h3>\n\n\n\n<p>Nach Absprache mit der\/dem jeweiligen Betreuer*in.<\/p>\n\n\n\n<h3 class=\"wp-block-heading\">Vorkenntnisse<\/h3>\n\n\n\n<p>Informatik Grundstudium bzw. 30 absolvierte Credits des Masterstudiums<\/p>\n\n\n\n<h3 class=\"wp-block-heading\">Angesprochener H\u00f6rer*innenkreis<\/h3>\n\n\n\n<p>Informatik Bachelor und Master, Math. NF Inf. Hauptstudium<\/p>\n\n\n\n<h3 class=\"wp-block-heading\">Umfang<\/h3>\n\n\n\n<p>9 Wochen f\u00fcr Bachelor und 6 Monate f\u00fcr Master<\/p>\n\n\n\n<h3 class=\"wp-block-heading\">Leistungsnachweis<\/h3>\n\n\n\n<p>In der Regel Implementierung, schriftliche Ausarbeitung und Vortrag<\/p>\n\n\n\n<h3 class=\"wp-block-heading\">Veranstalter<\/h3>\n\n\n\n<p><a href=\"https:\/\/www.kde.cs.uni-kassel.de\/stumme\">Prof. Dr. Gerd Stumme<\/a>, <a href=\"https:\/\/www.kde.cs.uni-kassel.de\/duerrschnabel\">Dominik D\u00fcrrschnabel, M.Sc.<\/a>,\u00a0<a href=\"https:\/\/www.kde.cs.uni-kassel.de\/hille\">Tobias Hille, M.Sc.<\/a>, <a href=\"https:\/\/www.kde.cs.uni-kassel.de\/hirth\">Johannes Hirth, M.Sc.<\/a><\/p>\n","protected":false},"excerpt":{"rendered":"<p>Bachelor- und Masterarbeiten Themen Viele Aufgabenstellungen besch\u00e4ftigen sich mit der Implementierung verschiedener Komponenten in eines der Websysteme, die am Fachgebiet betrieben werden, oder mit der Analyse der in solchen Systemen vorhandenen Daten. Dar\u00fcber hinaus werden<a class=\"moretag\" href=\"https:\/\/www.kde.cs.uni-kassel.de\/en\/blog\/2021\/03\/15\/wiki-community-datasets\"> Read more&hellip;<\/a><\/p>\n","protected":false},"author":15,"featured_media":0,"parent":8900,"menu_order":32,"comment_status":"closed","ping_status":"closed","template":"","meta":{"footnotes":""},"class_list":["post-8903","page","type-page","status-publish","hentry"],"translation":{"provider":"WPGlobus","version":"3.0.2","language":"en","enabled_languages":["de","en"],"languages":{"de":{"title":true,"content":true,"excerpt":false},"en":{"title":false,"content":false,"excerpt":false}}},"_links":{"self":[{"href":"https:\/\/www.kde.cs.uni-kassel.de\/en\/wp-json\/wp\/v2\/pages\/8903","targetHints":{"allow":["GET"]}}],"collection":[{"href":"https:\/\/www.kde.cs.uni-kassel.de\/en\/wp-json\/wp\/v2\/pages"}],"about":[{"href":"https:\/\/www.kde.cs.uni-kassel.de\/en\/wp-json\/wp\/v2\/types\/page"}],"author":[{"embeddable":true,"href":"https:\/\/www.kde.cs.uni-kassel.de\/en\/wp-json\/wp\/v2\/users\/15"}],"replies":[{"embeddable":true,"href":"https:\/\/www.kde.cs.uni-kassel.de\/en\/wp-json\/wp\/v2\/comments?post=8903"}],"version-history":[{"count":8,"href":"https:\/\/www.kde.cs.uni-kassel.de\/en\/wp-json\/wp\/v2\/pages\/8903\/revisions"}],"predecessor-version":[{"id":10322,"href":"https:\/\/www.kde.cs.uni-kassel.de\/en\/wp-json\/wp\/v2\/pages\/8903\/revisions\/10322"}],"up":[{"embeddable":true,"href":"https:\/\/www.kde.cs.uni-kassel.de\/en\/wp-json\/wp\/v2\/pages\/8900"}],"wp:attachment":[{"href":"https:\/\/www.kde.cs.uni-kassel.de\/en\/wp-json\/wp\/v2\/media?parent=8903"}],"curies":[{"name":"wp","href":"https:\/\/api.w.org\/{rel}","templated":true}]}}