{"id":8902,"date":"2023-02-13T14:39:57","date_gmt":"2023-02-13T13:39:57","guid":{"rendered":"https:\/\/www.kde.cs.uni-kassel.de\/?page_id=8902"},"modified":"2023-04-19T10:33:32","modified_gmt":"2023-04-19T08:33:32","slug":"labor-qda","status":"publish","type":"page","link":"https:\/\/www.kde.cs.uni-kassel.de\/en\/lehre\/ss2023\/labor-qda","title":{"rendered":"Labor Qualitative Datenanalyse"},"content":{"rendered":"\n<h2 class=\"wp-block-heading\">Labor Qualitative Datenanalyse<\/h2>\n\n\n\n<p>Die Formale Begriffsanalyse ist ein Teilgebiet der <strong>K\u00fcnstlichen Intelligenz<\/strong>, mit dem Daten auf Zusammenh\u00e4nge und Struktur analysiert werden k\u00f6nnen. Die Daten werden dabei so geclustert, dass sie dem menschlichen Denken in Begriffen und Begriffshierarchien entsprechen. Im Praktikum werden die in der Vorlesung Begriffliche Datenanalyse vermittelten Konzepte in die Praxis umgesetzt:<\/p>\n\n\n<p><\/p>\n\n\n<ul class=\"wp-block-list\">\n<li>Implementierung von un\u00fcberwachten <strong>Cluster-Verfahren<\/strong><\/li>\n\n\n\n<li>Umgang mit verschiedenen <strong>Features und ihren Datentypen<\/strong><\/li>\n\n\n\n<li>Analyse von Wikipedia-Kategorien<\/li>\n\n\n\n<li>Analyse des Datensatzgenerators von <strong>Wikidata<\/strong><\/li>\n<\/ul>\n\n\n\n<p><strong>Die Materialien zur Veranstaltung und Ank\u00fcndigungen (Termin\u00e4nderungen etc.) finden Sie im <a href=\"http:\/\/www.uni-kassel.de\/go\/cda23\/\">Moodlekurs<\/a> zur Vorlesung. <\/strong><\/p>\n\n\n\n<h3 class=\"wp-block-heading\">Hinweise:<\/h3>\n\n\n\n<p>Das Labor Qualitative Datenanalyse findet in <a href=\"https:\/\/clojure.org\/\">Clojure<\/a>[1] statt. Clojure ist eine funktionale dynamische general-purpose Programmiersprache, die auf der JVM (Java Virtual Machine) l\u00e4uft.<br><br><\/p>\n\n\n\n<p>Wir gehen <b>nicht<\/b> davon aus, dass Sie bereits Erfahrung mit Clojure haben.<br><br><\/p>\n\n\n\n<p>Das Fachgebiet Wissensverarbeitung bietet aus diesem Grund einen (optionalen) <a href=\"https:\/\/www.kde.cs.uni-kassel.de\/lehre\/ss2023\/clojurekurs\">Einf\u00fchrungskurs in Clojure<\/a> an. <br><br><\/p>\n\n\n\n<p>Bei Fragen k\u00f6nnen Sie sich gerne an uns wenden.<br><br><\/p>\n\n\n\n<p>Falls Sie sich vorweg bereits ein wenig mit Clojure besch\u00e4ftigen m\u00f6chten (Sie m\u00fcssen nicht), hier eine Liste mit guten Ressourcen:<\/p>\n\n\n\n<div style=\"margin-left: 30px;\" class=\"editor-indent\"><p>\u2013 Die <i>Learn Clojure<\/i> Einf\u00fchrung auf der Clojure Website: <a href=\"https:\/\/clojure.org\/guides\/learn\/syntax\">https:\/\/clojure.org\/guides\/learn\/syntax<\/a><br><\/p><p>\u2013 Der <i>Clojure for the Brave and True<\/i> online Kurs zum Buch: <a href=\"https:\/\/www.braveclojure.com\/foreword\/\">https:\/\/www.braveclojure.com\/foreword\/<\/a><br><\/p><p>\u2013 Die <i>Grundprinzipien<\/i> von Clojure (i.e., Warum Clojure?): <a href=\"https:\/\/clojure.org\/about\/rationale\">https:\/\/clojure.org\/about\/rationale<\/a><br><\/p><p>\u2013 Talks[2,3] von <a href=\"https:\/\/en.wikipedia.org\/wiki\/Rich_Hickey\">Rich Hickey<\/a>[4] (dem Erfinder von Clojure), insbesondere: <br><\/p><div style=\"margin-left: 30px;\" class=\"editor-indent\"><p>1) Clojure, Made Simple: <a href=\"https:\/\/www.youtube.com\/watch?v=VSdnJDO-xdg\">https:\/\/www.youtube.com\/watch?v=VSdnJDO-xdg<\/a><\/p><p>2) Are We There Yet?: <a href=\"http:\/\/www.infoq.com\/presentations\/Are-We-There-Yet-Rich-Hickey\">http:\/\/www.infoq.com\/presentations\/Are-We-There-Yet-Rich-Hickey<\/a><br><\/p><\/div><p>\u2013 Die <i>community resources sammlung<\/i> auf der Clojure Website: <a href=\"https:\/\/clojure.org\/community\/resources\">https:\/\/clojure.org\/community\/resources<\/a><\/p><\/div>\n\n\n\n<p>[1] <a href=\"https:\/\/clojure.org\/\">https:\/\/clojure.org\/<\/a><\/p>\n\n\n\n<p>[2] <a href=\"https:\/\/github.com\/matthiasn\/talk-transcripts\/tree\/master\/Hickey_Rich\">https:\/\/github.com\/matthiasn\/talk-transcripts\/tree\/master\/Hickey_Rich<\/a><\/p>\n\n\n\n<p>[3] <a href=\"https:\/\/changelog.com\/posts\/rich-hickeys-greatest-hits\">https:\/\/changelog.com\/posts\/rich-hickeys-greatest-hits<\/a><br><\/p>\n\n\n\n<p>[4] <a href=\"https:\/\/en.wikipedia.org\/wiki\/Rich_Hickey\">https:\/\/en.wikipedia.org\/wiki\/Rich_Hickey<\/a><br><\/p>\n\n\n\n<h3 class=\"wp-block-heading\">Veranstaltungstermine:<\/h3>\n\n\n\n<p>Der Termin wird in der ersten Vorlesung <a href=\"https:\/\/www.kde.cs.uni-kassel.de\/lehre\/ss2023\/cda\">Begriffliche Datenanalyse<\/a> bekannt gegeben.<\/p>\n\n\n\n<h3 class=\"wp-block-heading\">Angesprochener H\u00f6rer*innenkreis:<\/h3>\n\n\n\n<p>Informatik Master Vorkenntnisse: Informatik Bachelor<\/p>\n\n\n\n<h3 class=\"wp-block-heading\">Umfang:<\/h3>\n\n\n\n<p>6 Cr.<\/p>\n\n\n\n<h3 class=\"wp-block-heading\">Leistungsnachweis:<\/h3>\n\n\n\n<p>Bearbeitung der Praktikumsaufgaben mit m\u00fcndlichem Pr\u00fcfungsgespr\u00e4ch (insgesamt ca. 45 min). <\/p>\n\n\n\n<h3 class=\"wp-block-heading\">Voraussetzung:<\/h3>\n\n\n\n<p>Kenntnis der Inhalte der Vorlesung<a href=\"https:\/\/www.kde.cs.uni-kassel.de\/lehre\/ss2023\/cda\"> Begriffliche Datenanalyse<\/a><\/p>\n\n\n\n<h3 class=\"wp-block-heading\">Veranstalter: <\/h3>\n\n\n\n<p><a href=\"https:\/\/www.kde.cs.uni-kassel.de\/stumme\">Prof. Dr. Gerd Stumme<\/a><\/p>\n\n\n\n<h3 class=\"wp-block-heading\">Literatur:<\/h3>\n\n\n\n<p>siehe Vorlesung<a href=\"https:\/\/www.kde.cs.uni-kassel.de\/lehre\/ss2023\/cda\"> Begriffliche Datenanalyse<\/a>. <\/p>\n","protected":false},"excerpt":{"rendered":"<p>Labor Qualitative Datenanalyse Die Formale Begriffsanalyse ist ein Teilgebiet der K\u00fcnstlichen Intelligenz, mit dem Daten auf Zusammenh\u00e4nge und Struktur analysiert werden k\u00f6nnen. Die Daten werden dabei so geclustert, dass sie dem menschlichen Denken in Begriffen<a class=\"moretag\" href=\"https:\/\/www.kde.cs.uni-kassel.de\/en\/lehre\/ss2023\/labor-qda\"> Read more&hellip;<\/a><\/p>\n","protected":false},"author":15,"featured_media":0,"parent":8900,"menu_order":4,"comment_status":"closed","ping_status":"closed","template":"","meta":{"footnotes":""},"class_list":["post-8902","page","type-page","status-publish","hentry"],"translation":{"provider":"WPGlobus","version":"3.0.2","language":"en","enabled_languages":["de","en"],"languages":{"de":{"title":true,"content":true,"excerpt":false},"en":{"title":false,"content":false,"excerpt":false}}},"_links":{"self":[{"href":"https:\/\/www.kde.cs.uni-kassel.de\/en\/wp-json\/wp\/v2\/pages\/8902","targetHints":{"allow":["GET"]}}],"collection":[{"href":"https:\/\/www.kde.cs.uni-kassel.de\/en\/wp-json\/wp\/v2\/pages"}],"about":[{"href":"https:\/\/www.kde.cs.uni-kassel.de\/en\/wp-json\/wp\/v2\/types\/page"}],"author":[{"embeddable":true,"href":"https:\/\/www.kde.cs.uni-kassel.de\/en\/wp-json\/wp\/v2\/users\/15"}],"replies":[{"embeddable":true,"href":"https:\/\/www.kde.cs.uni-kassel.de\/en\/wp-json\/wp\/v2\/comments?post=8902"}],"version-history":[{"count":3,"href":"https:\/\/www.kde.cs.uni-kassel.de\/en\/wp-json\/wp\/v2\/pages\/8902\/revisions"}],"predecessor-version":[{"id":9172,"href":"https:\/\/www.kde.cs.uni-kassel.de\/en\/wp-json\/wp\/v2\/pages\/8902\/revisions\/9172"}],"up":[{"embeddable":true,"href":"https:\/\/www.kde.cs.uni-kassel.de\/en\/wp-json\/wp\/v2\/pages\/8900"}],"wp:attachment":[{"href":"https:\/\/www.kde.cs.uni-kassel.de\/en\/wp-json\/wp\/v2\/media?parent=8902"}],"curies":[{"name":"wp","href":"https:\/\/api.w.org\/{rel}","templated":true}]}}