{"id":884,"date":"2016-04-04T08:58:56","date_gmt":"2016-04-04T06:58:56","guid":{"rendered":"https:\/\/www.kde.cs.uni-kassel.de\/?page_id=884"},"modified":"2016-04-04T08:58:56","modified_gmt":"2016-04-04T06:58:56","slug":"seminar","status":"publish","type":"page","link":"https:\/\/www.kde.cs.uni-kassel.de\/en\/lehre\/ws2008-09\/seminar","title":{"rendered":"Seminar Web 2.0"},"content":{"rendered":"<p><span style=\"color: #a3004e;\">Ort und Zeit:<\/span><\/p>\n<p style=\"padding-left: 30px;\">Seminar-Vorbesprechung am Mittwoch, dem 22. Oktober 2008, 15:00 h im Raum 0443. Dort werden die weiteren Termine abgesprochen.<\/p>\n<p><span style=\"color: #a3004e;\">Angesprochener H\u00f6rerInnenkreis:<\/span><\/p>\n<p style=\"padding-left: 30px;\"><!-- InstanceEndEditable -->Inf. 4. Sem., Math. NF Inf. Hauptstudium; Master Informatik. F\u00fcr beide Zielgruppen liegen Seminarthemen vor.<!-- InstanceEndEditable --><\/p>\n<p><span style=\"color: #a3004e;\"> Vorkenntnisse: <\/span><\/p>\n<p style=\"padding-left: 30px;\">Informatik-Grundstudium f\u00fcr Einbringung in den Bachelor; abgeschlossener Bachelor f\u00fcr Einbringung in den Master.<\/p>\n<p><span style=\"color: #a3004e;\">\u00a0<\/span><span style=\"color: #a3004e;\">Leistungsnachweis: <\/span><\/p>\n<p style=\"padding-left: 30px;\">Vortrag und Ausarbeitung<!-- InstanceEndEditable --><\/p>\n<p><span style=\"color: #a3004e;\"> Veranstalter: <\/span><\/p>\n<p style=\"padding-left: 30px;\"><!-- InstanceEndEditable --><!-- InstanceEndEditable --><!-- InstanceEndEditable -->Prof. Dr. Gerd Stumme, Dipl.-Inform. Dominik Benz, Dr. Andreas Hotho, Dipl.-Math. Robert J\u00e4schke, Dipl.-Inform. Beate Krause<!-- InstanceEndEditable --><\/p>\n<p><span style=\"color: #a3004e;\">\u00a0Inhalt: <\/span><\/p>\n<p style=\"padding-left: 30px;\"><!-- InstanceEndEditable -->Der Begriff &#8220;Web 2.0&#8221; beschreibt eine Reihe aktueller Trends und Technologien im WWW, die weg\u00adf\u00fchren vom traditionellen Betrachten statischer Inhalte im WWW hin zu dynamischen, unter\u00adein\u00adander kombinierbaren Diensten. Eine wichtige Rolle spielen dabei neuartige Benutzerinterfaces, die es f\u00fcr jeden Benutzer einfach machen, selber Inhalte zu erzeugen, und der soziale Aspekt der Zusammen\u00adarbeit in Benutzer-Communities, die gemeinsam Inhalte erstellen, kombinieren und pflegen. Themen des Seminars sind daher sowohl die technischen Aspekte von Web-2.0-Anwendungen, als auch die Strukturen und Eigenschaften von sozialen Netzwerken im Web.<\/p>\n<p><span style=\"color: #a3004e;\"> Ablauf des Seminars:<\/span><\/p>\n<p style=\"padding-left: 30px;\">Gefordert ist eine wissenschaftliche Auseinandersetzung mit dem Thema, die insbesondere den Bezug auf Originalliteratur einschliesst. Diese kann ggf. durch graue Literatur erg\u00e4nzt, jedoch keinesfalls ersetzt werden. Es wird zu Beginn pro Thema jeweils ein Artikel ausgegeben, der durch den\/die Seminarteilnehmerin im Laufe des Semesesters durch weitergehende Literatur erg\u00e4nzt wird. Die Auswahl der weiteren Literatur trifft der\/die Seminarteilnehmer\/in in Absprache mit dem Betreuer.<\/p>\n<p style=\"padding-left: 30px;\">Eine Abmeldung vom Seminar ist maximal eine Woche nach Ausgabe des Themas m\u00f6glich, um dann anderen Studierenden die M\u00f6glichkeit der Teilnahme zu erm\u00f6glichen.<\/p>\n<p style=\"padding-left: 30px;\">Vier bis sechs Wochen vor dem geplanten Vortrag (der Termin wird auf der Vorbesprechung vereinbart), stellt der Teilnehmer seine Auswahl dem Betreuer vor (vorherige R\u00fccksprachen sind ausdr\u00fccklich erlaubt). Diese Auswahl geht mit 20 % in die Endnote ein.<\/p>\n<p style=\"padding-left: 30px;\">Drei (3!) Tage vor dem geplanten Vortrag sind per Email als PDF abzugeben:<\/p>\n<ul>\n<li>eine einseitige Zusammenfassung (die allen Teilnehmern ausgeh\u00e4ndigt wird),<\/li>\n<li>der Foliensatz<\/li>\n<li>eine 12-seitige Ausarbeitung im unter <a class=\"external\" href=\"http:\/\/www.springer.com\/sgw\/cda\/frontpage\/0,11855,1-164-2-72376-0,00.html\" rel=\"nofollow\"><u><span style=\"color: #0066cc;\">http:\/\/www.springer.com\/sgw\/cda\/frontpage\/0,11855,1-164-2-72376-0,00.html<\/span><\/u><\/a> beschriebenen Format.<\/li>\n<\/ul>\n<p style=\"padding-left: 30px;\">Auch hier sind vorherige Absprachen mit dem Betreuer ausdr\u00fccklich erlaubt. Alle verwendeten Referenzen sind zus\u00e4tzlich zum Literaturverzeichnis der Ausarbeitung in <a class=\"external\" href=\"http:\/\/www.bibsonomy.org\/\" rel=\"nofollow\"><u><span style=\"color: #0066cc;\">http:\/\/www.bibsonomy.org<\/span><\/u><\/a> einzugeben, mit den Tags &#8220;kde&#8221;, &#8220;seminar&#8221;, &#8220;2007&#8221; und weiteren sinnvollen Tags.<\/p>\n<p style=\"padding-left: 30px;\">Die Vortragsdauer betr\u00e4gt verbindlich 30 Minuten, nach dem Vortrag besteht Gelegenheit zur Diskussion. Wir empfehlen, den Vortrag vorher vor Zuh\u00f6rern zu \u00fcben. Der Vortrag (inkl. Folien und Abstract) geht mit 40% in die Endnote ein, die Ausarbeitung ebenfalls mit 40%.<\/p>\n<p style=\"padding-left: 30px;\">Als Richtlinie f\u00fcr die Erstellung einer guten Seminararbeit (inkl. Vortrag und Ausarbeitung) wird das Buch<\/p>\n<ul>\n<li>Markus Deininger and Horst Lichter and Jochen Ludewig and Kurt Schneider. Studien-Arbeiten: ein Leitfaden zur Vorbereitung, Durchf\u00fchrung und Betreuung von Studien-, Diplom- Abschluss- und Doktorarbeiten am Beispiel Informatik. 5. Auflage. vdf Hochschulverlag, Z\u00fcrich, 2005. <a class=\"external\" href=\"http:\/\/www.bibsonomy.org\/bibtex\/0d8d61accf919ca55631acdbb6bcfec73\/stumme\" rel=\"nofollow\"><u><span style=\"color: #0066cc;\">http:\/\/www.bibsonomy.org\/bibtex\/0d8d61accf919ca55631acdbb6bcfec73\/stumme<\/span><\/u><\/a><\/li>\n<\/ul>\n<p style=\"padding-left: 30px;\">empfohlen, welches in der Bibliothek im Semesterapparat des Fachgebiets Wissensverarbeitung ausliegt, und welches auch in einigen Exemplaren ausleihbar ist. Wir empfehlen die Anschaffung dieses Buchs (9,50 \u20ac), da es Sie bis zur Masterarbeit (und weiter) begleiten kann. Die Benotung der Seminararbeit erfolgt in Anlehnung an das dort auf Seite 77 angegebene Schema, angepasst auf die Erfordernisse einer Seminararbeit.<\/p>\n","protected":false},"excerpt":{"rendered":"<p>Ort und Zeit: Seminar-Vorbesprechung am Mittwoch, dem 22. Oktober 2008, 15:00 h im Raum 0443. Dort werden die weiteren Termine abgesprochen. Angesprochener H\u00f6rerInnenkreis: Inf. 4. Sem., Math. NF Inf. Hauptstudium; Master Informatik. F\u00fcr beide Zielgruppen<a class=\"moretag\" href=\"https:\/\/www.kde.cs.uni-kassel.de\/en\/lehre\/ws2008-09\/seminar\"> Read more&hellip;<\/a><\/p>\n","protected":false},"author":1,"featured_media":0,"parent":880,"menu_order":0,"comment_status":"closed","ping_status":"closed","template":"","meta":{"footnotes":""},"class_list":["post-884","page","type-page","status-publish","hentry"],"translation":{"provider":"WPGlobus","version":"3.0.2","language":"en","enabled_languages":["de","en"],"languages":{"de":{"title":true,"content":true,"excerpt":false},"en":{"title":false,"content":false,"excerpt":false}}},"_links":{"self":[{"href":"https:\/\/www.kde.cs.uni-kassel.de\/en\/wp-json\/wp\/v2\/pages\/884","targetHints":{"allow":["GET"]}}],"collection":[{"href":"https:\/\/www.kde.cs.uni-kassel.de\/en\/wp-json\/wp\/v2\/pages"}],"about":[{"href":"https:\/\/www.kde.cs.uni-kassel.de\/en\/wp-json\/wp\/v2\/types\/page"}],"author":[{"embeddable":true,"href":"https:\/\/www.kde.cs.uni-kassel.de\/en\/wp-json\/wp\/v2\/users\/1"}],"replies":[{"embeddable":true,"href":"https:\/\/www.kde.cs.uni-kassel.de\/en\/wp-json\/wp\/v2\/comments?post=884"}],"version-history":[{"count":1,"href":"https:\/\/www.kde.cs.uni-kassel.de\/en\/wp-json\/wp\/v2\/pages\/884\/revisions"}],"predecessor-version":[{"id":894,"href":"https:\/\/www.kde.cs.uni-kassel.de\/en\/wp-json\/wp\/v2\/pages\/884\/revisions\/894"}],"up":[{"embeddable":true,"href":"https:\/\/www.kde.cs.uni-kassel.de\/en\/wp-json\/wp\/v2\/pages\/880"}],"wp:attachment":[{"href":"https:\/\/www.kde.cs.uni-kassel.de\/en\/wp-json\/wp\/v2\/media?parent=884"}],"curies":[{"name":"wp","href":"https:\/\/api.w.org\/{rel}","templated":true}]}}