{"id":869,"date":"2016-04-04T08:25:17","date_gmt":"2016-04-04T06:25:17","guid":{"rendered":"https:\/\/www.kde.cs.uni-kassel.de\/?page_id=869"},"modified":"2016-04-04T08:25:17","modified_gmt":"2016-04-04T06:25:17","slug":"ki","status":"publish","type":"page","link":"https:\/\/www.kde.cs.uni-kassel.de\/en\/lehre\/ws2009-10\/ki","title":{"rendered":"K\u00fcnstliche Intelligenz"},"content":{"rendered":"<p><span style=\"color: #a3004e;\">Erster Veranstaltungstag:<\/span><\/p>\n<p style=\"padding-left: 30px;\">Dienstag, 20. Oktober 2009, 10.15 Uhr in Raum 0443<\/p>\n<p><span style=\"color: #a3004e;\"> Ort und Zeit: <\/span><\/p>\n<p style=\"padding-left: 30px;\">Dienstags 10:15 &#8211; 11:45 Uhr in Raum 0443<\/p>\n<p><span style=\"color: #a3004e;\"> \u00dcbungen: <\/span><\/p>\n<p style=\"padding-left: 30px;\">Mittwochs 14:00 &#8211; 15:30 Uhr in Raum 0443. Beginn 28. Oktober.<\/p>\n<p><span style=\"color: #a3004e;\"> Vorkenntnisse: <\/span><\/p>\n<p style=\"padding-left: 30px;\">Informatik Bachelor<\/p>\n<p><span style=\"color: #a3004e;\"> Angesprochener H\u00f6rerInnenkreis: <\/span><\/p>\n<p style=\"padding-left: 30px;\">Master Informatik. Die Vorlesung kann auch im Bachelor Informatik angerechnet werden (ist dann aber nicht mehr f\u00fcr den Master zu verwenden!)<\/p>\n<p><span style=\"color: #a3004e;\">Umfang: <\/span><\/p>\n<p style=\"padding-left: 30px;\">2 SWS Vorlesung und 2 SWS \u00dcbungen. 6 Credits.<\/p>\n<p><span style=\"color: #a3004e;\"> Leistungsnachweis: <\/span><\/p>\n<p style=\"padding-left: 30px;\">Klausur oder m\u00fcndliche Pr\u00fcfung, je nach Teilnehmerzahl. Die Vorlesung kann im Bereich Praktische Informatik und in den Anwendungsgebieten Knowledge &amp; Data Engineerung und Internettechnologien angerechnet werden.<\/p>\n<p><span style=\"color: #a3004e;\"> Veranstalter: <\/span><\/p>\n<p style=\"padding-left: 30px;\"><a href=\"\/stumme\"><u><span style=\"color: #0066cc;\">Prof. Dr. Gerd Stumme<\/span><\/u><\/a>, <a href=\"\/benz\"><u><span style=\"color: #0066cc;\">Dipl.-Inform. Dominik Benz<\/span><\/u><\/a><\/p>\n<p><span style=\"color: #a3004e;\"> Inhalt: <\/span><\/p>\n<p style=\"padding-left: 30px;\">Die Veranstaltung zeigt das Spektrum von Methoden der K\u00fcnstlichen Intelligenz f\u00fcr die Verarbeitung von Wissen mit dem Rechner auf. Die Vorlesung gibt einen \u00dcberblick \u00fcber verschiedene Gebiete der Wissensrepr\u00e4sentation und f\u00fchrt hin zu aktuellen Einsatzszenarien wie der Erweiterung des World Wide Web hin zu einem Semantic Web. Ziel ist insbesondere der effiziente Umgang mit Wissen in Internet und Intranet.<\/p>\n<p><span style=\"color: #a3004e;\">Themen: <\/span><\/p>\n<p style=\"padding-left: 30px;\">Probleml\u00f6semethoden, Wissensrepr\u00e4sentation, Inferenz, Unsicherheit, Ontologien, Semantic Web, XML, RDF, OWL, Social Bookmarking Systems, Folksonomies, Anwendungen.<\/p>\n<p><span style=\"color: #a3004e;\"> Literatur: <\/span><\/p>\n<ul>\n<li>Jochen Heinsohn &amp; Rolf Socher-Ambrosius: Wissensverarbeitung, Spektrum Akademischer Verlag 1999<\/li>\n<li>Stuart Russel &amp; Peter Norvig: Artificial Intelligence &#8211; A Modern Approach, Prentice Hall 1995<\/li>\n<li>G\u00fcnther G\u00f6rz (Hrsg.): Einf\u00fchrung in die K\u00fcnstliche Intelligenz, Addison-Wesley 1993<\/li>\n<li>G. Antoniou, F. van Harmelen: A Semantic Web Primer. MIT Press, Cambridge 2004.<\/li>\n<\/ul>\n<p>&nbsp;<\/p>\n<p><span style=\"color: #a3004e;\">Weitere\u00a0 Literatur: <\/span><\/p>\n<ul>\n<li><a href=\"http:\/\/www.bibsonomy.org\/tag\/ai\"><u><span style=\"color: #0066cc;\">http:\/\/www.bibsonomy.org\/tag\/ai<\/span><\/u><\/a><\/li>\n<li>Begriffe und Benennungen. Allgemeine Grunds\u00e4tze. DIN 2330. Deutsches Institut f\u00fcr Normung, 1993.<\/li>\n<li>Frank Puppe: Einf\u00fchrung in Expertensysteme, Springer-Verlag 1988<\/li>\n<li>Georg Gottlob (Hrsg.): Expertensysteme, Springer-Verlag 1990<\/li>\n<li>Elaine Rich: Artificial Intelligence, McGraw-Hill 1983<\/li>\n<\/ul>\n<p>&nbsp;<\/p>\n<p><span style=\"color: #a3004e;\"> Skript und \u00dcbungsbl\u00e4tter:<\/span><\/p>\n<p style=\"padding-left: 30px;\">Skript und \u00dcbungsbl\u00e4tter sind in <a href=\"https:\/\/moodle.uni-kassel.de\/moodle\/course\/view.php?id=3546\"><u><span style=\"color: #0066cc;\">Moodle<\/span><\/u><\/a> zu finden.<\/p>\n","protected":false},"excerpt":{"rendered":"<p>Erster Veranstaltungstag: Dienstag, 20. Oktober 2009, 10.15 Uhr in Raum 0443 Ort und Zeit: Dienstags 10:15 &#8211; 11:45 Uhr in Raum 0443 \u00dcbungen: Mittwochs 14:00 &#8211; 15:30 Uhr in Raum 0443. Beginn 28. Oktober. Vorkenntnisse:<a class=\"moretag\" href=\"https:\/\/www.kde.cs.uni-kassel.de\/en\/lehre\/ws2009-10\/ki\"> Read more&hellip;<\/a><\/p>\n","protected":false},"author":1,"featured_media":0,"parent":861,"menu_order":0,"comment_status":"closed","ping_status":"closed","template":"","meta":{"footnotes":""},"class_list":["post-869","page","type-page","status-publish","hentry"],"translation":{"provider":"WPGlobus","version":"3.0.2","language":"en","enabled_languages":["de","en"],"languages":{"de":{"title":true,"content":true,"excerpt":false},"en":{"title":false,"content":false,"excerpt":false}}},"_links":{"self":[{"href":"https:\/\/www.kde.cs.uni-kassel.de\/en\/wp-json\/wp\/v2\/pages\/869","targetHints":{"allow":["GET"]}}],"collection":[{"href":"https:\/\/www.kde.cs.uni-kassel.de\/en\/wp-json\/wp\/v2\/pages"}],"about":[{"href":"https:\/\/www.kde.cs.uni-kassel.de\/en\/wp-json\/wp\/v2\/types\/page"}],"author":[{"embeddable":true,"href":"https:\/\/www.kde.cs.uni-kassel.de\/en\/wp-json\/wp\/v2\/users\/1"}],"replies":[{"embeddable":true,"href":"https:\/\/www.kde.cs.uni-kassel.de\/en\/wp-json\/wp\/v2\/comments?post=869"}],"version-history":[{"count":1,"href":"https:\/\/www.kde.cs.uni-kassel.de\/en\/wp-json\/wp\/v2\/pages\/869\/revisions"}],"predecessor-version":[{"id":871,"href":"https:\/\/www.kde.cs.uni-kassel.de\/en\/wp-json\/wp\/v2\/pages\/869\/revisions\/871"}],"up":[{"embeddable":true,"href":"https:\/\/www.kde.cs.uni-kassel.de\/en\/wp-json\/wp\/v2\/pages\/861"}],"wp:attachment":[{"href":"https:\/\/www.kde.cs.uni-kassel.de\/en\/wp-json\/wp\/v2\/media?parent=869"}],"curies":[{"name":"wp","href":"https:\/\/api.w.org\/{rel}","templated":true}]}}