{"id":862,"date":"2016-04-04T08:42:28","date_gmt":"2016-04-04T06:42:28","guid":{"rendered":"https:\/\/www.kde.cs.uni-kassel.de\/?page_id=862"},"modified":"2016-04-04T08:42:28","modified_gmt":"2016-04-04T06:42:28","slug":"oberseminar","status":"publish","type":"page","link":"https:\/\/www.kde.cs.uni-kassel.de\/en\/lehre\/ws2009-10\/oberseminar","title":{"rendered":"Oberseminar Knowledge &#038; Data Engineering"},"content":{"rendered":"<p><span style=\"color: #a3004e;\">Termin:<\/span><\/p>\n<p style=\"padding-left: 30px;\">Nach Absprache. Bitte kontaktieren Sie Prof. Dr. Gerd Stumme.<\/p>\n<p><span style=\"color: #a3004e;\"> Allgemeines: <\/span><\/p>\n<p style=\"padding-left: 30px;\">In dem Oberseminar werden Grundlagen zu den Forschungsthemen des Fachgebiets Wissensverarbeitung vorgestellt und eigene Forschungsans\u00e4tze diskutiert. Das Oberseminar eignet sich insbesondere f\u00fcr Studierende, die beabsichtigen oder dabei sind, ihre Abschlussarbeiten im FG Wissensverarbeitung durchzuf\u00fchren.<\/p>\n<p><span style=\"color: #a3004e;\"> Themen:<\/span><\/p>\n<p style=\"padding-left: 30px;\">Wissensverarbeitung, K\u00fcnstliche Intelligenz, Internet-Suchmaschinen, Wissensentdeckung, Ontologien, Semantic Web, Social Bookmark Systems, Folksonomies, Social Network Analysis, <a href=\"http:\/\/www.bibsonomy.org\/\"><u><span style=\"color: #0066cc;\">BibSonomy<\/span><\/u><\/a>.<\/p>\n<p><span style=\"color: #a3004e;\"> Vorkenntnisse: <\/span><\/p>\n<p style=\"padding-left: 30px;\">Informatik Grundstudium<\/p>\n<p><span style=\"color: #a3004e;\"> Angesprochener H\u00f6rerInnenkreis: <\/span><\/p>\n<p style=\"padding-left: 30px;\">Inf. Hauptstudium, Math. NF, Inf. Hauptstudium.<br \/>\nStudierende, die vorhaben, eine Projekt- oder Abschlussarbeit im Fachgebiet Wissensverarbeitung zu bearbeiten, sind herzlich zu dem Oberseminar eingeladen.<br \/>\nDer Besuch des Oberseminars ist nicht als Pr\u00fcfungsleistung anrechenbar!<\/p>\n<p><span style=\"color: #a3004e;\"> Veranstalter:<\/span><\/p>\n<p style=\"padding-left: 30px;\">Prof. Dr. Gerd Stumme, Dipl.-Inform. Dominik Benz, Dipl.-Inform. Stefan Doerfel, Dipl.-Inform. Folke Eisterlehner, Dr. Andreas Hotho, Dipl.-Math. Robert J\u00e4schke, Dipl.-Inform. Beate Krause<\/p>\n","protected":false},"excerpt":{"rendered":"<p>Termin: Nach Absprache. Bitte kontaktieren Sie Prof. Dr. Gerd Stumme. Allgemeines: In dem Oberseminar werden Grundlagen zu den Forschungsthemen des Fachgebiets Wissensverarbeitung vorgestellt und eigene Forschungsans\u00e4tze diskutiert. Das Oberseminar eignet sich insbesondere f\u00fcr Studierende, die<a class=\"moretag\" href=\"https:\/\/www.kde.cs.uni-kassel.de\/en\/lehre\/ws2009-10\/oberseminar\"> Read more&hellip;<\/a><\/p>\n","protected":false},"author":1,"featured_media":0,"parent":861,"menu_order":0,"comment_status":"closed","ping_status":"closed","template":"","meta":{"footnotes":""},"class_list":["post-862","page","type-page","status-publish","hentry"],"translation":{"provider":"WPGlobus","version":"3.0.2","language":"en","enabled_languages":["de","en"],"languages":{"de":{"title":true,"content":true,"excerpt":false},"en":{"title":false,"content":false,"excerpt":false}}},"_links":{"self":[{"href":"https:\/\/www.kde.cs.uni-kassel.de\/en\/wp-json\/wp\/v2\/pages\/862","targetHints":{"allow":["GET"]}}],"collection":[{"href":"https:\/\/www.kde.cs.uni-kassel.de\/en\/wp-json\/wp\/v2\/pages"}],"about":[{"href":"https:\/\/www.kde.cs.uni-kassel.de\/en\/wp-json\/wp\/v2\/types\/page"}],"author":[{"embeddable":true,"href":"https:\/\/www.kde.cs.uni-kassel.de\/en\/wp-json\/wp\/v2\/users\/1"}],"replies":[{"embeddable":true,"href":"https:\/\/www.kde.cs.uni-kassel.de\/en\/wp-json\/wp\/v2\/comments?post=862"}],"version-history":[{"count":1,"href":"https:\/\/www.kde.cs.uni-kassel.de\/en\/wp-json\/wp\/v2\/pages\/862\/revisions"}],"predecessor-version":[{"id":877,"href":"https:\/\/www.kde.cs.uni-kassel.de\/en\/wp-json\/wp\/v2\/pages\/862\/revisions\/877"}],"up":[{"embeddable":true,"href":"https:\/\/www.kde.cs.uni-kassel.de\/en\/wp-json\/wp\/v2\/pages\/861"}],"wp:attachment":[{"href":"https:\/\/www.kde.cs.uni-kassel.de\/en\/wp-json\/wp\/v2\/media?parent=862"}],"curies":[{"name":"wp","href":"https:\/\/api.w.org\/{rel}","templated":true}]}}