{"id":8580,"date":"2022-09-02T10:05:04","date_gmt":"2022-09-02T08:05:04","guid":{"rendered":"https:\/\/www.kde.cs.uni-kassel.de\/?page_id=8580"},"modified":"2022-11-10T19:37:33","modified_gmt":"2022-11-10T18:37:33","slug":"labor_dski","status":"publish","type":"page","link":"https:\/\/www.kde.cs.uni-kassel.de\/en\/lehre\/ws2022-23\/labor_dski","title":{"rendered":"Labor Diskrete Strukturen der K\u00fcnstlichen Intelligenz"},"content":{"rendered":"<h2>Labor Diskrete Strukturen der K\u00fcnstlichen Intelligenz<\/h2>\n<p><a href=\"\/stumme\"><u><span style=\"color: #a3004e;\"><\/span><\/u><\/a><a href=\"\/atzmueller\"><u><span style=\"color: #0066cc;\"><\/span><\/u><\/a><span style=\"color: #a3004e;\">Terminabsprache: <\/span><\/p>\n<p style=\"padding-left: 30px;\"><u><span style=\"color: #0066cc;\"><\/span><\/u> Ein kurze Vorbesprechung findet am 28.10.2022 gegen 11:30 nach der Vorlesung <a href=\"\/lehre\/ws2022-23\/ki\"><u><span>K\u00fcnstliche Intelligenz<\/span><\/u><\/a> im Raum <a href=\"https:\/\/map.uni-kassel.de\/?p=1&amp;b=79&amp;f=179&amp;l=31601&amp;lang=de&amp;search_text=-1418\">-1418<\/a> statt.<\/p>\n<p><span style=\"color: #a3004e;\"> Voraussetzungen: <\/span><\/p>\n<p style=\"padding-left: 30px;\">Paralleles H\u00f6ren der Vorlesung <a href=\"\/lehre\/ws2022-23\/ki\"><u><span>K\u00fcnstliche Intelligenz<\/span><\/u><\/a> oder Kenntnis der Inhalte der Vorlesung.<\/p>\n<p><span style=\"color: #a3004e;\"> Angesprochener H\u00f6rerInnenkreis: <\/span><\/p>\n<p style=\"padding-left: 30px;\">Informatik Bachelor<\/p>\n<p><span style=\"color: #a3004e;\"> Leistungsnachweis: <\/span><\/p>\n<p style=\"padding-left: 30px;\">Bearbeitung der Laboraufgaben; Pr\u00e4sentation der L\u00f6sungen.<\/p>\n<p><span style=\"color: #a3004e;\"> Veranstalter: <\/span><\/p>\n<p style=\"padding-left: 30px;\"><a href=\"\/hanika\"><u><span style=\"color: #0066cc;\">Dr. Tom Hanika<\/span><\/u><\/a><\/p>\n<p><span style=\"color: #a3004e;\">Inhalt:<\/span><\/p>\n<p style=\"padding-left: 30px;\">Im Labor werden die in der Vorlesung <a href=\"\/lehre\/ws2022-23\/ki\"><u><span>K\u00fcnstliche Intelligenz<\/span><\/u><\/a> vorgestellten diskreten Strukturen (Suchr\u00e4ume, Constraint-Graphen, neuronale Netze, Beschreibungslogiken etc.) implementiert und auf ihre Eigenschaften hin theoretisch und experimentell analysiert.<\/p>\n<p><span style=\"color: #a3004e;\">Literatur:<br \/>\n<\/span><\/p>\n<p style=\"padding-left: 30px;\">siehe Vorlesung <a href=\"\/lehre\/ws2022-23\/ki\"><u><span>K\u00fcnstliche Intelligenz.<\/span><\/u><\/a><\/p>\n<p><span style=\"color: #a3004e;\" --=\"\">Moodle-Kurs:<\/span><\/p>\n<p style=\"padding-left: 30px;\">Das Labor nutzt einen eigenen <a href=\"https:\/\/moodle.uni-kassel.de\/course\/view.php?id=6154\">Moodle-Kurs<\/a>. <!--Den Link finden Sie <a>hier.<\/a>--><\/p>\n","protected":false},"excerpt":{"rendered":"<p>Labor Diskrete Strukturen der K\u00fcnstlichen Intelligenz Terminabsprache: Ein kurze Vorbesprechung findet am 28.10.2022 gegen 11:30 nach der Vorlesung K\u00fcnstliche Intelligenz im Raum -1418 statt. Voraussetzungen: Paralleles H\u00f6ren der Vorlesung K\u00fcnstliche Intelligenz oder Kenntnis der Inhalte<a class=\"moretag\" href=\"https:\/\/www.kde.cs.uni-kassel.de\/en\/lehre\/ws2022-23\/labor_dski\"> Read more&hellip;<\/a><\/p>\n","protected":false},"author":15,"featured_media":0,"parent":8571,"menu_order":21,"comment_status":"closed","ping_status":"closed","template":"","meta":{"footnotes":""},"class_list":["post-8580","page","type-page","status-publish","hentry"],"translation":{"provider":"WPGlobus","version":"3.0.2","language":"en","enabled_languages":["de","en"],"languages":{"de":{"title":true,"content":true,"excerpt":false},"en":{"title":false,"content":false,"excerpt":false}}},"_links":{"self":[{"href":"https:\/\/www.kde.cs.uni-kassel.de\/en\/wp-json\/wp\/v2\/pages\/8580","targetHints":{"allow":["GET"]}}],"collection":[{"href":"https:\/\/www.kde.cs.uni-kassel.de\/en\/wp-json\/wp\/v2\/pages"}],"about":[{"href":"https:\/\/www.kde.cs.uni-kassel.de\/en\/wp-json\/wp\/v2\/types\/page"}],"author":[{"embeddable":true,"href":"https:\/\/www.kde.cs.uni-kassel.de\/en\/wp-json\/wp\/v2\/users\/15"}],"replies":[{"embeddable":true,"href":"https:\/\/www.kde.cs.uni-kassel.de\/en\/wp-json\/wp\/v2\/comments?post=8580"}],"version-history":[{"count":6,"href":"https:\/\/www.kde.cs.uni-kassel.de\/en\/wp-json\/wp\/v2\/pages\/8580\/revisions"}],"predecessor-version":[{"id":9159,"href":"https:\/\/www.kde.cs.uni-kassel.de\/en\/wp-json\/wp\/v2\/pages\/8580\/revisions\/9159"}],"up":[{"embeddable":true,"href":"https:\/\/www.kde.cs.uni-kassel.de\/en\/wp-json\/wp\/v2\/pages\/8571"}],"wp:attachment":[{"href":"https:\/\/www.kde.cs.uni-kassel.de\/en\/wp-json\/wp\/v2\/media?parent=8580"}],"curies":[{"name":"wp","href":"https:\/\/api.w.org\/{rel}","templated":true}]}}