{"id":8453,"date":"2022-09-02T10:06:13","date_gmt":"2022-09-02T08:06:13","guid":{"rendered":"https:\/\/www.kde.cs.uni-kassel.de\/?page_id=8453"},"modified":"2022-09-02T10:06:14","modified_gmt":"2022-09-02T08:06:14","slug":"arbeiten","status":"publish","type":"page","link":"https:\/\/www.kde.cs.uni-kassel.de\/en\/lehre\/ws2022-23\/arbeiten","title":{"rendered":"Bachelor- und Masterarbeiten Wintersemester 2022\/2023"},"content":{"rendered":"\n<h2 class=\"wp-block-heading\">Bachelor- und Masterarbeiten<\/h2>\n\n\n\n<h3 class=\"wp-block-heading\">Themen<\/h3>\n\n\n\n<p>Viele Aufgabenstellungen besch\u00e4ftigen sich mit der Implementierung verschiedener Komponenten in eines der Websysteme, die am Fachgebiet betrieben werden, oder mit der Analyse der in solchen Systemen vorhandenen Daten. Dar\u00fcber hinaus werden weitere Themen angeboten, die in der Regel einen inhaltlichen Bezug zu aktuellen Forschungsprojekten des Fachgebiets Wissensverarbeitung haben.<\/p>\n\n\n\n<p>Die Themenstellung erfolgt in Absprache mit den Studierenden; die Ausrichtung und der Umfang der Arbeit richten sich nach dem jeweils angestrebten Anschluss. Prinzipiell liegt der Schwerpunkt bei Abschlussarbeiten auf der Methodik, w\u00e4hrend er bei Projektarbeiten auf der technischen Umsetzung liegt.<\/p>\n\n\n\n<p>Zu folgenden Themengebieten k\u00f6nnen wir Arbeiten anbieten; zu konkreten Themen k\u00f6nnen die jeweiligen Betreuer*innen genauere Auskunft geben:<\/p>\n\n\n<div class=\"post-list-layout\"><div class=\"listing-item\"><div class=\"content\">\n<h3 class=\"wp-block-heading\">Investigate Formal Conceptual Views in Neural Networks<\/h3>\n\n\n\n<p><p>Mit Formal Conceptual Views ist ein neues Modell zur Erkl\u00e4rung von Neuralen Netzwerken vorgestellt worden. Ziel dieser Arbeit ist es die Methode auf weitere Modelle und Daten Dom\u00e4nen anzuwenden und die Formal Conceptual Views mit weiteren Methoden der symbolischen Wissensverarbeitung zu analysieren.<\/p><\/p>\n\n\n\n<p>Informationen: <a href=\"https:\/\/www.kde.cs.uni-kassel.de\/hirth\">Johannes Hirth<\/a><\/p><\/p>\n<\/div> <span class=\"category-display\"><span class=\"category-display-label\">Kategorien:<\/span> <a href=\"https:\/\/www.kde.cs.uni-kassel.de\/en\/blog\/category\/allgemein\">Allgemein<\/a>, <a href=\"https:\/\/www.kde.cs.uni-kassel.de\/en\/blog\/category\/bachelor\">Bachelorarbeit<\/a>, <a href=\"https:\/\/www.kde.cs.uni-kassel.de\/en\/blog\/category\/master\">Masterarbeit<\/a>, <a href=\"https:\/\/www.kde.cs.uni-kassel.de\/en\/blog\/category\/methodischer-schwerpunkt\">Methodischer Schwerpunkt<\/a>, <a href=\"https:\/\/www.kde.cs.uni-kassel.de\/en\/blog\/category\/technischer-schwerpunkt\">Technischer Schwerpunkt<\/a><\/span><\/div><div class=\"listing-item\"><div class=\"content\">\n<h3 class=\"wp-block-heading\">Knowledge Extraction from OpenStreetMap<\/h3>\n\n\n\n<p>Bei OpenStreetMap (OSM) handelt es sich um ein freies Projekt, dessen Ziel es ist, frei nutzbare Geodaten zu sammeln, zu strukturieren und f\u00fcr die Nutzung durch jedermann mittels einer (semantischen) Datenbank zur Verf\u00fcgung zu stellen. Die Daten in OSM werden insbesondere durch eine Vielzahl von Tags [1] angereichert. Diese Tags k\u00f6nnen wiederum genutzt werden, um Orte oder Gebiete zu bechreiben. Im Projekt soll daher versucht werden, f\u00fcr gegebene Orte automatisch eine Beschreibung mittels Tags zu generieren. F\u00fcr das Projekt soll eine Demonstrationsapplikation entwickelt werden, in Clojure oder Python3, welche es erlaubt, gegebene Orte automatisch anhand ihrer Beschreibung aus OSM zu vergleichen. Im Rahmen einer Abschlussarbeit kann darauf aufbauend ein ontologisches Rahmenwerk f\u00fcr diese Art von Ortsvergleichen angefangen werden. <br>\n[1] https:\/\/wiki.openstreetmap.org\/wiki\/Tags<\/p>\n\n\n\n<p>Informationen: <a href=\"https:\/\/kde.cs.uni-kassel.de\/hanika\">Tom Hanika<\/a><\/p>\n<\/div> <span class=\"category-display\"><span class=\"category-display-label\">Kategorien:<\/span> <a href=\"https:\/\/www.kde.cs.uni-kassel.de\/en\/blog\/category\/allgemein\">Allgemein<\/a>, <a href=\"https:\/\/www.kde.cs.uni-kassel.de\/en\/blog\/category\/bachelor\">Bachelorarbeit<\/a>, <a href=\"https:\/\/www.kde.cs.uni-kassel.de\/en\/blog\/category\/master\">Masterarbeit<\/a>, <a href=\"https:\/\/www.kde.cs.uni-kassel.de\/en\/blog\/category\/methodischer-schwerpunkt\">Methodischer Schwerpunkt<\/a>, <a href=\"https:\/\/www.kde.cs.uni-kassel.de\/en\/blog\/category\/technischer-schwerpunkt\">Technischer Schwerpunkt<\/a><\/span><\/div><div class=\"listing-item\"><div class=\"content\">\n<h3 class=\"wp-block-heading\">Causal AI &#8212; Implementing Causal Closure Operators<\/h3>\n\n\n\n<p><p>Eine gro\u00dfe Herausforderung in der KI-Forschung ist es, kausale Zusammenh\u00e4nge aus gelernten Modellen zu extrahieren. Die Formale Begriffsanalyse bietet daf\u00fcr eine umfangreiche Palette an Werkzeugen, insbesondere die menschlich-nachvollziehbare Extraktion von H\u00fcllenoperatoren und H\u00fcllensystemen aus Daten. Ein interessanter Ansatz, dies f\u00fcr Kausale-KI zu nutzen, sind kausale H\u00fcllenoperatoren, welche in diesem Projekt oder dieser Arbeit untersucht werden sollen. Dabei liegt f\u00fcr das Projekt der Schwerpunkt in einer effizienten Implementierung eines `Causal Closure Operators` aus der Literatur in Clojure oder Python3. Bei einer Abschlussarbeit liegt der Fokus auf einem Vergleich dieses Operators mit statistischen Ans\u00e4tzen zu Kausalit\u00e4t in Daten.<\/p>\n<\/p>\n\n\n\n<p>Informationen: <a href=\"https:\/\/kde.cs.uni-kassel.de\/hanika\">Tom Hanika<\/a><\/p>\n<\/div> <span class=\"category-display\"><span class=\"category-display-label\">Kategorien:<\/span> <a href=\"https:\/\/www.kde.cs.uni-kassel.de\/en\/blog\/category\/allgemein\">Allgemein<\/a>, <a href=\"https:\/\/www.kde.cs.uni-kassel.de\/en\/blog\/category\/bachelor\">Bachelorarbeit<\/a>, <a href=\"https:\/\/www.kde.cs.uni-kassel.de\/en\/blog\/category\/master\">Masterarbeit<\/a>, <a href=\"https:\/\/www.kde.cs.uni-kassel.de\/en\/blog\/category\/methodischer-schwerpunkt\">Methodischer Schwerpunkt<\/a>, <a href=\"https:\/\/www.kde.cs.uni-kassel.de\/en\/blog\/category\/technischer-schwerpunkt\">Technischer Schwerpunkt<\/a><\/span><\/div><div class=\"listing-item\"><div class=\"content\">\n<h3 class=\"wp-block-heading\">Analyse von WikiCite<\/h3>\n\n\n\n<p><p>Das WikiCite-Projekt [1] versucht, basierend auf der Infrastruktur von WikiData [2], (wissenschaftliche) Publikationen und deren jeweilige Zitationen abzubilden. Bis dato hat das Projekt 40 Mio. Publikationen und ca. 300 Mio Zitationen verlinkt. Ziel dieses Bachelor-\/Master-Projektes bzw. einer m\u00f6glichen Abschlussarbeit ist es, diese Daten hinsichtlich sozialer Netzwerkstrukturen zu analysieren.<\/p>\n<p>[1] http:\/\/wikicite.org\/<\/p>\n<p>[2] https:\/\/www.wikidata.org\/<\/p>\n<\/p>\n\n\n\n<p>Informationen: <a href=\"https:\/\/kde.cs.uni-kassel.de\/hanika\">Tom Hanika<\/a><\/p>\n<\/div> <span class=\"category-display\"><span class=\"category-display-label\">Kategorien:<\/span> <a href=\"https:\/\/www.kde.cs.uni-kassel.de\/en\/blog\/category\/allgemein\">Allgemein<\/a>, <a href=\"https:\/\/www.kde.cs.uni-kassel.de\/en\/blog\/category\/bachelor\">Bachelorarbeit<\/a>, <a href=\"https:\/\/www.kde.cs.uni-kassel.de\/en\/blog\/category\/master\">Masterarbeit<\/a>, <a href=\"https:\/\/www.kde.cs.uni-kassel.de\/en\/blog\/category\/methodischer-schwerpunkt\">Methodischer Schwerpunkt<\/a>, <a href=\"https:\/\/www.kde.cs.uni-kassel.de\/en\/blog\/category\/technischer-schwerpunkt\">Technischer Schwerpunkt<\/a><\/span><\/div><div class=\"listing-item\"><div class=\"content\">\n<h3 class=\"wp-block-heading\">Extracting Hypergraphs from Traffic Networks<\/h3>\n\n\n\n<p>\n  Hypergraph datasets are well known in the context of author networks and knowledge graphs.\n  However, hypergraphs can also be found in other domains, such as traffic networks.\n  In this work, you should search for existing datasets from this domain and provide tooling\n  to collect data from public web endpoints.\n  A second part will deal with characterising different ways of interpreting and\n  formatting the data as hypergraphs.\n  <br>Most (if not all) of the programming will be done in Python.\n<\/p>\n\n\n\n<p>Inquiries: <a href=\"https:\/\/www.kde.cs.uni-kassel.de\/hille\">Tobias Hille<\/a><\/p>\n<\/div> <span class=\"category-display\"><span class=\"category-display-label\">Kategorien:<\/span> <a href=\"https:\/\/www.kde.cs.uni-kassel.de\/en\/blog\/category\/allgemein\">Allgemein<\/a>, <a href=\"https:\/\/www.kde.cs.uni-kassel.de\/en\/blog\/category\/bachelor\">Bachelorarbeit<\/a>, <a href=\"https:\/\/www.kde.cs.uni-kassel.de\/en\/blog\/category\/technischer-schwerpunkt\">Technischer Schwerpunkt<\/a><\/span><\/div><div class=\"listing-item\"><div class=\"content\">\n<h3 class=\"wp-block-heading\">Intrinsische Dimension und Knoteneinbettungen<\/h3>\n\n\n\n<p>In dieser Arbeit soll untersucht werden, wie hoch die intrinsische Dimension von Datens\u00e4tzen ist, welche mit verschiedenen Knoteneinbettungsverfahren aus Graphen erstellt wurden.<\/p>\n\n\n\n<p>Informationen: <a href=\"https:\/\/www.kde.cs.uni-kassel.de\/stubbemann\">Maximilian Stubbemann<\/a><\/p>\n<\/div> <span class=\"category-display\"><span class=\"category-display-label\">Kategorien:<\/span> <a href=\"https:\/\/www.kde.cs.uni-kassel.de\/en\/blog\/category\/allgemein\">Allgemein<\/a>, <a href=\"https:\/\/www.kde.cs.uni-kassel.de\/en\/blog\/category\/bachelor\">Bachelorarbeit<\/a>, <a href=\"https:\/\/www.kde.cs.uni-kassel.de\/en\/blog\/category\/master\">Masterarbeit<\/a>, <a href=\"https:\/\/www.kde.cs.uni-kassel.de\/en\/blog\/category\/methodischer-schwerpunkt\">Methodischer Schwerpunkt<\/a><\/span><\/div><div class=\"listing-item\"><div class=\"content\">\n<h3 class=\"wp-block-heading\">Stabilit\u00e4t der intrinsischen Dimension<\/h3>\n\n\n\n<p>Es gibt mehrere Ma\u00dfe, um die intrinsische Dimension von Datens\u00e4tzen abzusch\u00e4tzen. In dieser Arbeit soll untersucht werden, inwieweit diese Ma\u00dfe stabil gegen\u00fcber &#8220;kleinen&#8221; Manipulationen\/Fehler in den Datens\u00e4tzen sind.<\/p>\n\n\n\n<p>Informationen: <a href=\"https:\/\/www.kde.cs.uni-kassel.de\/stubbemann\">Maximilian Stubbemann<\/a><\/p>\n<\/div> <span class=\"category-display\"><span class=\"category-display-label\">Kategorien:<\/span> <a href=\"https:\/\/www.kde.cs.uni-kassel.de\/en\/blog\/category\/bachelor\">Bachelorarbeit<\/a>, <a href=\"https:\/\/www.kde.cs.uni-kassel.de\/en\/blog\/category\/master\">Masterarbeit<\/a><\/span><\/div><div class=\"listing-item\"><div class=\"content\">\n<h3 class=\"wp-block-heading\">Community Detection in WikiData zur Datensatzgenerierung<\/h3>\n\n\n\n<p>Knowlegde Graphs wie WikiData enthalten sehr viel Wissen, das im Bereich der k\u00fcnstlichen Intelligenz in vielen Anwendungen eingesetzt werden kann. Der Umfang an Informationen ist aber auch ein Problem f\u00fcr viele Anwendungen. Ihre Aufgabe besteht darin, Methoden der Community Detection in sozialen Netzwerken auf die Struktur von WikiData zu \u00fcbertragen. Des Weiteren sollen Sie untersuchen, wie diese Methoden genutzt werden k\u00f6nnen, um kleinere Teil-Datens\u00e4tze aus WikiData zu extrahieren.<\/p>\n\n\n\n<p>Informationen: <a href=\"https:\/\/www.kde.cs.uni-kassel.de\/hirth\">Johannes Hirth<\/a><\/p>\n<\/div> <span class=\"category-display\"><span class=\"category-display-label\">Kategorien:<\/span> <a href=\"https:\/\/www.kde.cs.uni-kassel.de\/en\/blog\/category\/allgemein\">Allgemein<\/a>, <a href=\"https:\/\/www.kde.cs.uni-kassel.de\/en\/blog\/category\/bachelor\">Bachelorarbeit<\/a>, <a href=\"https:\/\/www.kde.cs.uni-kassel.de\/en\/blog\/category\/methodischer-schwerpunkt\">Methodischer Schwerpunkt<\/a>, <a href=\"https:\/\/www.kde.cs.uni-kassel.de\/en\/blog\/category\/technischer-schwerpunkt\">Technischer Schwerpunkt<\/a><\/span><\/div><div class=\"listing-item\"><div class=\"content\">\n<h3 class=\"wp-block-heading\">Evaluierung von Graphzeichnungen<\/h3>\n\n\n\n<p>Ziel dieser Arbeit ist es, zu evaluieren, welche &#8220;weichen&#8221; Kriterien f\u00fcr Graphzeichnungen in der Praxis wie stark mit als &#8220;sch\u00f6n&#8221; wahrgenommenen Zeichnungen korellieren. Au\u00dferdem soll untersucht werden, inwieweit die &#8220;wichtigen&#8221; Kriterien sich beim Zeichnen von Graphen und Ordnungsdiagrammen unterscheiden.<\/p>\n\n\n\n<p>Informationen: <a href=\"https:\/\/www.kde.cs.uni-kassel.de\/stubbemann\">Maximilian Stubbemann<\/a><\/p>\n<\/div> <span class=\"category-display\"><span class=\"category-display-label\">Kategorien:<\/span> <a href=\"https:\/\/www.kde.cs.uni-kassel.de\/en\/blog\/category\/allgemein\">Allgemein<\/a>, <a href=\"https:\/\/www.kde.cs.uni-kassel.de\/en\/blog\/category\/master\">Masterarbeit<\/a>, <a href=\"https:\/\/www.kde.cs.uni-kassel.de\/en\/blog\/category\/technischer-schwerpunkt\">Technischer Schwerpunkt<\/a><\/span><\/div><div class=\"listing-item\"><div class=\"content\">\n<h3 class=\"wp-block-heading\">K-Means und FCA<\/h3>\n\n\n\n<p>K-means, oder genauer Lloyds-Algorithmus, ist eine Technik, durch welche Datenpunkte im Euklidischen Raum in eine Anzahl von k-Clustern zerlegt werden k\u00f6nnen. Durch wiederholtes Ausf\u00fchren mit unterschiedlichem k entsteht eine Menge von sich teilweise \u00fcberlappenden Clustern. Durch das Hinzuf\u00fcgen der Schnitte der einzelnen Cluster k\u00f6nnen diese zu einer Verbandsstruktur erweitert werden. Dieser Verband wiederum hat einen zugeh\u00f6rigen formalen Kontext. <\/p>\n\n\n\n<p>Das Ziel dieses Projektes ist es zu untersuchen, inwiefern diese Cluster mit dem H\u00fcllensystem des formalen Kontextes zusammenh\u00e4ngen.<\/p>\n\n\n\n<p>Informationen: <a href=\"https:\/\/www.kde.cs.uni-kassel.de\/duerrschnabel\">Dominik D\u00fcrrschnabel<\/a><\/p>\n<\/div> <span class=\"category-display\"><span class=\"category-display-label\">Kategorien:<\/span> <a href=\"https:\/\/www.kde.cs.uni-kassel.de\/en\/blog\/category\/allgemein\">Allgemein<\/a>, <a href=\"https:\/\/www.kde.cs.uni-kassel.de\/en\/blog\/category\/bachelor\">Bachelorarbeit<\/a>, <a href=\"https:\/\/www.kde.cs.uni-kassel.de\/en\/blog\/category\/master\">Masterarbeit<\/a><\/span><\/div><div class=\"listing-item\"><div class=\"content\">\n<h3 class=\"wp-block-heading\">Invarianten f\u00fcr Formale Kontexte<\/h3>\n\n\n\n<p>Es ist nicht einfach zu erkennen, ob zwei (reduzierte) Formale Kontexte isomorph sind, bzw. gegeben eine Menge Formaler Kontexte zu erkennen, wie viele verschiedene Formale Kontexte dort enthalten sind. Ein Hilfsmittel sind Invarianten, also abgeleitete Gr\u00f6\u00dfen, die nicht von der konkreten Darstellung des Formalen Kontexts abh\u00e4ngen, beispielsweise die Anzahl der Attribute des Kontexts oder auch die Anzahl der Begriffe des Kontexts. Haben zwei Kontexte unterschiedliche Werte f\u00fcr eine Invariante, so sind die Kontexte nicht isomorph. Ziel ist es, Formale Kontexte hinsichtlich m\u00f6glicher Invarianten zu untersuchen. Formale Kontexte k\u00f6nnen als bipartite Graphen dargestellt werden, daher sollen insbesondere bekannte Graph-Invarianten in Betracht gezogen werden.<\/p>\n\n\n\n<p>Informationen: <a href=\"https:\/\/www.kde.cs.uni-kassel.de\/felde\">Maximilian Felde<\/a><\/p>\n<\/div> <span class=\"category-display\"><span class=\"category-display-label\">Kategorien:<\/span> <a href=\"https:\/\/www.kde.cs.uni-kassel.de\/en\/blog\/category\/allgemein\">Allgemein<\/a>, <a href=\"https:\/\/www.kde.cs.uni-kassel.de\/en\/blog\/category\/bachelor\">Bachelorarbeit<\/a>, <a href=\"https:\/\/www.kde.cs.uni-kassel.de\/en\/blog\/category\/master\">Masterarbeit<\/a>, <a href=\"https:\/\/www.kde.cs.uni-kassel.de\/en\/blog\/category\/methodischer-schwerpunkt\">Methodischer Schwerpunkt<\/a><\/span><\/div><div class=\"listing-item\"><div class=\"content\">\n<h3 class=\"wp-block-heading\">Concept Neural Networks<\/h3>\n\n\n\n<p>Bei der Klassifikation in Graphen ist es \u00fcblich, mittels Graph Neuronalen Netzen (GNNs) die Struktur des Graphen zu nutzen, um die Klassifikation von Knoten zu verbessern. Ziel dieser Arbeit ist es, diesen Ansatz auf die Formale Begriffsanalyse zu \u00fcbertragen, indem die &#8220;Faltungsoperation&#8221; anhand von Konzepten durchgef\u00fchrt wird. Vergleichen Sie dieses Verfahren mit anderen Verfahren, die neuronale Netze basierend auf Begriffsverb\u00e4nden nutzen!<\/p>\n\n\n\n<p>Informationen: <a href=\"https:\/\/www.kde.cs.uni-kassel.de\/stubbemann\">Maximilian Stubbemann<\/a><\/p>\n<\/div> <span class=\"category-display\"><span class=\"category-display-label\">Kategorien:<\/span> <a href=\"https:\/\/www.kde.cs.uni-kassel.de\/en\/blog\/category\/bachelor\">Bachelorarbeit<\/a>, <a href=\"https:\/\/www.kde.cs.uni-kassel.de\/en\/blog\/category\/master\">Masterarbeit<\/a><\/span><\/div><div class=\"listing-item\"><div class=\"content\">\n<h3 class=\"wp-block-heading\">Erkl\u00e4rbarkeit von Klassifikatoren durch Surrogate<\/h3>\n\n\n\n<p>Viele der gegenw\u00e4rtig genutzten Lernmodelle zur Klassifikation erzeugen sogenannte Blackbox-Funktionen\/Relationen, z.B. Random Forests oder Neuronale Netze. Diese entziehen sich einer direkten Erkl\u00e4rbarkeit und sind daher f\u00fcr Nutzer:innen schwer nachvollzieh- und \u00fcberpr\u00fcfbar. Es gibt verschiedene  numerische \/ kategorische\/ statistische Ans\u00e4tze, um diesem Problem zu begegnen. Ein besonderer Ansatz ist Surrogatlernen, d.h., das Trainieren eines erkl\u00e4rbaren Klassifikators basierend auf einer Blackbox. Je nach Ausrichtung (Projekt\/Bachelorarbeit\/Masterarbeit) soll versucht werden, bestehende Surrogat-Ans\u00e4tze praktisch zu evaluieren oder theoretische Ans\u00e4tze fortzusetzen. <\/p>\n\n\n\n<p>Informationen: <a href=\"https:\/\/kde.cs.uni-kassel.de\/hanika\">Tom Hanika<\/a><\/p>\n<\/div> <span class=\"category-display\"><span class=\"category-display-label\">Kategorien:<\/span> <a href=\"https:\/\/www.kde.cs.uni-kassel.de\/en\/blog\/category\/allgemein\">Allgemein<\/a>, <a href=\"https:\/\/www.kde.cs.uni-kassel.de\/en\/blog\/category\/bachelor\">Bachelorarbeit<\/a>, <a href=\"https:\/\/www.kde.cs.uni-kassel.de\/en\/blog\/category\/master\">Masterarbeit<\/a>, <a href=\"https:\/\/www.kde.cs.uni-kassel.de\/en\/blog\/category\/methodischer-schwerpunkt\">Methodischer Schwerpunkt<\/a><\/span><\/div><div class=\"listing-item\"><div class=\"content\">\n<h3 class=\"wp-block-heading\"> FCA RuleMining mittels GPU<\/h3>\n\n\n\n<p>Die Berechnung von Implikationsbasen in Formalen Kontexten (bin\u00e4ren Datentabellen) basiert auf einem co-NP schweren Problem. Um dennoch Wissen in Form von Implikationen zu extrahieren, wurden verschiedene Ma\u00dfe f\u00fcr `interessante` Regeln und deren Berechnung gefunden. Da auch deren Berechnung bei wachsenden Datens\u00e4tzen einer kombinatorischen Explosion gegen\u00fcbersteht, ist eine hohe Parallelisierung mittels GPU-Hardware notwendig. In `GPU-Accelerated Parameter Optimization for Classification Rule Learning` schlagen die Autoren eine Variante von &#8220;beam-search&#8221; auf GPUs vor, die in dem vorliegenden Projekt untersucht, implementiert und auf Formale Kontexte angewendet werden soll. <\/p>\n\n\n\n<p>Informationen: <a href=\"https:\/\/kde.cs.uni-kassel.de\/hanika\">Tom Hanika<\/a><\/p>\n<\/div> <span class=\"category-display\"><span class=\"category-display-label\">Kategorien:<\/span> <a href=\"https:\/\/www.kde.cs.uni-kassel.de\/en\/blog\/category\/allgemein\">Allgemein<\/a>, <a href=\"https:\/\/www.kde.cs.uni-kassel.de\/en\/blog\/category\/bachelor\">Bachelorarbeit<\/a>, <a href=\"https:\/\/www.kde.cs.uni-kassel.de\/en\/blog\/category\/technischer-schwerpunkt\">Technischer Schwerpunkt<\/a><\/span><\/div><div class=\"listing-item\"><div class=\"content\">\n<h3 class=\"wp-block-heading\">PCA auf formalen Kontexten <\/h3>\n\n\n\n<p>Principal Component Analysis dient dazu, Datens\u00e4tze zu vereinfachen. Hierbei wird eine gro\u00dfe Menge an  (m\u00f6glicherweise) korrelierten Variablen in eine m\u00f6glichst aussagekr\u00e4ftige kleinere Menge transformiert. Dieses Vorgehen soll auf formale Kontexte \u00fcbertragen werden, um ihre Merkmalsmenge einzuschr\u00e4nken.<\/p>\n\n\n\n<p>Informationen: <a href=\"https:\/\/www.kde.cs.uni-kassel.de\/koyda\">Maren Koyda<\/a><\/p>\n<\/div> <span class=\"category-display\"><span class=\"category-display-label\">Kategorien:<\/span> <a href=\"https:\/\/www.kde.cs.uni-kassel.de\/en\/blog\/category\/allgemein\">Allgemein<\/a>, <a href=\"https:\/\/www.kde.cs.uni-kassel.de\/en\/blog\/category\/bachelor\">Bachelorarbeit<\/a>, <a href=\"https:\/\/www.kde.cs.uni-kassel.de\/en\/blog\/category\/master\">Masterarbeit<\/a>, <a href=\"https:\/\/www.kde.cs.uni-kassel.de\/en\/blog\/category\/methodischer-schwerpunkt\">Methodischer Schwerpunkt<\/a>, <a href=\"https:\/\/www.kde.cs.uni-kassel.de\/en\/blog\/category\/technischer-schwerpunkt\">Technischer Schwerpunkt<\/a><\/span><\/div><div class=\"listing-item\"><div class=\"content\">\n<h3 class=\"wp-block-heading\">Generator f\u00fcr zuf\u00e4llige bipartite Graphen<\/h3>\n\n\n\n<p>In diesem Projekt sollen verschiedene Ans\u00e4tze f\u00fcr die zuf\u00e4llige Erzeugung bipartiter Graphen praktisch untersucht werden. Dabei soll insbesondere versucht werden, realweltliche Daten zu simulieren. Die Algorithmen sollen in Python3 oder Clojure implementiert werden.<\/p>\n\n\n\n<p>Informationen: <a href=\"https:\/\/www.kde.cs.uni-kassel.de\/hanika\">Tom Hanika<\/a><\/p>\n<\/div> <span class=\"category-display\"><span class=\"category-display-label\">Kategorien:<\/span> <a href=\"https:\/\/www.kde.cs.uni-kassel.de\/en\/blog\/category\/allgemein\">Allgemein<\/a>, <a href=\"https:\/\/www.kde.cs.uni-kassel.de\/en\/blog\/category\/bachelor\">Bachelorarbeit<\/a>, <a href=\"https:\/\/www.kde.cs.uni-kassel.de\/en\/blog\/category\/methodischer-schwerpunkt\">Methodischer Schwerpunkt<\/a>, <a href=\"https:\/\/www.kde.cs.uni-kassel.de\/en\/blog\/category\/technischer-schwerpunkt\">Technischer Schwerpunkt<\/a><\/span><\/div><\/div>\n\n\n\n<p>Sprechen Sie uns gern zu weiteren Themen an.\nInformationen zu den einzelnen Themen geben Ihnen gerne vorab die Betreuer*innen.\n<\/p>\n\n\n\n<h3 class=\"wp-block-heading\">Aufgabenstellung und Termin<\/h3>\n\n\n\n<p>Nach Absprache mit der\/dem jeweiligen Betreuer*in.<\/p>\n\n\n\n<h3 class=\"wp-block-heading\">Vorkenntnisse<\/h3>\n\n\n\n<p>Informatik Grundstudium bzw. 30 absolvierte Credits des Masterstudiums<\/p>\n\n\n\n<h3 class=\"wp-block-heading\">Angesprochener H\u00f6rer*innenkreis<\/h3>\n\n\n\n<p>Informatik Bachelor und Master, Math. NF Inf. Hauptstudium<\/p>\n\n\n\n<h3 class=\"wp-block-heading\">Umfang<\/h3>\n\n\n\n<p>9 Wochen f\u00fcr Bachelor und 6 Monate f\u00fcr Master<\/p>\n\n\n\n<h3 class=\"wp-block-heading\">Leistungsnachweis<\/h3>\n\n\n\n<p>In der Regel Implementierung, schriftliche Ausarbeitung, Vortrag und ein Poster<\/p>\n\n\n\n<h3 class=\"wp-block-heading\">Veranstalter<\/h3>\n\n\n\n<p><a href=\"https:\/\/www.kde.cs.uni-kassel.de\/stumme\">Prof. Dr. Gerd Stumme<\/a>, <a href=\"https:\/\/www.kde.cs.uni-kassel.de\/hanika\">Dr. Tom Hanika<\/a>, <a href=\"https:\/\/www.kde.cs.uni-kassel.de\/duerrschnabel\">Dominik D\u00fcrrschnabel, M.Sc.<\/a>,&nbsp;<a href=\"https:\/\/www.kde.cs.uni-kassel.de\/felde\">Maximilian Felde, M.Sc.<\/a>, <a href=\"\/hille\">Tobias Hille, M.Sc.<\/a>, <a href=\"https:\/\/www.kde.cs.uni-kassel.de\/hirth\">Johannes Hirth, M.Sc.<\/a>, <a href=\"https:\/\/www.kde.cs.uni-kassel.de\/koyda\">Maren Koyda, M.Sc.<\/a>,&nbsp;<a href=\"https:\/\/www.kde.cs.uni-kassel.de\/stubbemann\">Maximilian Stubbemann, M.Sc.<\/a><\/p>\n","protected":false},"excerpt":{"rendered":"<p>Bachelor- und Masterarbeiten Themen Viele Aufgabenstellungen besch\u00e4ftigen sich mit der Implementierung verschiedener Komponenten in eines der Websysteme, die am Fachgebiet betrieben werden, oder mit der Analyse der in solchen Systemen vorhandenen Daten. Dar\u00fcber hinaus werden<a class=\"moretag\" href=\"https:\/\/www.kde.cs.uni-kassel.de\/en\/blog\/2019\/03\/04\/generator-fuer-zufaellige-formale-kontexte\"> Read more&hellip;<\/a><\/p>\n","protected":false},"author":17,"featured_media":0,"parent":8571,"menu_order":29,"comment_status":"closed","ping_status":"closed","template":"","meta":{"footnotes":""},"class_list":["post-8453","page","type-page","status-publish","hentry"],"translation":{"provider":"WPGlobus","version":"3.0.2","language":"en","enabled_languages":["de","en"],"languages":{"de":{"title":true,"content":true,"excerpt":false},"en":{"title":false,"content":false,"excerpt":false}}},"_links":{"self":[{"href":"https:\/\/www.kde.cs.uni-kassel.de\/en\/wp-json\/wp\/v2\/pages\/8453","targetHints":{"allow":["GET"]}}],"collection":[{"href":"https:\/\/www.kde.cs.uni-kassel.de\/en\/wp-json\/wp\/v2\/pages"}],"about":[{"href":"https:\/\/www.kde.cs.uni-kassel.de\/en\/wp-json\/wp\/v2\/types\/page"}],"author":[{"embeddable":true,"href":"https:\/\/www.kde.cs.uni-kassel.de\/en\/wp-json\/wp\/v2\/users\/17"}],"replies":[{"embeddable":true,"href":"https:\/\/www.kde.cs.uni-kassel.de\/en\/wp-json\/wp\/v2\/comments?post=8453"}],"version-history":[{"count":4,"href":"https:\/\/www.kde.cs.uni-kassel.de\/en\/wp-json\/wp\/v2\/pages\/8453\/revisions"}],"predecessor-version":[{"id":8638,"href":"https:\/\/www.kde.cs.uni-kassel.de\/en\/wp-json\/wp\/v2\/pages\/8453\/revisions\/8638"}],"up":[{"embeddable":true,"href":"https:\/\/www.kde.cs.uni-kassel.de\/en\/wp-json\/wp\/v2\/pages\/8571"}],"wp:attachment":[{"href":"https:\/\/www.kde.cs.uni-kassel.de\/en\/wp-json\/wp\/v2\/media?parent=8453"}],"curies":[{"name":"wp","href":"https:\/\/api.w.org\/{rel}","templated":true}]}}