{"id":842,"date":"2016-04-03T16:24:35","date_gmt":"2016-04-03T14:24:35","guid":{"rendered":"https:\/\/www.kde.cs.uni-kassel.de\/?page_id=842"},"modified":"2018-01-26T14:01:27","modified_gmt":"2018-01-26T13:01:27","slug":"ir","status":"publish","type":"page","link":"https:\/\/www.kde.cs.uni-kassel.de\/en\/lehre\/ss2009\/ir","title":{"rendered":"Internet-Suchmaschinen"},"content":{"rendered":"<p>Zusatzvorlesungstermin: 15.7. um 14:00-15:30 im FG Wissensverarbeitung. Der in dieser Vorlesung behandelte Stoff (Kap. 13, Folien 13-17; Kap. 14, Folien 1-20; Kap. 15, Folien 1-6 und 13-18; Kap. 16, Folien 1-14) ist pr\u00fcfungsrelevant.<\/p>\n<p><span style=\"color: #a3004e;\">Erster Veranstaltungstag:<\/span><\/p>\n<p style=\"padding-left: 30px;\">Freitag, 17. April 2009<\/p>\n<p><span style=\"color: #a3004e;\">Ort und Zeit:<\/span><\/p>\n<p style=\"padding-left: 30px;\">Freitags, 10:15 &#8211; 11:45 Uhr in Raum -1319 (WA 73 Altbau)<\/p>\n<p><span style=\"color: #a3004e;\">\u00dcbungen:<\/span><\/p>\n<p style=\"padding-left: 30px;\">Mittwochs, 16:00 &#8211; 17:30 Uhr in Raum -1607 (Neubau WA 73\/Emilienstra\u00dfe, erste \u00dcbung am 22.04.09)<\/p>\n<p><span style=\"color: #a3004e;\"> Angesprochener H\u00f6rerInnenkreis: <\/span><\/p>\n<p style=\"padding-left: 30px;\">Informatik Bachelor\/Diplom I ab 4. Sem., Mathematik Nebenfach<\/p>\n<p><span style=\"color: #a3004e;\"> Vorkenntnisse: <\/span><\/p>\n<p style=\"padding-left: 30px;\">Informatik Grundstudium<\/p>\n<p><span style=\"color: #a3004e;\"> Leistungsnachweis: <\/span><\/p>\n<p style=\"padding-left: 30px;\">Klausur oder m\u00fcndliche Pr\u00fcfung, je nach Teilnehmerzahl. Die Vorlesung kann im Bereich Praktische Informatik sowie in den Anwendungsgebieten Knowledge &amp; Data Engineering und Internet-Technologien angerechnet werden. Durch regelm\u00e4\u00dfige Abgabe der Praxis\u00fcbungen kann die Note um einen Notensprung verbessert werden.<\/p>\n<p><span style=\"color: #a3004e;\"> Veranstalter: <\/span><\/p>\n<p style=\"padding-left: 30px;\"><a href=\"\/stumme\"><u><span style=\"color: #0066cc;\">Prof. Dr. Gerd Stumme<\/span><\/u><\/a>, Dipl.-Inform. Beate Krause<!--\n<a href=\"http:\/\/www.kde.cs.uni-kassel.de\/benz\">Dipl.-Inform. Dominik Benz<\/a>,\n<a href=\"http:\/\/www.kde.cs.uni-kassel.de\/jaeschke\">Dipl.-Math. Robert J\u00e4schke<\/a>,\n--><\/p>\n<p style=\"padding-left: 30px;\">Wir haben keine festen Sprechstunden, unsere T\u00fcren stehen aber meistens offen. Kommen Sie einfach vorbei!<\/p>\n<p><span style=\"color: #a3004e;\"> Inhalt: <\/span><\/p>\n<p style=\"padding-left: 30px;\">Die Vorlesung gibt eine Einf\u00fchrung in das Gebiet des Information Retrievals. Unter Information Retrieval versteht man das Finden von Informationen, wobei man dies h\u00e4ufig auf das Finden von Dokumenten, die die relevanten Informationen beinhalten, beschr\u00e4nkt. In der Vorlesung werden neben den inhaltlichen Konzepten, die hinter bekannten Suchmaschinen wie z.B. Google stehen, auch Ideen der effizienten Implementierung solcher Systeme eingef\u00fchrt.<\/p>\n<p><span style=\"color: #a3004e;\"> Literatur zur Vorlesung: <\/span><\/p>\n<p style=\"padding-left: 30px;\"><a href=\"\/lehre\/ss2009\/ir\/literature\"> Webseite mit Literatur <\/a><\/p>\n<p><span style=\"color: #a3004e;\"> Zus\u00e4tzliche Online-Ressourcen (aus dem <a href=\"http:\/\/www.bibsonomy.org\/rss\/group\/kde\/ir+lecture\">RSS-Feed<\/a> von <a href=\"http:\/\/www.bibsonomy.org\/grou\/kde\/ir+lecture\">BibSonomy<\/a>): <\/span><\/p>\n<ul>\n<li><a href=\"\/lehre\/ss2005\/googlespam\/\"><u><span style=\"color: #0066cc;\">Seminar: Internet-Suchmaschinen oder die Hommingberger Gepardenforelle<\/span><\/u><\/a><\/li>\n<li><a href=\"http:\/\/rakaposhi.eas.asu.edu\/cse494\/\"><u><span style=\"color: #0066cc;\">CSE 494\/\/598 Information Retrieval, Mining and Integration on the Internet<\/span><\/u><\/a><\/li>\n<li><a href=\"http:\/\/lit.csci.unt.edu\/~classes\/CSCE5200\/\"><u><span style=\"color: #0066cc;\">CSCE 5200: Information Retrieval and Web Search<\/span><\/u><\/a><\/li>\n<li><a href=\"http:\/\/www.cl.cam.ac.uk\/teaching\/current\/InfoRtrv\/\"><u><span style=\"color: #0066cc;\">Computer Laboratory &#8211; Information Retrieval<\/span><\/u><\/a><\/li>\n<li><a href=\"http:\/\/www.apl.jhu.edu\/~paulmac\/ir.html\"><u><span style=\"color: #0066cc;\">605.744: Information Retrieval<\/span><\/u><\/a><\/li>\n<li><a href=\"http:\/\/www-csli.stanford.edu\/~schuetze\/information-retrieval-book.html\"><u><span style=\"color: #0066cc;\">Introduction to Information Retrieval<\/span><\/u><\/a><\/li>\n<li><a href=\"http:\/\/www.is.informatik.uni-duisburg.de\/courses\/ir_ss06\/index.html.en\"><u><span style=\"color: #0066cc;\">Information Retrieval &#8211; Lecture, Summer 2006<\/span><\/u><\/a><\/li>\n<li><a href=\"http:\/\/www.cs.cornell.edu\/courses\/cs430\/2004fa\/readings.html\"><u><span style=\"color: #0066cc;\">CS430\/INFO430: Information Retrieval<\/span><\/u><\/a><\/li>\n<li><a href=\"http:\/\/www.cs.cornell.edu\/courses\/cs685\/2006sp\/\"><u><span style=\"color: #0066cc;\">The Structure of Information Networks (Jon Kleinberg)<\/span><\/u><\/a><\/li>\n<li><a href=\"http:\/\/www.google.com\/search?hl=en&amp;hs=6TF&amp;lr=&amp;client=opera&amp;rls=en&amp;defl=en&amp;q=define:Information+Retrieval&amp;sa=X&amp;oi=glossary_definition&amp;ct=title\"><u><span style=\"color: #0066cc;\">define:Information Retrieval &#8211; Google Search<\/span><\/u><\/a><\/li>\n<\/ul>\n<p><span style=\"color: #a3004e;\"> Aktuelle Suchmaschinen (aus dem <a href=\"http:\/\/www.bibsonomy.org\/rss\/tag\/suchmaschinen\">RSS-Feed<\/a> von <a href=\"http:\/\/www.bibsonomy.org\/tag\/suchmaschinen\">BibSonomy<\/a>): <\/span><\/p>\n<ul>\n<li><a href=\"http:\/\/www.technorati.com\/\"><u><span style=\"color: #0066cc;\">Technorati: Front Page<\/span><\/u><\/a><\/li>\n<li><a href=\"http:\/\/www.scirus.com\/\"><u><span style=\"color: #0066cc;\">Scirus &#8211; for scientific information<\/span><\/u><\/a><\/li>\n<li><a href=\"http:\/\/doggdot.us\/\"><u><span style=\"color: #0066cc;\">doggdot.us<\/span><\/u><\/a><\/li>\n<li><a href=\"http:\/\/de.reddit.com\/\"><u><span style=\"color: #0066cc;\">reddit.com: Was gibt&#8217;s neues online!<\/span><\/u><\/a><\/li>\n<li><a href=\"http:\/\/www.dmoz.org\/\"><u><span style=\"color: #0066cc;\">ODP &#8211; Open Directory Project<\/span><\/u><\/a><\/li>\n<li><a href=\"http:\/\/ma.gnolia.com\/#\"><u><span style=\"color: #0066cc;\">Ma.gnolia.com &#8211; Find Web Sites &amp; Build Community Online<\/span><\/u><\/a><\/li>\n<li><a href=\"http:\/\/scholarlypublishing.org\/jpwilkin\/archives\/6\"><u><span style=\"color: #0066cc;\">John Wilkin\u2019s blog \u00bb Metasearch vs. Google Scholar<\/span><\/u><\/a><\/li>\n<li><a href=\"http:\/\/googlewebmastercentral.blogspot.com\/2008\/04\/crawling-through-html-forms.html\"><u><span style=\"color: #0066cc;\">Official Google Webmaster Central Blog: Crawling through HTML forms<\/span><\/u><\/a><\/li>\n<li><a href=\"http:\/\/www.seomoz.org\/article\/search-ranking-factors\"><u><span style=\"color: #0066cc;\">SEOmoz | Google Search Engine Ranking FactorsV2<\/span><\/u><\/a><\/li>\n<li><a href=\"http:\/\/infokanal.zdf.de\/ZDFde\/inhalt\/17\/0,1872,3991185_idDispatch:7529708,00.html?dr=1\"><u><span style=\"color: #0066cc;\">ZDF-Dokumentation \u201eDie Welt ist eine Google\u201c<\/span><\/u><\/a><\/li>\n<\/ul>\n<p><span style=\"color: #a3004e;\"> Glossar: <\/span><\/p>\n<p style=\"padding-left: 30px;\">Zum Buch <a href=\"http:\/\/www.sims.berkeley.edu\/~hearst\/irbook\/glossary.html\"><u><span style=\"color: #0066cc;\">Modern Information Retrieval<\/span><\/u><\/a> gibt es einen <a href=\"http:\/\/www.sims.berkeley.edu\/~hearst\/irbook\/glossary.html\"><u><span style=\"color: #0066cc;\">Glossar<\/span><\/u><\/a>.<\/p>\n<p><span style=\"color: #a3004e;\">Folien: <\/span><\/p>\n<p><span style=\"color: #a3004e;\">\u00dcbung: <\/span><\/p>\n","protected":false},"excerpt":{"rendered":"<p>Zusatzvorlesungstermin: 15.7. um 14:00-15:30 im FG Wissensverarbeitung. Der in dieser Vorlesung behandelte Stoff (Kap. 13, Folien 13-17; Kap. 14, Folien 1-20; Kap. 15, Folien 1-6 und 13-18; Kap. 16, Folien 1-14) ist pr\u00fcfungsrelevant. Erster Veranstaltungstag:<a class=\"moretag\" href=\"https:\/\/www.kde.cs.uni-kassel.de\/en\/lehre\/ss2009\/ir\"> Read more&hellip;<\/a><\/p>\n","protected":false},"author":1,"featured_media":0,"parent":835,"menu_order":0,"comment_status":"closed","ping_status":"closed","template":"","meta":{"footnotes":""},"class_list":["post-842","page","type-page","status-publish","hentry"],"translation":{"provider":"WPGlobus","version":"3.0.2","language":"en","enabled_languages":["de","en"],"languages":{"de":{"title":true,"content":true,"excerpt":false},"en":{"title":false,"content":false,"excerpt":false}}},"_links":{"self":[{"href":"https:\/\/www.kde.cs.uni-kassel.de\/en\/wp-json\/wp\/v2\/pages\/842","targetHints":{"allow":["GET"]}}],"collection":[{"href":"https:\/\/www.kde.cs.uni-kassel.de\/en\/wp-json\/wp\/v2\/pages"}],"about":[{"href":"https:\/\/www.kde.cs.uni-kassel.de\/en\/wp-json\/wp\/v2\/types\/page"}],"author":[{"embeddable":true,"href":"https:\/\/www.kde.cs.uni-kassel.de\/en\/wp-json\/wp\/v2\/users\/1"}],"replies":[{"embeddable":true,"href":"https:\/\/www.kde.cs.uni-kassel.de\/en\/wp-json\/wp\/v2\/comments?post=842"}],"version-history":[{"count":3,"href":"https:\/\/www.kde.cs.uni-kassel.de\/en\/wp-json\/wp\/v2\/pages\/842\/revisions"}],"predecessor-version":[{"id":2609,"href":"https:\/\/www.kde.cs.uni-kassel.de\/en\/wp-json\/wp\/v2\/pages\/842\/revisions\/2609"}],"up":[{"embeddable":true,"href":"https:\/\/www.kde.cs.uni-kassel.de\/en\/wp-json\/wp\/v2\/pages\/835"}],"wp:attachment":[{"href":"https:\/\/www.kde.cs.uni-kassel.de\/en\/wp-json\/wp\/v2\/media?parent=842"}],"curies":[{"name":"wp","href":"https:\/\/api.w.org\/{rel}","templated":true}]}}