{"id":840,"date":"2016-04-03T16:27:49","date_gmt":"2016-04-03T14:27:49","guid":{"rendered":"https:\/\/www.kde.cs.uni-kassel.de\/?page_id=840"},"modified":"2016-04-03T16:27:49","modified_gmt":"2016-04-03T14:27:49","slug":"data_mining_cup","status":"publish","type":"page","link":"https:\/\/www.kde.cs.uni-kassel.de\/en\/lehre\/ss2009\/data_mining_cup","title":{"rendered":"Data Mining Cup (Projektseminar, 8 SWS)"},"content":{"rendered":"<p>Projektvorbesprechung: 20.4.2009, 16.15 h in Raum 0443. Bei Interesse k\u00f6nnen Sie auch gerne vorab die Veranstalter ansprechen.<\/p>\n<p><span style=\"color: #a3004e;\">Ort und Zeit: <\/span><\/p>\n<p style=\"padding-left: 30px;\">Die Aufgabenstellung wird am 15.4.2009 <a href=\"http:\/\/www.data-mining-cup.de\/\"><u><span style=\"color: #0066cc;\">hier<\/span><\/u><\/a> ver\u00f6ffentlicht. Bis 25.5.2009 haben die Teilnehmer dann die M\u00f6glichkeit, ein entsprechendes L\u00f6sungsmodell einzureichen. Das Projekt endet mit demselben Datum. Um eine effektive Ausnutzung der kurzen Wettbewerbszeit zu erm\u00f6glichen, raten wir allen Teilnehmern, sich umgehend bei den Betreuern (siehe unten) zu melden.<\/p>\n<p><span style=\"color: #a3004e;\">Voraussetzung: <\/span><\/p>\n<p style=\"padding-left: 30px;\">Kenntnisse der Vorlesung Knowledge Discovery.<\/p>\n<p><span style=\"color: #a3004e;\">\u00a0<\/span><span style=\"color: #a3004e;\">Veranstalter: <\/span><\/p>\n<p style=\"padding-left: 30px;\"><u><a href=\"\/benz\"><u><span style=\"color: #0066cc;\">Dipl.-Inform. Dominik Benz<\/span><\/u><\/a>, <a href=\"\/jaeschke\"><u><span style=\"color: #0066cc;\">Dr. Robert J\u00e4schke<\/span><\/u><\/a>\u00a0<\/u><\/p>\n<p><span style=\"color: #a3004e;\"> Inhalt: <\/span><\/p>\n<p style=\"padding-left: 30px;\">Das Fachgebiet <a href=\"\/\"><u><span style=\"color: #0066cc;\">Wissens\u00adverarbeitung<\/span><\/u><\/a> ruft zur Teilnahme am <a href=\"http:\/\/www.data-mining-cup.de\/\"><u><span style=\"color: #0066cc;\"> Data Mining Cup 2015<\/span><\/u><\/a> auf. Der Wettbewerb zum Data Mining Cup 2015 richtet sich an Studierende (Direkt- oder Fernstudium, keine Promotion) von Universit\u00e4ten, Fachhochschulen sowie Berufsakademien aus dem In- und Ausland. Die Aufgabenstellung wird sich an einer aktuellen und praxisnahen Data-Mining-Problemstellung orientieren. Das Projekt besch\u00e4ftigt sich mit der L\u00f6sung der gestellten Aufgabe. Von Projektteilnehmern wird die aktive Teilnahme am Data Mining Cup erwartet. Zur Einstimmung kann man sich <a href=\"http:\/\/www.data-mining-cup.de\/rueckblick\/\"><u><span style=\"color: #0066cc;\">fr\u00fchere Aufgabenstellungen<\/span><\/u><\/a> des Data Mining Cup ansehen.<\/p>\n<p><span style=\"color: #a3004e;\"> Leistungen: <\/span><\/p>\n<p style=\"padding-left: 30px;\"><!-- InstanceBeginEditable name=\"Leistungen\" --><\/p>\n<ul>\n<li>2 Pr\u00e4sentationen<\/li>\n<li>5 Seiten Ausarbeitung<\/li>\n<li>2 (verschiedene) L\u00f6sungsans\u00e4tze<\/li>\n<\/ul>\n<p><span style=\"color: #a3004e;\"> Weitere Informationen: <\/span><\/p>\n<p style=\"padding-left: 30px;\"><a href=\"http:\/\/www.data-mining-cup.de\/\">http:\/\/www.data-mining-cup.de\/<\/a><\/p>\n","protected":false},"excerpt":{"rendered":"<p>Projektvorbesprechung: 20.4.2009, 16.15 h in Raum 0443. Bei Interesse k\u00f6nnen Sie auch gerne vorab die Veranstalter ansprechen. Ort und Zeit: Die Aufgabenstellung wird am 15.4.2009 hier ver\u00f6ffentlicht. Bis 25.5.2009 haben die Teilnehmer dann die M\u00f6glichkeit,<a class=\"moretag\" href=\"https:\/\/www.kde.cs.uni-kassel.de\/en\/lehre\/ss2009\/data_mining_cup\"> Read more&hellip;<\/a><\/p>\n","protected":false},"author":1,"featured_media":0,"parent":835,"menu_order":0,"comment_status":"closed","ping_status":"closed","template":"","meta":{"footnotes":""},"class_list":["post-840","page","type-page","status-publish","hentry"],"translation":{"provider":"WPGlobus","version":"3.0.2","language":"en","enabled_languages":["de","en"],"languages":{"de":{"title":true,"content":true,"excerpt":false},"en":{"title":false,"content":false,"excerpt":false}}},"_links":{"self":[{"href":"https:\/\/www.kde.cs.uni-kassel.de\/en\/wp-json\/wp\/v2\/pages\/840","targetHints":{"allow":["GET"]}}],"collection":[{"href":"https:\/\/www.kde.cs.uni-kassel.de\/en\/wp-json\/wp\/v2\/pages"}],"about":[{"href":"https:\/\/www.kde.cs.uni-kassel.de\/en\/wp-json\/wp\/v2\/types\/page"}],"author":[{"embeddable":true,"href":"https:\/\/www.kde.cs.uni-kassel.de\/en\/wp-json\/wp\/v2\/users\/1"}],"replies":[{"embeddable":true,"href":"https:\/\/www.kde.cs.uni-kassel.de\/en\/wp-json\/wp\/v2\/comments?post=840"}],"version-history":[{"count":1,"href":"https:\/\/www.kde.cs.uni-kassel.de\/en\/wp-json\/wp\/v2\/pages\/840\/revisions"}],"predecessor-version":[{"id":851,"href":"https:\/\/www.kde.cs.uni-kassel.de\/en\/wp-json\/wp\/v2\/pages\/840\/revisions\/851"}],"up":[{"embeddable":true,"href":"https:\/\/www.kde.cs.uni-kassel.de\/en\/wp-json\/wp\/v2\/pages\/835"}],"wp:attachment":[{"href":"https:\/\/www.kde.cs.uni-kassel.de\/en\/wp-json\/wp\/v2\/media?parent=840"}],"curies":[{"name":"wp","href":"https:\/\/api.w.org\/{rel}","templated":true}]}}