{"id":8249,"date":"2022-02-10T12:35:51","date_gmt":"2022-02-10T11:35:51","guid":{"rendered":"https:\/\/www.kde.cs.uni-kassel.de\/?page_id=8249"},"modified":"2022-05-03T09:04:20","modified_gmt":"2022-05-03T07:04:20","slug":"ir","status":"publish","type":"page","link":"https:\/\/www.kde.cs.uni-kassel.de\/en\/lehre\/ss2022\/ir","title":{"rendered":"Information Retrieval 2022 &#8211; tendenziell in geraden SoSe"},"content":{"rendered":"\n<h2 class=\"wp-block-heading\">Information Retrieval (Vorlesung)<\/h2>\n\n\n<p>Die Materialien zur Vorlesung (Skript, \u00dcbungsbl\u00e4tter) und Ank\u00fcndigungen (Termin\u00e4nderungen etc.) finden Sie demn\u00e4chst im Moodle der Universit\u00e4t Kassel.\n<\/p>\n<p><!-- \/wp:post-content --><\/p>\n<p><!-- wp:heading {\"level\":3} --><\/p>\n<h3>Erster Veranstaltungstag:<\/h3>\n<p><!-- \/wp:heading --><\/p>\n<p><!-- wp:paragraph --><\/p>\n<p><\/p>\n<dd>Dienstag, 26.4.2022<\/dd>\n<p><\/p>\n<p><!-- \/wp:paragraph --><\/p>\n<p><!-- wp:heading {\"level\":3} --><\/p>\n<h3>Ort und Zeit:<\/h3>\n<p><!-- \/wp:heading --><\/p>\n<p><!-- wp:paragraph --><\/p>\n<p><\/p>\n<dd>Dienstags, 10:15 &#8211; 11:45 Uhr in Raum 0445\/E (WA 73, FG Wissensverarbeitung)<\/dd>\n<p><\/p>\n<p><!-- \/wp:paragraph --><\/p>\n<p><!-- wp:heading {\"level\":3} --><\/p>\n<h3>\u00dcbungen:<\/h3>\n<p><!-- \/wp:heading --><\/p>\n<p><!-- wp:paragraph --><\/p>\n<p><\/p>\n<dd>Mittwochs, 12:30 &#8211; 14:00 Uhr in Raum 0445\/E (WA 73, FG Wissensverarbeitung), Beginn 27.4.2022<\/dd>\n<p><\/p>\n<p><!-- \/wp:paragraph --><\/p>\n<p><!-- wp:heading {\"level\":3} --><\/p>\n<h3>Angesprochener H\u00f6rer*innenkreis:<\/h3>\n<p><!-- \/wp:heading --><\/p>\n<p><!-- wp:paragraph --><\/p>\n<p><\/p>\n<dd>Informatik Master<\/dd>\n<p><\/p>\n<p><!-- \/wp:paragraph --><\/p>\n<p><!-- wp:heading {\"level\":3} --><\/p>\n<h3>Vorkenntnisse:<\/h3>\n<p><!-- \/wp:heading --><\/p>\n<p><!-- wp:paragraph --><\/p>\n<p><\/p>\n<dd>Informatik Bachelor<\/dd>\n<p><\/p>\n<p><!-- \/wp:paragraph --><\/p>\n<p><!-- wp:heading {\"level\":3} --><\/p>\n<h3>Leistungsnachweis:<\/h3>\n<p><!-- \/wp:heading --><\/p>\n<p><!-- wp:paragraph --><\/p>\n<p><\/p>\n<dd>Klausur oder m\u00fcndliche Pr\u00fcfung, je nach Teilnehmerzahl. Die Vorlesung kann im MSc Wahlpflichtbereich Praktische Informatik und im Schwerpunkt CIDA angerechnet werden.<\/dd>\n<p><\/p>\n<p><!-- \/wp:paragraph --><\/p>\n<p><!-- wp:heading {\"level\":3} --><\/p>\n<h3>Veranstalter:<\/h3>\n<p><!-- \/wp:heading --><\/p>\n<p><!-- wp:paragraph --><\/p>\n<p><\/p>\n<dd><a href=\"https:\/\/www.kde.cs.uni-kassel.de\/stumme\">Prof. Dr. Gerd Stumme<\/a><\/dd>\n<p><\/p>\n<p><!-- \/wp:paragraph --><\/p>\n<p><!-- wp:heading {\"level\":3} --><\/p>\n<h3>Inhalt:<\/h3>\n<p><!-- \/wp:heading --><\/p>\n<p><!-- wp:paragraph --><\/p>\n<p><\/p>\n<dd>Die Vorlesung gibt eine Einf\u00fchrung in das Gebiet des Information Retrievals. Unter Information Retrieval versteht man das Finden von Informationen, wobei man dies h\u00e4ufig auf das Finden von Dokumenten, die die relevanten Informationen beinhalten, beschr\u00e4nkt. In der Vorlesung werden unter anderem neben den inhaltlichen Konzepten, die hinter bekannten Suchmaschinen wie z.B. Google oder Retrievalsystemen im Allgemeinen stehen, auch Ideen der effizienten Implementierung solcher Systeme eingef\u00fchrt.<span>&nbsp;<\/span><p><\/p>\n<p><\/p>\n<\/dd>\n<dd>Wir empfehlen den gleichzeitigen oder anschlie\u00dfenden Besuch des<span>&nbsp;<\/span><a href=\"https:\/\/www.kde.cs.uni-kassel.de\/lehre\/ss2022\/ir_praktikum\">Labor Internet-Suchmaschinen<\/a>.<\/dd>\n<p><\/p>\n<p><!-- \/wp:paragraph --><\/p>\n<p><!-- wp:heading {\"level\":3} --><\/p>\n<h3>Literatur zur Vorlesung:<\/h3>\n<p><!-- \/wp:heading --><\/p>\n<p><!-- wp:paragraph --><\/p>\n<p><\/p>\n<dd><a href=\"https:\/\/www.kde.cs.uni-kassel.de\/lehre\/ss2018\/IR\/literature\">Webseite mit Literatur<\/a><\/dd>\n<p><\/p>\n<p><!-- \/wp:paragraph --><\/p>\n<p><!-- wp:paragraph --><br>\nZus\u00e4tzliche Online-Ressourcen (aus dem<span>&nbsp;<\/span><a href=\"http:\/\/www.bibsonomy.org\/rss\/group\/kde\/ir+lecture\">RSS-Feed<\/a><span>&nbsp;<\/span>von<span>&nbsp;<\/span><a href=\"http:\/\/www.bibsonomy.org\/group\/kde\/ir+lecture\">BibSonomy<\/a>):<\/p>\n<dd>\n<ul>\n<li><a href=\"https:\/\/www.kde.cs.uni-kassel.de\/lehre\/ss2005\/googlespam\/\">Seminar: Internet-Suchmaschinen oder die Hommingberger Gepardenforelle<\/a><\/li>\n<li><a href=\"http:\/\/rakaposhi.eas.asu.edu\/cse494\/\">CSE 494\/\/598 Information Retrieval, Mining and Integration on the Internet<\/a><\/li>\n<li><a href=\"http:\/\/lit.csci.unt.edu\/~classes\/CSCE5200\/\">CSCE 5200: Information Retrieval and Web Search<\/a><\/li>\n<li><a href=\"http:\/\/www.cl.cam.ac.uk\/teaching\/current\/InfoRtrv\/\">Computer Laboratory &#8211; Information Retrieval<\/a><\/li>\n<li><a href=\"http:\/\/www.apl.jhu.edu\/~paulmac\/ir.html\">605.744: Information Retrieval<\/a><\/li>\n<li><a href=\"http:\/\/www-csli.stanford.edu\/~schuetze\/information-retrieval-book.html\">Introduction to Information Retrieval<\/a><\/li>\n<li><a href=\"http:\/\/www.is.informatik.uni-duisburg.de\/courses\/ir_ss06\/index.html.en\">Information Retrieval &#8211; Lecture, Summer 2006<\/a><\/li>\n<li><a href=\"http:\/\/www.cs.cornell.edu\/courses\/cs430\/2004fa\/readings.html\">CS430\/INFO430: Information Retrieval<\/a><\/li>\n<li><a href=\"http:\/\/www.cs.cornell.edu\/courses\/cs685\/2006sp\/\">The Structure of Information Networks (Jon Kleinberg)<\/a><\/li>\n<li><a href=\"http:\/\/www.google.com\/search?hl=en&amp;hs=6TF&amp;lr=&amp;client=opera&amp;rls=en&amp;defl=en&amp;q=define:Information+Retrieval&amp;sa=X&amp;oi=glossary_definition&amp;ct=title\">define:Information Retrieval &#8211; Google Search<\/a><\/li>\n<\/ul>\n<\/dd>\n<p>Aktuelle Suchmaschinen (aus dem<span>&nbsp;<\/span><a href=\"http:\/\/www.bibsonomy.org\/rss\/tag\/suchmaschinen\">RSS-Feed<\/a><span>&nbsp;<\/span>von<span>&nbsp;<\/span><a href=\"http:\/\/www.bibsonomy.org\/tag\/suchmaschinen\">BibSonomy<\/a>):<\/p>\n<dd>\n<ul>\n<li><a href=\"http:\/\/www.technorati.com\/\">Technorati: Front Page<\/a><\/li>\n<li><a href=\"http:\/\/www.scirus.com\/\">Scirus &#8211; for scientific information<\/a><\/li>\n<li><a href=\"http:\/\/doggdot.us\/\">doggdot.us<\/a><\/li>\n<li><a href=\"http:\/\/de.reddit.com\/\">reddit.com: Was gibt&#8217;s neues online!<\/a><\/li>\n<li><a href=\"http:\/\/www.dmoz.org\/\">ODP &#8211; Open Directory Project<\/a><\/li>\n<li><a href=\"http:\/\/ma.gnolia.com\/#\">Ma.gnolia.com &#8211; Find Web Sites &amp; Build Community Online<\/a><\/li>\n<li><a href=\"http:\/\/scholarlypublishing.org\/jpwilkin\/archives\/6\">John Wilkin\u2019s blog \u00bb Metasearch vs. Google Scholar<\/a><\/li>\n<li><a href=\"http:\/\/googlewebmastercentral.blogspot.com\/2008\/04\/crawling-through-html-forms.html\">Official Google Webmaster Central Blog: Crawling through HTML forms<\/a><\/li>\n<li><a href=\"http:\/\/www.seomoz.org\/article\/search-ranking-factors\">SEOmoz | Google Search Engine Ranking FactorsV2<\/a><\/li>\n<li><a href=\"http:\/\/infokanal.zdf.de\/ZDFde\/inhalt\/17\/0,1872,3991185_idDispatch:7529708,00.html?dr=1\">ZDF-Dokumentation \u201eDie Welt ist eine Google\u201c<\/a><\/li>\n<\/ul>\n<\/dd>\n<p>Glossar:Zum Buch<span>&nbsp;<\/span><a href=\"http:\/\/www.sims.berkeley.edu\/~hearst\/irbook\/glossary.html\">Modern Information Retrieval<\/a><span>&nbsp;<\/span>gibt es einen<span>&nbsp;<\/span><a href=\"http:\/\/www.sims.berkeley.edu\/~hearst\/irbook\/glossary.html\">Glossar<\/a>.<\/p>\n<p>\n<!-- \/wp:paragraph --><\/p>","protected":false},"excerpt":{"rendered":"<p>Information Retrieval (Vorlesung) Die Materialien zur Vorlesung (Skript, \u00dcbungsbl\u00e4tter) und Ank\u00fcndigungen (Termin\u00e4nderungen etc.) finden Sie demn\u00e4chst im Moodle der Universit\u00e4t Kassel. Erster Veranstaltungstag: Dienstag, 26.4.2022 Ort und Zeit: Dienstags, 10:15 &#8211; 11:45 Uhr in Raum<a class=\"moretag\" href=\"https:\/\/www.kde.cs.uni-kassel.de\/en\/lehre\/ss2022\/ir\"> Read more&hellip;<\/a><\/p>\n","protected":false},"author":15,"featured_media":0,"parent":8246,"menu_order":12,"comment_status":"closed","ping_status":"closed","template":"","meta":{"footnotes":""},"class_list":["post-8249","page","type-page","status-publish","hentry"],"translation":{"provider":"WPGlobus","version":"3.0.2","language":"en","enabled_languages":["de","en"],"languages":{"de":{"title":true,"content":true,"excerpt":false},"en":{"title":false,"content":false,"excerpt":false}}},"_links":{"self":[{"href":"https:\/\/www.kde.cs.uni-kassel.de\/en\/wp-json\/wp\/v2\/pages\/8249","targetHints":{"allow":["GET"]}}],"collection":[{"href":"https:\/\/www.kde.cs.uni-kassel.de\/en\/wp-json\/wp\/v2\/pages"}],"about":[{"href":"https:\/\/www.kde.cs.uni-kassel.de\/en\/wp-json\/wp\/v2\/types\/page"}],"author":[{"embeddable":true,"href":"https:\/\/www.kde.cs.uni-kassel.de\/en\/wp-json\/wp\/v2\/users\/15"}],"replies":[{"embeddable":true,"href":"https:\/\/www.kde.cs.uni-kassel.de\/en\/wp-json\/wp\/v2\/comments?post=8249"}],"version-history":[{"count":22,"href":"https:\/\/www.kde.cs.uni-kassel.de\/en\/wp-json\/wp\/v2\/pages\/8249\/revisions"}],"predecessor-version":[{"id":8483,"href":"https:\/\/www.kde.cs.uni-kassel.de\/en\/wp-json\/wp\/v2\/pages\/8249\/revisions\/8483"}],"up":[{"embeddable":true,"href":"https:\/\/www.kde.cs.uni-kassel.de\/en\/wp-json\/wp\/v2\/pages\/8246"}],"wp:attachment":[{"href":"https:\/\/www.kde.cs.uni-kassel.de\/en\/wp-json\/wp\/v2\/media?parent=8249"}],"curies":[{"name":"wp","href":"https:\/\/api.w.org\/{rel}","templated":true}]}}