{"id":818,"date":"2016-04-03T15:52:36","date_gmt":"2016-04-03T13:52:36","guid":{"rendered":"https:\/\/www.kde.cs.uni-kassel.de\/?page_id=818"},"modified":"2016-04-03T15:52:36","modified_gmt":"2016-04-03T13:52:36","slug":"algorithmen","status":"publish","type":"page","link":"https:\/\/www.kde.cs.uni-kassel.de\/en\/lehre\/ss2010\/algorithmen","title":{"rendered":"Algorithmen und Datenstrukturen"},"content":{"rendered":"<p>Aktuelle Informationen (Termin\u00e4nderungen etc.), das Skript, die \u00dcbungsbl\u00e4tter und L\u00f6sungsvorschl\u00e4ge finden Sie in der <a href=\"https:\/\/moodle.uni-kassel.de\/moodle\/course\/view.php?id=4009\"><u><span style=\"color: #0066cc;\">Moodle-Lernplattform<\/span><\/u><\/a> der Universit\u00e4t Kassel.<\/p>\n<p><span style=\"color: #a3004e;\">Erster Veranstaltungstag:<\/span><\/p>\n<p style=\"padding-left: 30px;\">Montag, 12. April 2010, 14:15 in Raum 1603 (Neubau WA 73\/Emilienstra\u00dfe)<\/p>\n<p><span style=\"color: #a3004e;\"> Ort und Zeit: <\/span><\/p>\n<p style=\"padding-left: 30px;\">Montags, 14.15 h &#8211; 15.45 h, in Raum 1603<\/p>\n<p><span style=\"color: #a3004e;\">Hausaufgaben:<\/span><\/p>\n<ul>\n<li>Bitte senden Sie Fragen zur Veranstaltung sowie Fragen zum Abgabesystem an Herrn <a href=\"mailto:benz@cs.uni-kassel.de\"><u><span style=\"color: #0066cc;\">Benz<\/span><\/u><\/a> oder Herrn <a href=\"mailto:scholz@cs.uni-kassel.de\"><u><span style=\"color: #0066cc;\">Scholz<\/span><\/u><\/a>.<\/li>\n<li>Bitte verwenden Sie in allen E-Mails den Betreff &#8220;AlgoDS&#8221;.<\/li>\n<\/ul>\n<p>&nbsp;<\/p>\n<p><span style=\"color: #a3004e;\"> \u00dcbungen: <\/span><\/p>\n<p style=\"padding-left: 30px;\">Dienstags, 8.00 h &#8211; 9.30 h, in Raum 0446 (Altbau WA 73). Beginn 13. April<\/p>\n<p style=\"padding-left: 30px;\">Dienstags, 12.00 h &#8211; 13.30 h, in Raum 1114 (Altbau WA 71). Beginn 13. April<\/p>\n<p style=\"padding-left: 30px;\">Donnerstags, 10.00 h &#8211; 11.30 h, in Raum -1607 (Neubau WA 73\/Emilienstra\u00dfe). Beginn 15. April<\/p>\n<p style=\"padding-left: 30px;\">Donnerstags, 16.00 h &#8211; 17.30 h, in Raum -1606 (Neubau WA 73\/Emilienstra\u00dfe). Beginn 15. April<\/p>\n<p><span style=\"color: #a3004e;\">Cip-Pool-\u00dcbung:<\/span><\/p>\n<p style=\"padding-left: 30px;\">Freitags, 8.00 h &#8211; 10.00 h, in Raum -1201 (Altbau WA 73). Beginn 16. April<\/p>\n<p><span style=\"color: #a3004e;\"> Vorkenntnisse: <\/span><\/p>\n<p style=\"padding-left: 30px;\">Einf\u00fchrung in die Programmierung<\/p>\n<p><span style=\"color: #a3004e;\"> Angesprochener H\u00f6rerInnenkreis: <\/span><\/p>\n<p style=\"padding-left: 30px;\">Informatik Bachelor, Mathematik Bachelor, Elektrotechnik Diplom I<\/p>\n<p><span style=\"color: #a3004e;\"> Leistungsnachweis: <\/span><\/p>\n<p style=\"padding-left: 30px;\">Klausur; Studienleistung (b\/nb)<\/p>\n<p><span style=\"color: #a3004e;\"> Veranstalter: <\/span><\/p>\n<p style=\"padding-left: 30px;\"><a href=\"\/stumme\"><u><span style=\"color: #0066cc;\">Prof. Dr. Gerd Stumme <\/span><\/u><\/a>, <a href=\"\/atzmueller\"><u><span style=\"color: #0066cc;\">Dr. Martin Atzm\u00fcller<\/span><\/u><\/a>, <a href=\"\/benz\"><u><span style=\"color: #0066cc;\">Dipl.-Inform. Dominik Benz<\/span><\/u><\/a>, <a href=\"\/scholz\"><u><span style=\"color: #0066cc;\">Christoph Scholz, M.Sc.<\/span><\/u><\/a><\/p>\n<p style=\"padding-left: 30px;\">Wir haben keine festen Sprechstunden, unsere T\u00fcren stehen aber meistens offen. Kommen Sie einfach vorbei!<\/p>\n<p><span style=\"color: #a3004e;\"> Inhalt: <\/span><\/p>\n<p style=\"padding-left: 30px;\">Die Teilnehmer lernen grundlegende Algorithmen und Datenstrukturen der Informatik wie Such- und Sortierverfahren, rekursive Algorithmen, B\u00e4ume, Hashverfahren etc. kennen. Dabei werden neben algorithmischen Ideen verschiedene Techniken f\u00fcr die Analyse des Zeitbedarfs und den Nachweis der Korrektheit vermittelt. Beispielprogramme vertiefen und erweitern die Programmierkenntnisse in Java. In den begleitenden \u00dcbungen sammeln die Teilnehmer weitere Programmiererfahrungen in Java und erwerben Fertigkeiten in der Algorithmenanalyse sowie im Entwickeln eigener algorithmischer Ideen.<\/p>\n<p><span style=\"color: #a3004e;\"> Literatur zur Vorlesung:<\/span><\/p>\n<ul type=\"circle\">\n<li>Gunter Saake, Kai-Uwe Sattler: Algorithmen und Datenstrukturen &#8211; Eine Einf\u00fchrung mit Java, dpunkt-Verlag, 2006. Die Einzelkapitel sind relativ preiswert als E-Book erh\u00e4ltlich, f\u00fcr die Vorlesung n\u00fctzlich sind voraussichtlich die Kapitel 5, 7, 8, 13, 14, 15 und 16.<\/li>\n<li>Robert Lafore: Data Structures &amp; Algorithms in Java, Sams Publishing, 2003.<\/li>\n<\/ul>\n<ul type=\"circle\">\n<li>Thomas H. Cormen, Charles E. Leiserson, Ronald L. Rivest: Algorithmen &#8211; Eine Einf\u00fchrung, Oldenbourg Verlag, 2007.<\/li>\n<\/ul>\n<ul type=\"circle\">\n<li>Heinz-Peter Gumm et al.: Einf\u00fchrung in die Informatik. Oldenbourg Verlag, 2006, Kapitel 4.<\/li>\n<\/ul>\n<ul type=\"circle\">\n<li>Thomas Ottmann, Peter Widmayer: Algorithmen und Datenstrukturen. Spektrum Akademischer Verlag, 2002.<\/li>\n<\/ul>\n<ul type=\"circle\">\n<li>Gustav Pomberger, Heinz Dobler: Algorithmen und Datenstrukturen, Pearson, 2008<\/li>\n<\/ul>\n<ul type=\"circle\">\n<li>B. Owsnicki-Klewe: Algorithmen und Datenstrukturen, Wissner, 1994<\/li>\n<\/ul>\n<ul type=\"circle\">\n<li>Siehe auch Semesterapparat der Bereichsbibliothek 7<\/li>\n<\/ul>\n","protected":false},"excerpt":{"rendered":"<p>Aktuelle Informationen (Termin\u00e4nderungen etc.), das Skript, die \u00dcbungsbl\u00e4tter und L\u00f6sungsvorschl\u00e4ge finden Sie in der Moodle-Lernplattform der Universit\u00e4t Kassel. Erster Veranstaltungstag: Montag, 12. April 2010, 14:15 in Raum 1603 (Neubau WA 73\/Emilienstra\u00dfe) Ort und Zeit: Montags,<a class=\"moretag\" href=\"https:\/\/www.kde.cs.uni-kassel.de\/en\/lehre\/ss2010\/algorithmen\"> Read more&hellip;<\/a><\/p>\n","protected":false},"author":1,"featured_media":0,"parent":810,"menu_order":0,"comment_status":"closed","ping_status":"closed","template":"","meta":{"footnotes":""},"class_list":["post-818","page","type-page","status-publish","hentry"],"translation":{"provider":"WPGlobus","version":"3.0.2","language":"en","enabled_languages":["de","en"],"languages":{"de":{"title":true,"content":true,"excerpt":false},"en":{"title":false,"content":false,"excerpt":false}}},"_links":{"self":[{"href":"https:\/\/www.kde.cs.uni-kassel.de\/en\/wp-json\/wp\/v2\/pages\/818","targetHints":{"allow":["GET"]}}],"collection":[{"href":"https:\/\/www.kde.cs.uni-kassel.de\/en\/wp-json\/wp\/v2\/pages"}],"about":[{"href":"https:\/\/www.kde.cs.uni-kassel.de\/en\/wp-json\/wp\/v2\/types\/page"}],"author":[{"embeddable":true,"href":"https:\/\/www.kde.cs.uni-kassel.de\/en\/wp-json\/wp\/v2\/users\/1"}],"replies":[{"embeddable":true,"href":"https:\/\/www.kde.cs.uni-kassel.de\/en\/wp-json\/wp\/v2\/comments?post=818"}],"version-history":[{"count":1,"href":"https:\/\/www.kde.cs.uni-kassel.de\/en\/wp-json\/wp\/v2\/pages\/818\/revisions"}],"predecessor-version":[{"id":824,"href":"https:\/\/www.kde.cs.uni-kassel.de\/en\/wp-json\/wp\/v2\/pages\/818\/revisions\/824"}],"up":[{"embeddable":true,"href":"https:\/\/www.kde.cs.uni-kassel.de\/en\/wp-json\/wp\/v2\/pages\/810"}],"wp:attachment":[{"href":"https:\/\/www.kde.cs.uni-kassel.de\/en\/wp-json\/wp\/v2\/media?parent=818"}],"curies":[{"name":"wp","href":"https:\/\/api.w.org\/{rel}","templated":true}]}}