{"id":8035,"date":"2021-07-27T12:07:27","date_gmt":"2021-07-27T10:07:27","guid":{"rendered":"https:\/\/www.kde.cs.uni-kassel.de\/?page_id=8035"},"modified":"2021-07-28T12:42:00","modified_gmt":"2021-07-28T10:42:00","slug":"kdd_praktikum","status":"publish","type":"page","link":"https:\/\/www.kde.cs.uni-kassel.de\/en\/lehre\/ws2021-22\/kdd_praktikum","title":{"rendered":"Knowledge Discovery (Praktikum)"},"content":{"rendered":"<h2>Knowledge Discovery (Praktikum)<\/h2>\n<p><a href=\"\/stumme\"><u><span style=\"color: #a3004e;\"><\/span><\/u><\/a><a href=\"\/atzmueller\"><u><span style=\"color: #0066cc;\"><\/span><\/u><\/a><span style=\"color: #a3004e;\">Terminabsprache: <\/span><\/p>\n<p style=\"padding-left: 30px;\">Online: Termine werden in der Vorlesung <a href=\"\/lehre\/ws2021-22\/kdd\"><u><span style=\"color: #0066cc;\"> Knowledge Discovery<\/span><\/u><\/a> bekannt gegeben.<\/p>\n<p><span style=\"color: #a3004e;\"> Vorkenntnisse: <\/span><\/p>\n<p style=\"padding-left: 30px;\">Informatik Grundstudium<\/p>\n<p><span style=\"color: #a3004e;\"> Angesprochener H\u00f6rerInnenkreis: <\/span><\/p>\n<p style=\"padding-left: 30px;\">Inf. ab 4. Sem., Math. NF Inf.<\/p>\n<p><span style=\"color: #a3004e;\"> Voraussetzung: <\/span><\/p>\n<p style=\"padding-left: 30px;\">Gleichzeitiger Besuch oder vorhandene Kenntnisse der Vorlesung <a href=\"\/lehre\/ws2021-22\/kdd\"><u><span style=\"color: #0066cc;\">Knowledge Discovery<\/span><\/u><\/a>.<\/p>\n<p><span style=\"color: #a3004e;\">&nbsp;Umfang:<\/span><\/p>\n<p style=\"padding-left: 30px;\">M\u00f6glicher Umfang:<\/p>\n<ul style=\"padding-left: 50px;\">\n<li>2 SWS, 3 Credits oder<\/li>\n<li>6 Credits<\/li>\n<\/ul>\n<p style=\"padding-left: 30px;\">Hinweis: Beim Praktikum f\u00fcr 6 Credits haben die Praktikumsaufgaben einen gr\u00f6\u00dferen Umfang.<\/p>\n<p><span style=\"color: #a3004e;\">Leistungsnachweis: <\/span><\/p>\n<p style=\"padding-left: 30px;\">Bearbeitung der Praktikumsaufgaben, m\u00fcndliche Pr\u00fcfung.<br>Die Vorlesung kann im Bereich Praktische Informatik sowie in den Anwendungsgebieten Knowledge &amp; Data Engineering und Internet-Technologien angerechnet werden.<\/p>\n<p><span style=\"color: #a3004e;\">Veranstalter: <\/span><\/p>\n<p style=\"padding-left: 30px;\"><a href=\"\/stumme\"><u><span style=\"color: #0066cc;\">Prof. Dr. Gerd Stumme<\/span><\/u><\/a><a href=\"\/hanika\"><u><span style=\"color: #0066cc;\"><\/span><\/u><\/a><\/p>\n<p><span style=\"color: #a3004e;\">Inhalt:<\/span><\/p>\n<p style=\"padding-left: 30px;\">Im Praktikum werden die in der Vorlesung <a href=\"\/lehre\/ws2021-22\/kdd\"><u><span>Knowledge Discovery<\/span><\/u><\/a> vermittelten Konzepte in die Praxis umgesetzt. Zur Implementierung verwenden wir die Programmiersprache Python und Jupyter Notebooks, die sich als Standard im Bereich Data Science etabliert haben. Zu Beginn der Veranstaltung werden wir eine Einf\u00fchrung in Python und Jupyter anbieten.<\/p>\n<p><span style=\"color: #a3004e;\">Mit Python und Jupyter Notebooks!<\/span><\/p>\n<p><span style=\"color: #a3004e;\">Link zum Moodle-Kurs:<\/span><\/p>\n<p style=\"padding-left: 30px;\">Das Praktikum nutzt denselben Moodle-Kurs wie die Vorlesung <a href=\"\/lehre\/ws2021-22\/kdd\"><u><span>Knowledge Discovery<\/span><\/u><\/a>. Der Link folgt in K\u00fcrze. <!--Den Link finden Sie <a href=\"https:\/\/moodle.uni-kassel.de\/moodle\/course\/view.php?id=9677\">hier.<\/a>--><\/p>\n\n\n<p><\/p>\n","protected":false},"excerpt":{"rendered":"<p>Knowledge Discovery (Praktikum) Terminabsprache: Online: Termine werden in der Vorlesung Knowledge Discovery bekannt gegeben. Vorkenntnisse: Informatik Grundstudium Angesprochener H\u00f6rerInnenkreis: Inf. ab 4. Sem., Math. NF Inf. Voraussetzung: Gleichzeitiger Besuch oder vorhandene Kenntnisse der Vorlesung Knowledge<a class=\"moretag\" href=\"https:\/\/www.kde.cs.uni-kassel.de\/en\/lehre\/ws2021-22\/kdd_praktikum\"> Read more&hellip;<\/a><\/p>\n","protected":false},"author":15,"featured_media":0,"parent":8024,"menu_order":17,"comment_status":"closed","ping_status":"closed","template":"","meta":{"footnotes":""},"class_list":["post-8035","page","type-page","status-publish","hentry"],"translation":{"provider":"WPGlobus","version":"3.0.2","language":"en","enabled_languages":["de","en"],"languages":{"de":{"title":true,"content":true,"excerpt":false},"en":{"title":false,"content":false,"excerpt":false}}},"_links":{"self":[{"href":"https:\/\/www.kde.cs.uni-kassel.de\/en\/wp-json\/wp\/v2\/pages\/8035","targetHints":{"allow":["GET"]}}],"collection":[{"href":"https:\/\/www.kde.cs.uni-kassel.de\/en\/wp-json\/wp\/v2\/pages"}],"about":[{"href":"https:\/\/www.kde.cs.uni-kassel.de\/en\/wp-json\/wp\/v2\/types\/page"}],"author":[{"embeddable":true,"href":"https:\/\/www.kde.cs.uni-kassel.de\/en\/wp-json\/wp\/v2\/users\/15"}],"replies":[{"embeddable":true,"href":"https:\/\/www.kde.cs.uni-kassel.de\/en\/wp-json\/wp\/v2\/comments?post=8035"}],"version-history":[{"count":2,"href":"https:\/\/www.kde.cs.uni-kassel.de\/en\/wp-json\/wp\/v2\/pages\/8035\/revisions"}],"predecessor-version":[{"id":8095,"href":"https:\/\/www.kde.cs.uni-kassel.de\/en\/wp-json\/wp\/v2\/pages\/8035\/revisions\/8095"}],"up":[{"embeddable":true,"href":"https:\/\/www.kde.cs.uni-kassel.de\/en\/wp-json\/wp\/v2\/pages\/8024"}],"wp:attachment":[{"href":"https:\/\/www.kde.cs.uni-kassel.de\/en\/wp-json\/wp\/v2\/media?parent=8035"}],"curies":[{"name":"wp","href":"https:\/\/api.w.org\/{rel}","templated":true}]}}