{"id":8024,"date":"2021-09-10T13:43:09","date_gmt":"2021-09-10T11:43:09","guid":{"rendered":"https:\/\/www.kde.cs.uni-kassel.de\/?page_id=8024"},"modified":"2021-09-10T13:43:12","modified_gmt":"2021-09-10T11:43:12","slug":"ws2021-22","status":"publish","type":"page","link":"https:\/\/www.kde.cs.uni-kassel.de\/en\/lehre\/ws2021-22","title":{"rendered":"Lehrveranstaltungen im Wintersemester 2021\/2022"},"content":{"rendered":"<p>Folgende Lehrveranstaltungen werden im Wintersemester 2021\/2022 angeboten:<\/p>\n<p><strong>Bitte informieren Sie sich<\/strong> <a href=\"https:\/\/www.uni-kassel.de\/uni\/aktuelles\/aus-der-hochschule\/aktuelle-informationen-der-universitaet-kassel-zum-umgang-mit-dem-corona-virus\/umgang-mit-dem-corona-virus-studierende-promovenden-und-lehrende\" onclick=\"javascript:window.open('https:\/\/www.uni-kassel.de\/uni\/aktuelles\/aus-der-hochschule\/aktuelle-informationen-der-universitaet-kassel-zum-umgang-mit-dem-corona-virus\/umgang-mit-dem-corona-virus-studierende-promovenden-und-lehrende'); return false;\">hier<\/a> <strong>\u00fcber die aktuellen Regelungen zum Umgang mit dem Corona-Virus an der Universit\u00e4t Kassel.<\/strong><\/p>\n<h2><span>Vorlesungen<\/span><\/h2>\n<ul>\n<li><a href=\"\/lehre\/ws2021-22\/ki\"><u><span>K\u00fcnstliche Intelligenz<\/span><\/u><\/a> (Prof. Dr. Gerd Stumme)<\/li>\n<li><a href=\"\/lehre\/ws2021-22\/kdd\"><u><span>Knowledge Discovery<\/span><\/u><\/a> (Prof. Dr. Gerd Stumme)<\/li>\n<li><a href=\"\/lehre\/ws2021-22\/sna\"><u><span>Soziale Netzwerkanalyse<\/span><\/u><\/a> (Dr. Tom Hanika)<\/li>\n<\/ul>\n<h2><span>Praktika \/ Labore<\/span><\/h2>\n<ul>\n<li><a href=\"\/lehre\/ws2021-22\/kdd_praktikum\"><u><span>Praktikum Knowledge Discovery<\/span><\/u><\/a> (Prof. Dr. Gerd Stumme)<\/li>\n<li>Labor <a href=\"https:\/\/www.kde.cs.uni-kassel.de\/lehre\/ws2021-22\/labor_DSKI\">Diskrete Strukturen der K\u00fcnstlichen Intelligenz<\/a> (Prof. Dr. Gerd Stumme)<\/li>\n<\/ul>\n<p><!-- Nicht in diesem Semester - voraussichtlich wieder WS 22\/23:\n \t\n\n<li><a href=\"\/lehre\/ws2020-21\/ln\"><u><span>Labor Netzwerke<\/span><\/u><\/a> (Prof. Dr. Gerd Stumme, Dr. Tom Hanika)<\/li>\n\n\n--><\/p>\n<p><!--\n \t\n\n<li>Labor <a href=\"https:\/\/www.kde.cs.uni-kassel.de\/lehre\/ws2020-21\/labor-qda\">Qualitative Datenanalyse<\/a> (Prof. Dr. Gerd Stumme)<\/li>\n\n\n--><\/p>\n<h2><span>Projekte<\/span><\/h2>\n<ul>\n<li><a href=\"\/lehre\/ws2021-22\/projekt\"><u><span>Bachelor- und Masterprojekt<\/span><\/u><\/a><\/li>\n<\/ul>\n<h2><span>Seminar<\/span><\/h2>\n<ul>\n<li><a href=\"\/lehre\/ws2021-22\/seminar\"><u><span>Ausgew\u00e4hlte Themen der Wissensverarbeitung (Seminar)<\/span><\/u><\/a><\/li>\n<li><a href=\"\/lehre\/kdeseminar\">KDE Seminar<\/a><\/li>\n<\/ul>\n<p><!--\n\n\n<ul>\n \t\n\n<li><a href=\"wissenschaftliches_arbeiten\">Seminar \"Wissenschaftliches Arbeiten im Fach Wissensverarbeitung\"<\/a> (Prof. Dr. Gerd Stumme)<\/li>\n\n\n<\/ul>\n\n\n--><\/p>\n<h2><span>Abschlussarbeiten<\/span><\/h2>\n<ul>\n<li><a href=\"\/lehre\/ws2021-22\/arbeiten\"><u><span>Bachelor-, Diplom- und Masterarbeiten<\/span><\/u><\/a><\/li>\n<\/ul>\n<ul><\/ul>\n<h1><\/h1>\n<p>Neuigkeiten zu den Veranstaltungen gibt es neben <a href=\"https:\/\/moodle.uni-kassel.de\/moodle\/course\/index.php?categoryid=396\">Moodle<\/a> jetzt auch auf <a href=\"https:\/\/twitter.com\/KDE_Courses\">Twitter<\/a>.<\/p>\n","protected":false},"excerpt":{"rendered":"<p>Folgende Lehrveranstaltungen werden im Wintersemester 2021\/2022 angeboten: Bitte informieren Sie sich hier \u00fcber die aktuellen Regelungen zum Umgang mit dem Corona-Virus an der Universit\u00e4t Kassel. Vorlesungen K\u00fcnstliche Intelligenz (Prof. Dr. Gerd Stumme) Knowledge Discovery (Prof.<a class=\"moretag\" href=\"https:\/\/www.kde.cs.uni-kassel.de\/en\/lehre\/ws2021-22\"> Read more&hellip;<\/a><\/p>\n","protected":false},"author":15,"featured_media":0,"parent":30,"menu_order":25,"comment_status":"closed","ping_status":"closed","template":"","meta":{"footnotes":""},"class_list":["post-8024","page","type-page","status-publish","hentry"],"translation":{"provider":"WPGlobus","version":"3.0.2","language":"en","enabled_languages":["de","en"],"languages":{"de":{"title":true,"content":true,"excerpt":false},"en":{"title":false,"content":false,"excerpt":false}}},"_links":{"self":[{"href":"https:\/\/www.kde.cs.uni-kassel.de\/en\/wp-json\/wp\/v2\/pages\/8024","targetHints":{"allow":["GET"]}}],"collection":[{"href":"https:\/\/www.kde.cs.uni-kassel.de\/en\/wp-json\/wp\/v2\/pages"}],"about":[{"href":"https:\/\/www.kde.cs.uni-kassel.de\/en\/wp-json\/wp\/v2\/types\/page"}],"author":[{"embeddable":true,"href":"https:\/\/www.kde.cs.uni-kassel.de\/en\/wp-json\/wp\/v2\/users\/15"}],"replies":[{"embeddable":true,"href":"https:\/\/www.kde.cs.uni-kassel.de\/en\/wp-json\/wp\/v2\/comments?post=8024"}],"version-history":[{"count":7,"href":"https:\/\/www.kde.cs.uni-kassel.de\/en\/wp-json\/wp\/v2\/pages\/8024\/revisions"}],"predecessor-version":[{"id":8046,"href":"https:\/\/www.kde.cs.uni-kassel.de\/en\/wp-json\/wp\/v2\/pages\/8024\/revisions\/8046"}],"up":[{"embeddable":true,"href":"https:\/\/www.kde.cs.uni-kassel.de\/en\/wp-json\/wp\/v2\/pages\/30"}],"wp:attachment":[{"href":"https:\/\/www.kde.cs.uni-kassel.de\/en\/wp-json\/wp\/v2\/media?parent=8024"}],"curies":[{"name":"wp","href":"https:\/\/api.w.org\/{rel}","templated":true}]}}