{"id":793,"date":"2016-04-03T15:46:33","date_gmt":"2016-04-03T13:46:33","guid":{"rendered":"https:\/\/www.kde.cs.uni-kassel.de\/?page_id=793"},"modified":"2016-04-03T15:46:33","modified_gmt":"2016-04-03T13:46:33","slug":"schulung","status":"publish","type":"page","link":"https:\/\/www.kde.cs.uni-kassel.de\/en\/lehre\/ss2011\/schulung","title":{"rendered":"Tutorenqualifikation f\u00fcr Informatik"},"content":{"rendered":"<p><span style=\"color: #a3004e;\">Ort und Zeit: <\/span><\/p>\n<p style=\"padding-left: 30px;\">Dienstag, 5.4. bis Freitag, 8.4.2011, jeweils von 10:30 &#8211; 16:30 Uhr im Raum 1340 16.15 Uhr.<\/p>\n<p><span style=\"color: #a3004e;\">\u00a0<\/span><span style=\"color: #a3004e;\">Vorkenntnisse: <\/span><\/p>\n<p style=\"padding-left: 30px;\">Informatik-Grundstudium f\u00fcr Einbringung in den Bachelor; abgeschlossener Bachelor f\u00fcr Einbringung in den Master.<\/p>\n<p><span style=\"color: #a3004e;\"> Angesprochener H\u00f6rerInnenkreis: <\/span><\/p>\n<p style=\"padding-left: 30px;\">Bachelor\/Master Informatik.<\/p>\n<p><span style=\"color: #a3004e;\"> Leistungsnachweis: <\/span><\/p>\n<p style=\"padding-left: 30px;\">Mitarbeit, schriftliche Aufzeichnungen<\/p>\n<p><span style=\"color: #a3004e;\"> Veranstalter: <\/span><\/p>\n<p style=\"padding-left: 30px;\"><!-- InstanceEndEditable --><a href=\"http:\/\/seblog.cs.uni-kassel.de\/mitarbeiter-seiten\/albert-zundorf\/\"><u><span style=\"color: #0066cc;\">Prof. Dr. Albert Z\u00fcndorf<\/span><\/u><\/a>, <a href=\"\/jaeschke\"><u><span style=\"color: #0066cc;\">Dr. Robert J\u00e4schke<\/span><\/u><\/a>, <a href=\"http:\/\/seblog.cs.uni-kassel.de\/mitarbeiter-seiten\/andreas-scharf\/\"><u><span style=\"color: #0066cc;\">Andreas Scharf<\/span><\/u><\/a>, <a href=\"http:\/\/seblog.cs.uni-kassel.de\/mitarbeiter-seiten\/nina-geiger\/\"><u><span style=\"color: #0066cc;\">Nina Geiger<\/span><\/u><\/a>, <a href=\"http:\/\/seblog.cs.uni-kassel.de\/mitarbeiter-seiten\/andreas-koch\/\"><u><span style=\"color: #0066cc;\">Andreas Koch<\/span><\/u><\/a><\/p>\n<p><span style=\"color: #a3004e;\"> Weitere Materialien:<\/span><\/p>\n<p style=\"padding-left: 30px;\"><a href=\"https:\/\/moodle.uni-kassel.de\/moodle\/course\/view.php?id=5854\"><u><span style=\"color: #0066cc;\">In Moodle<\/span><\/u><\/a>.<\/p>\n","protected":false},"excerpt":{"rendered":"<p>Ort und Zeit: Dienstag, 5.4. bis Freitag, 8.4.2011, jeweils von 10:30 &#8211; 16:30 Uhr im Raum 1340 16.15 Uhr. \u00a0Vorkenntnisse: Informatik-Grundstudium f\u00fcr Einbringung in den Bachelor; abgeschlossener Bachelor f\u00fcr Einbringung in den Master. Angesprochener H\u00f6rerInnenkreis:<a class=\"moretag\" href=\"https:\/\/www.kde.cs.uni-kassel.de\/en\/lehre\/ss2011\/schulung\"> Read more&hellip;<\/a><\/p>\n","protected":false},"author":1,"featured_media":0,"parent":785,"menu_order":0,"comment_status":"closed","ping_status":"closed","template":"","meta":{"footnotes":""},"class_list":["post-793","page","type-page","status-publish","hentry"],"translation":{"provider":"WPGlobus","version":"3.0.2","language":"en","enabled_languages":["de","en"],"languages":{"de":{"title":true,"content":true,"excerpt":false},"en":{"title":false,"content":false,"excerpt":false}}},"_links":{"self":[{"href":"https:\/\/www.kde.cs.uni-kassel.de\/en\/wp-json\/wp\/v2\/pages\/793","targetHints":{"allow":["GET"]}}],"collection":[{"href":"https:\/\/www.kde.cs.uni-kassel.de\/en\/wp-json\/wp\/v2\/pages"}],"about":[{"href":"https:\/\/www.kde.cs.uni-kassel.de\/en\/wp-json\/wp\/v2\/types\/page"}],"author":[{"embeddable":true,"href":"https:\/\/www.kde.cs.uni-kassel.de\/en\/wp-json\/wp\/v2\/users\/1"}],"replies":[{"embeddable":true,"href":"https:\/\/www.kde.cs.uni-kassel.de\/en\/wp-json\/wp\/v2\/comments?post=793"}],"version-history":[{"count":1,"href":"https:\/\/www.kde.cs.uni-kassel.de\/en\/wp-json\/wp\/v2\/pages\/793\/revisions"}],"predecessor-version":[{"id":808,"href":"https:\/\/www.kde.cs.uni-kassel.de\/en\/wp-json\/wp\/v2\/pages\/793\/revisions\/808"}],"up":[{"embeddable":true,"href":"https:\/\/www.kde.cs.uni-kassel.de\/en\/wp-json\/wp\/v2\/pages\/785"}],"wp:attachment":[{"href":"https:\/\/www.kde.cs.uni-kassel.de\/en\/wp-json\/wp\/v2\/media?parent=793"}],"curies":[{"name":"wp","href":"https:\/\/api.w.org\/{rel}","templated":true}]}}