{"id":7712,"date":"2021-02-19T12:32:13","date_gmt":"2021-02-19T11:32:13","guid":{"rendered":"https:\/\/www.kde.cs.uni-kassel.de\/?page_id=7712"},"modified":"2021-04-12T13:17:52","modified_gmt":"2021-04-12T11:17:52","slug":"datenbanken","status":"publish","type":"page","link":"https:\/\/www.kde.cs.uni-kassel.de\/en\/lehre\/ss2021\/datenbanken","title":{"rendered":"Datenbanken (Vorlesung) 2021"},"content":{"rendered":"\n<h2 class=\"wp-block-heading\">Datenbanken (Vorlesung)<\/h2>\n\n\n\n<p>Datenbanken sind essentieller Bestandteil fast aller gro\u00dfen Softwareanwendungen. <\/p>\n\n\n\n<p>Behandelt werden Theorie und Praxis relationaler Datenbanksysteme, einschlie\u00dflich Schichten\u00adarchitektur, Modellierung mittels ER-Diagrammen, Funktionale Abh\u00e4ngigkeiten, Normalisierung, Armstrongsche Axiome, Relationenkalk\u00fcl und dessen Realisierung in SQL, Transaktionskonzept.\u00a0<br>In den \u00dcbungen wird u.a. mit SQL auf dem vorhandenen Datenbank-System gearbeitet. <\/p>\n\n\n\n<p><strong>Die Materialien zur Vorlesung (Skript, \u00dcbungsbl\u00e4tter) und Ank\u00fcndigungen (Termin\u00e4nderungen etc.) finden Sie im\u00a0<a href=\"https:\/\/moodle.uni-kassel.de\/moodle\/course\/view.php?id=12870\">Moodle<\/a>\u00a0der Universit\u00e4t Kassel. <\/strong><\/p>\n\n\n\n<h3 class=\"wp-block-heading\">Erster Veranstaltungstag:<\/h3>\n\n\n\n<p>Dienstag, 13.4.2021 <\/p>\n\n\n\n<h3 class=\"wp-block-heading\">Ort und Zeit:<\/h3>\n\n\n\n<p>Dienstags, 14.00 h \u2013 15.30 h in <s>Raum 1332<\/s> <span class=\"has-inline-color has-luminous-vivid-orange-color\">Online Videos<\/span><\/p>\n\n\n\n<h3 class=\"wp-block-heading\">\u00dcbungen: <\/h3>\n\n\n\n<ul class=\"wp-block-list\"><li>Montags, 14.15 \u2013 15.45 h, in <span class=\"has-inline-color has-black-color\"><s>Raum -1605,<\/s><\/span> Beginn 19.4.2021  <span class=\"has-inline-color has-luminous-vivid-orange-color\">Online via Zoom<\/span><\/li><li>Montags, 16.15 \u2013 17.45 h, in <s>Raum -1607<\/s>, Beginn 19.4.2021  <span class=\"has-inline-color has-luminous-vivid-orange-color\">Online via Zoom<\/span><\/li><li>Montags, 16.15 \u2013 17.45 h, in <s>Raum 1114,<\/s> Beginn 19.4.2021  <span class=\"has-inline-color has-luminous-vivid-orange-color\">Online via Zoom<\/span><\/li><\/ul>\n\n\n\n<h3 class=\"wp-block-heading\">Vorkenntnisse: <\/h3>\n\n\n\n<p>Informatik Grundstudium <\/p>\n\n\n\n<h3 class=\"wp-block-heading\">Angesprochener H\u00f6rer*innenkreis: <\/h3>\n\n\n\n<p>Inf. 4. Sem., Math. NF Inf. <\/p>\n\n\n\n<h3 class=\"wp-block-heading\">Umfang: <\/h3>\n\n\n\n<p>2 SWS Vorlesung und 2 SWS \u00dcbungen, 6 Credits <\/p>\n\n\n\n<h3 class=\"wp-block-heading\">Leistungsnachweis: <\/h3>\n\n\n\n<p>Klausur <\/p>\n\n\n\n<h3 class=\"wp-block-heading\">Veranstalter: <\/h3>\n\n\n\n<p><a href=\"\/stumme\"><u><span style=\"color: #0066cc;\">Prof. Dr. Gerd Stumme<\/span><\/u><\/a>, <a href=\"\/hanika\"><u><span style=\"color: #0066cc;\">Dr. Tom Hanika<\/span><\/u><\/a><\/p>\n\n\n\n<h3 class=\"wp-block-heading\">Literatur: <\/h3>\n\n\n\n<p>Alfons Kemper, Andr\u00e9 Eickler: Datenbanksysteme. Eine Einf\u00fchrung. 5., aktualisierte und erweiterte Auflage, Oldenbourg Verlag, 2004.\u00a0<br>ISBN: 3-486-27392-2. 640 Seiten (Siehe auch\u00a0<a href=\"http:\/\/www-db.in.tum.de\/research\/publications\/books\/DBMSeinf\/\">http:\/\/www-db.in.tum.de\/research\/publications\/books\/DBMSeinf\/<\/a>), wo u.a. die Vorlagen der unten gelisteten Folien zu finden sind. Weitere Informationen: Dateien zu den \u00dcbungen; weitere Daten (z. B. Philosophenuni) gibt es auf der <a href=\"http:\/\/www.db.fmi.uni-passau.de\/publications\/books\/%20DBMSeinf\/\">Seite zum Buch<\/a>.\u00a0 <\/p>\n\n\n\n<p>Weitere Informationen zu SQL (zu finden auch in\u00a0<a href=\"http:\/\/www.bibsonomy.org\/user\/schmitz\/dbms2006\">BibSonomy<\/a>):<\/p>\n\n\n\n<ul class=\"wp-block-list\"><li><a href=\"http:\/\/leap.sourceforge.net\/\">LEAP RDBMS: Datenbanksystem mit relationaler Algebra als Anfragesprache<\/a><\/li><li><a href=\"http:\/\/sqlzoo.net\/\">A Gentle Introduction to SQL<\/a><\/li><li><a href=\"http:\/\/gretel.db.informatik.uni-kassel.de\/Lehre\/SS2003\/DB\/vorabskript_db_ss2003.pdf\">Vorabskriptum Datenbanken (SS 2003)<\/a><\/li><li><a href=\"http:\/\/www.1keydata.com\/sql\/sql.html\">SQL Tutorial \u2013 SQL reference and programming examples<\/a><\/li><li><a href=\"http:\/\/www.cryer.co.uk\/brian\/sql\/sql_crib_sheet.htm\">SQL Crib Sheet<\/a><\/li><li><a href=\"http:\/\/ourworld.compuserve.com\/homepages\/graeme_birchall\/HTM_COOK.HTM\">DB2 UDB Cookbook Downloads<\/a><\/li><li><a href=\"http:\/\/www.uni-kassel.de\/hrz\/manuals\/db2\/pdf\/de\/DB2Y0G70.PDF\">SQL: Erste Schritte<\/a><\/li><\/ul>\n","protected":false},"excerpt":{"rendered":"<p>Datenbanken (Vorlesung) Datenbanken sind essentieller Bestandteil fast aller gro\u00dfen Softwareanwendungen. Behandelt werden Theorie und Praxis relationaler Datenbanksysteme, einschlie\u00dflich Schichten\u00adarchitektur, Modellierung mittels ER-Diagrammen, Funktionale Abh\u00e4ngigkeiten, Normalisierung, Armstrongsche Axiome, Relationenkalk\u00fcl und dessen Realisierung in SQL, Transaktionskonzept.\u00a0In den<a class=\"moretag\" href=\"https:\/\/www.kde.cs.uni-kassel.de\/en\/lehre\/ss2021\/datenbanken\"> Read more&hellip;<\/a><\/p>\n","protected":false},"author":15,"featured_media":0,"parent":7696,"menu_order":32,"comment_status":"closed","ping_status":"closed","template":"","meta":{"footnotes":""},"class_list":["post-7712","page","type-page","status-publish","hentry"],"translation":{"provider":"WPGlobus","version":"3.0.2","language":"en","enabled_languages":["de","en"],"languages":{"de":{"title":true,"content":true,"excerpt":false},"en":{"title":false,"content":false,"excerpt":false}}},"_links":{"self":[{"href":"https:\/\/www.kde.cs.uni-kassel.de\/en\/wp-json\/wp\/v2\/pages\/7712","targetHints":{"allow":["GET"]}}],"collection":[{"href":"https:\/\/www.kde.cs.uni-kassel.de\/en\/wp-json\/wp\/v2\/pages"}],"about":[{"href":"https:\/\/www.kde.cs.uni-kassel.de\/en\/wp-json\/wp\/v2\/types\/page"}],"author":[{"embeddable":true,"href":"https:\/\/www.kde.cs.uni-kassel.de\/en\/wp-json\/wp\/v2\/users\/15"}],"replies":[{"embeddable":true,"href":"https:\/\/www.kde.cs.uni-kassel.de\/en\/wp-json\/wp\/v2\/comments?post=7712"}],"version-history":[{"count":5,"href":"https:\/\/www.kde.cs.uni-kassel.de\/en\/wp-json\/wp\/v2\/pages\/7712\/revisions"}],"predecessor-version":[{"id":7869,"href":"https:\/\/www.kde.cs.uni-kassel.de\/en\/wp-json\/wp\/v2\/pages\/7712\/revisions\/7869"}],"up":[{"embeddable":true,"href":"https:\/\/www.kde.cs.uni-kassel.de\/en\/wp-json\/wp\/v2\/pages\/7696"}],"wp:attachment":[{"href":"https:\/\/www.kde.cs.uni-kassel.de\/en\/wp-json\/wp\/v2\/media?parent=7712"}],"curies":[{"name":"wp","href":"https:\/\/api.w.org\/{rel}","templated":true}]}}