{"id":7709,"date":"2021-02-19T14:49:25","date_gmt":"2021-02-19T13:49:25","guid":{"rendered":"https:\/\/www.kde.cs.uni-kassel.de\/?page_id=7709"},"modified":"2021-04-12T12:56:04","modified_gmt":"2021-04-12T10:56:04","slug":"fca-seminar","status":"publish","type":"page","link":"https:\/\/www.kde.cs.uni-kassel.de\/en\/lehre\/ss2021\/fca-seminar","title":{"rendered":"Begriffliche Strukturen und Ordnungstheorie (Seminar)"},"content":{"rendered":"\n<h2 class=\"wp-block-heading\">Begriffliche Strukturen und Ordnungstheorie (Seminar)<\/h2>\n\n\n\n<p><strong>Ordinal Data Science<\/strong> ist eine wachsende Forschungsrichtung der <strong>K\u00fcnstlichen Intelligenz<\/strong>. Sie besch\u00e4ftigt sich mit der Analyse und Darstellung von Hierarchien und Ordnungen in Daten.<\/p>\n\n\n\n<h3 class=\"wp-block-heading\">Seminarthemen: <\/h3>\n\n\n\n<ul class=\"wp-block-list\"><li>TITANIC: Erstellen Sie einen Survey-Artikel in welchem Sie den TITANIC Algorithmus besprechen, sowie dessen weitere Verwendung in der wissenschaftlichen Literatur. Zitieren Sie dabei mindestens f\u00fcnf Folgearbeiten des Originalartikels und versuchen Sie auch den aktuellen Stand der Forschung abzubilden.<\/li><li>Visualisierung: Zur Visualisierung von Begriffsverb\u00e4nden gibt es eine Vielzahl von Arbeiten. Versuchen sie eine m\u00f6glichst vollst\u00e4ndige \u00dcbersichtsarbeit hierf\u00fcr zu erstellen welche die Vor- und Nachteile der einzelnen Methoden darstellt.<\/li><li>Soziale Netzwerke: F\u00fcr die Analyse von sozialen Netzwerken k\u00f6nnen viele Methoden der Formale Begriffsanalyse verwendet werden. Tragen Sie alle Arbeiten zu diesem Thema in einer neuen \u00dcbersichtsarbeit zusammen und versuchen Sie dabei die jeweiligen Zielstellungen zu kategorisieren.<\/li><li>Neben der &#8220;Canonical Base&#8221; gibt es im Umfeld der Formalen Begriffsanalyse ein Vielzahl weiterer Basen, zum Beispiel direkte Basen. Alle zeichnen sich durch verschiedene Vor- und Nachteile aus. Ziel dieser Arbeit ist eine Zusammenstellung dieser Basen. Es setzt eine gr\u00fcndliche Recherche sowie ein ausf\u00fchrlicher Vergleich voraus.<\/li><li>Erarbeiten Sie Sich den Artikel &#8220;Conceptual Scaling&#8221; von B. Ganter und R. Wille (1988) und w\u00e4hlen Sie drei Arbeiten aus, die darauf aufbauen. Fassen Sie den Teil des Artikels, der f\u00fcr die Folgearbeiten n\u00f6tig ist, zusammen und geben Sie einen \u00dcberblick \u00fcber die Folgearbeiten.<\/li><li>Ma\u00dfe auf formalen Begriffen: Es gibt verschiedenste Ma\u00dfe, die auf die Begriffe eins formalen Kontexts angewendet werden k\u00f6nnen und je nach Zielstellung stark variieren. Stellen sie diese in einer \u00dcbersicht zusammen und beurteilen sie jeweils, inwiefern sich die Ma\u00dfe zum Vergleich einzelner Begriffe eignen.<\/li><\/ul>\n\n\n\n<p>Weitere Themen auf Nachfrage<\/p>\n\n\n\n<h3 class=\"wp-block-heading\">Vorbesprechung: <\/h3>\n\n\n\n<p>Montag, 19.4.2021, 16.15 Uhr in <s>Raum 0445\/E<\/s> <span class=\"has-inline-color has-luminous-vivid-orange-color\">Zoom-Meeting<\/span>: <a href=\"https:\/\/uni-kassel.zoom.us\/j\/96231475284?pwd=RDNFNzZiUWpnQW1nWENUNHF3aEpPZz09\">Link<\/a><\/p>\n\n\n\n<p>Sp\u00e4tere Anmeldungen sind noch bis 30.4.2021 per E-Mail (<a href=\"mailto:Tom.Hanika@cs.uni-kassel.de\">Tom.Hanika@cs.uni-kassel.de<\/a>)&nbsp;m\u00f6glich. Aktuelle Informationen finden Sie im Moodle-Kurs: <a rel=\"noreferrer noopener\" href=\"https:\/\/moodle.uni-kassel.de\/moodle\/course\/view.php?id=12872\" target=\"_blank\">Moodle-Kurs<\/a>.<\/p>\n\n\n\n<h3 class=\"wp-block-heading\">Vorkenntnisse: <\/h3>\n\n\n\n<p>Informatik-Grundstudium f\u00fcr Einbringung in den Bachelor; abgeschlossener Bachelor f\u00fcr Einbringung in den Master. <\/p>\n\n\n\n<h3 class=\"wp-block-heading\">Angesprochener H\u00f6rer*innenkreis: <\/h3>\n\n\n\n<p>Bachelor Inf. 4. Sem., Math. NF Inf. Hauptstudium; Master Informatik. F\u00fcr beide Zielgruppen liegen Seminarthemen vor. <\/p>\n\n\n\n<h3 class=\"wp-block-heading\">Leistungsnachweis: <\/h3>\n\n\n\n<p>Vortrag und Ausarbeitung <\/p>\n\n\n\n<p><a href=\"https:\/\/www.kde.cs.uni-kassel.de\/lehre\/ss2021\/fca-seminar\">Seite ansehen<\/a><\/p>\n\n\n\n<h3 class=\"wp-block-heading\">Veranstalter: <\/h3>\n\n\n\n<p><a href=\"\/stumme\">Prof. Dr. Gerd Stumme<\/a>, <a href=\"\/hanika\">Dr. Tom Hanika<\/a><\/p>\n\n\n\n<h3 class=\"wp-block-heading\">Ziel: <\/h3>\n\n\n\n<p>Nach selbst\u00e4ndiger Erarbeitung und kritischer Auseinandersetzung mit einem Thema aus dem Bereich Ordnungstheorie und Begriffliche Strukturen soll eine Ausarbeitung gem\u00e4\u00df dem&nbsp;<a href=\"http:\/\/www.springer.com\/de\/it-informatik\/lncs\/conference-proceedings-guidelines\">Springer LNCS<\/a>&nbsp;Stil erstellt werden. Die Ausarbeitung soll einen Umfang von 12 Seiten (Bachelor) bzw. 16 Seiten (Master) aufweisen und mit dem Textsatzsystem&nbsp;<a href=\"http:\/\/www.latex-project.org\/\">LaTeX<\/a>&nbsp;erstellt werden.&nbsp; <\/p>\n\n\n\n<h3 class=\"wp-block-heading\">Ablauf des Seminars: <\/h3>\n\n\n\n<p>Zum Einf\u00fchrungstermin (siehe oben) findet die Themenvergabe statt. Restthemen k\u00f6nnen bis eine Woche sp\u00e4ter auch noch individuell vergeben werden. Eine Abmeldung vom Seminar ist maximal eine Woche nach Ausgabe des Themas m\u00f6glich, um dann anderen Studierenden die M\u00f6glichkeit der Teilnahme zu geben. <\/p>\n\n\n\n<p>Vier bis sechs Wochen vor dem geplanten Vortrag (der Termin wird auf der Vorbesprechung vereinbart), stellt der Teilnehmer seine Auswahl an Sekund\u00e4rliteratur dem Betreuer vor (vorherige R\u00fccksprachen sind ausdr\u00fccklich erlaubt). Diese Auswahl geht mit 20 % in die Endnote ein.<\/p>\n\n\n\n<p>Drei (3!) Tage vor dem geplanten Vortrag sind per Email als PDF abzugeben:<\/p>\n\n\n\n<ul class=\"wp-block-list\"><li>Eine einseitige Zusammenfassung (die allen Teilnehmern ausgeh\u00e4ndigt wird)<\/li><li>Der Foliensatz f\u00fcr den Vortrag<\/li><li>Eine 12-seitige (Bachelor) bzw. 16-seitige (Master) Ausarbeitung im <a href=\"http:\/\/www.springer.com\/de\/it-informatik\/lncs\/conference-proceedings-guidelines\">Springer LNCS<\/a>.<\/li><\/ul>\n\n\n\n<p>Auch hier sind vorherige Absprachen mit dem Betreuer ausdr\u00fccklich erlaubt. Alle verwendeten Referenzen sind zus\u00e4tzlich zum Literaturverzeichnis der Ausarbeitung in&nbsp;<a href=\"http:\/\/www.bibsonomy.org\/\">BibSonomy<\/a>&nbsp;einzugeben, mit den Tags &#8220;kde&#8221;, &#8220;seminar&#8221;, &#8220;2017&#8221;, &#8220;fca&#8221; und weiteren sinnvollen Tags.Die Vortragsdauer betr\u00e4gt verbindlich 30 Minuten, nach dem Vortrag besteht Gelegenheit zur Diskussion. Wir empfehlen, den Vortrag vorher vor Zuh\u00f6rern zu \u00fcben. Der Vortrag (inkl. Folien und Abstract) geht mit 40 % in die Endnote ein, die Ausarbeitung ebenfalls mit 40 %. Als Richtlinie f\u00fcr die Erstellung einer guten Seminararbeit (inkl. Vortrag und Ausarbeitung) wird das Buch<\/p>\n\n\n\n<ul class=\"wp-block-list\"><li>Markus Deininger, Horst Lichter, Jochen Ludewig und Kurt Schneider. Studien-Arbeiten: ein Leitfaden zur Vorbereitung, Durchf\u00fchrung und Betreuung von Studien-, Diplom- Abschluss- und Doktorarbeiten am Beispiel Informatik. 5. Auflage. vdf Hochschulverlag, Z\u00fcrich, 2005.&nbsp;<a href=\"http:\/\/www.bibsonomy.org\/bibtex\/0d8d61accf919ca55631acdbb6bcfec73\/stumme\">BibSonomy Eintrag \u00f6ffnen<\/a><\/li><\/ul>\n\n\n\n<p>empfohlen, welches in der Bibliothek im Semesterapparat des Fachgebiets Wissensverarbeitung ausliegt, und welches auch in einigen Exemplaren ausleihbar ist. Die Benotung der Seminararbeit erfolgt in Anlehnung an das dort auf Seite 77 angegebene Schema, angepasst auf die Erfordernisse einer Seminararbeit und der konkreten Aufgabenstellung.<\/p>\n","protected":false},"excerpt":{"rendered":"<p>Begriffliche Strukturen und Ordnungstheorie (Seminar) Ordinal Data Science ist eine wachsende Forschungsrichtung der K\u00fcnstlichen Intelligenz. Sie besch\u00e4ftigt sich mit der Analyse und Darstellung von Hierarchien und Ordnungen in Daten. Seminarthemen: TITANIC: Erstellen Sie einen Survey-Artikel<a class=\"moretag\" href=\"https:\/\/www.kde.cs.uni-kassel.de\/en\/lehre\/ss2021\/fca-seminar\"> Read more&hellip;<\/a><\/p>\n","protected":false},"author":15,"featured_media":0,"parent":7696,"menu_order":35,"comment_status":"closed","ping_status":"closed","template":"","meta":{"footnotes":""},"class_list":["post-7709","page","type-page","status-publish","hentry"],"translation":{"provider":"WPGlobus","version":"3.0.2","language":"en","enabled_languages":["de","en"],"languages":{"de":{"title":true,"content":true,"excerpt":false},"en":{"title":false,"content":false,"excerpt":false}}},"_links":{"self":[{"href":"https:\/\/www.kde.cs.uni-kassel.de\/en\/wp-json\/wp\/v2\/pages\/7709","targetHints":{"allow":["GET"]}}],"collection":[{"href":"https:\/\/www.kde.cs.uni-kassel.de\/en\/wp-json\/wp\/v2\/pages"}],"about":[{"href":"https:\/\/www.kde.cs.uni-kassel.de\/en\/wp-json\/wp\/v2\/types\/page"}],"author":[{"embeddable":true,"href":"https:\/\/www.kde.cs.uni-kassel.de\/en\/wp-json\/wp\/v2\/users\/15"}],"replies":[{"embeddable":true,"href":"https:\/\/www.kde.cs.uni-kassel.de\/en\/wp-json\/wp\/v2\/comments?post=7709"}],"version-history":[{"count":8,"href":"https:\/\/www.kde.cs.uni-kassel.de\/en\/wp-json\/wp\/v2\/pages\/7709\/revisions"}],"predecessor-version":[{"id":7865,"href":"https:\/\/www.kde.cs.uni-kassel.de\/en\/wp-json\/wp\/v2\/pages\/7709\/revisions\/7865"}],"up":[{"embeddable":true,"href":"https:\/\/www.kde.cs.uni-kassel.de\/en\/wp-json\/wp\/v2\/pages\/7696"}],"wp:attachment":[{"href":"https:\/\/www.kde.cs.uni-kassel.de\/en\/wp-json\/wp\/v2\/media?parent=7709"}],"curies":[{"name":"wp","href":"https:\/\/api.w.org\/{rel}","templated":true}]}}