{"id":7703,"date":"2021-02-19T12:23:16","date_gmt":"2021-02-19T11:23:16","guid":{"rendered":"https:\/\/www.kde.cs.uni-kassel.de\/?page_id=7703"},"modified":"2021-04-12T10:44:51","modified_gmt":"2021-04-12T08:44:51","slug":"labor-qda","status":"publish","type":"page","link":"https:\/\/www.kde.cs.uni-kassel.de\/en\/lehre\/ss2021\/labor-qda","title":{"rendered":"Labor Qualitative Datenanalyse"},"content":{"rendered":"\n<h2 class=\"wp-block-heading\">Labor Qualitative Datenanalyse<\/h2>\n\n\n\n<p>Die Formale Begriffsanalyse ist ein Teilgebiet der <strong>K\u00fcnstlichen Intelligenz<\/strong>, mit dem Daten auf Zusammenh\u00e4nge und Struktur analysiert werden k\u00f6nnen. Die Daten werden dabei so geclustert, dass sie dem menschlichen Denken in Begriffen und Begriffshierarchien entsprechen. Im Praktikum werden die in der Vorlesung Begriffliche Datenanalyse vermittelten Konzepte in die Praxis umgesetzt:<\/p>\n\n\n<p><\/p>\n\n\n<ul class=\"wp-block-list\"><li>Implementierung von un\u00fcberwachten <strong>Cluster-Verfahren<\/strong><\/li><li>Umgang mit verschiedenen <strong>Features und ihren Datentypen<\/strong><\/li><li>Analyse von Wikipedia-Kategorien<\/li><li>Analyse des Datensatzgenerators von <strong>Wikidata<\/strong><\/li><\/ul>\n\n\n\n<p><strong>Die Materialien zur Veranstaltung und Ank\u00fcndigungen (Termin\u00e4nderungen etc.) finden Sie im\u00a0<a href=\"https:\/\/moodle.uni-kassel.de\/moodle\/course\/view.php?id=12871\">Moodle<\/a>\u00a0der Universit\u00e4t Kassel. <\/strong><\/p>\n\n\n\n<h3 class=\"wp-block-heading\">Hinweise:<\/h3>\n\n\n\n<p>Das Labor Qualitative Datenanalyse findet in <a href=\"https:\/\/clojure.org\/\">Clojure<\/a>[1] statt. Clojure ist eine funktionale dynamische general-purpose Programmiersprache, die auf der JVM (Java Virtual Machine) l\u00e4uft.<br><br><\/p>\n\n\n\n<p>Wir gehen <b>nicht<\/b> davon aus, dass Sie bereits Erfahrung mit Clojure haben.<br><br><\/p>\n\n\n\n<p>Das Fachgebiet Wissensverarbeitung bietet aus diesem Grund in der Regel einen (optionalen) Einf\u00fchrungskurs in Clojure an. Das ist dieses Semester nicht m\u00f6glich. Wir bem\u00fchen uns daher individuelle L\u00f6sungen f\u00fcr eine verst\u00e4ndliche Einf\u00fchrung in Clojure mit Ihnen zu finden. <br><br><\/p>\n\n\n\n<p>Bei Fragen k\u00f6nnen Sie sich gerne an uns wenden.<br><br><\/p>\n\n\n\n<p>Falls Sie sich vorweg bereits ein wenig mit Clojure besch\u00e4ftigen m\u00f6chten (Sie m\u00fcssen nicht), hier eine Liste mit guten Ressourcen:<\/p>\n\n\n\n<div style=\"margin-left: 30px;\" class=\"editor-indent\"><p>&#8211; Die <i>Learn Clojure<\/i> Einf\u00fchrung auf der Clojure Website: <a href=\"https:\/\/clojure.org\/guides\/learn\/syntax\">https:\/\/clojure.org\/guides\/learn\/syntax<\/a><br><\/p><p>&#8211; Der <i>Clojure for the Brave and True<\/i> online Kurs zum Buch: <a href=\"https:\/\/www.braveclojure.com\/foreword\/\">https:\/\/www.braveclojure.com\/foreword\/<\/a><br><\/p><p>&#8211; Die <i>Grundprinzipien<\/i> von Clojure (i.e., Warum Clojure?): <a href=\"https:\/\/clojure.org\/about\/rationale\">https:\/\/clojure.org\/about\/rationale<\/a><br><\/p><p>&#8211; Talks[2,3] von <a href=\"https:\/\/en.wikipedia.org\/wiki\/Rich_Hickey\">Rich Hickey<\/a>[4] (dem Erfinder von Clojure), insbesondere: <br><\/p><div style=\"margin-left: 30px;\" class=\"editor-indent\"><p>1) Clojure, Made Simple: <a href=\"https:\/\/www.youtube.com\/watch?v=VSdnJDO-xdg\">https:\/\/www.youtube.com\/watch?v=VSdnJDO-xdg<\/a><\/p><p>2) Are We There Yet?: <a href=\"http:\/\/www.infoq.com\/presentations\/Are-We-There-Yet-Rich-Hickey\">http:\/\/www.infoq.com\/presentations\/Are-We-There-Yet-Rich-Hickey<\/a><br><\/p><\/div><p>&#8211; Die <i>community resources sammlung<\/i> auf der Clojure Website: <a href=\"https:\/\/clojure.org\/community\/resources\">https:\/\/clojure.org\/community\/resources<\/a><\/p><\/div>\n\n\n\n<p>[1] <a href=\"https:\/\/clojure.org\/\">https:\/\/clojure.org\/<\/a><\/p>\n\n\n\n<p>[2] <a href=\"https:\/\/github.com\/matthiasn\/talk-transcripts\/tree\/master\/Hickey_Rich\">https:\/\/github.com\/matthiasn\/talk-transcripts\/tree\/master\/Hickey_Rich<\/a><\/p>\n\n\n\n<p>[3] <a href=\"https:\/\/changelog.com\/posts\/rich-hickeys-greatest-hits\">https:\/\/changelog.com\/posts\/rich-hickeys-greatest-hits<\/a><br><\/p>\n\n\n\n<p>[4] <a href=\"https:\/\/en.wikipedia.org\/wiki\/Rich_Hickey\">https:\/\/en.wikipedia.org\/wiki\/Rich_Hickey<\/a><br><\/p>\n\n\n\n<h3 class=\"wp-block-heading\">Veranstaltungstermine:<\/h3>\n\n\n\n<p>Der Termin wird in der ersten Vorlesung <a href=\"https:\/\/www.kde.cs.uni-kassel.de\/lehre\/ss2021\/cda\">Begriffliche Datenanalyse<\/a> bekannt gegeben.<\/p>\n\n\n\n<h3 class=\"wp-block-heading\">Angesprochener H\u00f6rer*innenkreis:<\/h3>\n\n\n\n<p>Informatik Master Vorkenntnisse: Informatik Bachelor<\/p>\n\n\n\n<h3 class=\"wp-block-heading\">Umfang:<\/h3>\n\n\n\n<p>6 Cr.<\/p>\n\n\n\n<h3 class=\"wp-block-heading\">Leistungsnachweis:<\/h3>\n\n\n\n<p>Bearbeitung der Praktikumsaufgaben, m\u00fcndliche Pr\u00fcfung. <\/p>\n\n\n\n<h3 class=\"wp-block-heading\">Voraussetzung:<\/h3>\n\n\n\n<p>Kenntnis der Inhalte der Vorlesung<a href=\"https:\/\/www.kde.cs.uni-kassel.de\/lehre\/ss2021\/cda\"> Begriffliche Datenanalyse<\/a><\/p>\n\n\n\n<h3 class=\"wp-block-heading\">Veranstalter: <\/h3>\n\n\n\n<p><a href=\"https:\/\/www.kde.cs.uni-kassel.de\/stumme\">Prof. Dr. Gerd Stumme<\/a>, <a href=\"https:\/\/www.kde.cs.uni-kassel.de\/hanika\">Dr. Tom Hanika<\/a><\/p>\n\n\n\n<h3 class=\"wp-block-heading\">Literatur:<\/h3>\n\n\n\n<p>siehe Vorlesung<a href=\"https:\/\/www.kde.cs.uni-kassel.de\/lehre\/ss2021\/cda\"> Begriffliche Datenanalyse<\/a>. <\/p>\n","protected":false},"excerpt":{"rendered":"<p>Labor Qualitative Datenanalyse Die Formale Begriffsanalyse ist ein Teilgebiet der K\u00fcnstlichen Intelligenz, mit dem Daten auf Zusammenh\u00e4nge und Struktur analysiert werden k\u00f6nnen. Die Daten werden dabei so geclustert, dass sie dem menschlichen Denken in Begriffen<a class=\"moretag\" href=\"https:\/\/www.kde.cs.uni-kassel.de\/en\/lehre\/ss2021\/labor-qda\"> Read more&hellip;<\/a><\/p>\n","protected":false},"author":15,"featured_media":0,"parent":7696,"menu_order":0,"comment_status":"closed","ping_status":"closed","template":"","meta":{"footnotes":""},"class_list":["post-7703","page","type-page","status-publish","hentry"],"translation":{"provider":"WPGlobus","version":"3.0.2","language":"en","enabled_languages":["de","en"],"languages":{"de":{"title":true,"content":true,"excerpt":false},"en":{"title":false,"content":false,"excerpt":false}}},"_links":{"self":[{"href":"https:\/\/www.kde.cs.uni-kassel.de\/en\/wp-json\/wp\/v2\/pages\/7703","targetHints":{"allow":["GET"]}}],"collection":[{"href":"https:\/\/www.kde.cs.uni-kassel.de\/en\/wp-json\/wp\/v2\/pages"}],"about":[{"href":"https:\/\/www.kde.cs.uni-kassel.de\/en\/wp-json\/wp\/v2\/types\/page"}],"author":[{"embeddable":true,"href":"https:\/\/www.kde.cs.uni-kassel.de\/en\/wp-json\/wp\/v2\/users\/15"}],"replies":[{"embeddable":true,"href":"https:\/\/www.kde.cs.uni-kassel.de\/en\/wp-json\/wp\/v2\/comments?post=7703"}],"version-history":[{"count":4,"href":"https:\/\/www.kde.cs.uni-kassel.de\/en\/wp-json\/wp\/v2\/pages\/7703\/revisions"}],"predecessor-version":[{"id":7856,"href":"https:\/\/www.kde.cs.uni-kassel.de\/en\/wp-json\/wp\/v2\/pages\/7703\/revisions\/7856"}],"up":[{"embeddable":true,"href":"https:\/\/www.kde.cs.uni-kassel.de\/en\/wp-json\/wp\/v2\/pages\/7696"}],"wp:attachment":[{"href":"https:\/\/www.kde.cs.uni-kassel.de\/en\/wp-json\/wp\/v2\/media?parent=7703"}],"curies":[{"name":"wp","href":"https:\/\/api.w.org\/{rel}","templated":true}]}}