{"id":751,"date":"2016-04-03T15:03:55","date_gmt":"2016-04-03T13:03:55","guid":{"rendered":"https:\/\/www.kde.cs.uni-kassel.de\/?page_id=751"},"modified":"2016-04-03T15:03:55","modified_gmt":"2016-04-03T13:03:55","slug":"webscience","status":"publish","type":"page","link":"https:\/\/www.kde.cs.uni-kassel.de\/en\/lehre\/ss2012\/webscience","title":{"rendered":"Web Science"},"content":{"rendered":"<p>Die Materialien zur Vorlesung (Skript, \u00dcbungsbl\u00e4tter) und Ank\u00fcndigungen (Termin\u00e4nderungen etc.) finden Sie im <a href=\"https:\/\/moodle.uni-kassel.de\/moodle\/course\/view.php?id=2171\"><u><span style=\"color: #0066cc;\">Moodle<\/span><\/u><\/a> der Universit\u00e4t Kassel.<\/p>\n<p><span style=\"color: #a3004e;\">Erster Veranstaltungstag:<\/span><\/p>\n<p style=\"padding-left: 30px;\">Freitag, 13. April 2012<\/p>\n<p><span style=\"color: #a3004e;\"> Ort und Zeit: <\/span><\/p>\n<p style=\"padding-left: 30px;\">Freitags, 10:15 &#8211; 11:45 Uhr in Raum 2104 (WA 71, altes Geb\u00e4ude); Beginn: 13. April 2012<\/p>\n<p><span style=\"color: #a3004e;\"> \u00dcbungen: <\/span><\/p>\n<p style=\"padding-left: 30px;\">Die erste \u00dcbung findet am 20. April 2012 anstelle der Vorlesung statt.<\/p>\n<p style=\"padding-left: 30px;\">Ansonsten: Mittwochs, 16:15 &#8211; 17:45 Uhr in <b>Raum -1201 <\/b>(CIP-Pool-Raum, WA 71, unterhalb Cafeteria)<\/p>\n<p><span style=\"color: #a3004e;\"> Vorkenntnisse: <\/span><\/p>\n<p style=\"padding-left: 30px;\">Informatik Bachelor<\/p>\n<p><span style=\"color: #a3004e;\"> Angesprochener H\u00f6rerInnenkreis: <\/span><\/p>\n<p style=\"padding-left: 30px;\">Informatik Master<\/p>\n<p><span style=\"color: #a3004e;\"> Leistungsnachweis: <\/span><\/p>\n<p style=\"padding-left: 30px;\">Klausur oder m\u00fcndliche Pr\u00fcfung, je nach Teilnehmerzahl. Die Vorlesung kann im Bereich Praktische Informatik angerechnet werden.<\/p>\n<p><span style=\"color: #a3004e;\"> Veranstalter: <\/span><\/p>\n<p style=\"padding-left: 30px;\"><a href=\"\/atzmueller\"><u><span style=\"color: #0066cc;\">PD Dr. habil. Martin Atzm\u00fcller<\/span><\/u><\/a>, <a href=\"\/mueller\"><u><span style=\"color: #0066cc;\">Juergen Mueller<\/span><\/u><\/a><\/p>\n<p><span style=\"color: #a3004e;\"> Inhalt: <\/span><\/p>\n<p style=\"padding-left: 30px;\">Die Vorlesung gibt eine Einf\u00fchrung in das neue Forschungsgebiet \u201eWeb Science\u201c, das vor allem die Gebiete Social Semantic Web, Web 2.0, Knowledge Management, Social Network Analysis, Information Retrieval und Web Mining verbindet. In der Vorlesung lernen die Teilnehmer neben den inhaltlichen Konzepten der einzelnen Bereiche sowohl grundlegende als auch fortgeschrittene Techniken und Algorithmen kennen.<\/p>\n<p><span style=\"color: #a3004e;\"> Literatur: <\/span><\/p>\n<p style=\"padding-left: 30px;\">Wird in der Vorlesung bekanntgegeben.<\/p>\n","protected":false},"excerpt":{"rendered":"<p>Die Materialien zur Vorlesung (Skript, \u00dcbungsbl\u00e4tter) und Ank\u00fcndigungen (Termin\u00e4nderungen etc.) finden Sie im Moodle der Universit\u00e4t Kassel. Erster Veranstaltungstag: Freitag, 13. April 2012 Ort und Zeit: Freitags, 10:15 &#8211; 11:45 Uhr in Raum 2104 (WA<a class=\"moretag\" href=\"https:\/\/www.kde.cs.uni-kassel.de\/en\/lehre\/ss2012\/webscience\"> Read more&hellip;<\/a><\/p>\n","protected":false},"author":1,"featured_media":0,"parent":744,"menu_order":0,"comment_status":"closed","ping_status":"closed","template":"","meta":{"footnotes":""},"class_list":["post-751","page","type-page","status-publish","hentry"],"translation":{"provider":"WPGlobus","version":"3.0.2","language":"en","enabled_languages":["de","en"],"languages":{"de":{"title":true,"content":true,"excerpt":false},"en":{"title":false,"content":false,"excerpt":false}}},"_links":{"self":[{"href":"https:\/\/www.kde.cs.uni-kassel.de\/en\/wp-json\/wp\/v2\/pages\/751","targetHints":{"allow":["GET"]}}],"collection":[{"href":"https:\/\/www.kde.cs.uni-kassel.de\/en\/wp-json\/wp\/v2\/pages"}],"about":[{"href":"https:\/\/www.kde.cs.uni-kassel.de\/en\/wp-json\/wp\/v2\/types\/page"}],"author":[{"embeddable":true,"href":"https:\/\/www.kde.cs.uni-kassel.de\/en\/wp-json\/wp\/v2\/users\/1"}],"replies":[{"embeddable":true,"href":"https:\/\/www.kde.cs.uni-kassel.de\/en\/wp-json\/wp\/v2\/comments?post=751"}],"version-history":[{"count":1,"href":"https:\/\/www.kde.cs.uni-kassel.de\/en\/wp-json\/wp\/v2\/pages\/751\/revisions"}],"predecessor-version":[{"id":761,"href":"https:\/\/www.kde.cs.uni-kassel.de\/en\/wp-json\/wp\/v2\/pages\/751\/revisions\/761"}],"up":[{"embeddable":true,"href":"https:\/\/www.kde.cs.uni-kassel.de\/en\/wp-json\/wp\/v2\/pages\/744"}],"wp:attachment":[{"href":"https:\/\/www.kde.cs.uni-kassel.de\/en\/wp-json\/wp\/v2\/media?parent=751"}],"curies":[{"name":"wp","href":"https:\/\/api.w.org\/{rel}","templated":true}]}}