{"id":745,"date":"2016-04-03T15:15:13","date_gmt":"2016-04-03T13:15:13","guid":{"rendered":"https:\/\/www.kde.cs.uni-kassel.de\/?page_id=745"},"modified":"2016-04-03T15:15:13","modified_gmt":"2016-04-03T13:15:13","slug":"arbeiten","status":"publish","type":"page","link":"https:\/\/www.kde.cs.uni-kassel.de\/en\/lehre\/ss2012\/arbeiten","title":{"rendered":"Bachelor-, Diplom- und Masterarbeiten"},"content":{"rendered":"<p><span style=\"color: #a3004e;\">Themen<\/span><\/p>\n<p style=\"padding-left: 30px;\">Soziale Lesezeichensysteme erlauben das einfache, zentrale Speichern von Bookmarks\/Lesezeichen auf einem Server und stellen einen Bereich der neuen Web 2.0 System dar. Sie bieten daher nicht nur f\u00fcr den menschlichen Nutzer einen Mehrwert durch die zentrale Verf\u00fcgbarkeit der Lesezeichen oder die M\u00f6glichkeit in solchen Systemen nach anderen interessanten Webseiten zu suchen, sondern stellen auch einen interessanten Ansatz zur sehr einfachen Wissenrepresentation dar. BibSonomy, welches vom Fachgebiert entwickelt wurde, erlaub nicht nur das Speichern von Bookmarks, sondern auch von Literaturreferenzen. Viele moderne Techniken kommen bereits in BibSonomy zum Einsatz und neue sollen in Form von Bachelor-, Diplom- und Masterarbeiten erarbeitet und h\u00e4ufig auch in BibSonomy integriert werden.<\/p>\n<div><a href=\"http:\/\/www.bibsonomy.org\/\"><img loading=\"lazy\" decoding=\"async\" class=\"aligncenter\" src=\"http:\/\/ssc.cs.uni-kassel.de\/lehre\/ss2015\/arbeiten\/bibsonomy.jpg\" alt=\"bibsonomy.jpg\" width=\"546\" height=\"427\" \/><\/a><\/div>\n<p style=\"padding-left: 30px;\">Viele Aufgabenstellungen besch\u00e4ftigen sich daher mit der Implementierung verschiedener Komponenten des <a href=\"http:\/\/www.bibsonomy.org\/\"><u><span style=\"color: #0066cc;\">BibSonomy-Systems<\/span><\/u><\/a> oder mit der Analyse der in einem solchen System vorhanden Daten. Ziel ist es im allgemeinen die Nutzbarkeit des System durch Dienste mit Mehrwert zu erh\u00f6hen. Dar\u00fcber hinaus, werden weitere Themen angeboten, die in der Regel einen inhaltlichen Bezug zu aktuellen Forschungsprojekten des Fachgebiets Wissensverarbeitung haben, beispielsweise im Kontext des <a href=\"http:\/\/www.iteg.uni-kassel.de\/venus\"><u><span style=\"color: #0066cc;\">VENUS<\/span><\/u><\/a> Projekts mit Integration von RFID und sozialen Netzwerken.<\/p>\n<p style=\"padding-left: 30px;\">Die Themenstellung erfolgt in Absprache mit dem Studierenden; der Umfang der Arbeit richtet sich nach dem jeweils angestrebten Anschluss.<\/p>\n<p style=\"padding-left: 30px;\">Zu folgenden Themengebieten k\u00f6nnen wir Arbeiten anbieten; zu konkreten Themen k\u00f6nnen die jeweiligen Betreuer genauere Auskunft geben.<\/p>\n<p style=\"padding-left: 30px;\">(<span style=\"color: #a3004e;\">M<\/span> = methodischer Schwerpunkt, <span style=\"color: #a3004e;\">T<\/span> = technischer Schwerpunkt)<\/p>\n<p><span style=\"color: #a3004e;\">Which paper should I read, which website must I visit? Ressource-Recommendation in folksonomies. <\/span><span style=\"color: #a3004e;\"><strong>M,T<\/strong>\u00a0<\/span><\/p>\n<p style=\"padding-left: 30px;\">Beim Schreiben einer wissenschaftlichen Arbeit, bei bei der Auswahl von Filmen oder Musik oder einfach beim Surfen im Netz stellt sich immer wieder die Frage, welche Ressourcen (Paper\/Webseiten\/&#8230;) von pers\u00f6nlichem Interesse sein k\u00f6nnten. Oft gibt es zu viele Ressourcen um alle auch nur kurz zu betrachten. Au\u00dferdem haben verschiedene Personen sehr verschiedene Interessen. Recommender sind Algorithmen, die dem Anwender bei der Suche nach interessanten Inhalten helfen, indem Sie Ihm potentiell interessante Ressourcen vorschlagen. Gute Algorithmen schlagen viele Ressourcen vor, die dann tats\u00e4chlich f\u00fcr den Nutzer interessant sind. Als Eingabe dienen dabei die Profil-Daten der Benutzer, deren Interaktionsverhalten mit dem System etc.<br \/>\nIn das Web-System BibSonomy sollen nun aktuelle Recommender-Algorithmen zum Vorschlagen von Webseiten und von wissenschaftlichen Publikationen eingebaut und dort evaluiert werden. Die Algorithmen m\u00fcssen daf\u00fcr verstanden, implementiert, getestet und angepasst werden um m\u00f6glichst viele vorhandene Daten ber\u00fccksichtigen zu k\u00f6nnen.<br \/>\nJe nach Bedarf kann die Arbeit als Projekt-, Bachelor- oder Masterarbeit bearbeitet werden: Der Schwierigkeitsgrad und der Umfang der Arbeit werden durch die Auswahl und die Anzahl der Algorithmen bzw. durch verschiedene Evaluationstechniken f\u00fcr die produzierten Vorschl\u00e4ge entsprechend angepasst.<\/p>\n<p style=\"padding-left: 30px;\">Informationen: <a href=\"\/doerfel\"><u><span style=\"color: #0066cc;\">Stephan Doerfel<\/span><\/u><\/a><\/p>\n<p><span style=\"color: #a3004e;\">Opinion Dynamics in Social Networks<strong>\u00a0 M,T<\/strong>\u00a0<\/span><\/p>\n<p style=\"padding-left: 30px;\">Bei Opinion Dynamics wird versucht die subjektive Meinung eines Individuums zu einer gefragten Sache zu ermitteln und ihren Lauf zu verfolgen. Dieses Forschungsgebiet ist noch recht neu, profitiert jedoch wunderbar von der Sentiment Analysis. Im Rahmen diese Arbeit ist zu ergr\u00fcnden, wie gut sich bestehende Methoden der Sentiment Analysis f\u00fcr Opinion Dynamics in Social Networks anwenden lassen. Dazu werden Daten aus einem frei w\u00e4hlbaren Social Network (Twitter, Facebook, et cetera) extrahiert und anschlie\u00dfend diesen Methoden unterzogen. Am Ende soll eine Aussage \u00fcber die Vor- und Nachteile dieser Verfahren getroffen werden.<br \/>\nIm Falle einer Projektarbeit kann dieses Thema gerne in einer folgenden Abschlussarbeit weiter vertieft werden.<\/p>\n<p style=\"padding-left: 30px;\">Informationen: <a href=\"\/mueller\"><u><span style=\"color: #0066cc;\">Juergen Mueller<\/span><\/u><\/a><\/p>\n<p><span style=\"color: #a3004e;\">Framework f\u00fcr System-Tags in BibSonomy <\/span><span style=\"color: #a3004e;\"><strong>T<\/strong>\u00a0<\/span><\/p>\n<p style=\"padding-left: 30px;\">Das Web 2.0-Portal BibSonomy dient der Verwaltung Ihrer Web-Lesezeichen und Publikationen. Im Gegensatz zu den Lesezeichen und Favoriten im Browser sind die Eintr\u00e4ge bei \u201eBibSonomy\u201c von jedem beliebigem Ort aufrufbar und lassen sich mit Freunden und anderen Benutzern austauschen. Ein integraler Bestandteil beim Arbeiten mit diesem System sind frei w\u00e4hlbare Schlagw\u00f6rter (Tags). System-Tags sind besondere Tags, die spezielle Funktionen haben oder ausl\u00f6sen. Durch hinzuf\u00fcgen eines solchen Tags kann z. B. ein Lesezeichen an einen anderen Benutzer geschickt werden, ein wissenschaftlicher Artikel als eigene Arbeit gekennzeichnet oder f\u00fcr den Lebenslauf in BibSonomy markiert werden etc. Um dieser Sonderrolle bestimmter Tags im System gerecht zu werden soll das bestehende Handling der System-Tags in eine leicht erweiterbares und konfigurierbares Framework umgewandelt werden.<\/p>\n<p style=\"padding-left: 30px;\">Informationen: <a href=\"\/doerfel\"><u><span style=\"color: #0066cc;\">Stephan Doerfel<\/span><\/u><\/a><\/p>\n<p><span style=\"color: #a3004e;\">Learning to rank in BibSonomy <\/span><span style=\"color: #a3004e;\"><strong>M,T<\/strong>\u00a0<\/span><\/p>\n<p style=\"padding-left: 30px;\">Beim Suchen in unserem Social Bookmarking System BibSonomy werden Suchergebnisse derzeit im Wesentlichen nach Datum gerankt. Vorstellbar sind hier aber verschiedene Rankingverfahren. Ziel der Arbeit ist, ein Framework zu bauen, dass Verschiedene Ranking-Algorithmen zur Anordnung der Suchergebnisse einbinden kann. Dazu soll es eine Vergleichssicht geben, in der zu einer Suche mittels verschiedener Verfahren unterschiedliche geordnete Suchergebnisse pr\u00e4sentiert werden. Das Verhalten der Benutzer (Auswahl des Suchergebnisses) etc. kann dann verwendet werden, um die benutzten Ranking-Verfahren zu beurteilen. Grundkenntnisse in Information Retrieval (z. B. Vorlesung Internet Suchmaschinen) sind von Vorteil, jedoch keine strikte Voraussetzung.<\/p>\n<p style=\"padding-left: 30px;\">Informationen: <a href=\"\/doerfel\"><u><span style=\"color: #0066cc;\">Stephan Doerfel<\/span><\/u><\/a><\/p>\n<p><span style=\"color: #a3004e;\">Science-Crawler\u00a0<strong>T<\/strong>\u00a0<\/span><\/p>\n<p style=\"padding-left: 30px;\">In diesem Projekt geht es darum, Volltexte wissenschaftlicher Arbeiten im Netz zu finden. Viel wissenschaftliche Literatur ist in Form von pdf-Dateien (o.\u00e4.) im Netz (teilweise) frei verf\u00fcgbar &#8211; z. B. \u00fcber wissenschaftlichen Portale (CiteULike), auf Verlagsseiten, auf den Institutsseiten der Autoren oder \u00fcber spezielle Suchmaschinen (Google Scholar, Microsoft Academic Search). Projektziel ist, einen Crawler zu designen und zu implementieren, der selbst\u00e4ndig, schnell und gezielt wissenschaftliche Publikationen im pdf-Format findet und offline zu einem Korpus zusammenstellt. Grundkenntnisse in Information Retrieval (z. B. Vorlesung Internet Suchmaschinen) sind von Vorteil, jedoch keine strikte Voraussetzung.<\/p>\n<p style=\"padding-left: 30px;\">Informationen: <a href=\"\/doerfel\"><u><span style=\"color: #0066cc;\">Stephan Doerfel<\/span><\/u><\/a><\/p>\n<p><span style=\"color: #a3004e;\">Import-Assistent f\u00fcr BibSonomy<strong> T<\/strong><\/span><\/p>\n<p style=\"padding-left: 30px;\">Anwender, die BibSonomy benutzen m\u00f6chten, haben oft schon relevante Daten auf ihrer Platte liegen bzw. bei anderen Diensten gespeichert. Ein Import-Assistent kann den Anwendern helfen, die Daten in BibSonomy einzuf\u00fcgen. Der Assistent durchsucht dazu die Festplatte nach BibTeX- oder EndNote-Dateien, nach Browser-Lesezeichen und fragt andere Services (wie Delicious oder CiteULike) nach den Daten des Nutzers ab. Danach kann der Benutzer diese Daten aufbereiten, ausw\u00e4hlen und in BibSonomy einf\u00fcgen. Ziel des Projektes ist die Implementierung eines solchen Assistenten.<\/p>\n<p style=\"padding-left: 30px;\">Informationen: <a href=\"\/doerfel\"><u><span style=\"color: #0066cc;\">Stephan Doerfel<\/span><\/u><\/a><\/p>\n<p><span style=\"color: #a3004e;\">Tag-Empfehlungen in BibSonomy<strong> T,M<\/strong><\/span><\/p>\n<p style=\"padding-left: 30px;\">Zur Vereinfachung der Klassifikation und Verwaltung von Resourcen haben sich im Bereich von Social Bookmarking verschiedene Empfehlungssysteme (Recommender) etabliert. Die h\u00e4ufigste Anwendung von Empfehlungssystemen ist die Empfehlung von Tags f\u00fcr aktuell zu taggende Resourcen. Durch die Pr\u00e4sentation der Tags w\u00e4hrend des Verschlagwortens, kann der Nutzer leicht vorgeschlagene Tags ausw\u00e4hlen bzw. \u00fcbernehmen. Tippfehler und unterschiedliche Schreibweisen k\u00f6nnen auf diese Weise reduziert werden und f\u00fchren zur Vereinheitlichung und der Konvergenz des verwendeten Vokabulars. In BibSonomy existiert ein Framework zur einheitlichen Evaluation verschiedener Tag-Empfehlungssysteme. Im Rahmen dieser Projektarbeit wird das Framework weiterentwickelt und erweitert. Dabei sind vielf\u00e4ltige Herausforderungen zu meistern, z.B.:<\/p>\n<ul>\n<li>Entwicklung und Implementierung eines Scheduling-Algorithmuses zur Anfrage von verschiedenen Empfehlungssystemen<\/li>\n<li>Performance-Optimierung der Datenbankzugriffe<\/li>\n<li>Implementierung dynamischer Tag-Empfehlungen mittels AJAX<\/li>\n<li>&#8230;<\/li>\n<\/ul>\n<p style=\"padding-left: 30px;\">Informationen: <a href=\"\/mitzlaff\"><u><span style=\"color: #0066cc;\">Folke Mitzlaff<\/span><\/u><\/a><\/p>\n<p><span style=\"color: #a3004e;\">Themenbasierte Graphische Suche in BibSonomy <strong><span style=\"color: #a3004e;\">T,M<\/span><\/strong><\/span><\/p>\n<p style=\"padding-left: 30px;\">Zur Zeit erfolgt die Navigation und Suche in BibSonomy im wesentlichen via Tags und Volltext-Suche. Im Rahmen dieser Projektarbeit wird BibSonomy um ein graphisches Suchinterface erweitert, welches es erlaubt, visuell die Suche einzuschr\u00e4nken. Dabei entspricht eine Suchanfrage der Gewichtung von Themen, welche automatisch aus der FolkSonomy extrahiert werden. Dies entspricht einer Suchanfrage der Art: &#8220;Ich interessiere mich f\u00fcr Eintr\u00e4ge, die viel mit Politik zu tun haben, etwas mit Internet und ein wenig mit Medizin&#8221;.<\/p>\n<p style=\"padding-left: 30px;\">Informationen: <a href=\"\/mitzlaff\"><u><span style=\"color: #0066cc;\">Folke Mitzlaff<\/span><\/u><\/a><\/p>\n<p><span style=\"color: #a3004e;\">Visualisierung von User-\u00c4hnlichkeiten <strong>T,M<\/strong><\/span><\/p>\n<p style=\"padding-left: 30px;\">Seit einiger Zeit wird in BibSonomy die \u00c4hnlichkeit zwischen Benutzern berechnet um z.B. auf Benutzer mit \u00e4hnlichen Interessen hinzuweisen. Gegenstand dieser Projektarbeit ist die Konzeption und Implementierung einer graphischen Darstellung von Benutzer-Empfehlungen, um zum die Navigation durch die FolkSonomy entlang \u00e4hnlicher Benutzer intuitiver zu gestalten.<\/p>\n<p style=\"padding-left: 30px;\">Informationen: <a href=\"\/mitzlaff\"><u><span style=\"color: #0066cc;\">Folke Mitzlaff<\/span><\/u><\/a><\/p>\n<p><span style=\"color: #a3004e;\">Social Network Aggregator <strong>M,T<\/strong><\/span><\/p>\n<p style=\"padding-left: 30px;\">Das <a href=\"http:\/\/www.kde.cs.uni-kassel.de\/lehre\/ws2011-12\/projekt\/www.iteg.uni-kassel.de\/venus\"><u><span style=\"color: #0066cc;\">VENUS-Projekt<\/span><\/u><\/a> untersucht die soziale Vernetzung, und analysiert dabei unter anderem die Nutzungsdaten in sensorgest\u00fctzten (RFID, Handy) Systemen in Verbindung mit sozialen Netzwerken. Hierbei ist die Einbindung von Facebook, StudiVZ, XING, LinkedIn, u.a. Systemen \u00fcber entsprechende Schnittstellen (Facebook-API, OpenSocial) relevant, um die freigegebenen Daten im <a href=\"http:\/\/www.ubicon.eu\/\"><u><span style=\"color: #0066cc;\">Ubicon-Framework<\/span><\/u><\/a> einzubetten, das zur Einbindung von Sensordaten und der Verkn\u00fcpfung mit sozialen Daten dient. Ziel dieses Projekts ist die Implementierung einer Social Network Aggregationskomponente in Java.<\/p>\n<p style=\"padding-left: 30px;\">Informationen: <a href=\"\/atzmueller\"><u><span style=\"color: #0066cc;\">Martin Atzm\u00fcller<\/span><\/u><\/a><\/p>\n<p><span style=\"color: #a3004e;\">Android und IOS: Intelligente ubiquit\u00e4re Sensorerfassung <strong><span style=\"color: #a3004e;\">T,M<\/span><\/strong><\/span><\/p>\n<p style=\"padding-left: 30px;\">Das <a href=\"http:\/\/www.kde.cs.uni-kassel.de\/lehre\/ss2012\/projekt\/www.iteg.uni-kassel.de\/venus\"><u><span style=\"color: #0066cc;\">VENUS-Projekt<\/span><\/u><\/a> untersucht die soziale Vernetzung, und analysiert dabei unter anderem die Nutzungsdaten in sensorgest\u00fctzten (RFID, Handy) Systemen. Hierbei ist die Sensor- und Kontexterfassung wichtig, um ubiquit\u00e4re Daten, etwa zur Lokalisierung, oder zur Erfassung und Anzeige von Standorten von Freunden, falls sichtbar. Ziel dieses Projekts ist die Implementierung einer konfigurierbaren ubiquit\u00e4ren Sensorkomponente auf Android\/IOS Mobilger\u00e4ten.<\/p>\n<p style=\"padding-left: 30px;\">Informationen: <a href=\"\/scholz\"><u><span style=\"color: #0066cc;\">Christoph Scholz<\/span><\/u><\/a>, <a href=\"\/atzmueller\"><u><span style=\"color: #0066cc;\">Martin Atzm\u00fcller<\/span><\/u><\/a><\/p>\n<p><span style=\"color: #a3004e;\">Google Map\/Reduce: Effizientes Pattern Mining im Web 2.0 <strong>T<\/strong><\/span><\/p>\n<p style=\"padding-left: 30px;\">In <a href=\"http:\/\/www.bibsonomy.org\/\"><u><span style=\"color: #0066cc;\">Web 2.0 Umgebungen<\/span><\/u><\/a> ebenso wie <a href=\"http:\/\/www.iteg.uni-kassel.de\/venus\"><u><span style=\"color: #0066cc;\">in ubiquit\u00e4ren Systemen<\/span><\/u><\/a> fallen extrem gro\u00dfe Datenmengen an, deren effiziente automatische Analyse eine Herausforderung darstellt. Das von Google entwickelte <a href=\"http:\/\/labs.google.com\/papers\/mapreduce.html\"><u><span style=\"color: #0066cc;\">Map\/Reduce-Framework<\/span><\/u><\/a> stellt einen attraktiven Ansatz zur effizienten Umsetzung verschiedenster Verfahren dar. Ziel dieses Projekts ist die Implementierung verschiedener Pattern Mining Verfahren in Java mittels Map\/Reduce, bzw. in der freien Implementierung <a href=\"http:\/\/hadoop.apache.org\/\"><u><span style=\"color: #0066cc;\">hadoop<\/span><\/u><\/a>.<\/p>\n<p style=\"padding-left: 30px;\">Informationen: <a href=\"\/atzmueller\"><u><span style=\"color: #0066cc;\">Martin Atzm\u00fcller<\/span><\/u><\/a><\/p>\n<p><span style=\"color: #a3004e;\">Komponenten f\u00fcr Explanation-Aware Mining im Social Web <strong>M,T<\/strong><\/span><\/p>\n<p style=\"padding-left: 30px;\">In <a href=\"http:\/\/www.bibsonomy.org\/\"><u><span style=\"color: #0066cc;\">Web 2.0 Umgebungen<\/span><\/u><\/a> ebenso wie <a href=\"http:\/\/www.iteg.uni-kassel.de\/venus\"><u><span style=\"color: #0066cc;\">in ubiquit\u00e4ren Systemen<\/span><\/u><\/a> fallen extrem gro\u00dfe Datenmengen an, deren Analyse in einer f\u00fcr Anwender verst\u00e4ndlichen Form eine Herausforderung darstellt. Das <a href=\"http:\/\/www.on-explanation.net\/\"><u><span style=\"color: #0066cc;\">Explanation-Aware Software Design<\/span><\/u><\/a> ist eine M\u00f6glichkeit, beliebige Softwaresystem mit Erkl\u00e4rungsf\u00e4higkeit(en) auszustatten. Ziel dieses Projekts ist die Implementierung verschiedener Komponenten und Verfahren in Java, um Erkl\u00e4rungen entsprechend der Prinzipien des Explanation-Aware Software Design im Social Web umzusetzen.<\/p>\n<p style=\"padding-left: 30px;\">Informationen: <a href=\"\/atzmueller\"><u><span style=\"color: #0066cc;\">Martin Atzm\u00fcller<\/span><\/u><\/a><\/p>\n<p><span style=\"color: #a3004e;\">Implementierung eines Eclipse Plugins zur Unterst\u00fctzung von Wissenstransfer in OpenSource Development Teams <strong>T<\/strong><\/span><\/p>\n<p style=\"padding-left: 30px;\">In gro\u00dfen Entwicklungsteams, in denen viele Programmierer \u00fcber gro\u00dfe Distanzen hinweg zusammen an ein und demselben System schreiben, ergibt sich h\u00e4ufig die Frage, wer mit welchem Code oder Bibliothek am vertrautesten ist und am leichtesten bei Fragen Hilfestellung geben kann. Ziel soll es sein, ein Plugin f\u00fcr die weit verbreitete Entwicklungsumgebung Eclipse zu schreiben, das anhand der gesammelten Daten, die bei der Benutzung von Eclipse erzeugt werden, dem Hilfesuchenden eine Liste von Leuten vorschl\u00e4gt, die ihm bei seinem Problem helfen k\u00f6nnen.<\/p>\n<p style=\"padding-left: 30px;\">Informationen: <a href=\"\/macek\"><u><span style=\"color: #0066cc;\">Bj\u00f6rn-Elmar Macek<\/span><\/u><\/a><\/p>\n<p><span style=\"color: #a3004e;\">Linguistische Analyse von kollaborativen Schlagworten <strong><span style=\"color: #a3004e;\">M<\/span><\/strong><\/span><\/p>\n<p style=\"padding-left: 30px;\">In vielen web-basierten kollaborativen Anwendungen haben sich Schlagworte oder Tags als eine effiziente Art der Wissensorganisation erwiesen. Einige Methoden, die urspr\u00fcnglich aus dem Bereich Linguistik (besonders Computational Linguistics) stammen, haben sich bereits als n\u00fctzlich erwiesen, um beispielsweise semantische Beziehungen zwischen Tags automatisch zu extrahieren. Ziel dieser Arbeit ist es, weitere linguistische Methoden hinsichtlich ihrer Eignung zur Anwendung im Tagging-Bereich zu analysieren; m\u00f6gliche Ansatzpunkte sind hier:<br \/>\n(1) Sprache ermitteln (2) Lemmatisation (d.h. die R\u00fcckf\u00fchrung verschiedener grammatischer Formen eines Worts auf eine gemeinsame Wurzel) (3) Mapping der Tags in externe Systeme wie z.B. WordNet oder Wikipedia in der richtigen Sprache (4) Suche im WWW nach semantisch verwandten Worten.<br \/>\nHierbei k\u00f6nnen auch einzelne Methoden zur Anwendung im Tagging-Bereich angepasst \/ optimiert werden.<\/p>\n<p style=\"padding-left: 30px;\">Informationen: <a href=\"\/benz\"><u><span style=\"color: #0066cc;\">Dominik Benz<\/span><\/u><\/a>, <a href=\"\/hotho\"><u><span style=\"color: #0066cc;\">Andreas Hotho<\/span><\/u><\/a><\/p>\n<p><span style=\"color: #a3004e;\">Aufgabenstellung und Termin:<\/span><\/p>\n<p style=\"padding-left: 30px;\">nach Absprache mit dem jeweiligen Betreuer<\/p>\n<p><span style=\"color: #a3004e;\">Vorkenntnisse:<\/span><\/p>\n<p style=\"padding-left: 30px;\">Informatik Grundstudium bzw. 30 absolvierte Credits des Masterstudiums<\/p>\n<p><span style=\"color: #a3004e;\">Angesprochener Teilnehmerkreis:<\/span><\/p>\n<p style=\"padding-left: 30px;\">Bachelor-, Diplom- und Masterstudierende Informatik, Math. NF Inf. Hauptstudium<\/p>\n<p><span style=\"color: #a3004e;\">Leistungsnachweis:<\/span><\/p>\n<p style=\"padding-left: 30px;\">in der Regel Implementierung, schriftliche Ausarbeitung und zwei Vortr\u00e4ge (jeweils 30 min zzgl. ca 15 min Diskussion)<\/p>\n<p><span style=\"color: #a3004e;\">Umfang:<\/span><\/p>\n<p style=\"padding-left: 30px;\">9 Wochen f\u00fcr Bachelor, 3 Monate f\u00fcr Diplom I und 6 Monate f\u00fcr Master und Diplom II<\/p>\n<p><span style=\"color: #a3004e;\">Veranstalter:<\/span><\/p>\n<p style=\"padding-left: 30px;\"><a href=\"\/stumme\"><u><span style=\"color: #0066cc;\">Prof. Dr. Gerd Stumme<\/span><\/u><\/a>, <a href=\"\/atzmueller\"><u><span style=\"color: #0066cc;\">Dr. Martin Atzm\u00fcller<\/span><\/u><\/a>, <a href=\"\/doerfel\"><u><span style=\"color: #0066cc;\">Dipl.-Math. Stephan Doerfel<\/span><\/u><\/a>, <a href=\"\/illig\"><u><span style=\"color: #0066cc;\">Dipl.-Inform. M.Sc. Jens Illig<\/span><\/u><\/a>, <a href=\"\/kibanov\"><u><span style=\"color: #0066cc;\">Dipl.-Inform. Mark Kibanov<\/span><\/u><\/a>, <a href=\"\/macek\"><u><span style=\"color: #0066cc;\">Dipl.-Inform. Bj\u00f6rn-Elmar Macek<\/span><\/u><\/a>, <a href=\"\/mitzlaff\"><u><span style=\"color: #0066cc;\">Dipl.-Inform. Folke Mitzlaff<\/span><\/u><\/a>, <a href=\"\/mueller\"><u><span style=\"color: #0066cc;\">M.Sc. Juergen Mueller<\/span><\/u><\/a>, <a href=\"\/scholz\"><u><span style=\"color: #0066cc;\">M.Sc. Christoph Scholz<\/span><\/u><\/a><\/p>\n","protected":false},"excerpt":{"rendered":"<p>Themen Soziale Lesezeichensysteme erlauben das einfache, zentrale Speichern von Bookmarks\/Lesezeichen auf einem Server und stellen einen Bereich der neuen Web 2.0 System dar. Sie bieten daher nicht nur f\u00fcr den menschlichen Nutzer einen Mehrwert durch<a class=\"moretag\" href=\"https:\/\/www.kde.cs.uni-kassel.de\/en\/lehre\/ss2012\/arbeiten\"> Read more&hellip;<\/a><\/p>\n","protected":false},"author":1,"featured_media":0,"parent":744,"menu_order":0,"comment_status":"closed","ping_status":"closed","template":"","meta":{"footnotes":""},"class_list":["post-745","page","type-page","status-publish","hentry"],"translation":{"provider":"WPGlobus","version":"3.0.2","language":"en","enabled_languages":["de","en"],"languages":{"de":{"title":true,"content":true,"excerpt":false},"en":{"title":false,"content":false,"excerpt":false}}},"_links":{"self":[{"href":"https:\/\/www.kde.cs.uni-kassel.de\/en\/wp-json\/wp\/v2\/pages\/745","targetHints":{"allow":["GET"]}}],"collection":[{"href":"https:\/\/www.kde.cs.uni-kassel.de\/en\/wp-json\/wp\/v2\/pages"}],"about":[{"href":"https:\/\/www.kde.cs.uni-kassel.de\/en\/wp-json\/wp\/v2\/types\/page"}],"author":[{"embeddable":true,"href":"https:\/\/www.kde.cs.uni-kassel.de\/en\/wp-json\/wp\/v2\/users\/1"}],"replies":[{"embeddable":true,"href":"https:\/\/www.kde.cs.uni-kassel.de\/en\/wp-json\/wp\/v2\/comments?post=745"}],"version-history":[{"count":2,"href":"https:\/\/www.kde.cs.uni-kassel.de\/en\/wp-json\/wp\/v2\/pages\/745\/revisions"}],"predecessor-version":[{"id":2593,"href":"https:\/\/www.kde.cs.uni-kassel.de\/en\/wp-json\/wp\/v2\/pages\/745\/revisions\/2593"}],"up":[{"embeddable":true,"href":"https:\/\/www.kde.cs.uni-kassel.de\/en\/wp-json\/wp\/v2\/pages\/744"}],"wp:attachment":[{"href":"https:\/\/www.kde.cs.uni-kassel.de\/en\/wp-json\/wp\/v2\/media?parent=745"}],"curies":[{"name":"wp","href":"https:\/\/api.w.org\/{rel}","templated":true}]}}