{"id":744,"date":"2016-04-03T15:02:20","date_gmt":"2016-04-03T13:02:20","guid":{"rendered":"https:\/\/www.kde.cs.uni-kassel.de\/?page_id=744"},"modified":"2016-04-04T18:00:56","modified_gmt":"2016-04-04T16:00:56","slug":"ss2012","status":"publish","type":"page","link":"https:\/\/www.kde.cs.uni-kassel.de\/en\/lehre\/ss2012","title":{"rendered":"Lehrveranstaltungen im Sommersemester 2012"},"content":{"rendered":"<p>Folgende Lehrveranstaltungen werden im Sommersemester 2012 angeboten:<\/p>\n<section>\n<h2><span style=\"color: #a3004e;\">Vorlesungen<\/span><\/h2>\n<ul>\n<li><a href=\"\/lehre\/ss2012\/webscience\"><u><span style=\"color: #0066cc;\">Web Science<\/span><\/u><\/a> (Dr. Martin Atzm\u00fcller, J\u00fcrgen M\u00fcller)<\/li>\n<\/ul>\n<\/section>\n<section>\n<h2><span style=\"color: #a3004e;\">Projekte<\/span><\/h2>\n<ul>\n<li><a href=\"\/lehre\/ss2012\/projekt\"><u><span style=\"color: #0066cc;\">Projekte \u201eSemantic Web\u201c und \u201eWissensverarbeitung\u201c<\/span><\/u><\/a>\u00a0(Stephan Doerfel, Dr. Robert J\u00e4schke)<\/li>\n<li><a href=\"\/lehre\/ss2012\/data_mining_cup\"><u><span style=\"color: #0066cc;\">Data Mining Cup<\/span><\/u><\/a>\u00a0(Dr. Martin Atzm\u00fcller, Stephan Doerfel, Dr. Robert J\u00e4schke)<\/li>\n<\/ul>\n<\/section>\n<section>\n<h2><span style=\"color: #a3004e;\">Seminare<\/span><\/h2>\n<ul>\n<li><a href=\"\/lehre\/ss2012\/seminar\"><u><span style=\"color: #0066cc;\">Seminar \u201eEinf\u00fchrung in das Schreiben wissenschaftlicher Texte (im Bereich Informatik)\u201c<\/span><\/u><\/a>\u00a0 (Prof. Dr. Gerd Stumme, Stephan Doerfel)<\/li>\n<li><a href=\"\/lehre\/ss2012\/wissenschaftliches_arbeiten\"><u><span style=\"color: #0066cc;\">Seminar \u201eWissenschaftliches Arbeiten im Fach Wissensverarbeitung\u201c<\/span><\/u><\/a>\u00a0(Prof. Dr. Gerd Stumme)<\/li>\n<li><a href=\"\/lehre\/ss2012\/oberseminar\"><u><span style=\"color: #0066cc;\">Oberseminar Knowledge &amp; Data Engineering <\/span><\/u><\/a>(Prof. Dr. Gerd Stumme, Stephan Doerfel, Dr. Robert J\u00e4schke)<\/li>\n<\/ul>\n<p><!-- da nur buchungstechnisch\n\t\n\n<li><a href=\"wissenschaftliches_arbeiten\">Seminar \u201eWissenschaftliches Arbeiten im Fach Wissensverarbeitung\u201c<\/a><\/li>\n\n\n--> <!-- da nicht mal mehr buchungstechnisch\n\t\n\n<li><a href=\"oberseminar\">Oberseminar Knowledge & Data Engineering <\/a><\/li>\n\n\n--><\/p>\n<\/section>\n<section>\n<h2><span style=\"color: #a3004e;\">Abschlussarbeiten<\/span><\/h2>\n<ul>\n<li><a href=\"\/lehre\/ss2012\/arbeiten\"><u><span style=\"color: #0066cc;\">Bachelor-, Diplom- und Masterarbeiten<\/span><\/u><\/a><\/li>\n<\/ul>\n<\/section>\n","protected":false},"excerpt":{"rendered":"<p>Folgende Lehrveranstaltungen werden im Sommersemester 2012 angeboten: Vorlesungen Web Science (Dr. Martin Atzm\u00fcller, J\u00fcrgen M\u00fcller) Projekte Projekte \u201eSemantic Web\u201c und \u201eWissensverarbeitung\u201c\u00a0(Stephan Doerfel, Dr. Robert J\u00e4schke) Data Mining Cup\u00a0(Dr. Martin Atzm\u00fcller, Stephan Doerfel, Dr. Robert J\u00e4schke)<a class=\"moretag\" href=\"https:\/\/www.kde.cs.uni-kassel.de\/en\/lehre\/ss2012\"> Read more&hellip;<\/a><\/p>\n","protected":false},"author":1,"featured_media":0,"parent":30,"menu_order":39,"comment_status":"closed","ping_status":"closed","template":"","meta":{"footnotes":""},"class_list":["post-744","page","type-page","status-publish","hentry"],"translation":{"provider":"WPGlobus","version":"3.0.2","language":"en","enabled_languages":["de","en"],"languages":{"de":{"title":true,"content":true,"excerpt":false},"en":{"title":false,"content":false,"excerpt":false}}},"_links":{"self":[{"href":"https:\/\/www.kde.cs.uni-kassel.de\/en\/wp-json\/wp\/v2\/pages\/744","targetHints":{"allow":["GET"]}}],"collection":[{"href":"https:\/\/www.kde.cs.uni-kassel.de\/en\/wp-json\/wp\/v2\/pages"}],"about":[{"href":"https:\/\/www.kde.cs.uni-kassel.de\/en\/wp-json\/wp\/v2\/types\/page"}],"author":[{"embeddable":true,"href":"https:\/\/www.kde.cs.uni-kassel.de\/en\/wp-json\/wp\/v2\/users\/1"}],"replies":[{"embeddable":true,"href":"https:\/\/www.kde.cs.uni-kassel.de\/en\/wp-json\/wp\/v2\/comments?post=744"}],"version-history":[{"count":4,"href":"https:\/\/www.kde.cs.uni-kassel.de\/en\/wp-json\/wp\/v2\/pages\/744\/revisions"}],"predecessor-version":[{"id":2602,"href":"https:\/\/www.kde.cs.uni-kassel.de\/en\/wp-json\/wp\/v2\/pages\/744\/revisions\/2602"}],"up":[{"embeddable":true,"href":"https:\/\/www.kde.cs.uni-kassel.de\/en\/wp-json\/wp\/v2\/pages\/30"}],"wp:attachment":[{"href":"https:\/\/www.kde.cs.uni-kassel.de\/en\/wp-json\/wp\/v2\/media?parent=744"}],"curies":[{"name":"wp","href":"https:\/\/api.w.org\/{rel}","templated":true}]}}