{"id":721,"date":"2016-04-03T15:00:42","date_gmt":"2016-04-03T13:00:42","guid":{"rendered":"https:\/\/www.kde.cs.uni-kassel.de\/?page_id=721"},"modified":"2016-04-03T15:00:51","modified_gmt":"2016-04-03T13:00:51","slug":"arbeiten","status":"publish","type":"page","link":"https:\/\/www.kde.cs.uni-kassel.de\/en\/lehre\/ss2013\/arbeiten","title":{"rendered":"Bachelor-, Diplom- und Masterarbeiten"},"content":{"rendered":"<p><span style=\"color: #a3004e;\">Themen<\/span><\/p>\n<p style=\"padding-left: 30px;\">Soziale Lesezeichensysteme erlauben das einfache, zentrale Speichern von Bookmarks\/Lesezeichen auf einem Server und stellen einen Bereich der neuen Web 2.0 System dar. Sie bieten daher nicht nur f\u00fcr den menschlichen Nutzer einen Mehrwert durch die zentrale Verf\u00fcgbarkeit der Lesezeichen oder die M\u00f6glichkeit in solchen Systemen nach anderen interessanten Webseiten zu suchen, sondern stellen auch einen interessanten Ansatz zur sehr einfachen Wissenrepresentation dar. BibSonomy, welches vom Fachgebiert entwickelt wurde, erlaub nicht nur das Speichern von Bookmarks, sondern auch von Literaturreferenzen. Viele moderne Techniken kommen bereits in BibSonomy zum Einsatz und neue sollen in Form von Bachelor-, Diplom- und Masterarbeiten erarbeitet und h\u00e4ufig auch in BibSonomy integriert werden.<\/p>\n<div><a href=\"http:\/\/www.bibsonomy.org\/\"><img loading=\"lazy\" decoding=\"async\" class=\"aligncenter\" src=\"http:\/\/ssc.cs.uni-kassel.de\/lehre\/ss2015\/arbeiten\/bibsonomy.jpg\" alt=\"bibsonomy.jpg\" width=\"546\" height=\"427\" \/><\/a><\/div>\n<p style=\"padding-left: 30px;\">Viele Aufgabenstellungen besch\u00e4ftigen sich daher mit der Implementierung verschiedener Komponenten des <a href=\"http:\/\/www.bibsonomy.org\/\"><u><span style=\"color: #0066cc;\">BibSonomy-Systems<\/span><\/u><\/a> oder mit der Analyse der in einem solchen System vorhanden Daten. Ziel ist es im allgemeinen die Nutzbarkeit des System durch Dienste mit Mehrwert zu erh\u00f6hen. Dar\u00fcber hinaus, werden weitere Themen angeboten, die in der Regel einen inhaltlichen Bezug zu aktuellen Forschungsprojekten des Fachgebiets Wissensverarbeitung haben, beispielsweise im Kontext des <a href=\"http:\/\/www.iteg.uni-kassel.de\/venus\"><u><span style=\"color: #0066cc;\">VENUS<\/span><\/u><\/a> Projekts mit Integration von RFID und sozialen Netzwerken.<\/p>\n<p style=\"padding-left: 30px;\">Die Themenstellung erfolgt in Absprache mit dem Studierenden; der Umfang der Arbeit richtet sich nach dem jeweils angestrebten Anschluss.<\/p>\n<p style=\"padding-left: 30px;\">Zu folgenden Themengebieten k\u00f6nnen wir Arbeiten anbieten; zu konkreten Themen k\u00f6nnen die jeweiligen Betreuer genauere Auskunft geben.<\/p>\n<p style=\"padding-left: 30px;\">(<span style=\"color: #a3004e;\">M<\/span> = methodischer Schwerpunkt, <span style=\"color: #a3004e;\">T<\/span> = technischer Schwerpunkt)<\/p>\n<p><span style=\"color: #a3004e;\">Import-Assistent f\u00fcr BibSonomy<strong> T<\/strong><\/span><\/p>\n<p style=\"padding-left: 30px;\">Anwender, die BibSonomy benutzen m\u00f6chten, haben oft schon relevante Daten auf ihrer Platte liegen bzw. bei anderen Diensten gespeichert. Ein Import-Assistent kann den Anwendern helfen, die Daten in BibSonomy einzuf\u00fcgen. Der Assistent durchsucht dazu die Festplatte nach BibTeX- oder EndNote-Dateien, nach Browser-Lesezeichen und fragt andere Services (wie Delicious oder CiteULike) nach den Daten des Nutzers ab. Danach kann der Benutzer diese Daten aufbereiten, ausw\u00e4hlen und in BibSonomy einf\u00fcgen. Ziel des Projektes ist die Implementierung eines solchen Assistenten.<\/p>\n<p style=\"padding-left: 30px;\">Informationen: <a href=\"\/doerfel\"><u><span style=\"color: #0066cc;\">Stephan Doerfel<\/span><\/u><\/a><\/p>\n<p><span style=\"color: #a3004e;\">Tag-Empfehlungen in BibSonomy<strong> T,M<\/strong><\/span><\/p>\n<p style=\"padding-left: 30px;\">Zur Vereinfachung der Klassifikation und Verwaltung von Resourcen haben sich im Bereich von Social Bookmarking verschiedene Empfehlungssysteme (Recommender) etabliert. Die h\u00e4ufigste Anwendung von Empfehlungssystemen ist die Empfehlung von Tags f\u00fcr aktuell zu taggende Resourcen. Durch die Pr\u00e4sentation der Tags w\u00e4hrend des Verschlagwortens, kann der Nutzer leicht vorgeschlagene Tags ausw\u00e4hlen bzw. \u00fcbernehmen. Tippfehler und unterschiedliche Schreibweisen k\u00f6nnen auf diese Weise reduziert werden und f\u00fchren zur Vereinheitlichung und der Konvergenz des verwendeten Vokabulars. In BibSonomy existiert ein Framework zur einheitlichen Evaluation verschiedener Tag-Empfehlungssysteme. Im Rahmen dieser Projektarbeit wird das Framework weiterentwickelt und erweitert. Dabei sind vielf\u00e4ltige Herausforderungen zu meistern, z.B.:<\/p>\n<ul>\n<li>Entwicklung und Implementierung eines Scheduling-Algorithmuses zur Anfrage von verschiedenen Empfehlungssystemen<\/li>\n<li>Performance-Optimierung der Datenbankzugriffe<\/li>\n<li>Implementierung dynamischer Tag-Empfehlungen mittels AJAX<\/li>\n<li>\u2026<\/li>\n<\/ul>\n<p style=\"padding-left: 30px;\">Informationen: <a href=\"\/mitzlaff\"><u><span style=\"color: #0066cc;\">Folke Mitzlaff<\/span><\/u><\/a><\/p>\n<p><span style=\"color: #a3004e;\">Themenbasierte Graphische Suche in BibSonomy <strong><span style=\"color: #a3004e;\">T,M<\/span><\/strong><\/span><\/p>\n<p style=\"padding-left: 30px;\">Zur Zeit erfolgt die Navigation und Suche in BibSonomy im wesentlichen via Tags und Volltext-Suche. Im Rahmen dieser Projektarbeit wird BibSonomy um ein graphisches Suchinterface erweitert, welches es erlaubt, visuell die Suche einzuschr\u00e4nken. Dabei entspricht eine Suchanfrage der Gewichtung von Themen, welche automatisch aus der FolkSonomy extrahiert werden. Dies entspricht einer Suchanfrage der Art: \u201cIch interessiere mich f\u00fcr Eintr\u00e4ge, die viel mit Politik zu tun haben, etwas mit Internet und ein wenig mit Medizin\u201d.<\/p>\n<p style=\"padding-left: 30px;\">Informationen: <a href=\"\/mitzlaff\"><u><span style=\"color: #0066cc;\">Folke Mitzlaff<\/span><\/u><\/a><\/p>\n<p><span style=\"color: #a3004e;\">Visualisierung von User-\u00c4hnlichkeiten <strong>T,M<\/strong><\/span><\/p>\n<p style=\"padding-left: 30px;\">Seit einiger Zeit wird in BibSonomy die \u00c4hnlichkeit zwischen Benutzern berechnet um z.B. auf Benutzer mit \u00e4hnlichen Interessen hinzuweisen. Gegenstand dieser Projektarbeit ist die Konzeption und Implementierung einer graphischen Darstellung von Benutzer-Empfehlungen, um zum die Navigation durch die FolkSonomy entlang \u00e4hnlicher Benutzer intuitiver zu gestalten.<\/p>\n<p style=\"padding-left: 30px;\">Informationen: <a href=\"\/mitzlaff\"><u><span style=\"color: #0066cc;\">Folke Mitzlaff<\/span><\/u><\/a><\/p>\n<p><span style=\"color: #a3004e;\">Android und IOS: Intelligente ubiquit\u00e4re Sensorerfassung <strong><span style=\"color: #a3004e;\">T,M<\/span><\/strong><\/span><\/p>\n<p style=\"padding-left: 30px;\">Informationen: <a href=\"\/scholz\"><u><span style=\"color: #0066cc;\">Christoph Scholz<\/span><\/u><\/a>, <a href=\"\/atzmueller\"><u><span style=\"color: #0066cc;\">Martin Atzm\u00fcller<\/span><\/u><\/a><\/p>\n<p><span style=\"color: #a3004e;\">Weiterentwicklung eines Eclipse Plugins zur Unterst\u00fctzung von Wissenstransfer in OpenSource Development Teams <strong>T<\/strong><\/span><\/p>\n<p style=\"padding-left: 30px;\">In gro\u00dfen Entwicklungsteams, in denen viele Programmierer \u00fcber gro\u00dfe Distanzen hinweg zusammen an ein und demselben System schreiben, ergibt sich h\u00e4ufig die Frage, wer mit welchem Code oder Bibliothek am vertrautesten ist und am leichtesten bei Fragen Hilfestellung geben kann. Ziel soll es sein, ein Plugin f\u00fcr die weit verbreitete Entwicklungsumgebung Eclipse zu schreiben, das anhand der gesammelten Daten, die bei der Benutzung von Eclipse erzeugt werden, dem Hilfesuchenden eine Liste von Leuten vorschl\u00e4gt, die ihm bei seinem Problem helfen k\u00f6nnen.<\/p>\n<p style=\"padding-left: 30px;\">Informationen: <a href=\"\/macek\"><u><span style=\"color: #0066cc;\">Bj\u00f6rn-Elmar Macek<\/span><\/u><\/a><\/p>\n<p><span style=\"color: #a3004e;\">Aufgabenstellung und Termin:<\/span><\/p>\n<p style=\"padding-left: 30px;\">nach Absprache mit dem jeweiligen Betreuer<\/p>\n<p><span style=\"color: #a3004e;\">Vorkenntnisse:<\/span><\/p>\n<p style=\"padding-left: 30px;\">Informatik Grundstudium bzw. 30 absolvierte Credits des Masterstudiums<\/p>\n<p><span style=\"color: #a3004e;\">Angesprochener Teilnehmerkreis:<\/span><\/p>\n<p style=\"padding-left: 30px;\">Bachelor-, Diplom- und Masterstudierende Informatik, Math. NF Inf. Hauptstudium<\/p>\n<p><span style=\"color: #a3004e;\">Leistungsnachweis:<\/span><\/p>\n<p style=\"padding-left: 30px;\">in der Regel Implementierung, schriftliche Ausarbeitung und zwei Vortr\u00e4ge (jeweils 30 min zzgl. ca 15 min Diskussion)<\/p>\n<p><span style=\"color: #a3004e;\">Umfang:<\/span><\/p>\n<p style=\"padding-left: 30px;\">9 Wochen f\u00fcr Bachelor, 3 Monate f\u00fcr Diplom I und 6 Monate f\u00fcr Master und Diplom II<\/p>\n<p><span style=\"color: #a3004e;\">Veranstalter:<\/span><\/p>\n<p style=\"padding-left: 30px;\"><a href=\"\/stumme\"><u><span style=\"color: #0066cc;\">Prof. Dr. Gerd Stumme<\/span><\/u><\/a>, <a href=\"\/atzmueller\"><u><span style=\"color: #0066cc;\">Dr. Martin Atzm\u00fcller<\/span><\/u><\/a>, <a href=\"\/doerfel\"><u><span style=\"color: #0066cc;\">Dipl.-Math. Stephan Doerfel<\/span><\/u><\/a>, <a href=\"\/illig\"><u><span style=\"color: #0066cc;\">Dipl.-Inform. M.Sc. Jens Illig<\/span><\/u><\/a>, <a href=\"\/kibanov\"><u><span style=\"color: #0066cc;\">Dipl.-Inform. Mark Kibanov<\/span><\/u><\/a>, <a href=\"\/macek\"><u><span style=\"color: #0066cc;\">Dipl.-Inform. Bj\u00f6rn-Elmar Macek<\/span><\/u><\/a>, <a href=\"\/mitzlaff\"><u><span style=\"color: #0066cc;\">Dipl.-Inform. Folke Mitzlaff<\/span><\/u><\/a>, <a href=\"\/mueller\"><u><span style=\"color: #0066cc;\">M.Sc. Juergen Mueller<\/span><\/u><\/a>, <a href=\"\/scholz\"><u><span style=\"color: #0066cc;\">M.Sc. Christoph Scholz<\/span><\/u><\/a><\/p>\n","protected":false},"excerpt":{"rendered":"<p>Themen Soziale Lesezeichensysteme erlauben das einfache, zentrale Speichern von Bookmarks\/Lesezeichen auf einem Server und stellen einen Bereich der neuen Web 2.0 System dar. Sie bieten daher nicht nur f\u00fcr den menschlichen Nutzer einen Mehrwert durch<a class=\"moretag\" href=\"https:\/\/www.kde.cs.uni-kassel.de\/en\/lehre\/ss2013\/arbeiten\"> Read more&hellip;<\/a><\/p>\n","protected":false},"author":1,"featured_media":0,"parent":720,"menu_order":0,"comment_status":"closed","ping_status":"closed","template":"","meta":{"footnotes":""},"class_list":["post-721","page","type-page","status-publish","hentry"],"translation":{"provider":"WPGlobus","version":"3.0.2","language":"en","enabled_languages":["de","en"],"languages":{"de":{"title":true,"content":true,"excerpt":false},"en":{"title":false,"content":false,"excerpt":false}}},"_links":{"self":[{"href":"https:\/\/www.kde.cs.uni-kassel.de\/en\/wp-json\/wp\/v2\/pages\/721","targetHints":{"allow":["GET"]}}],"collection":[{"href":"https:\/\/www.kde.cs.uni-kassel.de\/en\/wp-json\/wp\/v2\/pages"}],"about":[{"href":"https:\/\/www.kde.cs.uni-kassel.de\/en\/wp-json\/wp\/v2\/types\/page"}],"author":[{"embeddable":true,"href":"https:\/\/www.kde.cs.uni-kassel.de\/en\/wp-json\/wp\/v2\/users\/1"}],"replies":[{"embeddable":true,"href":"https:\/\/www.kde.cs.uni-kassel.de\/en\/wp-json\/wp\/v2\/comments?post=721"}],"version-history":[{"count":1,"href":"https:\/\/www.kde.cs.uni-kassel.de\/en\/wp-json\/wp\/v2\/pages\/721\/revisions"}],"predecessor-version":[{"id":743,"href":"https:\/\/www.kde.cs.uni-kassel.de\/en\/wp-json\/wp\/v2\/pages\/721\/revisions\/743"}],"up":[{"embeddable":true,"href":"https:\/\/www.kde.cs.uni-kassel.de\/en\/wp-json\/wp\/v2\/pages\/720"}],"wp:attachment":[{"href":"https:\/\/www.kde.cs.uni-kassel.de\/en\/wp-json\/wp\/v2\/media?parent=721"}],"curies":[{"name":"wp","href":"https:\/\/api.w.org\/{rel}","templated":true}]}}