{"id":700,"date":"2016-04-03T14:24:12","date_gmt":"2016-04-03T12:24:12","guid":{"rendered":"https:\/\/www.kde.cs.uni-kassel.de\/?page_id=700"},"modified":"2018-01-26T13:35:09","modified_gmt":"2018-01-26T12:35:09","slug":"datenbanken","status":"publish","type":"page","link":"https:\/\/www.kde.cs.uni-kassel.de\/en\/lehre\/ss2014\/datenbanken","title":{"rendered":"Datenbanken (Vorlesung)"},"content":{"rendered":"<p><span style=\"color: #a3004e;\">Erster Veranstaltungstag:<\/span><\/p>\n<p style=\"padding-left: 30px;\">Dienstag, 22. April 2014<\/p>\n<p><span style=\"color: #a3004e;\"> Ort und Zeit: <\/span><\/p>\n<p style=\"padding-left: 30px;\">Dienstags, 14.00 h &#8211; 15.30 h in Raum 1332 (WA 73, altes Geb\u00e4ude)<\/p>\n<p><span style=\"color: #a3004e;\"> \u00dcbungen: <\/span><\/p>\n<p style=\"padding-left: 30px;\">Montag, 10.15 h &#8211; 11.45 h, in Raum 1114 (WA 71, altes Geb\u00e4ude), Beginn 28. April 2014<\/p>\n<p style=\"padding-left: 30px;\">Montag, 12.00 h &#8211; 13.30 h, in Raum -1607 (WA, Neubau Emilienstra\u00dfe), Beginn 28. April 2014<\/p>\n<p><span style=\"color: #a3004e;\"> Vorkenntnisse: <\/span><\/p>\n<p style=\"padding-left: 30px;\">Informatik Grundstudium<\/p>\n<p><span style=\"color: #a3004e;\"> Angesprochener H\u00f6rerInnenkreis: <\/span><\/p>\n<p style=\"padding-left: 30px;\">Inf. 4. Sem., Math. NF Inf.<\/p>\n<p><span style=\"color: #a3004e;\"> Leistungsnachweis: <\/span><\/p>\n<p style=\"padding-left: 30px;\">Klausur<\/p>\n<p><span style=\"color: #a3004e;\"> Veranstalter: <\/span><\/p>\n<p style=\"padding-left: 30px;\">Prof. Dr. Gerd Stumme<!-- InstanceEndEditable --><\/p>\n<p><span style=\"color: #a3004e;\"> Inhalt: <\/span><\/p>\n<p style=\"padding-left: 30px;\">Behandelt werden Theorie und Praxis relationaler Datenbanksysteme, einschlie\u00dflich Schichten\u00adarchitektur, Modellierung mittels ER-Diagrammen, Funktionale Abh\u00e4ngigkeiten, Normalisierung, Armstrongsche Axiome, Relationenkalk\u00fcl und dessen Realisierung in SQL, Transaktionskonzept. In den \u00dcbungen wird u.a. mit SQL auf dem vorhandenen Datenbank-System gearbeitet.<\/p>\n<p><span style=\"color: #a3004e;\"> Literatur: <\/span><\/p>\n<p style=\"padding-left: 30px;\">Alfons Kemper, Andr\u00e9 Eickler: Datenbanksysteme. Eine Einf\u00fchrung. 5., aktualisierte und erweiterte Auflage, Oldenbourg Verlag, 2004. ISBN: 3-486-27392-2. 640 Seiten (Siehe auch <a href=\"http:\/\/www-db.in.tum.de\/research\/publications\/books\/DBMSeinf\/\"><u><span style=\"color: #0066cc;\">http:\/\/www-db.in.tum.de\/research\/publications\/books\/DBMSeinf\/<\/span><\/u><\/a>), wo u.a. die Vorlagen der unten gelisteten\u00a0Folien zu finden sind.))<!-- InstanceEndEditable --><\/p>\n<p><span style=\"color: #a3004e;\"> Weitere Informationen: <\/span><\/p>\n<p style=\"padding-left: 30px;\"><a href=\"\/lehre\/ss2014\/datenbanken\/daten\"><u><span style=\"color: #0066cc;\">Dateien<\/span><\/u><\/a> zu den \u00dcbungen; weitere Daten (z. B. Philosophenuni) gibt es auf der <a href=\"http:\/\/www.db.fmi.uni-passau.de\/publications\/books\/%20DBMSeinf\/\"><u><span style=\"color: #0066cc;\">Seite zum Buch<\/span><\/u><\/a>.<\/p>\n<p style=\"padding-left: 30px;\">Weitere Informationen zu SQL (zu finden auch in <a href=\"http:\/\/www.bibsonomy.org\/user\/schmitz\/dbms2006\"><u><span style=\"color: #0066cc;\">BibSonomy<\/span><\/u><\/a>):<\/p>\n<ul>\n<li><a href=\"http:\/\/leap.sourceforge.net\/\"><u><span style=\"color: #0066cc;\">LEAP RDBMS: Datenbanksystem mit relationaler Algebra als Anfragesprache<\/span><\/u><\/a><\/li>\n<li><a href=\"http:\/\/sqlzoo.net\/\"><u><span style=\"color: #0066cc;\">A Gentle Introduction to SQL<\/span><\/u><\/a><\/li>\n<li><a href=\"http:\/\/gretel.db.informatik.uni-kassel.de\/Lehre\/SS2003\/DB\/vorabskript_db_ss2003.pdf\"><u><span style=\"color: #0066cc;\">Vorabskriptum Datenbanken (SS 2003)<\/span><\/u><\/a><\/li>\n<li><a href=\"http:\/\/www.1keydata.com\/sql\/sql.html\"><u><span style=\"color: #0066cc;\">SQL Tutorial &#8211; SQL reference and programming examples<\/span><\/u><\/a><\/li>\n<li><a href=\"http:\/\/www.cryer.co.uk\/brian\/sql\/sql_crib_sheet.htm\"><u><span style=\"color: #0066cc;\">SQL Crib Sheet<\/span><\/u><\/a><\/li>\n<li><a href=\"http:\/\/ourworld.compuserve.com\/homepages\/graeme_birchall\/HTM_COOK.HTM\"><u><span style=\"color: #0066cc;\">DB2 UDB Cookbook Downloads<\/span><\/u><\/a><\/li>\n<li><a href=\"http:\/\/www.uni-kassel.de\/hrz\/manuals\/db2\/pdf\/de\/DB2Y0G70.PDF\"><u><span style=\"color: #0066cc;\">SQL: Erste Schritte<\/span><\/u><\/a><\/li>\n<\/ul>\n","protected":false},"excerpt":{"rendered":"<p>Erster Veranstaltungstag: Dienstag, 22. April 2014 Ort und Zeit: Dienstags, 14.00 h &#8211; 15.30 h in Raum 1332 (WA 73, altes Geb\u00e4ude) \u00dcbungen: Montag, 10.15 h &#8211; 11.45 h, in Raum 1114 (WA 71, altes<a class=\"moretag\" href=\"https:\/\/www.kde.cs.uni-kassel.de\/en\/lehre\/ss2014\/datenbanken\"> Read more&hellip;<\/a><\/p>\n","protected":false},"author":1,"featured_media":0,"parent":693,"menu_order":0,"comment_status":"closed","ping_status":"closed","template":"","meta":{"footnotes":""},"class_list":["post-700","page","type-page","status-publish","hentry"],"translation":{"provider":"WPGlobus","version":"3.0.2","language":"en","enabled_languages":["de","en"],"languages":{"de":{"title":true,"content":true,"excerpt":false},"en":{"title":false,"content":false,"excerpt":false}}},"_links":{"self":[{"href":"https:\/\/www.kde.cs.uni-kassel.de\/en\/wp-json\/wp\/v2\/pages\/700","targetHints":{"allow":["GET"]}}],"collection":[{"href":"https:\/\/www.kde.cs.uni-kassel.de\/en\/wp-json\/wp\/v2\/pages"}],"about":[{"href":"https:\/\/www.kde.cs.uni-kassel.de\/en\/wp-json\/wp\/v2\/types\/page"}],"author":[{"embeddable":true,"href":"https:\/\/www.kde.cs.uni-kassel.de\/en\/wp-json\/wp\/v2\/users\/1"}],"replies":[{"embeddable":true,"href":"https:\/\/www.kde.cs.uni-kassel.de\/en\/wp-json\/wp\/v2\/comments?post=700"}],"version-history":[{"count":3,"href":"https:\/\/www.kde.cs.uni-kassel.de\/en\/wp-json\/wp\/v2\/pages\/700\/revisions"}],"predecessor-version":[{"id":2582,"href":"https:\/\/www.kde.cs.uni-kassel.de\/en\/wp-json\/wp\/v2\/pages\/700\/revisions\/2582"}],"up":[{"embeddable":true,"href":"https:\/\/www.kde.cs.uni-kassel.de\/en\/wp-json\/wp\/v2\/pages\/693"}],"wp:attachment":[{"href":"https:\/\/www.kde.cs.uni-kassel.de\/en\/wp-json\/wp\/v2\/media?parent=700"}],"curies":[{"name":"wp","href":"https:\/\/api.w.org\/{rel}","templated":true}]}}