{"id":699,"date":"2016-04-03T14:22:41","date_gmt":"2016-04-03T12:22:41","guid":{"rendered":"https:\/\/www.kde.cs.uni-kassel.de\/?page_id=699"},"modified":"2018-09-10T15:42:25","modified_gmt":"2018-09-10T13:42:25","slug":"ir_praktikum","status":"publish","type":"page","link":"https:\/\/www.kde.cs.uni-kassel.de\/en\/lehre\/ss2014\/ir_praktikum","title":{"rendered":"Praktikum Internet-Suchmaschinen"},"content":{"rendered":"<p><span style=\"color: #a3004e;\">Terminabsprache:<\/span><\/p>\n<p style=\"padding-left: 30px;\">in der ersten Vorlesung Internet-Suchmaschinen<\/p>\n<p><span style=\"color: #a3004e;\"> Vorkenntnisse: <\/span><\/p>\n<p style=\"padding-left: 30px;\">Informatik Grundstudium<\/p>\n<p><span style=\"color: #a3004e;\"> Angesprochener H\u00f6rerInnenkreis: <\/span><\/p>\n<p style=\"padding-left: 30px;\">Informatik Bachelor<\/p>\n<p><span style=\"color: #a3004e;\"> Leistungsnachweis: <\/span><\/p>\n<p style=\"padding-left: 30px;\">Bearbeitung der Praktikumsaufgaben, m\u00fcndliche Pr\u00fcfung.<\/p>\n<p style=\"padding-left: 30px;\">Die Vorlesung kann im Bereich Praktische Informatik sowie in den Anwendungsgebieten Knowledge &amp; Data Engineering und Internet-Technologien angerechnet werden.<\/p>\n<p style=\"padding-left: 30px;\">Umfang 3 Cr.<\/p>\n<p><span style=\"color: #a3004e;\"> Voraussetzung: <\/span><\/p>\n<p style=\"padding-left: 30px;\">Kenntnis der Inhalte der Vorlesung <a href=\"\/lehre\/ss2014\/IR\"><u><span style=\"color: #0066cc;\"> Internet-Suchmaschinen<\/span><\/u><\/a>.<\/p>\n<p><span style=\"color: #a3004e;\"> Veranstalter: <\/span><\/p>\n<p style=\"padding-left: 30px;\"><a href=\"\/stumme\"><u><span style=\"color: #0066cc;\">Prof. Dr. Gerd Stumme<\/span><\/u><\/a><\/p>\n<p><span style=\"color: #a3004e;\"> Inhalt: <\/span><\/p>\n<p style=\"padding-left: 30px;\">Im Praktikum werden die in der Vorlesung Internet-Suchmaschinen vermittelten Konzepte in die Praxis umgesetzt. Aufgeteilt auf mehrere Schritte implementieren die Teilnehmer dabei ihre eigene Suchmaschine.<\/p>\n<p><span style=\"color: #a3004e;\"> Literatur: <\/span><\/p>\n<p style=\"padding-left: 30px;\">siehe Vorlesung <a href=\"\/lehre\/ss2014\/IR\"><u><span style=\"color: #0066cc;\"> Internet-Suchmaschinen<\/span><\/u><\/a>.<\/p>\n","protected":false},"excerpt":{"rendered":"<p>Terminabsprache: in der ersten Vorlesung Internet-Suchmaschinen Vorkenntnisse: Informatik Grundstudium Angesprochener H\u00f6rerInnenkreis: Informatik Bachelor Leistungsnachweis: Bearbeitung der Praktikumsaufgaben, m\u00fcndliche Pr\u00fcfung. Die Vorlesung kann im Bereich Praktische Informatik sowie in den Anwendungsgebieten Knowledge &amp; Data Engineering und<a class=\"moretag\" href=\"https:\/\/www.kde.cs.uni-kassel.de\/en\/lehre\/ss2014\/ir_praktikum\"> Read more&hellip;<\/a><\/p>\n","protected":false},"author":9,"featured_media":0,"parent":693,"menu_order":0,"comment_status":"closed","ping_status":"closed","template":"","meta":{"footnotes":""},"class_list":["post-699","page","type-page","status-publish","hentry"],"translation":{"provider":"WPGlobus","version":"3.0.2","language":"en","enabled_languages":["de","en"],"languages":{"de":{"title":true,"content":true,"excerpt":false},"en":{"title":false,"content":false,"excerpt":false}}},"_links":{"self":[{"href":"https:\/\/www.kde.cs.uni-kassel.de\/en\/wp-json\/wp\/v2\/pages\/699","targetHints":{"allow":["GET"]}}],"collection":[{"href":"https:\/\/www.kde.cs.uni-kassel.de\/en\/wp-json\/wp\/v2\/pages"}],"about":[{"href":"https:\/\/www.kde.cs.uni-kassel.de\/en\/wp-json\/wp\/v2\/types\/page"}],"author":[{"embeddable":true,"href":"https:\/\/www.kde.cs.uni-kassel.de\/en\/wp-json\/wp\/v2\/users\/9"}],"replies":[{"embeddable":true,"href":"https:\/\/www.kde.cs.uni-kassel.de\/en\/wp-json\/wp\/v2\/comments?post=699"}],"version-history":[{"count":3,"href":"https:\/\/www.kde.cs.uni-kassel.de\/en\/wp-json\/wp\/v2\/pages\/699\/revisions"}],"predecessor-version":[{"id":4368,"href":"https:\/\/www.kde.cs.uni-kassel.de\/en\/wp-json\/wp\/v2\/pages\/699\/revisions\/4368"}],"up":[{"embeddable":true,"href":"https:\/\/www.kde.cs.uni-kassel.de\/en\/wp-json\/wp\/v2\/pages\/693"}],"wp:attachment":[{"href":"https:\/\/www.kde.cs.uni-kassel.de\/en\/wp-json\/wp\/v2\/media?parent=699"}],"curies":[{"name":"wp","href":"https:\/\/api.w.org\/{rel}","templated":true}]}}