{"id":695,"date":"2016-04-03T14:43:19","date_gmt":"2016-04-03T12:43:19","guid":{"rendered":"https:\/\/www.kde.cs.uni-kassel.de\/?page_id=695"},"modified":"2016-04-03T14:43:19","modified_gmt":"2016-04-03T12:43:19","slug":"projekt","status":"publish","type":"page","link":"https:\/\/www.kde.cs.uni-kassel.de\/en\/lehre\/ss2014\/projekt","title":{"rendered":"Projekt Web 2.0"},"content":{"rendered":"<p>Dieses Projekt l\u00e4sst sich als Projekt Semantic Web im Bachelor und als Projekt Wissensverarbeitung im Master anrechnen. <!--\n\n\n<p class=\"kasten\">In dem Projekt sind noch Pl\u00e4tze frei. Bei Interesse wenden Sie Sich bitte an den jeweiligen Betreuer.<\/p>\n\n\n\n--><\/p>\n<p class=\"kasten\">Projektvorbesprechung: Montag, 28.04.2014, 16.15 Uhr in Raum 0445\/E (FG Wissensverarbeitung). Bei Interesse k\u00f6nnen Sie auch gerne vorab den jeweiligen Betreuer ansprechen.<\/p>\n<p class=\"kasten\"><span style=\"color: #a3004e;\">Themen<\/span><\/p>\n<p class=\"kasten\" style=\"padding-left: 30px;\">Jeder Teilnehmer des Projektes bearbeitet eine individuelle Aufgabe im Umfeld unseres kooperativen Verschlagwortungssystems <a href=\"http:\/\/www.bibsonomy.org\/\"><u><span style=\"color: #0066cc;\">BibSonomy<\/span><\/u><\/a>, sowie im Kontext des <a href=\"http:\/\/www.iteg.uni-kassel.de\/venus\"><u><span style=\"color: #0066cc;\">VENUS<\/span><\/u><\/a>-Projekts mit Integration von RFID und sozialen Netzwerken.<\/p>\n<p style=\"padding-left: 30px;\">Unter anderem stehen die folgenden Themen zur Auswahl:<\/p>\n<p style=\"padding-left: 30px;\">(<span style=\"color: #a3004e;\">M<\/span> = methodischer Schwerpunkt, <span style=\"color: #a3004e;\">T<\/span> = technischer Schwerpunkt)<\/p>\n<p><span style=\"color: #a3004e;\">Which paper should I read, which website should I visit? Ressource-Recommendation in Folksonomies.<strong> T,M<\/strong><\/span><\/p>\n<p style=\"padding-left: 30px;\">Beim Schreiben einer wissenschaftlichen Arbeit, bei bei der Auswahl von Filmen oder Musik oder einfach beim Surfen im Netz stellt sich immer wieder die Frage, welche Ressourcen (Paper\/Webseiten\/&#8230;) von pers\u00f6nlichem Interesse sein k\u00f6nnten. Oft gibt es zu viele Ressourcen um alle auch nur kurz zu betrachten. Au\u00dferdem haben verschiedene Personen sehr verschiedene Interessen. Recommender sind Algorithmen, die dem Anwender bei der Suche nach interessanten Inhalten helfen, indem Sie Ihm potentiell interessante Ressourcen vorschlagen. Gute Algorithmen schlagen viele Ressourcen vor, die dann tats\u00e4chlich f\u00fcr den Nutzer interessant sind. Als Eingabe dienen dabei die Profil-Daten der Benutzer, deren Interaktionsverhalten mit dem System etc.<br \/>\nIn das Web-System BibSonomy sollen nun aktuelle Recommender-Algorithmen zum Vorschlagen von Webseiten und von wissenschaftlichen Publikationen eingebaut und dort evaluiert werden. Die Algorithmen m\u00fcssen daf\u00fcr verstanden, implementiert, getestet und angepasst werden um m\u00f6glichst viele vorhandene Daten ber\u00fccksichtigen zu k\u00f6nnen.<br \/>\nJe nach Bedarf kann die Arbeit als Projekt-, Bachelor- oder Masterarbeit bearbeitet werden: Der Schwierigkeitsgrad und der Umfang der Arbeit werden durch die Auswahl und die Anzahl der Algorithmen bzw. durch verschiedene Evaluationstechniken f\u00fcr die produzierten Vorschl\u00e4ge entsprechend angepasst.<\/p>\n<p style=\"padding-left: 30px;\">Informationen: <a href=\"\/illig\"><u><span style=\"color: #0066cc;\">Jens Illig<\/span><\/u><\/a>, <a href=\"\/doerfel\"><u><span style=\"color: #0066cc;\">Stephan Doerfel<\/span><\/u><\/a><\/p>\n<p><span style=\"color: #a3004e;\">Referenz-Extraktion aus PDFs \/ Einbettung von Metadaten <strong>T<\/strong><\/span><\/p>\n<p style=\"padding-left: 30px;\">Publikationen enthalten in der Regel eine Menge von Referenzen auf andere Publikationen. Leider k\u00f6nnen diese Referenzen zur Zeit noch nicht in BibSonomy abgespeichert werden. Ziel dieses Projektes ist es BibSonomy um eine Zitationsverwaltung zu erweitern. Im zweiten Schritt sind diese aus PDFs mit Hilfe von Informationsextraktionsmethoden automatisch zu extrahieren.<\/p>\n<p style=\"padding-left: 30px;\">Mit der Extensible Metadata Platform (<a href=\"http:\/\/www.adobe.com\/products\/xmp\/indepth.html\"><u><span style=\"color: #0066cc;\">XMP<\/span><\/u><\/a>) bietet Adobe einen Standard zur Einbettung von Metadaten in PDF-Dokumente an, der auch schon von Reference-Mangement-L\u00f6sungen wie <a href=\"http:\/\/jabref.sourceforge.net\/help\/XMPHelp.php\"><u><span style=\"color: #0066cc;\">JabRef<\/span><\/u><\/a> verwendet wird. Ein weiteres m\u00f6gliches Ziel dieser Arbeit ist die Erweiterung von BibSonomy um die Funktionalit\u00e4t, Metadaten zu hochgeladenen PDFs hinzuzuf\u00fcgen, bzw. diese auszulesen.<\/p>\n<p style=\"padding-left: 30px;\">Informationen: <!-- <a href=\"\/hotho\">Andreas Hotho<\/a>, --> <a href=\"\/illig\"><u><span style=\"color: #0066cc;\">Jens Illig<\/span><\/u><\/a><\/p>\n<p><span style=\"color: #a3004e;\">Import-Assistent f\u00fcr BibSonomy<strong> T<\/strong><\/span><\/p>\n<p style=\"padding-left: 30px;\">Anwender, die BibSonomy benutzen m\u00f6chten, haben oft schon relevante Daten auf ihrer Platte liegen bzw. bei anderen Diensten gespeichert. Ein Import-Assistent kann den Anwendern helfen, die Daten in BibSonomy einzuf\u00fcgen. Der Assistent durchsucht dazu die Festplatte nach BibTeX- oder EndNote-Dateien, nach Browser-Lesezeichen und fragt andere Services (wie Delicious oder CiteULike) nach den Daten des Nutzers ab. Danach kann der Benutzer diese Daten aufbereiten, ausw\u00e4hlen und in BibSonomy einf\u00fcgen. Ziel des Projektes ist die Implementierung eines solchen Assistenten.<\/p>\n<p style=\"padding-left: 30px;\">Informationen: <a href=\"\/doerfel\"><u><span style=\"color: #0066cc;\">Stephan Doerfel<\/span><\/u><\/a><\/p>\n<p><span style=\"color: #a3004e;\">Weiterentwicklung eines Eclipse Plugins zur Unterst\u00fctzung von Wissenstransfer in OpenSource Development Teams <strong>T<\/strong><\/span><\/p>\n<p style=\"padding-left: 30px;\">In gro\u00dfen Entwicklungsteams, in denen viele Programmierer \u00fcber gro\u00dfe Distanzen hinweg zusammen an ein und demselben System schreiben, ergibt sich h\u00e4ufig die Frage, wer mit welchem Code oder Bibliothek am vertrautesten ist und am leichtesten bei Fragen Hilfestellung geben kann. Ziel soll es sein, ein Plugin f\u00fcr die weit verbreitete Entwicklungsumgebung Eclipse zu schreiben, das anhand der gesammelten Daten, die bei der Benutzung von Eclipse erzeugt werden, dem Hilfesuchenden eine Liste von Leuten vorschl\u00e4gt, die ihm bei seinem Problem helfen k\u00f6nnen.<\/p>\n<p style=\"padding-left: 30px;\">Informationen: <a href=\"\/macek\"><u><span style=\"color: #0066cc;\">Bj\u00f6rn-Elmar Macek<\/span><\/u><\/a><\/p>\n<p><span style=\"color: #a3004e;\">Aufgabenstellung und Termin:<\/span><\/p>\n<p style=\"padding-left: 30px;\">Nach Absprache mit dem jeweiligen Betreuer. Je nach Thema kann die Aufgabe in Kleingruppen oder einzeln bearbeitet werden.<\/p>\n<p><span style=\"color: #a3004e;\">Vorkenntnisse:<\/span><\/p>\n<p style=\"padding-left: 30px;\">Informatik Grundstudium<\/p>\n<p><span style=\"color: #a3004e;\">Angesprochener H\u00f6rerInnenkreis:<\/span><\/p>\n<p style=\"padding-left: 30px;\">Informatik Bachelor und Master, Math. NF Inf. Hauptstudium<\/p>\n<p><span style=\"color: #a3004e;\">Umfang:<\/span><\/p>\n<p style=\"padding-left: 30px;\">6 oder 12 Credits im Bachelor, bzw. 8 Credits im Master<\/p>\n<p><span style=\"color: #a3004e;\">Leistungsnachweis:<\/span><\/p>\n<p style=\"padding-left: 30px;\">Implementierung, schriftliche Ausarbeitung und zwei Vortr\u00e4ge (bei 6 Credits 20 min, bei 8\/12 Credits 30 min, jeweils zzgl. ca 15 min Diskussion)<\/p>\n<p><span style=\"color: #a3004e;\">Veranstalter:<\/span><\/p>\n<p style=\"padding-left: 30px;\"><a href=\"\/stumme\"><u><span style=\"color: #0066cc;\">Prof. Dr. Gerd Stumme<\/span><\/u><\/a>, <a href=\"\/atzmueller\"><u><span style=\"color: #0066cc;\">PD Dr. Martin Atzm\u00fcller<\/span><\/u><\/a>, <a href=\"\/doerfel\"><u><span style=\"color: #0066cc;\">Dipl.-Math. Stephan Doerfel<\/span><\/u><\/a>, <a href=\"\/illig\"><u><span style=\"color: #0066cc;\">Dipl.-Inform. M.Sc. Jens Illig<\/span><\/u><\/a>, <a href=\"\/kibanov\"><u><span style=\"color: #0066cc;\">Dipl.-Inform. Mark Kibanov<\/span><\/u><\/a>, <a href=\"\/macek\"><u><span style=\"color: #0066cc;\">Dipl.-Inform. Bj\u00f6rn-Elmar Macek<\/span><\/u><\/a>, <a href=\"\/mueller\"><u><span style=\"color: #0066cc;\">M.Sc. Juergen Mueller<\/span><\/u><\/a>, <a href=\"\/scholz\"><u><span style=\"color: #0066cc;\">M.Sc. Christoph Scholz<\/span><\/u><\/a><\/p>\n<p><span style=\"color: #a3004e;\">Ablauf:<\/span><\/p>\n<p style=\"padding-left: 30px;\">In der Regel sollte die Projektarbeit mit Semesterbeginn begonnen werden. Nach 4-6 Wochen findet eine Zwischenpr\u00e4sentation statt, in der der Stand der Projektarbeit vorgestellt wird. In der Regel in der ersten Vorlesungswoche des folgenden Semesters werden dann die Endergebnisse vorgestellt. Eine kurze Beschreibung der Arbeit (5 Seiten) ist 3 Tage vor dem Vortrag einzureichen.<\/p>\n<p style=\"padding-left: 30px;\">Eine Woche nach der Annahme des Themas gibt der Student eine einseitige Beschreibung der Aufgabe, sowie einen Arbeitsplan f\u00fcr das Semester ab. Zur besseren Koordination und Kommunikation wird erwartet, dass der Student bei einem 6(8-12) Credits-Projekt regelm\u00e4\u00dfig an einem (zwei) Tagen in der Softwarewerkstatt anwesend ist. Der genaue Tag ist in Absprache mit dem Betreuer festzulegen.<\/p>\n<p style=\"padding-left: 30px;\">Als Richtlinie f\u00fcr die Erstellung einer guten Ausarbeitung wird das Buch<\/p>\n<ul>\n<li style=\"padding-left: 30px;\">Markus Deininger and Horst Lichter and Jochen Ludewig and Kurt Schneider. Studien-Arbeiten: ein Leitfaden zur Vorbereitung, Durchf\u00fchrung und Betreuung von Studien-, Diplom- Abschluss- und Doktorarbeiten am Beispiel Informatik. 5. Auflage. vdf Hochschulverlag, Z\u00fcrich, 2005.<\/li>\n<\/ul>\n<p style=\"padding-left: 30px;\">empfohlen, welches in der Bibliothek im Semesterapparat des Fachgebiets Wissensverarbeitung ausliegt, und welches auch in einigen Exemplaren ausleihbar ist. Wir empfehlen die Anschaffung dieses Buchs (9,50 \u20ac), da es Sie bis zur Masterarbeit (und weiter) begleiten kann.<\/p>\n<p style=\"padding-left: 30px;\">Alle verwendeten Referenzen sind zus\u00e4tzlich zum Literaturverzeichnis der Ausarbeitung in <a class=\"external\" href=\"http:\/\/bibsonomy.org\/\" rel=\"nofollow\"><u><span style=\"color: #0066cc;\">BibSonomy<\/span><\/u><\/a> einzugeben, mit den Tags &#8220;projekt kde &lt; laufendes Semester in der Form ss08 bzw ww08 &gt; &#8221; und weiteren sinnvollen Tags.<\/p>\n","protected":false},"excerpt":{"rendered":"<p>Dieses Projekt l\u00e4sst sich als Projekt Semantic Web im Bachelor und als Projekt Wissensverarbeitung im Master anrechnen. Projektvorbesprechung: Montag, 28.04.2014, 16.15 Uhr in Raum 0445\/E (FG Wissensverarbeitung). Bei Interesse k\u00f6nnen Sie auch gerne vorab den<a class=\"moretag\" href=\"https:\/\/www.kde.cs.uni-kassel.de\/en\/lehre\/ss2014\/projekt\"> Read more&hellip;<\/a><\/p>\n","protected":false},"author":1,"featured_media":0,"parent":693,"menu_order":0,"comment_status":"closed","ping_status":"closed","template":"","meta":{"footnotes":""},"class_list":["post-695","page","type-page","status-publish","hentry"],"translation":{"provider":"WPGlobus","version":"3.0.2","language":"en","enabled_languages":["de","en"],"languages":{"de":{"title":true,"content":true,"excerpt":false},"en":{"title":false,"content":false,"excerpt":false}}},"_links":{"self":[{"href":"https:\/\/www.kde.cs.uni-kassel.de\/en\/wp-json\/wp\/v2\/pages\/695","targetHints":{"allow":["GET"]}}],"collection":[{"href":"https:\/\/www.kde.cs.uni-kassel.de\/en\/wp-json\/wp\/v2\/pages"}],"about":[{"href":"https:\/\/www.kde.cs.uni-kassel.de\/en\/wp-json\/wp\/v2\/types\/page"}],"author":[{"embeddable":true,"href":"https:\/\/www.kde.cs.uni-kassel.de\/en\/wp-json\/wp\/v2\/users\/1"}],"replies":[{"embeddable":true,"href":"https:\/\/www.kde.cs.uni-kassel.de\/en\/wp-json\/wp\/v2\/comments?post=695"}],"version-history":[{"count":1,"href":"https:\/\/www.kde.cs.uni-kassel.de\/en\/wp-json\/wp\/v2\/pages\/695\/revisions"}],"predecessor-version":[{"id":713,"href":"https:\/\/www.kde.cs.uni-kassel.de\/en\/wp-json\/wp\/v2\/pages\/695\/revisions\/713"}],"up":[{"embeddable":true,"href":"https:\/\/www.kde.cs.uni-kassel.de\/en\/wp-json\/wp\/v2\/pages\/693"}],"wp:attachment":[{"href":"https:\/\/www.kde.cs.uni-kassel.de\/en\/wp-json\/wp\/v2\/media?parent=695"}],"curies":[{"name":"wp","href":"https:\/\/api.w.org\/{rel}","templated":true}]}}