{"id":694,"date":"2016-04-03T14:49:03","date_gmt":"2016-04-03T12:49:03","guid":{"rendered":"https:\/\/www.kde.cs.uni-kassel.de\/?page_id=694"},"modified":"2016-04-03T14:49:03","modified_gmt":"2016-04-03T12:49:03","slug":"arbeiten","status":"publish","type":"page","link":"https:\/\/www.kde.cs.uni-kassel.de\/en\/lehre\/ss2014\/arbeiten","title":{"rendered":"Bachelor-, Diplom- und Masterarbeiten"},"content":{"rendered":"<p><span style=\"color: #a3004e;\">Themen<\/span><\/p>\n<p style=\"padding-left: 30px;\">Soziale Lesezeichensysteme erlauben das einfache, zentrale Speichern von Bookmarks\/Lesezeichen auf einem Server und stellen einen Bereich der neuen Web 2.0 System dar. Sie bieten daher nicht nur f\u00fcr den menschlichen Nutzer einen Mehrwert durch die zentrale Verf\u00fcgbarkeit der Lesezeichen oder die M\u00f6glichkeit in solchen Systemen nach anderen interessanten Webseiten zu suchen, sondern stellen auch einen interessanten Ansatz zur sehr einfachen Wissenrepresentation dar. BibSonomy, welches vom Fachgebiert entwickelt wurde, erlaub nicht nur das Speichern von Bookmarks, sondern auch von Literaturreferenzen. Viele moderne Techniken kommen bereits in BibSonomy zum Einsatz und neue sollen in Form von Bachelor-, Diplom- und Masterarbeiten erarbeitet und h\u00e4ufig auch in BibSonomy integriert werden.<\/p>\n<div><a href=\"http:\/\/www.bibsonomy.org\/\"><img loading=\"lazy\" decoding=\"async\" class=\"aligncenter\" src=\"http:\/\/ssc.cs.uni-kassel.de\/lehre\/ss2015\/arbeiten\/bibsonomy.jpg\" alt=\"bibsonomy.jpg\" width=\"546\" height=\"427\" \/><\/a><\/div>\n<p style=\"padding-left: 30px;\">Viele Aufgabenstellungen besch\u00e4ftigen sich daher mit der Implementierung verschiedener Komponenten des <a href=\"http:\/\/www.bibsonomy.org\/\"><u><span style=\"color: #0066cc;\">BibSonomy-Systems<\/span><\/u><\/a> oder mit der Analyse der in einem solchen System vorhanden Daten. Ziel ist es im allgemeinen die Nutzbarkeit des System durch Dienste mit Mehrwert zu erh\u00f6hen. Dar\u00fcber hinaus, werden weitere Themen angeboten, die in der Regel einen inhaltlichen Bezug zu aktuellen Forschungsprojekten des Fachgebiets Wissensverarbeitung haben, beispielsweise im Kontext des <a href=\"http:\/\/www.iteg.uni-kassel.de\/venus\"><u><span style=\"color: #0066cc;\">VENUS<\/span><\/u><\/a> Projekts mit Integration von RFID und sozialen Netzwerken.<\/p>\n<p style=\"padding-left: 30px;\">Die Themenstellung erfolgt in Absprache mit dem Studierenden; der Umfang der Arbeit richtet sich nach dem jeweils angestrebten Anschluss.<\/p>\n<p style=\"padding-left: 30px;\">Zu folgenden Themengebieten k\u00f6nnen wir Arbeiten anbieten; zu konkreten Themen k\u00f6nnen die jeweiligen Betreuer genauere Auskunft geben.<\/p>\n<p style=\"padding-left: 30px;\">(<span style=\"color: #a3004e;\">M<\/span> = methodischer Schwerpunkt, <span style=\"color: #a3004e;\">T<\/span> = technischer Schwerpunkt)<\/p>\n<p><span style=\"color: #a3004e;\">Which paper should I read, which website should I visit? Ressource-Recommendation in Folksonomies.<strong> T,M<\/strong><\/span><\/p>\n<p style=\"padding-left: 30px;\">Beim Schreiben einer wissenschaftlichen Arbeit, bei bei der Auswahl von Filmen oder Musik oder einfach beim Surfen im Netz stellt sich immer wieder die Frage, welche Ressourcen (Paper\/Webseiten\/\u2026) von pers\u00f6nlichem Interesse sein k\u00f6nnten. Oft gibt es zu viele Ressourcen um alle auch nur kurz zu betrachten. Au\u00dferdem haben verschiedene Personen sehr verschiedene Interessen. Recommender sind Algorithmen, die dem Anwender bei der Suche nach interessanten Inhalten helfen, indem Sie Ihm potentiell interessante Ressourcen vorschlagen. Gute Algorithmen schlagen viele Ressourcen vor, die dann tats\u00e4chlich f\u00fcr den Nutzer interessant sind. Als Eingabe dienen dabei die Profil-Daten der Benutzer, deren Interaktionsverhalten mit dem System etc.<br \/>\nIn das Web-System BibSonomy sollen nun aktuelle Recommender-Algorithmen zum Vorschlagen von Webseiten und von wissenschaftlichen Publikationen eingebaut und dort evaluiert werden. Die Algorithmen m\u00fcssen daf\u00fcr verstanden, implementiert, getestet und angepasst werden um m\u00f6glichst viele vorhandene Daten ber\u00fccksichtigen zu k\u00f6nnen.<br \/>\nJe nach Bedarf kann die Arbeit als Projekt-, Bachelor- oder Masterarbeit bearbeitet werden: Der Schwierigkeitsgrad und der Umfang der Arbeit werden durch die Auswahl und die Anzahl der Algorithmen bzw. durch verschiedene Evaluationstechniken f\u00fcr die produzierten Vorschl\u00e4ge entsprechend angepasst.<\/p>\n<p style=\"padding-left: 30px;\">Informationen: <a href=\"\/illig\"><u><span style=\"color: #0066cc;\">Jens Illig<\/span><\/u><\/a>, <a href=\"\/doerfel\"><u><span style=\"color: #0066cc;\">Stephan Doerfel<\/span><\/u><\/a><\/p>\n<p><span style=\"color: #a3004e;\">Referenz-Extraktion aus PDFs \/ Einbettung von Metadaten <strong>T<\/strong><\/span><\/p>\n<p style=\"padding-left: 30px;\">Publikationen enthalten in der Regel eine Menge von Referenzen auf andere Publikationen. Leider k\u00f6nnen diese Referenzen zur Zeit noch nicht in BibSonomy abgespeichert werden. Ziel dieses Projektes ist es BibSonomy um eine Zitationsverwaltung zu erweitern. Im zweiten Schritt sind diese aus PDFs mit Hilfe von Informationsextraktionsmethoden automatisch zu extrahieren.<\/p>\n<p style=\"padding-left: 30px;\">Mit der Extensible Metadata Platform (<a href=\"http:\/\/www.adobe.com\/products\/xmp\/indepth.html\"><u><span style=\"color: #0066cc;\">XMP<\/span><\/u><\/a>) bietet Adobe einen Standard zur Einbettung von Metadaten in PDF-Dokumente an, der auch schon von Reference-Mangement-L\u00f6sungen wie <a href=\"http:\/\/jabref.sourceforge.net\/help\/XMPHelp.php\"><u><span style=\"color: #0066cc;\">JabRef<\/span><\/u><\/a> verwendet wird. Ein weiteres m\u00f6gliches Ziel dieser Arbeit ist die Erweiterung von BibSonomy um die Funktionalit\u00e4t, Metadaten zu hochgeladenen PDFs hinzuzuf\u00fcgen, bzw. diese auszulesen.<\/p>\n<p style=\"padding-left: 30px;\">Informationen: <!-- <a href=\"\/hotho\">Andreas Hotho<\/a>, --> <a href=\"\/illig\"><u><span style=\"color: #0066cc;\">Jens Illig<\/span><\/u><\/a><\/p>\n<p><span style=\"color: #a3004e;\">Import-Assistent f\u00fcr BibSonomy<strong> T<\/strong><\/span><\/p>\n<p style=\"padding-left: 30px;\">Anwender, die BibSonomy benutzen m\u00f6chten, haben oft schon relevante Daten auf ihrer Platte liegen bzw. bei anderen Diensten gespeichert. Ein Import-Assistent kann den Anwendern helfen, die Daten in BibSonomy einzuf\u00fcgen. Der Assistent durchsucht dazu die Festplatte nach BibTeX- oder EndNote-Dateien, nach Browser-Lesezeichen und fragt andere Services (wie Delicious oder CiteULike) nach den Daten des Nutzers ab. Danach kann der Benutzer diese Daten aufbereiten, ausw\u00e4hlen und in BibSonomy einf\u00fcgen. Ziel des Projektes ist die Implementierung eines solchen Assistenten.<\/p>\n<p style=\"padding-left: 30px;\">Informationen: <a href=\"\/doerfel\"><u><span style=\"color: #0066cc;\">Stephan Doerfel<\/span><\/u><\/a><\/p>\n<p><span style=\"color: #a3004e;\">Weiterentwicklung eines Eclipse Plugins zur Unterst\u00fctzung von Wissenstransfer in OpenSource Development Teams <strong>T<\/strong><\/span><\/p>\n<p style=\"padding-left: 30px;\">In gro\u00dfen Entwicklungsteams, in denen viele Programmierer \u00fcber gro\u00dfe Distanzen hinweg zusammen an ein und demselben System schreiben, ergibt sich h\u00e4ufig die Frage, wer mit welchem Code oder Bibliothek am vertrautesten ist und am leichtesten bei Fragen Hilfestellung geben kann. Ziel soll es sein, ein Plugin f\u00fcr die weit verbreitete Entwicklungsumgebung Eclipse zu schreiben, das anhand der gesammelten Daten, die bei der Benutzung von Eclipse erzeugt werden, dem Hilfesuchenden eine Liste von Leuten vorschl\u00e4gt, die ihm bei seinem Problem helfen k\u00f6nnen.<\/p>\n<p style=\"padding-left: 30px;\">Informationen: <a href=\"\/macek\"><u><span style=\"color: #0066cc;\">Bj\u00f6rn-Elmar Macek<\/span><\/u><\/a><\/p>\n<p><span style=\"color: #a3004e;\">Aufgabenstellung und Termin:<\/span><\/p>\n<p style=\"padding-left: 30px;\">nach Absprache mit dem jeweiligen Betreuer<\/p>\n<p><span style=\"color: #a3004e;\">Vorkenntnisse:<\/span><\/p>\n<p style=\"padding-left: 30px;\">Informatik Grundstudium bzw. 30 absolvierte Credits des Masterstudiums<\/p>\n<p><span style=\"color: #a3004e;\">Angesprochener Teilnehmerkreis:<\/span><\/p>\n<p style=\"padding-left: 30px;\">Bachelor-, Diplom- und Masterstudierende Informatik, Math. NF Inf. Hauptstudium<\/p>\n<p><span style=\"color: #a3004e;\">Leistungsnachweis:<\/span><\/p>\n<p style=\"padding-left: 30px;\">in der Regel Implementierung, schriftliche Ausarbeitung und zwei Vortr\u00e4ge (jeweils 30 min zzgl. ca 15 min Diskussion)<\/p>\n<p><span style=\"color: #a3004e;\">Umfang:<\/span><\/p>\n<p style=\"padding-left: 30px;\">9 Wochen f\u00fcr Bachelor, 3 Monate f\u00fcr Diplom I und 6 Monate f\u00fcr Master und Diplom II<\/p>\n<p><span style=\"color: #a3004e;\">Veranstalter:<\/span><\/p>\n<p style=\"padding-left: 30px;\"><a href=\"\/atzmueller\"><u><span style=\"color: #0066cc;\">PD Dr. Martin Atzm\u00fcller<\/span><\/u><\/a>, <a href=\"\/doerfel\"><u><span style=\"color: #0066cc;\">Dipl.-Math. Stephan Doerfel<\/span><\/u><\/a>, <a href=\"\/illig\"><u><span style=\"color: #0066cc;\">Dipl.-Inform. M.Sc. Jens Illig<\/span><\/u><\/a>, <a href=\"\/kibanov\"><u><span style=\"color: #0066cc;\">Dipl.-Inform. Mark Kibanov<\/span><\/u><\/a>, <a href=\"\/macek\"><u><span style=\"color: #0066cc;\">Dipl.-Inform. Bj\u00f6rn-Elmar Macek<\/span><\/u><\/a>, <a href=\"\/mueller\"><u><span style=\"color: #0066cc;\">M.Sc. J\u00fcrgen M\u00fcller<\/span><\/u><\/a>, <a href=\"\/schmidt\"><u><span style=\"color: #0066cc;\">M.Sc. Andreas Schmidt<\/span><\/u><\/a>, <a href=\"\/scholz\"><u><span style=\"color: #0066cc;\">M.Sc. Christoph Scholz<\/span><\/u><\/a><\/p>\n","protected":false},"excerpt":{"rendered":"<p>Themen Soziale Lesezeichensysteme erlauben das einfache, zentrale Speichern von Bookmarks\/Lesezeichen auf einem Server und stellen einen Bereich der neuen Web 2.0 System dar. Sie bieten daher nicht nur f\u00fcr den menschlichen Nutzer einen Mehrwert durch<a class=\"moretag\" href=\"https:\/\/www.kde.cs.uni-kassel.de\/en\/lehre\/ss2014\/arbeiten\"> Read more&hellip;<\/a><\/p>\n","protected":false},"author":1,"featured_media":0,"parent":693,"menu_order":0,"comment_status":"closed","ping_status":"closed","template":"","meta":{"footnotes":""},"class_list":["post-694","page","type-page","status-publish","hentry"],"translation":{"provider":"WPGlobus","version":"3.0.2","language":"en","enabled_languages":["de","en"],"languages":{"de":{"title":true,"content":true,"excerpt":false},"en":{"title":false,"content":false,"excerpt":false}}},"_links":{"self":[{"href":"https:\/\/www.kde.cs.uni-kassel.de\/en\/wp-json\/wp\/v2\/pages\/694","targetHints":{"allow":["GET"]}}],"collection":[{"href":"https:\/\/www.kde.cs.uni-kassel.de\/en\/wp-json\/wp\/v2\/pages"}],"about":[{"href":"https:\/\/www.kde.cs.uni-kassel.de\/en\/wp-json\/wp\/v2\/types\/page"}],"author":[{"embeddable":true,"href":"https:\/\/www.kde.cs.uni-kassel.de\/en\/wp-json\/wp\/v2\/users\/1"}],"replies":[{"embeddable":true,"href":"https:\/\/www.kde.cs.uni-kassel.de\/en\/wp-json\/wp\/v2\/comments?post=694"}],"version-history":[{"count":1,"href":"https:\/\/www.kde.cs.uni-kassel.de\/en\/wp-json\/wp\/v2\/pages\/694\/revisions"}],"predecessor-version":[{"id":719,"href":"https:\/\/www.kde.cs.uni-kassel.de\/en\/wp-json\/wp\/v2\/pages\/694\/revisions\/719"}],"up":[{"embeddable":true,"href":"https:\/\/www.kde.cs.uni-kassel.de\/en\/wp-json\/wp\/v2\/pages\/693"}],"wp:attachment":[{"href":"https:\/\/www.kde.cs.uni-kassel.de\/en\/wp-json\/wp\/v2\/media?parent=694"}],"curies":[{"name":"wp","href":"https:\/\/api.w.org\/{rel}","templated":true}]}}