{"id":686,"date":"2016-04-03T14:14:06","date_gmt":"2016-04-03T12:14:06","guid":{"rendered":"https:\/\/www.kde.cs.uni-kassel.de\/?page_id=686"},"modified":"2016-04-03T14:15:32","modified_gmt":"2016-04-03T12:15:32","slug":"arbeiten","status":"publish","type":"page","link":"https:\/\/www.kde.cs.uni-kassel.de\/en\/lehre\/ss2015\/arbeiten","title":{"rendered":"Bachelor-, Diplom- und Masterarbeiten"},"content":{"rendered":"<p><span style=\"color: #a3004e;\">Themen<\/span><\/p>\n<p style=\"padding-left: 30px;\">Soziale Lesezeichensysteme erlauben das einfache, zentrale Speichern von Bookmarks\/Lesezeichen auf einem Server und stellen einen Bereich der neuen Web 2.0 System dar. Sie bieten daher nicht nur f\u00fcr den menschlichen Nutzer einen Mehrwert durch die zentrale Verf\u00fcgbarkeit der Lesezeichen oder die M\u00f6glichkeit in solchen Systemen nach anderen interessanten Webseiten zu suchen, sondern stellen auch einen interessanten Ansatz zur sehr einfachen Wissenrepresentation dar. BibSonomy, welches vom Fachgebiert entwickelt wurde, erlaub nicht nur das Speichern von Bookmarks, sondern auch von Literaturreferenzen. Viele moderne Techniken kommen bereits in BibSonomy zum Einsatz und neue sollen in Form von Bachelor-, Diplom- und Masterarbeiten erarbeitet und h\u00e4ufig auch in BibSonomy integriert werden.<\/p>\n<div><a href=\"http:\/\/www.bibsonomy.org\/\"><img loading=\"lazy\" decoding=\"async\" class=\"aligncenter\" src=\"http:\/\/ssc.cs.uni-kassel.de\/lehre\/ss2015\/arbeiten\/bibsonomy.jpg\" alt=\"bibsonomy.jpg\" width=\"546\" height=\"427\" \/><\/a><\/div>\n<p style=\"padding-left: 30px;\">Viele Aufgabenstellungen besch\u00e4ftigen sich daher mit der Implementierung verschiedener Komponenten des <a href=\"http:\/\/www.bibsonomy.org\/\"><u><span style=\"color: #0066cc;\">BibSonomy-Systems<\/span><\/u><\/a> oder mit der Analyse der in einem solchen System vorhanden Daten. Ziel ist es im allgemeinen die Nutzbarkeit des System durch Dienste mit Mehrwert zu erh\u00f6hen. Dar\u00fcber hinaus, werden weitere Themen angeboten, die in der Regel einen inhaltlichen Bezug zu aktuellen Forschungsprojekten des Fachgebiets Wissensverarbeitung haben, beispielsweise im Kontext des <a href=\"http:\/\/www.iteg.uni-kassel.de\/venus\"><u><span style=\"color: #0066cc;\">VENUS<\/span><\/u><\/a> Projekts mit Integration von RFID und sozialen Netzwerken.<\/p>\n<p style=\"padding-left: 30px;\">Die Themenstellung erfolgt in Absprache mit dem Studierenden; der Umfang der Arbeit richtet sich nach dem jeweils angestrebten Anschluss.<\/p>\n<p style=\"padding-left: 30px;\">Zu folgenden Themengebieten k\u00f6nnen wir Arbeiten anbieten; zu konkreten Themen k\u00f6nnen die jeweiligen Betreuer genauere Auskunft geben.<\/p>\n<p style=\"padding-left: 30px;\">(<span style=\"color: #a3004e;\">M<\/span> = methodischer Schwerpunkt, <span style=\"color: #a3004e;\">T<\/span> = technischer Schwerpunkt)<\/p>\n<p><span style=\"color: #a3004e;\">Vergleich von Anomaly Detection-Verfahren<strong> T,M<\/strong><\/span><\/p>\n<p style=\"padding-left: 30px;\">Anomaly Detection bezeichnet das Finden von Mustern in Daten, die stark von der gew\u00f6hnlichen Verteilung abweichen. In der Literatur werden verschiedene Verfahren beschrieben, mit denen diese Ausrei\u00dfer erkannt werden k\u00f6nnen.<\/p>\n<p style=\"padding-left: 30px;\">Am Anfang des Projekts steht eine Literatur-Recherche, um geeignete Verfahren f\u00fcr die Anomaly Detection zu identifizieren. Anschlie\u00dfend sollen einige Verfahren ausgew\u00e4hlt und exemplarisch an einem Beispieldatensatz evaluiert werden.<\/p>\n<p style=\"padding-left: 30px;\">Informationen: <a href=\"\/schmidt\"><u><span style=\"color: #0066cc;\">Andreas Schmidt<\/span><\/u><\/a><\/p>\n<p><span style=\"color: #a3004e;\">Big Data-Frameworks f\u00fcr Data Mining<strong> T,M<\/strong><\/span><\/p>\n<p style=\"padding-left: 30px;\">Charakteristische Eigenschaften von Big Data sind u.a. ein gro\u00dfes Datenvolumen und eine hohe Geschwindigkeit mit der neue Daten entstehen. Dies stellt besondere Herausforderungen an die Data Mining-Algorithmen, da beispielsweise bei der Modellbildung nicht alle Daten im Speicher gehalten werden k\u00f6nnen. Erste Machine Learning-Frameworks wie Apache Mahout l\u00f6sen dieses Problem nur bedingt, da das Map Reduce-Programmiermodell nicht f\u00fcr iterative Algorithmen ausgelegt ist. Es entstehen jedoch immer mehr Big Data-Frameworks, die sich dieser Herausforderung annehmen.<\/p>\n<p style=\"padding-left: 30px;\">Am Anfang des Projekts soll eine \u00dcbersicht existierender Big Data-Frameworks f\u00fcr Data Mining erstellt werden. Anschlie\u00dfend werden mehrere Frameworks ausgew\u00e4hlt und ein Analyse-Workflow mit den gew\u00e4hlten Frameworks umgesetzt. Ziel des Projektes ist es Vor- und Nachteile der Frameworks zu vergleichen sowie Best Practices herauszuarbeiten.<\/p>\n<p style=\"padding-left: 30px;\">Informationen: <a href=\"\/schmidt\"><u><span style=\"color: #0066cc;\">Andreas Schmidt<\/span><\/u><\/a><\/p>\n<p><span style=\"color: #a3004e;\">Auswertung der RFID-Daten und ihrer Qualit\u00e4t <strong>T,M<\/strong><\/span><\/p>\n<p style=\"padding-left: 30px;\">Die vom SocioPatterns Konsortium entwickelte RFID-Technologie erm\u00f6glicht die Lokalisierung von Menschen sowie die Bereitstellung von Informationen \u00fcber deren soziale Kontakte. Die Daten sind aber nicht immer vollst\u00e4ndig. Dies kann mehrere Gr\u00fcnde haben: Distanz zum RFID-Reader, hohe Luftfeuchtigkeit, etc.<\/p>\n<p style=\"padding-left: 30px;\">Ziel dieser Arbeit ist die Auswertung der vorliegenden RFID-Daten anhand gegebener Fotos (wo soziale Interaktionen aufgezeichnet sind) und eine qualitative Bewertung der mittels RFID aufgezeichneten Kontakte.<\/p>\n<p style=\"padding-left: 30px;\">Informationen: <a href=\"\/kibanov\"><u><span style=\"color: #0066cc;\">Mark Kibanov<\/span><\/u><\/a><\/p>\n<p><span style=\"color: #a3004e;\">Conferator-Infrastrukturaufbau durch Einsatz von Mini-Computern <strong>T<\/strong><\/span><\/p>\n<p style=\"padding-left: 30px;\">Conferator ist ein soziales System zur Unterst\u00fctzung von Konferenzen, insbesondere der Planung sowie Verbesserung sozialer Interaktionen. Conferator nutzt aktive RFID Tags (entwickelt vom SocioPatterns Konsortium) um Konferenzteilnehmer zu lokalisieren und Informationen zu deren Konferenzkontakte bereitzustellen. Die RFID-Reader und ein zentraler Server m\u00fcssen immer vor Ort installiert werden um ein Conferator-Einsatz zu erm\u00f6glichen.<\/p>\n<p style=\"padding-left: 30px;\">Ziel dieser Arbeit ist die Untersuchung und gegebenfalls technische Umsetzung einer verteilten L\u00f6sung bestehend aus mehreren Mini-Computern (z.\u00a0B. Raspberry Pi oder Arduino).<\/p>\n<p style=\"padding-left: 30px;\">Informationen: <a href=\"\/kibanov\"><u><span style=\"color: #0066cc;\">Mark Kibanov<\/span><\/u><\/a><\/p>\n<p><span style=\"color: #a3004e;\">Nameling API\u00a0<strong>T<\/strong><\/span><\/p>\n<p style=\"padding-left: 30px;\"><a href=\"http:\/\/nameling.net\/\"><u><span style=\"color: #0066cc;\">Nameling<\/span><\/u><\/a> ist eine Suchmaschine, f\u00fcr die sehr pers\u00f6nliche Aufgabe der Findung eines Babynamens. Zur leichteren Anbindung externer wie interner Dienste soll die Plattform um eine dokumentierte API erweitert werden. Sie soll dazu dienen, die Verschiedenen Ressourcen und Funktionen von <a href=\"http:\/\/nameling.net\/\"><u><span style=\"color: #0066cc;\">Nameling<\/span><\/u><\/a> anzufragen.<\/p>\n<p style=\"padding-left: 30px;\">Die Aufgabe besteht somit aus den folgenden Unterpunkten:<\/p>\n<ul>\n<li>Design der API-Struktur nach den Best Practices von <a href=\"https:\/\/blog.apigee.com\/detail\/api_design_third_edition_video_slides\"><u><span style=\"color: #0066cc;\"> apigee<\/span><\/u><\/a>.<\/li>\n<li>Implementierung der Funktionalit\u00e4t selbst.<\/li>\n<li>Dokumentation der API in HTML.<\/li>\n<\/ul>\n<p style=\"padding-left: 30px;\">F\u00fcr die Durchf\u00fchrung dieser Aufgabe sind Kenntnisse in <a href=\"http:\/\/docs.oracle.com\/javase\/6\/docs\/\"><u><span style=\"color: #0066cc;\">Java 6<\/span><\/u><\/a> und <a href=\"https:\/\/dev.mysql.com\/doc\/refman\/5.5\/en\/\"><u><span style=\"color: #0066cc;\">MySQL 5.5<\/span><\/u><\/a> zwingen erforderlich und Kenntnisse in <a href=\"http:\/\/www.w3.org\/TR\/html5\/\"><u><span style=\"color: #0066cc;\">HTML5<\/span><\/u><\/a>, <a href=\"http:\/\/www.w3.org\/TR\/css3-roadmap\/\"><u><span style=\"color: #0066cc;\">CSS3<\/span><\/u><\/a> und <a href=\"http:\/\/www.oracle.com\/technetwork\/java\/jsp-138432.html\"><u><span style=\"color: #0066cc;\">JavaServer Pages<\/span><\/u><\/a> (JSP) erw\u00fcnscht aber nebens\u00e4chlich.<\/p>\n<p style=\"padding-left: 30px;\">Informationen: <a href=\"\/mueller\"><u><span style=\"color: #0066cc;\">J\u00fcrgen M\u00fcller<\/span><\/u><\/a><\/p>\n<pre class=\"information\" style=\"padding-left: 30px;\"><a href=\"\/mueller\"><u><span style=\"color: #0066cc;\">J\u00fcrgen M\u00fcller<\/span><\/u><\/a> ist bis zum 28. November in <b>Elternzeit<\/b>!<\/pre>\n<p><span style=\"color: #a3004e;\">Nameling Nutzerkonten<strong> T<\/strong><\/span><\/p>\n<p style=\"padding-left: 30px;\"><a href=\"http:\/\/nameling.net\/\"><u><span style=\"color: #0066cc;\">Nameling<\/span><\/u><\/a> ist eine Suchmaschine, f\u00fcr die sehr pers\u00f6nliche Aufgabe der Findung eines Babynamens. Vielen Eltern ist es daher ein Anliegen, dass der Name des Kindes in die Familie passt. Die bezieht sich sowohl auf die Vornamen der Eltern und Geschwister, als auch auf den Familiennamen.<\/p>\n<p style=\"padding-left: 30px;\">Gegenw\u00e4rtig ist es nur <a href=\"http:\/\/nameling.net\/login\"><u><span style=\"color: #0066cc;\">sehr rudiment\u00e4r m\u00f6glich<\/span><\/u><\/a>, die Informationen zu hinterlegen. Um den werdenden Eltern eine komfortablere M\u00f6glichkeit der \u201eFamilienverwaltung\u201c zu geben, sollen Nutzerkonten eingerichtet werden.<\/p>\n<p style=\"padding-left: 30px;\">Die Aufgabe besteht somit aus den folgenden Unterpunkten:<\/p>\n<ul>\n<li>Integration einer \u201erichtigen\u201c Login-Seite.<\/li>\n<li>Implementierung einer Kontoseite, auf der die Familieninformationen und (optional) die bisher eingegebenen Suchanfragen etc. einsichtig sind.<\/li>\n<\/ul>\n<p style=\"padding-left: 30px;\">F\u00fcr die Durchf\u00fchrung dieser Aufgabe sind Kenntnisse in <a href=\"http:\/\/www.w3.org\/TR\/html5\/\"><u><span style=\"color: #0066cc;\">HTML5<\/span><\/u><\/a>, <a href=\"http:\/\/www.w3.org\/TR\/css3-roadmap\/\"><u><span style=\"color: #0066cc;\">CSS3<\/span><\/u><\/a>, <a href=\"http:\/\/docs.oracle.com\/javase\/6\/docs\/\"><u><span style=\"color: #0066cc;\">Java 6<\/span><\/u><\/a> und <a href=\"https:\/\/dev.mysql.com\/doc\/refman\/5.5\/en\/\"><u><span style=\"color: #0066cc;\">MySQL 5.5<\/span><\/u><\/a> zwingen erforderlich und Kenntnisse in <a href=\"http:\/\/www.oracle.com\/technetwork\/java\/jsp-138432.html\"><u><span style=\"color: #0066cc;\">JavaServer Pages<\/span><\/u><\/a> (JSP) erw\u00fcnscht aber nebens\u00e4chlich.<\/p>\n<p style=\"padding-left: 30px;\">Informationen: <a href=\"\/mueller\"><u><span style=\"color: #0066cc;\">J\u00fcrgen M\u00fcller<\/span><\/u><\/a><\/p>\n<pre class=\"information\" style=\"padding-left: 30px;\"><a href=\"\/mueller\"><u><span style=\"color: #0066cc;\">J\u00fcrgen M\u00fcller<\/span><\/u><\/a> ist bis zum 28. November in <b>Elternzeit<\/b>!<\/pre>\n<p><span style=\"color: #a3004e;\">Aufgabenstellung und Termin:<\/span><\/p>\n<p style=\"padding-left: 30px;\">nach Absprache mit dem jeweiligen Betreuer<\/p>\n<p><span style=\"color: #a3004e;\">Vorkenntnisse:<\/span><\/p>\n<p style=\"padding-left: 30px;\">Informatik Grundstudium bzw. 30 absolvierte Credits des Masterstudiums<\/p>\n<p><span style=\"color: #a3004e;\">Angesprochener Teilnehmerkreis:<\/span><\/p>\n<p style=\"padding-left: 30px;\">Bachelor-, Diplom- und Masterstudierende Informatik, Math. NF Inf. Hauptstudium<\/p>\n<p><span style=\"color: #a3004e;\">Leistungsnachweis:<\/span><\/p>\n<p style=\"padding-left: 30px;\">in der Regel Implementierung, schriftliche Ausarbeitung und zwei Vortr\u00e4ge (jeweils 30 min zzgl. ca 15 min Diskussion)<\/p>\n<p><span style=\"color: #a3004e;\">Umfang:<\/span><\/p>\n<p style=\"padding-left: 30px;\">9 Wochen f\u00fcr Bachelor, 3 Monate f\u00fcr Diplom I und 6 Monate f\u00fcr Master und Diplom II<\/p>\n<p><span style=\"color: #a3004e;\">Veranstalter:<\/span><\/p>\n<p style=\"padding-left: 30px;\"><a href=\"\/atzmueller\"><u><span style=\"color: #0066cc;\">PD Dr. Martin Atzm\u00fcller<\/span><\/u><\/a>, <a href=\"\/doerfel\"><u><span style=\"color: #0066cc;\">Dipl.-Math. Stephan Doerfel<\/span><\/u><\/a>, <a href=\"\/illig\"><u><span style=\"color: #0066cc;\">Dipl.-Inform. M.Sc. Jens Illig<\/span><\/u><\/a>, <a href=\"\/kibanov\"><u><span style=\"color: #0066cc;\">Dipl.-Inform. Mark Kibanov<\/span><\/u><\/a>, <a href=\"\/macek\"><u><span style=\"color: #0066cc;\">Dipl.-Inform. Bj\u00f6rn-Elmar Macek<\/span><\/u><\/a>, <a href=\"\/mueller\"><u><span style=\"color: #0066cc;\">M.Sc. J\u00fcrgen M\u00fcller<\/span><\/u><\/a>, <a href=\"\/schmidt\"><u><span style=\"color: #0066cc;\">M.Sc. Andreas Schmidt<\/span><\/u><\/a>, <a href=\"\/scholz\"><u><span style=\"color: #0066cc;\">M.Sc. Christoph Scholz<\/span><\/u><\/a><\/p>\n","protected":false},"excerpt":{"rendered":"<p>Themen Soziale Lesezeichensysteme erlauben das einfache, zentrale Speichern von Bookmarks\/Lesezeichen auf einem Server und stellen einen Bereich der neuen Web 2.0 System dar. Sie bieten daher nicht nur f\u00fcr den menschlichen Nutzer einen Mehrwert durch<a class=\"moretag\" href=\"https:\/\/www.kde.cs.uni-kassel.de\/en\/lehre\/ss2015\/arbeiten\"> Read more&hellip;<\/a><\/p>\n","protected":false},"author":1,"featured_media":0,"parent":57,"menu_order":0,"comment_status":"closed","ping_status":"closed","template":"","meta":{"footnotes":""},"class_list":["post-686","page","type-page","status-publish","hentry"],"translation":{"provider":"WPGlobus","version":"3.0.2","language":"en","enabled_languages":["de","en"],"languages":{"de":{"title":true,"content":true,"excerpt":false},"en":{"title":false,"content":false,"excerpt":false}}},"_links":{"self":[{"href":"https:\/\/www.kde.cs.uni-kassel.de\/en\/wp-json\/wp\/v2\/pages\/686","targetHints":{"allow":["GET"]}}],"collection":[{"href":"https:\/\/www.kde.cs.uni-kassel.de\/en\/wp-json\/wp\/v2\/pages"}],"about":[{"href":"https:\/\/www.kde.cs.uni-kassel.de\/en\/wp-json\/wp\/v2\/types\/page"}],"author":[{"embeddable":true,"href":"https:\/\/www.kde.cs.uni-kassel.de\/en\/wp-json\/wp\/v2\/users\/1"}],"replies":[{"embeddable":true,"href":"https:\/\/www.kde.cs.uni-kassel.de\/en\/wp-json\/wp\/v2\/comments?post=686"}],"version-history":[{"count":2,"href":"https:\/\/www.kde.cs.uni-kassel.de\/en\/wp-json\/wp\/v2\/pages\/686\/revisions"}],"predecessor-version":[{"id":688,"href":"https:\/\/www.kde.cs.uni-kassel.de\/en\/wp-json\/wp\/v2\/pages\/686\/revisions\/688"}],"up":[{"embeddable":true,"href":"https:\/\/www.kde.cs.uni-kassel.de\/en\/wp-json\/wp\/v2\/pages\/57"}],"wp:attachment":[{"href":"https:\/\/www.kde.cs.uni-kassel.de\/en\/wp-json\/wp\/v2\/media?parent=686"}],"curies":[{"name":"wp","href":"https:\/\/api.w.org\/{rel}","templated":true}]}}