{"id":674,"date":"2016-04-03T13:58:19","date_gmt":"2016-04-03T11:58:19","guid":{"rendered":"https:\/\/www.kde.cs.uni-kassel.de\/?page_id=674"},"modified":"2016-04-03T14:05:08","modified_gmt":"2016-04-03T12:05:08","slug":"seminar_informatik_gesellschaft","status":"publish","type":"page","link":"https:\/\/www.kde.cs.uni-kassel.de\/en\/lehre\/ss2016\/seminar_informatik_gesellschaft","title":{"rendered":"Seminar Informatik und Gesellschaft"},"content":{"rendered":"<p><span style=\"color: #a3004e;\">Ort und Zeit:<\/span><\/p>\n<p style=\"padding-left: 30px;\">Vorbesprechung am Montag, 18.04.2016, 14 Uhr im Raum 0445\/E (FG Wissensverarbeitung).<br \/>\nInteressenten melden sich bitte vorab bis 11.04.2016 per Email: <a href=\"mailto:poszner@uni-kassel.de\"><u><span style=\"color: #0066cc;\">poszner@uni-kassel.de<\/span><\/u><\/a><noscript>&amp;amp;amp;amp;amp;lt;pre&amp;amp;amp;amp;amp;gt;poszner at uni-kassel.de&amp;amp;amp;amp;amp;lt;\/pre&amp;amp;amp;amp;amp;gt;&amp;amp;lt;span id=&#8221;mce_marker&#8221; data-mce-type=&#8221;bookmark&#8221;&amp;amp;gt;\u200b&amp;amp;lt;\/span&amp;amp;gt;<\/noscript><\/p>\n<p><span style=\"color: #a3004e;\"> Vorkenntnisse:<\/span><\/p>\n<p style=\"padding-left: 30px;\">Informatik-Grundstudium f\u00fcr Einbringung in den Bachelor.<\/p>\n<p><span style=\"color: #a3004e;\"> Angesprochener H\u00f6rerInnenkreis:<\/span><\/p>\n<p style=\"padding-left: 30px;\">Inf. 4. Sem.<!-- InstanceEndEditable --><\/p>\n<p><span style=\"color: #a3004e;\"> Leistungsnachweis:<\/span><\/p>\n<p style=\"padding-left: 30px;\">Hausarbeit<br \/>\nReferat \/ Pr\u00e4sentation<!-- InstanceEndEditable --><\/p>\n<p><span style=\"color: #a3004e;\"> Veranstalter:<\/span><\/p>\n<p style=\"padding-left: 30px;\"><a href=\"http:\/\/www.uni-kassel.de\/eecs\/iteg\/personen\/geschaeftsfuehrung.html\"><u><span style=\"color: #0066cc;\">Dipl. phil. Inken Po\u00dfner<\/span><\/u><\/a> \/ Verantwortlich: <a href=\"\/stumme\"><u><span style=\"color: #0066cc;\">Prof. Dr. Gerd Stumme<\/span><\/u><\/a><\/p>\n<p><span style=\"color: #a3004e;\"> Themen:<\/span><\/p>\n<p style=\"padding-left: 30px;\">Seit jeher hat die \u2013 durch den Menschen getriebene \u2013 technische Entwicklung (Aus)wirkungen auf die menschliche Gesellschaft und Kultur genommen. Wir erleben heute eine digitale Revolution (oder stehen noch am Anfang?), die tats\u00e4chlich s\u00e4mtliche Lebensbereiche zu durchdringen und ver\u00e4ndern vermag. Vor diesem Hintergrund k\u00f6nnen wir uns im Seminar u.a. mit folgenden Fragen auseinandersetzen:<\/p>\n<p style=\"padding-left: 30px;\">Wie wirkt die Digitalisierung bereits in verschiedenste Lebens-und Arbeitsbereiche? Welche Wirkungen und Folgen k\u00f6nnen wir tats\u00e4chlich absch\u00e4tzen und beeinflussen? Wo sehen wir das Potential und Gestaltungsoptionen f\u00fcr die Informatik, und wo sehen wir ihre Grenzen? Welche Verantwortung tr\u00e4gt dabei der einzelne Wissenschaftler und wo liegen die Grenzen seiner einzelnen Verantwortung?<\/p>\n<p><span style=\"color: #a3004e;\"> Ablauf des Seminars:<\/span><\/p>\n<p style=\"padding-left: 30px;\">Diese Veranstaltung wird im Rahmen des Moduls Schl\u00fcsselkompetenzen\/Techniken wissenschaftlichen Arbeitens f\u00fcr B. Sc. Informatik angeboten.<\/p>\n<p style=\"padding-left: 30px;\">Im Seminar wird auf eine wissenschaftliche Auseinandersetzung mit dem Thema hingef\u00fchrt, die insbesondere auch sozialwissenschaftliche Originalliteratur einschlie\u00dft. Es wird zu Beginn pro Thema jeweils ein Artikel ausgegeben, der durch den\/die Seminarteilnehmer\/in im Laufe des Semesters durch weitergehende Literatur erg\u00e4nzt wird. Die Auswahl der weiteren Literatur trifft der\/die Seminarteilnehmer\/in in Absprache mit dem Betreuer.<\/p>\n<p style=\"padding-left: 30px;\">Weitere Informationen finden Sie auf der <a href=\"http:\/\/www.uni-kassel.de\/go\/iteg-seminar-informatik-und-gesellschaft\"><u><span style=\"color: #0066cc;\">Webseite des ITeG<\/span><\/u><\/a>.<\/p>\n","protected":false},"excerpt":{"rendered":"<p>Ort und Zeit: Vorbesprechung am Montag, 18.04.2016, 14 Uhr im Raum 0445\/E (FG Wissensverarbeitung). Interessenten melden sich bitte vorab bis 11.04.2016 per Email: poszner@uni-kassel.de&amp;amp;amp;amp;amp;lt;pre&amp;amp;amp;amp;amp;gt;poszner at uni-kassel.de&amp;amp;amp;amp;amp;lt;\/pre&amp;amp;amp;amp;amp;gt;&amp;amp;lt;span id=&#8221;mce_marker&#8221; data-mce-type=&#8221;bookmark&#8221;&amp;amp;gt;\u200b&amp;amp;lt;\/span&amp;amp;gt; Vorkenntnisse: Informatik-Grundstudium f\u00fcr Einbringung in den Bachelor.<a class=\"moretag\" href=\"https:\/\/www.kde.cs.uni-kassel.de\/en\/lehre\/ss2016\/seminar_informatik_gesellschaft\"> Read more&hellip;<\/a><\/p>\n","protected":false},"author":1,"featured_media":0,"parent":502,"menu_order":0,"comment_status":"closed","ping_status":"closed","template":"","meta":{"footnotes":""},"class_list":["post-674","page","type-page","status-publish","hentry"],"translation":{"provider":"WPGlobus","version":"3.0.2","language":"en","enabled_languages":["de","en"],"languages":{"de":{"title":true,"content":true,"excerpt":false},"en":{"title":false,"content":false,"excerpt":false}}},"_links":{"self":[{"href":"https:\/\/www.kde.cs.uni-kassel.de\/en\/wp-json\/wp\/v2\/pages\/674","targetHints":{"allow":["GET"]}}],"collection":[{"href":"https:\/\/www.kde.cs.uni-kassel.de\/en\/wp-json\/wp\/v2\/pages"}],"about":[{"href":"https:\/\/www.kde.cs.uni-kassel.de\/en\/wp-json\/wp\/v2\/types\/page"}],"author":[{"embeddable":true,"href":"https:\/\/www.kde.cs.uni-kassel.de\/en\/wp-json\/wp\/v2\/users\/1"}],"replies":[{"embeddable":true,"href":"https:\/\/www.kde.cs.uni-kassel.de\/en\/wp-json\/wp\/v2\/comments?post=674"}],"version-history":[{"count":3,"href":"https:\/\/www.kde.cs.uni-kassel.de\/en\/wp-json\/wp\/v2\/pages\/674\/revisions"}],"predecessor-version":[{"id":680,"href":"https:\/\/www.kde.cs.uni-kassel.de\/en\/wp-json\/wp\/v2\/pages\/674\/revisions\/680"}],"up":[{"embeddable":true,"href":"https:\/\/www.kde.cs.uni-kassel.de\/en\/wp-json\/wp\/v2\/pages\/502"}],"wp:attachment":[{"href":"https:\/\/www.kde.cs.uni-kassel.de\/en\/wp-json\/wp\/v2\/media?parent=674"}],"curies":[{"name":"wp","href":"https:\/\/api.w.org\/{rel}","templated":true}]}}