{"id":6706,"date":"2020-02-04T11:58:11","date_gmt":"2020-02-04T10:58:11","guid":{"rendered":"https:\/\/www.kde.cs.uni-kassel.de\/?page_id=6706"},"modified":"2020-03-04T13:54:57","modified_gmt":"2020-03-04T12:54:57","slug":"data_science_competition","status":"publish","type":"page","link":"https:\/\/www.kde.cs.uni-kassel.de\/en\/lehre\/ss2020\/data_science_competition","title":{"rendered":"Bachelorprojekt im Fachgebiet Wissensverarbeitung:  Data Science Competition"},"content":{"rendered":"\n<h2 class=\"wp-block-heading\">Bachelorprojekt im Fachgebiet Wissensverarbeitung: Data Science Competition<\/h2>\n\n\n\n<p>Die Teilnehmer nehmen an einem <strong>Wettbewerb<\/strong> im Bereich des <strong>Maschinellen Lernens<\/strong> teil, bspw. aus den Gebieten Netzwerkanalyse, Formale Begriffsanalyse, Data Mining, Pattern Recognition, Deep Learning, Organic Computing, Autonomes Lernen.\n<br><br>\nM\u00f6gliche Wettbewerbe sind:<\/p>\n\n\n\n<ul class=\"wp-block-list\"><li><a href=\"https:\/\/ecmlpkdd2020.net\/submissions\/discovery\/\">Discovery Challenge of the European Conference on Machine Learning and Principles of Knowledge Discovery in Databases<\/a> \n<\/li>\n<li><a href=\"http:\/\/mozart.diei.unipg.it\/gdcontest\/contest2020\">Graph Drawing Contest<\/a> \n<\/li>\n<li><a href=\"https:\/\/www.kaggle.com\/competitions\">Kaggle Competitions<\/a> \n<\/li>\n<\/ul>\n<p>Schlagen Sie gerne weitere Wettbewerbe vor.<\/p>\n\n\n\n<h3 class=\"wp-block-heading\">Aufgabe:<\/h3>\n\n\n\n<p>Teilnahme an einem Wettbewerb auf universit\u00e4tsweiter, nationaler oder internationaler Ebene, bspw. Wettbewerbe \u00fcber Daten von Industrie und Forschung des Fachgebiets oder Kaggle Competitions; Einf\u00fchrung in ben\u00f6tigte theoretische und methodische Grundkenntnisse im Themengebiet; Erarbeitung eines L\u00f6sungskonzepts; Erstellen einer Implementierung.<\/p>\n\n\n\n<h3 class=\"wp-block-heading\"> Vorbesprechungstermin:<\/h3>\n\n\n\n<p> 20.4.2020, 16:15 Uhr, Raum 0445E \n<br>Interessierten wird eine umgehende Kontaktaufnahme mit dem FG Wissensverarbeitung empfohlen.<\/p>\n\n\n\n<h3 class=\"wp-block-heading\">Angesprochener H\u00f6rer*innenkreis:<\/h3>\n\n\n\n<p>Informatik Bachelor<\/p>\n\n\n\n<h3 class=\"wp-block-heading\">Voraussetzungen: <\/h3>\n\n\n\n<p>Kenntnisse aus, bzw. Teilnahme an mindestens einer der Vorlesungen&nbsp;<a href=\"https:\/\/www.kde.cs.uni-kassel.de\/lehre\/ws2019-20\/kdd\">Knowledge Discovery<\/a>,&nbsp;<a href=\"https:\/\/www.kde.cs.uni-kassel.de\/lehre\/ss2018\/IR\">Internet-Suchmaschinen<\/a>, <a href=\"https:\/\/www.kde.cs.uni-kassel.de\/lehre\/ws2019-20\/sna\">Social Network Analysis<\/a>, <a href=\"https:\/\/www.kde.cs.uni-kassel.de\/lehre\/ss2020\/cda\">Conceptual Data Analysis<\/a> und&nbsp;<a href=\"https:\/\/www.kde.cs.uni-kassel.de\/lehre\/ws2019-20\/KI_Einfuehrung\">Einf\u00fchrung in die k\u00fcnstliche Intelligenz<\/a>. <\/p>\n\n\n\n<h3 class=\"wp-block-heading\">Veranstalter: <\/h3>\n\n\n\n<p><a href=\"https:\/\/www.kde.cs.uni-kassel.de\/hanika\">Dr. Tom Hanika<\/a><\/p>\n","protected":false},"excerpt":{"rendered":"<p>Bachelorprojekt im Fachgebiet Wissensverarbeitung: Data Science Competition Die Teilnehmer nehmen an einem Wettbewerb im Bereich des Maschinellen Lernens teil, bspw. aus den Gebieten Netzwerkanalyse, Formale Begriffsanalyse, Data Mining, Pattern Recognition, Deep Learning, Organic Computing, Autonomes<a class=\"moretag\" href=\"https:\/\/www.kde.cs.uni-kassel.de\/en\/lehre\/ss2020\/data_science_competition\"> Read more&hellip;<\/a><\/p>\n","protected":false},"author":15,"featured_media":0,"parent":6698,"menu_order":22,"comment_status":"closed","ping_status":"closed","template":"","meta":{"footnotes":""},"class_list":["post-6706","page","type-page","status-publish","hentry"],"translation":{"provider":"WPGlobus","version":"3.0.2","language":"en","enabled_languages":["de","en"],"languages":{"de":{"title":true,"content":true,"excerpt":false},"en":{"title":false,"content":false,"excerpt":false}}},"_links":{"self":[{"href":"https:\/\/www.kde.cs.uni-kassel.de\/en\/wp-json\/wp\/v2\/pages\/6706","targetHints":{"allow":["GET"]}}],"collection":[{"href":"https:\/\/www.kde.cs.uni-kassel.de\/en\/wp-json\/wp\/v2\/pages"}],"about":[{"href":"https:\/\/www.kde.cs.uni-kassel.de\/en\/wp-json\/wp\/v2\/types\/page"}],"author":[{"embeddable":true,"href":"https:\/\/www.kde.cs.uni-kassel.de\/en\/wp-json\/wp\/v2\/users\/15"}],"replies":[{"embeddable":true,"href":"https:\/\/www.kde.cs.uni-kassel.de\/en\/wp-json\/wp\/v2\/comments?post=6706"}],"version-history":[{"count":8,"href":"https:\/\/www.kde.cs.uni-kassel.de\/en\/wp-json\/wp\/v2\/pages\/6706\/revisions"}],"predecessor-version":[{"id":6955,"href":"https:\/\/www.kde.cs.uni-kassel.de\/en\/wp-json\/wp\/v2\/pages\/6706\/revisions\/6955"}],"up":[{"embeddable":true,"href":"https:\/\/www.kde.cs.uni-kassel.de\/en\/wp-json\/wp\/v2\/pages\/6698"}],"wp:attachment":[{"href":"https:\/\/www.kde.cs.uni-kassel.de\/en\/wp-json\/wp\/v2\/media?parent=6706"}],"curies":[{"name":"wp","href":"https:\/\/api.w.org\/{rel}","templated":true}]}}