{"id":6305,"date":"2019-09-09T12:57:13","date_gmt":"2019-09-09T10:57:13","guid":{"rendered":"https:\/\/www.kde.cs.uni-kassel.de\/?page_id=6305"},"modified":"2019-09-09T12:57:14","modified_gmt":"2019-09-09T10:57:14","slug":"ki_einfuehrung","status":"publish","type":"page","link":"https:\/\/www.kde.cs.uni-kassel.de\/en\/lehre\/ws2019-20\/ki_einfuehrung","title":{"rendered":"Einf\u00fchrung in die K\u00fcnstliche Intelligenz"},"content":{"rendered":"<h2>Einf\u00fchrung in die K\u00fcnstliche Intelligenz<\/h2>\n<p><span style=\"color: #a3004e;\">Erster Veranstaltungstag:<\/span><\/p>\n<p style=\"padding-left: 30px;\">Freitag, 18. Oktober 2019, 10.15 Uhr in Raum 0446<\/p>\n<p><span style=\"color: #a3004e;\"> Ort und Zeit: <\/span><\/p>\n<p style=\"padding-left: 30px;\">Freitags 10:15 &#8211; 11:45 Uhr in Raum 0446 am 18.10., 25.10. und 1.11.19, dann jede zweite Woche<\/p>\n<p><span style=\"color: #a3004e;\"> \u00dcbungen: <\/span><\/p>\n<p style=\"padding-left: 30px;\">Jede zweite Woche freitags, 10.15 Uhr &#8211; 11.45 Uhr in Raum 0446, Beginn 8.11.19,<br \/>\nJede zweite Woche donnerstags, 12.15 Uhr \u2013 13.45 Uhr in Raum -1607, Beginn 7.11.19.<\/p>\n<p><span style=\"color: #a3004e;\"> Voraussetzung nach Pr\u00fcfungsordnung: <\/span><\/p>\n<p style=\"padding-left: 30px;\">Mathematiktest. Empfohlene Voraussetzungen: Algorithmen und Datenstrukturen.<\/p>\n<p><span style=\"color: #a3004e;\"> Angesprochener H\u00f6rerInnenkreis: <\/span><\/p>\n<p style=\"padding-left: 30px;\">Bachelor Informatik.<\/p>\n<p><span style=\"color: #a3004e;\">&nbsp;Umfang: <\/span><\/p>\n<p style=\"padding-left: 30px;\">1 1\/3 SWS Vorlesung und 2\/3 SWS \u00dcbungen, 3 Credits<\/p>\n<p><span style=\"color: #a3004e;\"> Leistungsnachweis: <\/span><\/p>\n<p style=\"padding-left: 30px;\">Klausur oder m\u00fcndliche Pr\u00fcfung<\/p>\n<p><span style=\"color: #a3004e;\">&nbsp;Veranstalter: <\/span><\/p>\n<p style=\"padding-left: 30px;\"><a href=\"\/stumme\"><u><span style=\"color: #0066cc;\">Prof. Dr. Gerd Stumme<\/span><\/u><\/a><\/p>\n<p><span style=\"color: #a3004e;\">&nbsp;Inhalt: <\/span><\/p>\n<p style=\"padding-left: 30px;\">Die Vorlesung gibt einen \u00dcberblick \u00fcber Verfahren zur Wissensvewinnung aus strukturierten Daten und Texten.<br \/>\nDer Schwerpunkt der Vorlesung liegt auf den maschinellen Lernverfahren, deren Anwendung an konkreten Beispielen aufgezeigt wird.<\/p>\n<p style=\"padding-left: 30px;\">Behandelt werden au\u00dferdem Probleml\u00f6semethoden, Wissensrepr\u00e4sentation, Inferenz, Unsicherheit, Ontologien, Semantic Web, XML, RDF, OWL, Social Bookmark Systems, Folksonomies, Anwendungen.<\/p>\n","protected":false},"excerpt":{"rendered":"<p>Einf\u00fchrung in die K\u00fcnstliche Intelligenz Erster Veranstaltungstag: Freitag, 18. Oktober 2019, 10.15 Uhr in Raum 0446 Ort und Zeit: Freitags 10:15 &#8211; 11:45 Uhr in Raum 0446 am 18.10., 25.10. und 1.11.19, dann jede zweite<a class=\"moretag\" href=\"https:\/\/www.kde.cs.uni-kassel.de\/en\/lehre\/ws2019-20\/ki_einfuehrung\"> Read more&hellip;<\/a><\/p>\n","protected":false},"author":15,"featured_media":0,"parent":6292,"menu_order":14,"comment_status":"closed","ping_status":"closed","template":"","meta":{"footnotes":""},"class_list":["post-6305","page","type-page","status-publish","hentry"],"translation":{"provider":"WPGlobus","version":"3.0.2","language":"en","enabled_languages":["de","en"],"languages":{"de":{"title":true,"content":true,"excerpt":false},"en":{"title":false,"content":false,"excerpt":false}}},"_links":{"self":[{"href":"https:\/\/www.kde.cs.uni-kassel.de\/en\/wp-json\/wp\/v2\/pages\/6305","targetHints":{"allow":["GET"]}}],"collection":[{"href":"https:\/\/www.kde.cs.uni-kassel.de\/en\/wp-json\/wp\/v2\/pages"}],"about":[{"href":"https:\/\/www.kde.cs.uni-kassel.de\/en\/wp-json\/wp\/v2\/types\/page"}],"author":[{"embeddable":true,"href":"https:\/\/www.kde.cs.uni-kassel.de\/en\/wp-json\/wp\/v2\/users\/15"}],"replies":[{"embeddable":true,"href":"https:\/\/www.kde.cs.uni-kassel.de\/en\/wp-json\/wp\/v2\/comments?post=6305"}],"version-history":[{"count":6,"href":"https:\/\/www.kde.cs.uni-kassel.de\/en\/wp-json\/wp\/v2\/pages\/6305\/revisions"}],"predecessor-version":[{"id":6514,"href":"https:\/\/www.kde.cs.uni-kassel.de\/en\/wp-json\/wp\/v2\/pages\/6305\/revisions\/6514"}],"up":[{"embeddable":true,"href":"https:\/\/www.kde.cs.uni-kassel.de\/en\/wp-json\/wp\/v2\/pages\/6292"}],"wp:attachment":[{"href":"https:\/\/www.kde.cs.uni-kassel.de\/en\/wp-json\/wp\/v2\/media?parent=6305"}],"curies":[{"name":"wp","href":"https:\/\/api.w.org\/{rel}","templated":true}]}}