{"id":6302,"date":"2019-09-09T12:55:27","date_gmt":"2019-09-09T10:55:27","guid":{"rendered":"https:\/\/www.kde.cs.uni-kassel.de\/?page_id=6302"},"modified":"2019-11-04T08:33:31","modified_gmt":"2019-11-04T07:33:31","slug":"pythonkurs","status":"publish","type":"page","link":"https:\/\/www.kde.cs.uni-kassel.de\/en\/lehre\/ws2019-20\/pythonkurs","title":{"rendered":"Python 3-Kurs"},"content":{"rendered":"<h2>Python 3-Kurs<\/h2>\n<p><span style=\"color: #a3004e;\">Termine:<\/span><\/p>\n<p style=\"padding-left: 30px;\">Mittwoch, 23.10.19 \/ Montag, 28.10.19&nbsp; \/ Mittwoch, 30.10.19<br>jeweils 18:15 Uhr bis 19:45 Uhr in Raum 0445\/E<\/p>\n<p><span style=\"color: #a3004e;\"> Angesprochener H\u00f6rerInnenkreis:<\/span><\/p>\n<p style=\"padding-left: 30px;\">Teilnehmer <a href=\"\/lehre\/ws2019-20\/kdd_praktikum\"><u><span style=\"color: #0066cc;\">KDD-Praktikum<\/span><\/u><\/a> und interessierte H\u00f6rer jeden Semesters.<\/p>\n<p style=\"padding-left: 30px;\"><!-- InstanceEndEditable --><\/p>\n<p><span style=\"color: #a3004e;\"> Veranstalter:<\/span><\/p>\n<p style=\"padding-left: 30px;\"><a href=\"\/duerrschnabel\"><u><span style=\"color: #0066cc;\">Dominik D\u00fcrrschnabel<\/span><\/u><\/a><\/p>\n<p><span style=\"color: #a3004e;\">Inhalt:<\/span><\/p>\n<p style=\"padding-left: 30px;\">&nbsp;&#8211; Python-Grundlagen<br>&#8211; Programmieren mit Python<br>&#8211; Wissenschaftliches Arbeiten mit Python<\/p>\n<p><span style=\"color: #a3004e;\">Voraussetzungen:<\/span><\/p>\n<p style=\"padding-left: 30px;\">Laptop mit installiertem Python 3<\/p>\n<p><span style=\"color: #a3004e;\">News:<\/span><\/p>\n<p style=\"padding-left: 30px;\"><a href=\"https:\/\/twitter.com\/KDE_Courses\">KDE Twitter account<\/a><\/p>\n<p><span style=\"color: #a3004e;\"> Slides:<br><\/span><\/p>\n\n\n<div class=\"wp-block-file\"><a href=\"https:\/\/www.kde.cs.uni-kassel.de\/wp-content\/uploads\/2019\/10\/lecture_01.pdf\">Vorlesung 1:<\/a><a href=\"https:\/\/www.kde.cs.uni-kassel.de\/wp-content\/uploads\/2019\/10\/lecture_01.pdf\" class=\"wp-block-file__button\" download>Herunterladen<\/a><\/div>\n\n\n\n<div class=\"wp-block-file\"><a href=\"https:\/\/www.kde.cs.uni-kassel.de\/wp-content\/uploads\/2019\/10\/lecture_02.pdf\">Vorlesung 2:<\/a><a href=\"https:\/\/www.kde.cs.uni-kassel.de\/wp-content\/uploads\/2019\/10\/lecture_02.pdf\" class=\"wp-block-file__button\" download>Herunterladen<\/a><\/div>\n\n\n\n<div class=\"wp-block-file\"><a href=\"https:\/\/www.kde.cs.uni-kassel.de\/wp-content\/uploads\/2019\/11\/lecture_03.pdf\">Vorlesung 3:<\/a><a href=\"https:\/\/www.kde.cs.uni-kassel.de\/wp-content\/uploads\/2019\/11\/lecture_03.pdf\" class=\"wp-block-file__button\" download>Herunterladen<\/a><\/div>\n\n\n\n<div class=\"wp-block-file\"><a href=\"https:\/\/www.kde.cs.uni-kassel.de\/wp-content\/uploads\/2019\/10\/py_ex_01.pdf\">Aufgabenblatt 1:<\/a><a href=\"https:\/\/www.kde.cs.uni-kassel.de\/wp-content\/uploads\/2019\/10\/py_ex_01.pdf\" class=\"wp-block-file__button\" download>Herunterladen<\/a><\/div>\n\n\n\n<div class=\"wp-block-file\"><a href=\"https:\/\/www.kde.cs.uni-kassel.de\/wp-content\/uploads\/2019\/10\/py_ex_02.pdf\">Aufgabenblatt 2:<\/a><a href=\"https:\/\/www.kde.cs.uni-kassel.de\/wp-content\/uploads\/2019\/10\/py_ex_02.pdf\" class=\"wp-block-file__button\" download>Herunterladen<\/a><\/div>\n","protected":false},"excerpt":{"rendered":"<p>Python 3-Kurs Termine: Mittwoch, 23.10.19 \/ Montag, 28.10.19&nbsp; \/ Mittwoch, 30.10.19jeweils 18:15 Uhr bis 19:45 Uhr in Raum 0445\/E Angesprochener H\u00f6rerInnenkreis: Teilnehmer KDD-Praktikum und interessierte H\u00f6rer jeden Semesters. Veranstalter: Dominik D\u00fcrrschnabel Inhalt: &nbsp;&#8211; Python-Grundlagen&#8211; Programmieren<a class=\"moretag\" href=\"https:\/\/www.kde.cs.uni-kassel.de\/en\/lehre\/ws2019-20\/pythonkurs\"> Read more&hellip;<\/a><\/p>\n","protected":false},"author":15,"featured_media":0,"parent":6292,"menu_order":14,"comment_status":"closed","ping_status":"closed","template":"","meta":{"footnotes":""},"class_list":["post-6302","page","type-page","status-publish","hentry"],"translation":{"provider":"WPGlobus","version":"3.0.2","language":"en","enabled_languages":["de","en"],"languages":{"de":{"title":true,"content":true,"excerpt":false},"en":{"title":false,"content":false,"excerpt":false}}},"_links":{"self":[{"href":"https:\/\/www.kde.cs.uni-kassel.de\/en\/wp-json\/wp\/v2\/pages\/6302","targetHints":{"allow":["GET"]}}],"collection":[{"href":"https:\/\/www.kde.cs.uni-kassel.de\/en\/wp-json\/wp\/v2\/pages"}],"about":[{"href":"https:\/\/www.kde.cs.uni-kassel.de\/en\/wp-json\/wp\/v2\/types\/page"}],"author":[{"embeddable":true,"href":"https:\/\/www.kde.cs.uni-kassel.de\/en\/wp-json\/wp\/v2\/users\/15"}],"replies":[{"embeddable":true,"href":"https:\/\/www.kde.cs.uni-kassel.de\/en\/wp-json\/wp\/v2\/comments?post=6302"}],"version-history":[{"count":17,"href":"https:\/\/www.kde.cs.uni-kassel.de\/en\/wp-json\/wp\/v2\/pages\/6302\/revisions"}],"predecessor-version":[{"id":6617,"href":"https:\/\/www.kde.cs.uni-kassel.de\/en\/wp-json\/wp\/v2\/pages\/6302\/revisions\/6617"}],"up":[{"embeddable":true,"href":"https:\/\/www.kde.cs.uni-kassel.de\/en\/wp-json\/wp\/v2\/pages\/6292"}],"wp:attachment":[{"href":"https:\/\/www.kde.cs.uni-kassel.de\/en\/wp-json\/wp\/v2\/media?parent=6302"}],"curies":[{"name":"wp","href":"https:\/\/api.w.org\/{rel}","templated":true}]}}