{"id":626,"date":"2016-04-03T12:24:44","date_gmt":"2016-04-03T10:24:44","guid":{"rendered":"https:\/\/www.kde.cs.uni-kassel.de\/?page_id=626"},"modified":"2016-04-03T12:24:44","modified_gmt":"2016-04-03T10:24:44","slug":"begriffliche-strukturen","status":"publish","type":"page","link":"https:\/\/www.kde.cs.uni-kassel.de\/en\/lehre\/ws2011-12\/begriffliche-strukturen","title":{"rendered":"Begriffliche Strukturen"},"content":{"rendered":"<p>Aktuelle Informationen (Termin\u00e4nderungen, etc.), das Skript, die \u00dcbungsbl\u00e4tter und L\u00f6sungsvorschl\u00e4ge finden Sie in der <a href=\"https:\/\/moodle.uni-kassel.de\/moodle\/course\/view.php?id=987\"><u><span style=\"color: #0066cc;\">Moodle-Lernplattform<\/span><\/u><\/a> der Universit\u00e4t Kassel.<\/p>\n<p><span style=\"color: #a3004e;\">Erster Veranstaltungstag:<\/span><\/p>\n<p style=\"padding-left: 30px;\">Montag, 24. Oktober 2011, 10.15 Uhr in Raum 0445\/E<\/p>\n<p><span style=\"color: #a3004e;\"> Ort und Zeit: <\/span><\/p>\n<p style=\"padding-left: 30px;\">Montags 10:15 &#8211; 11:45 Uhr in Raum 0445\/E<\/p>\n<p><span style=\"color: #a3004e;\"> \u00dcbungen: <\/span><\/p>\n<p style=\"padding-left: 30px;\">Dienstags 8:15 &#8211; 9:45 Uhr in Raum 0445\/E. Beginn 1. November.<\/p>\n<p><span style=\"color: #a3004e;\"> Vorkenntnisse: <\/span><\/p>\n<p style=\"padding-left: 30px;\">Informatik Bachelor<\/p>\n<p><span style=\"color: #a3004e;\"> Angesprochener H\u00f6rerInnenkreis: <\/span><\/p>\n<p style=\"padding-left: 30px;\">Informatik Master<\/p>\n<p><span style=\"color: #a3004e;\"> Umfang: <\/span><\/p>\n<p style=\"padding-left: 30px;\">2 SWS Vorlesung und 2 SWS \u00dcbungen, 6 Credits.<\/p>\n<p><span style=\"color: #a3004e;\"> Leistungsnachweis: <\/span><\/p>\n<p style=\"padding-left: 30px;\">Klausur oder m\u00fcndliche Pr\u00fcfung, je nach Teilnehmerzahl.<\/p>\n<p><span style=\"color: #a3004e;\"> Veranstalter: <\/span><\/p>\n<p style=\"padding-left: 30px;\"><a href=\"\/jaeschke\"><u><span style=\"color: #0066cc;\">Dr. Robert J\u00e4schke<\/span><\/u><\/a><\/p>\n<p><span style=\"color: #a3004e;\"> Inhalt: <\/span><\/p>\n<p style=\"padding-left: 30px;\">Die Formale Begriffsanalyse besch\u00e4ftigt sich mit der Gewinnung von Begriffen und Begriffshierarchien aus Daten. Die vorgestellten Verfahren eignen sich zur Datenanalyse und zur Unterst\u00fctzung der Wissensakquisition. Insbesondere wird die Strukturierung dieser Begriffe in (Spezialisierungs)-Hierarchien, verschiedene Darstellungsformen dieser Hierarchien und mehrere Algorithmen zur Exploration eines Merkmalraumes behandelt.<\/p>\n<p>Behandelt werden:<\/p>\n<ul>\n<li>Begriffsverb\u00e4nde<\/li>\n<li>Begriffliche Skalen<\/li>\n<li>H\u00fcllensysteme, der Next-Closure-Algorithmus sowie der TITANIC-Algorithmus<\/li>\n<li>Implikationen und Stammbasen<\/li>\n<li>Attributexploration<\/li>\n<li>Eisbergbegriffsverb\u00e4nde und Assoziationsregeln<\/li>\n<li>Triadische Formale Begriffsanalyse sowie der TRIAS-Algorithmus<\/li>\n<\/ul>\n<p>&nbsp;<\/p>\n<p><span style=\"color: #a3004e;\"> Literatur: <\/span><\/p>\n<ul>\n<li>B. Ganter, R. Wille: <a href=\"http:\/\/www.bibsonomy.org\/bibtex\/4dd597cbf97d60da6880fbc92d86c8c9\"><u><span style=\"color: #0066cc;\">Formale Begriffsanalyse: Mathematische Grundlagen<\/span><\/u><\/a>. Springer Verlag, 1996.<\/li>\n<li><a href=\"http:\/\/www.bibsonomy.org\/bibtex\/1d500ac8a249ca8bf0fb05f382799d48f\"><u><span style=\"color: #0066cc;\">Computing iceberg concept lattices with TITANIC<\/span><\/u><\/a>. G. Stumme, R. Taouil, Y. Bastide, N. Pasquier and L. Lakhal. Data &amp; Knowledge Engineering 42(2):189-222, 2002.<\/li>\n<li><a href=\"http:\/\/www.bibsonomy.org\/bibtex\/1cfca594f9dbe30694bfbcdeb40dc4e88\"><u><span style=\"color: #0066cc;\">Discovering Shared Conceptualizations in Folksonomies<\/span><\/u><\/a>. R. J\u00e4schke, A. Hotho, C. Schmitz, B. Ganter and G. Stumme. Web Semantics: Science, Services and Agents on the World Wide Web 6(1):38-53, 2008.<\/li>\n<\/ul>\n","protected":false},"excerpt":{"rendered":"<p>Aktuelle Informationen (Termin\u00e4nderungen, etc.), das Skript, die \u00dcbungsbl\u00e4tter und L\u00f6sungsvorschl\u00e4ge finden Sie in der Moodle-Lernplattform der Universit\u00e4t Kassel. Erster Veranstaltungstag: Montag, 24. Oktober 2011, 10.15 Uhr in Raum 0445\/E Ort und Zeit: Montags 10:15 &#8211;<a class=\"moretag\" href=\"https:\/\/www.kde.cs.uni-kassel.de\/en\/lehre\/ws2011-12\/begriffliche-strukturen\"> Read more&hellip;<\/a><\/p>\n","protected":false},"author":1,"featured_media":0,"parent":614,"menu_order":0,"comment_status":"closed","ping_status":"closed","template":"","meta":{"footnotes":""},"class_list":["post-626","page","type-page","status-publish","hentry"],"translation":{"provider":"WPGlobus","version":"3.0.2","language":"en","enabled_languages":["de","en"],"languages":{"de":{"title":true,"content":true,"excerpt":false},"en":{"title":false,"content":false,"excerpt":false}}},"_links":{"self":[{"href":"https:\/\/www.kde.cs.uni-kassel.de\/en\/wp-json\/wp\/v2\/pages\/626","targetHints":{"allow":["GET"]}}],"collection":[{"href":"https:\/\/www.kde.cs.uni-kassel.de\/en\/wp-json\/wp\/v2\/pages"}],"about":[{"href":"https:\/\/www.kde.cs.uni-kassel.de\/en\/wp-json\/wp\/v2\/types\/page"}],"author":[{"embeddable":true,"href":"https:\/\/www.kde.cs.uni-kassel.de\/en\/wp-json\/wp\/v2\/users\/1"}],"replies":[{"embeddable":true,"href":"https:\/\/www.kde.cs.uni-kassel.de\/en\/wp-json\/wp\/v2\/comments?post=626"}],"version-history":[{"count":1,"href":"https:\/\/www.kde.cs.uni-kassel.de\/en\/wp-json\/wp\/v2\/pages\/626\/revisions"}],"predecessor-version":[{"id":627,"href":"https:\/\/www.kde.cs.uni-kassel.de\/en\/wp-json\/wp\/v2\/pages\/626\/revisions\/627"}],"up":[{"embeddable":true,"href":"https:\/\/www.kde.cs.uni-kassel.de\/en\/wp-json\/wp\/v2\/pages\/614"}],"wp:attachment":[{"href":"https:\/\/www.kde.cs.uni-kassel.de\/en\/wp-json\/wp\/v2\/media?parent=626"}],"curies":[{"name":"wp","href":"https:\/\/api.w.org\/{rel}","templated":true}]}}